{"id":9971,"date":"2026-05-01T17:00:21","date_gmt":"2026-05-01T15:00:21","guid":{"rendered":"https:\/\/floodlight-musicals.de\/?post_type=product&#038;p=9971"},"modified":"2026-05-03T17:09:19","modified_gmt":"2026-05-03T15:09:19","slug":"alles-anders-fr-14-08-2026","status":"publish","type":"product","link":"https:\/\/floodlight-musicals.de\/en\/product\/alles-anders-fr-14-08-2026\/","title":{"rendered":"Alles Anders &#8211; Fr 14.08.2026"},"content":{"rendered":"<p>Beginn: 19:00 Uhr<\/p>\n<p>Einlass: 18:00 Uhr<\/p>\n<p>Freie Platzwahl \u00fcber 7 Reihen. Kein Nacheinlass.<\/p>\n<p>Klangbr\u00fccke Aachen; Kurhausstra\u00dfe 2, 52062 Aachen<\/p>\n<p>&nbsp;<\/p>","protected":false},"excerpt":{"rendered":"<p>Beginn: 19:00 Uhr Einlass: 18:00 Uhr Freie Platzwahl \u00fcber 7 Reihen. Kein Nacheinlass. Klangbr\u00fccke Aachen; Kurhausstra\u00dfe 2, 52062 Aachen &nbsp;<\/p>","protected":false},"featured_media":8806,"template":"","meta":{"_eb_attr":""},"product_brand":[],"product_cat":[80],"product_tag":[],"class_list":{"0":"post-9971","1":"product","2":"type-product","3":"status-publish","4":"has-post-thumbnail","6":"product_cat-alles-anders","8":"first","9":"instock","10":"featured","11":"shipping-taxable","12":"purchasable","13":"product-type-variable"},"_links":{"self":[{"href":"https:\/\/floodlight-musicals.de\/en\/wp-json\/wp\/v2\/product\/9971","targetHints":{"allow":["GET"]}}],"collection":[{"href":"https:\/\/floodlight-musicals.de\/en\/wp-json\/wp\/v2\/product"}],"about":[{"href":"https:\/\/floodlight-musicals.de\/en\/wp-json\/wp\/v2\/types\/product"}],"wp:featuredmedia":[{"embeddable":true,"href":"https:\/\/floodlight-musicals.de\/en\/wp-json\/wp\/v2\/media\/8806"}],"wp:attachment":[{"href":"https:\/\/floodlight-musicals.de\/en\/wp-json\/wp\/v2\/media?parent=9971"}],"wp:term":[{"taxonomy":"product_brand","embeddable":true,"href":"https:\/\/floodlight-musicals.de\/en\/wp-json\/wp\/v2\/product_brand?post=9971"},{"taxonomy":"product_cat","embeddable":true,"href":"https:\/\/floodlight-musicals.de\/en\/wp-json\/wp\/v2\/product_cat?post=9971"},{"taxonomy":"product_tag","embeddable":true,"href":"https:\/\/floodlight-musicals.de\/en\/wp-json\/wp\/v2\/product_tag?post=9971"}],"curies":[{"name":"wp","href":"https:\/\/api.w.org\/{rel}","templated":true}]}}