{"id":9801,"date":"2026-04-30T11:51:26","date_gmt":"2026-04-30T09:51:26","guid":{"rendered":"https:\/\/floodlight-musicals.de\/?page_id=9801"},"modified":"2026-05-01T16:35:24","modified_gmt":"2026-05-01T14:35:24","slug":"alles-anders-tickets-faqs","status":"publish","type":"page","link":"https:\/\/floodlight-musicals.de\/en\/alles-anders-old\/alles-anders-tickets-faqs\/","title":{"rendered":"Alles Anders Tickets"},"content":{"rendered":"<hr class=\"wp-block-separator has-text-color has-custom-magnolia-color has-alpha-channel-opacity has-custom-magnolia-background-color has-background is-style-dots\"\/>\n\n\n\n<div class=\"wp-block-group alignfull has-base-color has-contrast-background-color has-text-color has-background has-link-color wp-elements-c08cb0572d3002ba5fe1758c08752296 has-global-padding is-layout-constrained wp-container-core-group-is-layout-3aaaaffa wp-block-group-is-layout-constrained\" style=\"border-style:none;border-width:0px;border-radius:0px;margin-top:0;margin-bottom:0;padding-top:var(--wp--preset--spacing--50);padding-right:var(--wp--preset--spacing--50);padding-bottom:var(--wp--preset--spacing--50);padding-left:var(--wp--preset--spacing--50)\">\n<h2 class=\"wp-block-heading alignwide has-base-color has-text-color has-link-color wp-elements-a557b31f650b7eaa210ea3e0e931916b\" id=\"faqs\" style=\"font-size:clamp(4.509rem, 4.509rem + ((1vw - 0.2rem) * 9.152), 10rem);letter-spacing:-0.02em\">FAQs<\/h2>\n\n\n\n<div class=\"wp-block-group alignwide is-layout-flow wp-block-group-is-layout-flow\">\n<hr class=\"wp-block-separator has-text-color has-base-color has-alpha-channel-opacity has-base-background-color has-background is-style-wide\"\/>\n\n\n\n<details class=\"wp-block-details is-style-arrow-icon-details has-medium-font-size is-layout-flow wp-block-details-is-layout-flow\" style=\"border-top-style:none;border-top-width:0px;border-right-style:none;border-right-width:0px;border-bottom-color:var(--wp--preset--color--base);border-bottom-style:solid;border-bottom-width:1px;border-left-style:none;border-left-width:0px;margin-top:0\"><summary>Wie kann ich ein bedrucktes Ticket kaufen?<\/summary>\n<p class=\"has-medium-font-size\">F\u00fcr diese Produktion k\u00f6nnen keine bedruckte Tickets erworben werden. Falls Sie an einem Andenken interessiert sein, gucken Sie sich gerne unser <a href=\"https:\/\/floodlight-musicals.de\/en\/product\/test-programmheft-alles-anders\/\" data-type=\"link\" data-id=\"https:\/\/floodlight-musicals.de\/produkt\/test-programmheft-alles-anders\/\">Alles Anders Programmheft<\/a> an!<\/p>\n<\/details>\n\n\n\n<details class=\"wp-block-details is-style-arrow-icon-details has-medium-font-size is-layout-flow wp-block-details-is-layout-flow\" style=\"border-top-style:none;border-top-width:0px;border-right-style:none;border-right-width:0px;border-bottom-color:var(--wp--preset--color--base);border-bottom-style:solid;border-bottom-width:1px;border-left-style:none;border-left-width:0px;margin-top:0\"><summary>Welche Kategorien gibt es und wie sieht die Sitzplatz-Verteilung aus?<\/summary>\n<p>Es gibt lediglich eine Sitzplatzkategorie, f\u00fcr welche regul\u00e4re und erm\u00e4\u00dfigte Tickets erworben werden k\u00f6nnen. Pl\u00e4tze k\u00f6nnen mit beiden Preisstufen frei gew\u00e4hlt werden.<\/p>\n<\/details>\n\n\n\n<details class=\"wp-block-details is-style-arrow-icon-details has-medium-font-size is-layout-flow wp-block-details-is-layout-flow\" style=\"border-top-style:none;border-top-width:0px;border-right-style:none;border-right-width:0px;border-bottom-color:var(--wp--preset--color--base);border-bottom-style:solid;border-bottom-width:1px;border-left-style:none;border-left-width:0px;margin-top:0\"><summary>Wo wird das Musical aufgef\u00fchrt?<\/summary>\n<p>Mit dieser Produktion treten wir zum ersten mal in der Klangbr\u00fccke Aachen auf, \u00fcber dem Bushof Aachen. F\u00fcr Ihre Navigation k\u00f6nnen Sie folgende Adresse verwenden:<br>Kurhausstra\u00dfe 2<br>52062 Aachen<\/p>\n<\/details>\n\n\n\n<details class=\"wp-block-details is-style-arrow-icon-details has-medium-font-size is-layout-flow wp-block-details-is-layout-flow\" style=\"border-top-style:none;border-top-width:0px;border-right-style:none;border-right-width:0px;border-bottom-color:var(--wp--preset--color--base);border-bottom-style:solid;border-bottom-width:1px;border-left-style:none;border-left-width:0px;margin-top:0\"><summary>Gibt es Parkpl\u00e4tze vor Ort?<\/summary>\n<p>Nein, es gibt keine direkten Parkpl\u00e4tze f\u00fcr Besucher:innen.<\/p>\n\n\n\n<p>Entsprechend der Lage am Bushof Aachen ist die Klangbr\u00fccke sehr gut mit den meisten Buslinien erreichbar!<br>F\u00fcr Autofahrer*innen gibt es unter dem Bushof auch ein Parkhaus:<br>Parkhaus Couvenstra\u00dfe<br>Couvenstra\u00dfe 6<br>52062 Aachen<\/p>\n<\/details>\n\n\n\n<details class=\"wp-block-details is-style-arrow-icon-details has-medium-font-size is-layout-flow wp-block-details-is-layout-flow\" style=\"border-top-style:none;border-top-width:0px;border-right-style:none;border-right-width:0px;border-bottom-color:var(--wp--preset--color--base);border-bottom-style:solid;border-bottom-width:1px;border-left-style:none;border-left-width:0px;margin-top:0\"><summary>Wie lange ist das Musical?<\/summary>\n<p>Unser Musical ist eine Eigenproduktion, die sich im Laufe des Probenprozesses stetig \u00e4ndert. Dementsprechend k\u00f6nnen wir schwer vorhersagen, wie lange das St\u00fcck insgesamt dauern wird.<br>Wir rechnen mit einer Laufzeit von 2,5-3 Stunden, inklusive einer 20-min\u00fctigen Pause zwischen dem ersten und zweitem Akt.<\/p>\n<\/details>\n\n\n\n<details class=\"wp-block-details is-style-arrow-icon-details has-medium-font-size is-layout-flow wp-block-details-is-layout-flow\" style=\"border-top-style:none;border-top-width:0px;border-right-style:none;border-right-width:0px;border-bottom-color:var(--wp--preset--color--base);border-bottom-style:solid;border-bottom-width:1px;border-left-style:none;border-left-width:0px;margin-top:0\"><summary>Welche potenziellen Inhaltswarnungen k\u00f6nnte &#8222;Alles Anders&#8220; ber\u00fchren?<\/summary>\n<p class=\"has-medium-font-size\">Es gibt&nbsp;<strong>keine konkreten Inhaltswarnungen<\/strong>&nbsp;zu&nbsp;<em>Alles Anders<\/em>. Dennoch ist die Wahrnehmung m\u00f6glicher sensibler Inhalte immer&nbsp;<strong>individuell unterschiedlich<\/strong>. Was f\u00fcr manche Besucher:innen unproblematisch ist, kann bei anderen emotional st\u00e4rker wirken.&nbsp;<br>Sie k\u00f6nnen uns jederzeit unter <a href=\"mailto:tickets@floodlight-musicals.de\">tickets@floodlight-musicals.de <\/a>erreichen und sich zu pers\u00f6nlichen Fragen erkundigen!<\/p>\n<\/details>\n\n\n\n<details class=\"wp-block-details is-style-arrow-icon-details has-medium-font-size is-layout-flow wp-block-details-is-layout-flow\" style=\"border-top-style:none;border-top-width:0px;border-right-style:none;border-right-width:0px;border-bottom-color:var(--wp--preset--color--base);border-bottom-style:solid;border-bottom-width:1px;border-left-style:none;border-left-width:0px;margin-top:0\"><summary>F\u00fcr welche Altersklassen ist <em>Alles Anders<\/em>?<\/summary>\n<p>Wir empfehlen unser St\u00fcck f\u00fcr Zuschauer:innen ab 12 Jahren, da ein Gro\u00dfteil der Thematik f\u00fcr Kinder wahrscheinlich nicht ansprechend ist.<br>Daher empfehlen wir besonders Studierenden und ehemaligen Studierenden, sich die Urauff\u00fchrung von <em>Alles Anders<\/em> anzusehen!<\/p>\n<\/details>\n\n\n\n<details class=\"wp-block-details is-style-arrow-icon-details has-medium-font-size is-layout-flow wp-block-details-is-layout-flow\" style=\"border-top-style:none;border-top-width:0px;border-right-style:none;border-right-width:0px;border-bottom-color:var(--wp--preset--color--base);border-bottom-style:solid;border-bottom-width:1px;border-left-style:none;border-left-width:0px;margin-top:0\"><summary>Kann ich mein Ticket \u00fcber den Kulturpass bezahlen?<\/summary>\n<p>Nein, eine Kooperation \u00fcber den Kulturpass bieten wir nicht an. <\/p>\n<\/details>\n\n\n\n<details class=\"wp-block-details is-style-arrow-icon-details has-medium-font-size is-layout-flow wp-block-details-is-layout-flow\" style=\"border-top-style:none;border-top-width:0px;border-right-style:none;border-right-width:0px;border-bottom-color:var(--wp--preset--color--base);border-bottom-style:solid;border-bottom-width:1px;border-left-style:none;border-left-width:0px;margin-top:0\"><summary>Wer bekommt eine Erm\u00e4\u00dfigung?<\/summary>\n<p>Erm\u00e4\u00dfigte Tickets sind f\u00fcr folgende Personengruppen erh\u00e4ltlich:<\/p>\n\n\n\n<ul class=\"wp-block-list\">\n<li>Sch\u00fcler:innen<\/li>\n\n\n\n<li>Studierende<\/li>\n\n\n\n<li>Auszubildende<\/li>\n\n\n\n<li>Inhaber:innen des AachenPasses<\/li>\n\n\n\n<li>Schwerbehinderte<\/li>\n\n\n\n<li>Begleitperson Schwerbehinderte &#8222;B&#8220;-Ausweis<\/li>\n\n\n\n<li>Inhaber:innen des Ehrenamtspasses<\/li>\n<\/ul>\n\n\n\n<p>Bitte halten Sie beim Eintritt einen entsprechenden Ausweis bereit.<\/p>\n<\/details>\n\n\n\n<details class=\"wp-block-details is-style-arrow-icon-details has-medium-font-size is-layout-flow wp-block-details-is-layout-flow\" style=\"border-top-style:none;border-top-width:0px;border-right-style:none;border-right-width:0px;border-bottom-color:var(--wp--preset--color--base);border-bottom-style:solid;border-bottom-width:1px;border-left-style:none;border-left-width:0px;margin-top:0\"><summary>Gibt es Pl\u00e4tze f\u00fcr mobilit\u00e4tseingeschr\u00e4nkte Personen?***<\/summary>\n<p>Aktuell gibt es in der Klangbr\u00fccke leider keine Pl\u00e4tze f\u00fcr Rollstuhlfahrer:innen. Jedoch arbeiten wir an einer L\u00f6sung und \u00e4ndern diese Information, sollte es uns m\u00f6glich sein Pl\u00e4tze anzubieten.<br>Lesen Sie sich bei Interesse zu einem sp\u00e4teren Zeitpunkt die FAQs erneut durch oder kontaktieren Sie uns \u00fcber <a href=\"mailto:tickets@floodlight-musicals.de\">tickets@floodlight-musicals.de<\/a>, damit wir Sie informieren k\u00f6nnen, wenn sich unsere Information \u00e4ndert.<\/p>\n<\/details>\n\n\n\n<details class=\"wp-block-details is-style-arrow-icon-details has-medium-font-size is-layout-flow wp-block-details-is-layout-flow\" style=\"border-top-style:none;border-top-width:0px;border-right-style:none;border-right-width:0px;border-bottom-color:var(--wp--preset--color--base);border-bottom-style:solid;border-bottom-width:1px;border-left-style:none;border-left-width:0px;margin-top:0\"><summary>Kann ich meine gekauften Tickets umtauschen oder stornieren?<\/summary>\n<p>Bedauerlicherweise ist ein Umtausch oder eine Stornierung der erworbenen Tickets nicht m\u00f6glich. Da die Tickets jedoch nicht personalisiert sind, eignen sie sich hervorragend als Geschenk f\u00fcr Freunde und Familie. Sollten Sie selbst nicht in der Lage sein, Ihre Tickets f\u00fcr die Auff\u00fchrung zu nutzen, finden Sie sicherlich andere Musikbegeisterte, die sich \u00fcber die Gelegenheit freuen w\u00fcrden.<\/p>\n<\/details>\n\n\n\n<details class=\"wp-block-details is-style-arrow-icon-details has-medium-font-size is-layout-flow wp-block-details-is-layout-flow\" style=\"border-top-style:none;border-top-width:0px;border-right-style:none;border-right-width:0px;border-bottom-color:var(--wp--preset--color--base);border-bottom-style:solid;border-bottom-width:1px;border-left-style:none;border-left-width:0px;margin-top:0\"><summary>Werden feste Pl\u00e4tze zugewiesen?<\/summary>\n<p>Nein, es sind keine festen Pl\u00e4tze verf\u00fcgbar. Wir behalten uns vor, die Sitzpl\u00e4tze ggf. am Veranstaltungstag  zuzuweisen.<\/p>\n<\/details>\n\n\n\n<details class=\"wp-block-details is-style-arrow-icon-details has-medium-font-size is-layout-flow wp-block-details-is-layout-flow\" style=\"border-top-style:none;border-top-width:0px;border-right-style:none;border-right-width:0px;border-bottom-color:var(--wp--preset--color--base);border-bottom-style:solid;border-bottom-width:1px;border-left-style:none;border-left-width:0px;margin-top:0\"><summary>Gibt es einen Nacheinlass?<\/summary>\n<p>Nein, es wird keinen Nacheinlass geben. Aufgrund der begrenzten Platzanzahl behalten wir uns vor, freie Sitzpl\u00e4tze kurz vor Showbeginn an der Abendkasse zu verkaufen, um mehr Zuschauer:innen zu erm\u00f6glichen, die Urauff\u00fchrung von <em>Alles Anders<\/em> zu sehen.<br>Gibt es triftige Gr\u00fcnde f\u00fcr eine m\u00f6gliche Versp\u00e4tung, informieren Sie uns bitte rechtzeitig unter <a href=\"mailto:tickets@floodlight-musicals.de\">tickets@floodlight-musicals.de<\/a>.<\/p>\n<\/details>\n\n\n\n<details class=\"wp-block-details is-style-arrow-icon-details has-medium-font-size is-layout-flow wp-block-details-is-layout-flow\" style=\"border-top-style:none;border-top-width:0px;border-right-style:none;border-right-width:0px;border-bottom-color:var(--wp--preset--color--base);border-bottom-style:solid;border-bottom-width:1px;border-left-style:none;border-left-width:0px;margin-top:0\"><summary>An wen kann ich mich bei weiteren Fragen wenden?<\/summary>\n<p>Alle weiteren Fragen k\u00f6nnen gerne per E-Mail an <a href=\"mailto:tickets@floodlight-musicals.de\">tickets@floodlight-musicals.de<\/a> geschickt werden. Wir bem\u00fchen uns zeitnah Ihnen Auskunft zu geben.<\/p>\n<\/details>\n<\/div>\n<\/div>\n\n\n\n<div style=\"height:76px\" aria-hidden=\"true\" class=\"wp-block-spacer\"><\/div>","protected":false},"excerpt":{"rendered":"<p>FAQs<\/p>","protected":false},"author":24,"featured_media":0,"parent":9168,"menu_order":27,"comment_status":"closed","ping_status":"closed","template":"","meta":{"_eb_attr":"","footnotes":""},"class_list":["post-9801","page","type-page","status-publish","hentry"],"_links":{"self":[{"href":"https:\/\/floodlight-musicals.de\/en\/wp-json\/wp\/v2\/pages\/9801","targetHints":{"allow":["GET"]}}],"collection":[{"href":"https:\/\/floodlight-musicals.de\/en\/wp-json\/wp\/v2\/pages"}],"about":[{"href":"https:\/\/floodlight-musicals.de\/en\/wp-json\/wp\/v2\/types\/page"}],"author":[{"embeddable":true,"href":"https:\/\/floodlight-musicals.de\/en\/wp-json\/wp\/v2\/users\/24"}],"replies":[{"embeddable":true,"href":"https:\/\/floodlight-musicals.de\/en\/wp-json\/wp\/v2\/comments?post=9801"}],"version-history":[{"count":5,"href":"https:\/\/floodlight-musicals.de\/en\/wp-json\/wp\/v2\/pages\/9801\/revisions"}],"predecessor-version":[{"id":9929,"href":"https:\/\/floodlight-musicals.de\/en\/wp-json\/wp\/v2\/pages\/9801\/revisions\/9929"}],"up":[{"embeddable":true,"href":"https:\/\/floodlight-musicals.de\/en\/wp-json\/wp\/v2\/pages\/9168"}],"wp:attachment":[{"href":"https:\/\/floodlight-musicals.de\/en\/wp-json\/wp\/v2\/media?parent=9801"}],"curies":[{"name":"wp","href":"https:\/\/api.w.org\/{rel}","templated":true}]}}