{"id":9468,"date":"2026-05-02T11:00:00","date_gmt":"2026-05-02T09:00:00","guid":{"rendered":"https:\/\/floodlight-musicals.de\/?page_id=9468"},"modified":"2026-05-05T10:02:50","modified_gmt":"2026-05-05T08:02:50","slug":"alles-anders","status":"publish","type":"page","link":"https:\/\/floodlight-musicals.de\/en\/alles-anders\/","title":{"rendered":"Alles Anders"},"content":{"rendered":"<figure class=\"wp-block-image alignfull size-large\"><img loading=\"lazy\" decoding=\"async\" width=\"1024\" height=\"382\" src=\"https:\/\/floodlight-musicals.de\/wp-content\/uploads\/2026\/04\/181129_floodlight-logo-facebook-rgb-3500x1305_mdlb-1024x382.png\" alt=\"\" class=\"wp-image-9798\" srcset=\"https:\/\/floodlight-musicals.de\/wp-content\/uploads\/2026\/04\/181129_floodlight-logo-facebook-rgb-3500x1305_mdlb-1024x382.png 1024w, https:\/\/floodlight-musicals.de\/wp-content\/uploads\/2026\/04\/181129_floodlight-logo-facebook-rgb-3500x1305_mdlb-300x112.png 300w, https:\/\/floodlight-musicals.de\/wp-content\/uploads\/2026\/04\/181129_floodlight-logo-facebook-rgb-3500x1305_mdlb-768x286.png 768w, https:\/\/floodlight-musicals.de\/wp-content\/uploads\/2026\/04\/181129_floodlight-logo-facebook-rgb-3500x1305_mdlb-1536x573.png 1536w, https:\/\/floodlight-musicals.de\/wp-content\/uploads\/2026\/04\/181129_floodlight-logo-facebook-rgb-3500x1305_mdlb-18x7.png 18w, https:\/\/floodlight-musicals.de\/wp-content\/uploads\/2026\/04\/181129_floodlight-logo-facebook-rgb-3500x1305_mdlb-600x224.png 600w, https:\/\/floodlight-musicals.de\/wp-content\/uploads\/2026\/04\/181129_floodlight-logo-facebook-rgb-3500x1305_mdlb.png 1920w\" sizes=\"auto, (max-width: 1024px) 100vw, 1024px\" \/><\/figure>\n\n\n\n<h3 class=\"wp-block-heading has-text-align-center\">Alles Anders &#8211; Ein originales Musical<\/h3>\n\n\n\n<hr class=\"wp-block-separator has-text-color has-base-color has-alpha-channel-opacity has-base-background-color has-background is-style-wide\"\/>\n\n\n\n<div class=\"wp-block-group has-global-padding is-layout-constrained wp-block-group-is-layout-constrained\">\n<div class=\"wp-block-group has-global-padding is-layout-constrained wp-block-group-is-layout-constrained\">\n<p class=\"has-text-align-center\">Buch von Klara E\u00dfer &amp; Matthias Stadler<br>Liedtexte von Matthias Stadler<br>Musik von Dario Mesquida Nogueira &amp; Matthias Stadler<\/p>\n<\/div>\n\n\n\n<hr class=\"wp-block-separator has-text-color has-base-color has-alpha-channel-opacity has-base-background-color has-background\"\/>\n<\/div>\n\n\n\n<div class=\"wp-block-group is-content-justification-center is-nowrap is-layout-flex wp-container-core-group-is-layout-23441af8 wp-block-group-is-layout-flex\">\n<h2 class=\"wp-block-heading alignwide has-text-align-center has-x-large-font-size\">Auff\u00fchrungstermine<br>2026<\/h2>\n<\/div>\n\n\n\n<div class=\"wp-block-group alignwide is-content-justification-center is-nowrap is-layout-flex wp-container-core-group-is-layout-23441af8 wp-block-group-is-layout-flex\">\n<div class=\"wp-block-group is-vertical is-layout-flex wp-container-core-group-is-layout-fe9cc265 wp-block-group-is-layout-flex\">\n<div class=\"wp-block-group is-content-justification-center is-nowrap is-layout-flex wp-container-core-group-is-layout-23441af8 wp-block-group-is-layout-flex\">\n<p class=\"has-large-font-size\"><strong>Fr. &#8211; 07. August <\/strong> <br><strong>19 Uhr<\/strong><\/p>\n\n\n\n<div class=\"wp-block-essential-blocks-button  root-eb-button-mcyyn\"><div class=\"eb-parent-wrapper eb-parent-eb-button-mcyyn\"><div class=\"eb-button-wrapper eb-button-alignment eb-button-mcyyn\"><div class=\"eb-button\"><div class=\"eb-button-inner-wrapper\"><a class=\"eb-button-anchor\" href=\"https:\/\/floodlight-musicals.de\/en\/product\/alles-anders-fr-07-08-2026\/\" rel=\"noopener\">Tickets<\/a><\/div><\/div><\/div><\/div><\/div>\n<\/div>\n\n\n\n<div class=\"wp-block-group is-nowrap is-layout-flex wp-container-core-group-is-layout-6c531013 wp-block-group-is-layout-flex\">\n<p class=\"has-text-align-left has-large-font-size\"><strong>Fr. &#8211; 14. August <\/strong><br><strong>19 Uhr<\/strong><\/p>\n\n\n\n<div class=\"wp-block-essential-blocks-button  root-eb-button-5wk9c\"><div class=\"eb-parent-wrapper eb-parent-eb-button-5wk9c\"><div class=\"eb-button-wrapper eb-button-alignment eb-button-5wk9c\"><div class=\"eb-button\"><div class=\"eb-button-inner-wrapper\"><a class=\"eb-button-anchor\" href=\"https:\/\/floodlight-musicals.de\/en\/product\/alles-anders-fr-14-08-2026\/\" rel=\"noopener\">Tickets<\/a><\/div><\/div><\/div><\/div><\/div>\n<\/div>\n\n\n\n<div class=\"wp-block-group is-nowrap is-layout-flex wp-container-core-group-is-layout-6c531013 wp-block-group-is-layout-flex\">\n<p class=\"has-large-font-size\"><strong>Sa. &#8211; O8. August <\/strong><br><strong>19 Uhr<\/strong><\/p>\n\n\n\n<div class=\"wp-block-essential-blocks-button  root-eb-button-8bvzl\"><div class=\"eb-parent-wrapper eb-parent-eb-button-8bvzl\"><div class=\"eb-button-wrapper eb-button-alignment eb-button-8bvzl\"><div class=\"eb-button\"><div class=\"eb-button-inner-wrapper\"><a class=\"eb-button-anchor\" href=\"https:\/\/floodlight-musicals.de\/en\/product\/alles-anders-sa-08-08-2026\/\" rel=\"noopener\">Tickets<\/a><\/div><\/div><\/div><\/div><\/div>\n<\/div>\n\n\n\n<hr class=\"wp-block-separator has-text-color has-base-2-color has-alpha-channel-opacity has-base-2-background-color has-background\"\/>\n\n\n\n<div class=\"wp-block-group is-nowrap is-layout-flex wp-container-core-group-is-layout-6c531013 wp-block-group-is-layout-flex\">\n<p class=\"has-large-font-size\"><strong>Sa. &#8211; 15. August <\/strong><br><strong>19 Uhr<\/strong><\/p>\n\n\n\n<div class=\"wp-block-essential-blocks-button  root-eb-button-wd7cz\"><div class=\"eb-parent-wrapper eb-parent-eb-button-wd7cz\"><div class=\"eb-button-wrapper eb-button-alignment eb-button-wd7cz\"><div class=\"eb-button\"><div class=\"eb-button-inner-wrapper\"><a class=\"eb-button-anchor\" href=\"https:\/\/floodlight-musicals.de\/en\/product\/alles-anders-sa-15-08-2026\/\" rel=\"noopener\">Tickets<\/a><\/div><\/div><\/div><\/div><\/div>\n<\/div>\n\n\n\n<div class=\"wp-block-group is-nowrap is-layout-flex wp-container-core-group-is-layout-6c531013 wp-block-group-is-layout-flex\">\n<p class=\"has-large-font-size\"><strong>So. &#8211; 09. August<\/strong> <br><strong>18 Uhr<\/strong><\/p>\n\n\n\n<div class=\"wp-block-essential-blocks-button  root-eb-button-md5i0\"><div class=\"eb-parent-wrapper eb-parent-eb-button-md5i0\"><div class=\"eb-button-wrapper eb-button-alignment eb-button-md5i0\"><div class=\"eb-button\"><div class=\"eb-button-inner-wrapper\"><a class=\"eb-button-anchor\" href=\"https:\/\/floodlight-musicals.de\/en\/product\/alles-anders-so-09-08-2026\/\" rel=\"noopener\">Tickets<\/a><\/div><\/div><\/div><\/div><\/div>\n<\/div>\n<\/div>\n<\/div>\n\n\n\n<div class=\"wp-block-group is-content-justification-center is-nowrap is-layout-flex wp-container-core-group-is-layout-23441af8 wp-block-group-is-layout-flex\">\n<p class=\"has-large-font-size\"><strong>So. &#8211; 16. August <\/strong><br><strong>18 Uhr<\/strong><\/p>\n\n\n\n<div class=\"wp-block-essential-blocks-button  root-eb-button-8ppk3\"><div class=\"eb-parent-wrapper eb-parent-eb-button-8ppk3\"><div class=\"eb-button-wrapper eb-button-alignment eb-button-8ppk3\"><div class=\"eb-button\"><div class=\"eb-button-inner-wrapper\"><a class=\"eb-button-anchor\" href=\"https:\/\/floodlight-musicals.de\/en\/product\/alles-anders-so-16-08-2026\/\" rel=\"noopener\">Tickets<\/a><\/div><\/div><\/div><\/div><\/div>\n<\/div>\n\n\n\n<div class=\"wp-block-essential-blocks-text  root-eb-text-p2eyg\"><div class=\"eb-parent-wrapper eb-parent-eb-text-p2eyg\"><div class=\"eb-text-wrapper eb-text-p2eyg\" data-id=\"eb-text-p2eyg\"><p class=\"eb-text\"><strong>Zu den <a href=\"https:\/\/floodlight-musicals.de\/en\/alles-anders\/alles-anders-tickets-faqs\/\" data-type=\"link\" data-id=\"https:\/\/floodlight-musicals.de\/alles-anders\/alles-anders-tickets-faqs\/\">FAQs<\/a><\/strong>.<\/p><\/div><\/div><\/div>\n\n\n\n<p>Bestellen Sie unser <a href=\"https:\/\/floodlight-musicals.de\/en\/product\/programmheft-alles-anders\/\" data-type=\"link\" data-id=\"https:\/\/floodlight-musicals.de\/produkt\/programmheft-alles-anders\/\">&#8222;Alles Anders&#8220; Programmheft<\/a> vor!<\/p>\n\n\n\n<hr class=\"wp-block-separator has-text-color has-base-color has-alpha-channel-opacity has-base-background-color has-background is-style-wide\"\/>\n\n\n\n<div class=\"wp-block-group alignwide is-content-justification-center is-nowrap is-layout-flex wp-container-core-group-is-layout-23441af8 wp-block-group-is-layout-flex\">\n<div class=\"wp-block-columns is-layout-flex wp-container-core-columns-is-layout-28f84493 wp-block-columns-is-layout-flex\">\n<div class=\"wp-block-column is-vertically-aligned-center is-layout-flow wp-block-column-is-layout-flow\">\n<div class=\"wp-block-group is-vertical is-content-justification-center is-layout-flex wp-container-core-group-is-layout-ce155fab wp-block-group-is-layout-flex\">\n<h2 class=\"wp-block-heading has-text-align-center has-x-large-font-size\">Auff\u00fchrungsort<\/h2>\n<\/div>\n\n\n\n<p class=\"has-text-align-center has-medium-font-size\">Klangbr\u00fccke Aachen<br>Kurhausstra\u00dfe 2<br>52062 Aachen<\/p>\n<\/div>\n<\/div>\n<\/div>\n\n\n\n<hr class=\"wp-block-separator has-text-color has-base-color has-alpha-channel-opacity has-base-background-color has-background is-style-default\"\/>\n\n\n\n<div class=\"wp-block-group alignwide is-vertical is-layout-flex wp-container-core-group-is-layout-fe9cc265 wp-block-group-is-layout-flex\">\n<p>Die neue Eigenproduktion \u201eAlles Anders\u201c befasst sich mit dem Leben und Erwachsenwerden verschiedener Studierender. In zwei Akten werden Freundschaften und Beziehungen gebaut, Pl\u00e4ne geschmiedet und wieder verworfen und das Leben probiert. Dabei kommt aber nicht immer alles wie geplant und vielleicht manchmal ja sogar besser als gedacht. Die Handlung verl\u00e4uft \u00fcber einen Zeitraum von 6 Jahren (oder f\u00fcr den ein oder anderen 12 Semestern) und wird im August in der Klangbr\u00fccke uraufgef\u00fchrt.<\/p>\n\n\n\n<p class=\"has-medium-font-size\"><mark style=\"background-color:#e6a7da;color:#bb0000\" class=\"has-inline-color\">Zuk\u00fcnftig finden Sie auf dieser Seite auch eine Synopsis und Songliste!<\/mark><\/p>\n<\/div>\n\n\n\n<div class=\"wp-block-group alignwide is-vertical is-layout-flex wp-container-core-group-is-layout-fe9cc265 wp-block-group-is-layout-flex\">\n<h2 class=\"wp-block-heading\"><strong>Leitungsteam: <\/strong><\/h2>\n\n\n\n<hr class=\"wp-block-separator has-text-color has-base-color has-alpha-channel-opacity has-base-background-color has-background is-style-default\"\/>\n\n\n\n<p class=\"has-large-font-size\">Kreatives:<\/p>\n\n\n\n<p><strong>Regie<\/strong> &#8211; Klara E\u00dfer<\/p>\n\n\n\n<p><strong>Regieassistenz<\/strong> &#8211; Charlotte Berenwinkel<\/p>\n\n\n\n<p><strong>Chorleitung<\/strong> &#8211; Matthias Stadler<\/p>\n\n\n\n<p><strong>Vocal Coaching <\/strong>&#8211; Lorena D\u00fcrnholz<\/p>\n\n\n\n<p><strong>Bandleitung<\/strong> &#8211; Michael Schneider<\/p>\n\n\n\n<p><strong>Korrepetitor<\/strong> &#8211; Jonathan Pasternack<\/p>\n\n\n\n<p><strong>Technikleitung<\/strong> &#8211; Max S\u00f6ller<\/p>\n\n\n\n<p><strong>Tontechnikleitung<\/strong> &#8211; Johannes Kock<\/p>\n\n\n\n<p><strong>B\u00fchnenbild<\/strong> &#8211; Tarek Eldin<\/p>\n\n\n\n<p><strong>Design<\/strong> &#8211; Julia Schneider<\/p>\n\n\n\n<hr class=\"wp-block-separator has-text-color has-base-color has-alpha-channel-opacity has-base-background-color has-background is-style-default\" style=\"margin-top:0;margin-bottom:0\"\/>\n\n\n\n<p class=\"has-large-font-size\"><strong>Organisation:<\/strong><\/p>\n\n\n\n<p><strong>Projektleitung<\/strong> &#8211; Toni Biermann<\/p>\n\n\n\n<p><strong>Kost\u00fcm &amp; Maske<\/strong> &#8211; Mira Heider<\/p>\n\n\n\n<p><strong>Backstageleitung<\/strong> &#8211; Lukas Kn\u00e4ble<\/p>\n\n\n\n<p><strong>Ticketing<\/strong> &#8211; Levin Engbrocks<\/p>\n\n\n\n<h2 class=\"wp-block-heading\"><strong>Cast: <\/strong><\/h2>\n\n\n\n<p><strong>Louis<\/strong> &#8211; Levin Engbrocks<\/p>\n\n\n\n<p><strong>Karim<\/strong> &#8211; Hannes Reichelt<\/p>\n\n\n\n<p><strong>Nevia<\/strong> &#8211; Marie-Sophie Sch\u00e4fermeier<\/p>\n\n\n\n<p><strong>Isra<\/strong> &#8211; Emma Lemmen<\/p>\n\n\n\n<p><strong>Sophia<\/strong> &#8211; Katharina Wehrmeistere<\/p>\n\n\n\n<p><strong>Chlo\u00e9<\/strong> &#8211; Kerstin Wuchartz<\/p>\n\n\n\n<p><strong><span style=\"text-decoration: underline;\">Ensemble<\/span><\/strong><\/p>\n\n\n\n<ul class=\"wp-block-list\">\n<li>Christoph Vierheilig<\/li>\n\n\n\n<li>Lelo Diepes<\/li>\n\n\n\n<li>Till Buchtal<\/li>\n\n\n\n<li>Charlotte Berenwinkel<\/li>\n\n\n\n<li>Juliana Langen<\/li>\n\n\n\n<li>maiku<\/li>\n<\/ul>\n\n\n\n<h2 class=\"wp-block-heading\"><strong>Band: <\/strong><\/h2>\n\n\n\n<p><strong>Keys 1<\/strong> &#8211; Helene Hu<\/p>\n\n\n\n<p><strong>Keys 2<\/strong> &#8211; Maurice Schepers<\/p>\n\n\n\n<p><strong>Gitarre 1<\/strong> &#8211; Kees Egbers<\/p>\n\n\n\n<p><strong>Gitarre 2<\/strong> &#8211; Arved Finke<\/p>\n\n\n\n<p><strong>Bass<\/strong> &#8211; Daniel Gotzens<\/p>\n\n\n\n<p><strong>Cello<\/strong> &#8211; Anna Hochberger<\/p>\n\n\n\n<p><strong>Drums<\/strong> &#8211; Michael Schneider<\/p>\n\n\n\n<h3 class=\"wp-block-heading\"><\/h3>\n\n\n\n<h3 class=\"wp-block-heading\"><strong> <\/strong><\/h3>\n<\/div>\n\n\n\n<p><\/p>\n\n\n\n<p><\/p>\n\n\n\n<p><\/p>\n\n\n\n<p><\/p>\n\n\n\n<p><\/p>\n\n\n\n<p><\/p>\n\n\n\n<p><\/p>","protected":false},"excerpt":{"rendered":"<p>Alles Anders &#8211; Ein originales Musical Buch von Klara E\u00dfer &amp; Matthias StadlerLiedtexte von Matthias StadlerMusik von Dario Mesquida Nogueira &amp; Matthias Stadler Auff\u00fchrungstermine2026 Fr. &#8211; 07. August 19 Uhr Fr. &#8211; 14. August 19 Uhr Sa. &#8211; O8. August 19 Uhr Sa. &#8211; 15. August 19 Uhr So. &#8211; 09. August 18 Uhr So. [&hellip;]<\/p>","protected":false},"author":24,"featured_media":0,"parent":0,"menu_order":0,"comment_status":"closed","ping_status":"closed","template":"","meta":{"_eb_attr":"","footnotes":""},"class_list":["post-9468","page","type-page","status-publish","hentry"],"_links":{"self":[{"href":"https:\/\/floodlight-musicals.de\/en\/wp-json\/wp\/v2\/pages\/9468","targetHints":{"allow":["GET"]}}],"collection":[{"href":"https:\/\/floodlight-musicals.de\/en\/wp-json\/wp\/v2\/pages"}],"about":[{"href":"https:\/\/floodlight-musicals.de\/en\/wp-json\/wp\/v2\/types\/page"}],"author":[{"embeddable":true,"href":"https:\/\/floodlight-musicals.de\/en\/wp-json\/wp\/v2\/users\/24"}],"replies":[{"embeddable":true,"href":"https:\/\/floodlight-musicals.de\/en\/wp-json\/wp\/v2\/comments?post=9468"}],"version-history":[{"count":4,"href":"https:\/\/floodlight-musicals.de\/en\/wp-json\/wp\/v2\/pages\/9468\/revisions"}],"predecessor-version":[{"id":10171,"href":"https:\/\/floodlight-musicals.de\/en\/wp-json\/wp\/v2\/pages\/9468\/revisions\/10171"}],"wp:attachment":[{"href":"https:\/\/floodlight-musicals.de\/en\/wp-json\/wp\/v2\/media?parent=9468"}],"curies":[{"name":"wp","href":"https:\/\/api.w.org\/{rel}","templated":true}]}}