{"id":8716,"date":"2025-11-02T11:58:12","date_gmt":"2025-11-02T10:58:12","guid":{"rendered":"https:\/\/floodlight-musicals.de\/?page_id=8716"},"modified":"2026-05-05T10:13:01","modified_gmt":"2026-05-05T08:13:01","slug":"galakonzert-2026","status":"publish","type":"page","link":"https:\/\/floodlight-musicals.de\/en\/galakonzert-2026\/","title":{"rendered":"concert 2026"},"content":{"rendered":"<figure class=\"wp-block-image alignfull size-full\"><img loading=\"lazy\" decoding=\"async\" width=\"1920\" height=\"576\" src=\"https:\/\/floodlight-musicals.de\/wp-content\/uploads\/2026\/02\/Banner-Galakonzert-1.jpg\" alt=\"\" class=\"wp-image-8871\" srcset=\"https:\/\/floodlight-musicals.de\/wp-content\/uploads\/2026\/02\/Banner-Galakonzert-1.jpg 1920w, https:\/\/floodlight-musicals.de\/wp-content\/uploads\/2026\/02\/Banner-Galakonzert-1-300x90.jpg 300w, https:\/\/floodlight-musicals.de\/wp-content\/uploads\/2026\/02\/Banner-Galakonzert-1-1024x307.jpg 1024w, https:\/\/floodlight-musicals.de\/wp-content\/uploads\/2026\/02\/Banner-Galakonzert-1-768x230.jpg 768w, https:\/\/floodlight-musicals.de\/wp-content\/uploads\/2026\/02\/Banner-Galakonzert-1-1536x461.jpg 1536w, https:\/\/floodlight-musicals.de\/wp-content\/uploads\/2026\/02\/Banner-Galakonzert-1-18x5.jpg 18w, https:\/\/floodlight-musicals.de\/wp-content\/uploads\/2026\/02\/Banner-Galakonzert-1-600x180.jpg 600w\" sizes=\"auto, (max-width: 1920px) 100vw, 1920px\" \/><\/figure>\n\n\n\n<hr class=\"wp-block-separator has-text-color has-base-color has-alpha-channel-opacity has-base-background-color has-background is-style-wide\" style=\"margin-top:var(--wp--preset--spacing--20);margin-bottom:var(--wp--preset--spacing--20)\"\/>\n\n\n\n<h2 class=\"wp-block-heading\">Tickets<\/h2>\n\n\n\n<p><strong>Auff\u00fchrungsort: <\/strong>Hauptgeb\u00e4ude RWTH &#8211; Aula 1, Templergraben 55, 52062 Aachen<br><strong>Einlass:<\/strong> Eine Stunde vor Vorstellungsbeginn<\/p>\n\n\n\n<h4 class=\"wp-block-heading\"><strong>Samstag, 02.05.2026 &#8211; 19:00 Uhr<\/strong><\/h4>\n\n\n\n<div class=\"wp-block-essential-blocks-button  root-eb-button-63ptd\"><div class=\"eb-parent-wrapper eb-parent-eb-button-63ptd\"><div class=\"eb-button-wrapper eb-button-alignment eb-button-63ptd\"><div class=\"eb-button\"><div class=\"eb-button-inner-wrapper\"><a class=\"eb-button-anchor\" href=\"https:\/\/floodlight-musicals.de\/en\/product\/gala-konzert-sa-02-05-2026\/\" rel=\"noopener\">Tickets &#8211; Samstag<\/a><\/div><\/div><\/div><\/div><\/div>\n\n\n\n<h4 class=\"wp-block-heading\"><strong>Sonntag, 03.05.2026 &#8211; 18:00 Uhr<\/strong><\/h4>\n\n\n\n<div class=\"wp-block-essential-blocks-button  root-eb-button-thpi1\"><div class=\"eb-parent-wrapper eb-parent-eb-button-thpi1\"><div class=\"eb-button-wrapper eb-button-alignment eb-button-thpi1\"><div class=\"eb-button\"><div class=\"eb-button-inner-wrapper\"><a class=\"eb-button-anchor\" href=\"https:\/\/floodlight-musicals.de\/en\/product\/gala-konzert-so-03-05-2026\/\" rel=\"noopener\">Tickets &#8211; Sonntag<\/a><\/div><\/div><\/div><\/div><\/div>\n\n\n\n<hr class=\"wp-block-separator has-text-color has-base-color has-alpha-channel-opacity has-base-background-color has-background is-style-wide\" style=\"margin-top:var(--wp--preset--spacing--20);margin-bottom:var(--wp--preset--spacing--20)\"\/>\n\n\n\n<p>Floodlight Musicals l\u00e4dt zum sagenhaften Gala-Konzert: <br>In einem einzigartigen Crossover treffen die gro\u00dfen Hits der Musical-Historie auf die m\u00e4rchenhafte Welt der Aachener Legenden. Reist mit uns durch Musik- und Stadtgeschichte, zum Dombau, durch die Klappergasse bis zur Gruft von Karl dem Gro\u00dfen, gemeinsam mit der tugendhaften Hildegardt und mit Emma und ihrem geliebten Eginhard. Musikalisch begleitet nicht nur der bucklige Musikant die Reise, sondern auch Songs von Sister Act bis Sweeney Todd und von Les Miserables bis Tanz der Vampire.<\/p>\n\n\n\n<div style=\"height:11px\" aria-hidden=\"true\" class=\"wp-block-spacer\"><\/div>\n\n\n\n<h2 class=\"wp-block-heading\">Das Programm<\/h2>\n\n\n\n<ol class=\"wp-block-list\">\n<li>&#8222;Ouvert\u00fcre&#8220; (Beauty and the Beast)<\/li>\n\n\n\n<li>&#8222;Take me to heaven&#8220; (Sister Act)<\/li>\n\n\n\n<li>&#8222;I still believe&#8220; (Miss Saigon)<\/li>\n\n\n\n<li>&#8222;Poor Unfortunate Souls&#8220; (The Little Mermaid)<\/li>\n\n\n\n<li>&#8222;Wolf Chase&#8220; (Beauty and the Beast)<\/li>\n\n\n\n<li>&#8222;I just can&#8217;t wait to be king&#8220; (The Lion King)<\/li>\n\n\n\n<li>&#8222;I will follow him&#8220; (Sister Act)<\/li>\n\n\n\n<li>&#8222;On my own&#8220; (Les Miserables)<\/li>\n\n\n\n<li>&#8222;God help the Outcast&#8220; (The Hunchback of Notre Dame)<\/li>\n\n\n\n<li>&#8222;Meet the Wizard&#8220; (The Wiz)<\/li>\n\n\n\n<li>&#8222;In a Crowd of Thousands&#8220; (Anastasia)<\/li>\n\n\n\n<li>&#8222;Move towards the Darkness&#8220; (Addams Family)<\/li>\n\n\n\n<li>&#8222;I could have danced all night&#8220; (My Fair Lady)<\/li>\n\n\n\n<li>&#8222;Stars&#8220; (Les Miserables)<\/li>\n\n\n\n<li>&#8222;Endlich frei sein&#8220; (Robin Hood)<\/li>\n\n\n\n<li>&#8222;Ehrenwort&#8220; (F\u00e4aschtb\u00e4nkler)<\/li>\n\n\n\n<li>&#8222;City on Fire&#8220; (Sweeney Todd)<\/li>\n\n\n\n<li>&#8222;Brot herrliches Brot!&#8220; (Oliver!)<\/li>\n\n\n\n<li>&#8222;Die Gruft&#8220; (Tanz der Vampire)<\/li>\n\n\n\n<li>&#8222;What&#8217;s inside&#8220; (The Waitress)<\/li>\n\n\n\n<li>&#8222;Anything can happen&#8220; (Mary Poppins)<\/li>\n<\/ol>\n\n\n\n<div style=\"height:24px\" aria-hidden=\"true\" class=\"wp-block-spacer\"><\/div>\n\n\n\n<div style=\"height:49px\" aria-hidden=\"true\" class=\"wp-block-spacer\"><\/div>\n\n\n\n<div class=\"wp-block-group alignwide is-vertical is-layout-flex wp-container-core-group-is-layout-67710c2e wp-block-group-is-layout-flex\" style=\"margin-top:0;margin-bottom:0;padding-top:0;padding-bottom:0\">\n<div class=\"wp-block-group alignwide is-vertical is-layout-flex wp-container-core-group-is-layout-fe9cc265 wp-block-group-is-layout-flex\">\n<h2 class=\"wp-block-heading alignwide\"><strong>Ensemble<\/strong><\/h2>\n\n\n\n<p><strong>Solist*innen<\/strong><\/p>\n\n\n\n<ul class=\"wp-block-list\">\n<li>Karl der Gro\u00dfe: Max S\u00f6ller<\/li>\n\n\n\n<li>Erz\u00e4hler: Fabian Eil<\/li>\n\n\n\n<li>Hildegard: Anna Dreichlinger<\/li>\n\n\n\n<li>Teufel: Rebecca Barck<\/li>\n\n\n\n<li>Nonne: Echolight May<\/li>\n\n\n\n<li>Taland: Luisa von Jagemann<\/li>\n\n\n\n<li>Michael (B\u00e4cker): Lukas M\u00fcller<\/li>\n\n\n\n<li>Karla (B\u00e4ckerin): Yola Kirsten<\/li>\n\n\n\n<li>Mathilda (B\u00e4ckerin): Julia Schares<\/li>\n\n\n\n<li>Karolina (Frau von Karl): Kathrin Dithmer<\/li>\n\n\n\n<li>Eginhard: Sebastian Hambsch<\/li>\n\n\n\n<li>Emma: Asya Bayindir<\/li>\n\n\n\n<li>Hexe 1: Yvonne Truong<\/li>\n\n\n\n<li>Hexe 2: Wiebke Grote H\u00f6lmann<\/li>\n<\/ul>\n\n\n\n<p><strong>Sprechrollen<\/strong><\/p>\n\n\n\n<ul class=\"wp-block-list\">\n<li>Ratsherren: Eva Engels, Konrad Gruber, Sebastian Hambsch<\/li>\n\n\n\n<li>Engel: Julia Schmidt zum Berge<\/li>\n\n\n\n<li>Magd: Lotte Berenwinkel<\/li>\n\n\n\n<li>Stadtbewohnerin: Andrea Meurers<\/li>\n<\/ul>\n\n\n\n<p><strong>Chor:<\/strong><\/p>\n\n\n\n<ul class=\"wp-block-list\">\n<li><strong>Sopran:<\/strong> Rebecca Barck, Asya Bayindir, Anna Dreichlinger, Eva Engels, Mira Heider, Wiebke Grote H\u00f6lmann, Luisa von Jagemann, Yola Kirsten, Leah Kruse, Echolight May, Andrea Meurers, Jule Romboy, Julia Schmidt-zum Berge, Birte Schwichtenberg, Anna Maria Stieger, Tori Weiss, Ana Lilith Zimmermann<\/li>\n\n\n\n<li><strong>Alt:<\/strong> Charlotte Berenwinkel, Katrin Dithmer, Madita Lungerich, Benita Mattes, Naomi Merbecks, Kristin Schall &#8211; van Bellen, Julia Schares, Yvonne Truong, Luisa Wirtz, Maite Wollersheim<\/li>\n\n\n\n<li><strong>Tenor:<\/strong> Frederik B\u00fcnger, Xaver Heidweiler, Anton Farkas, Philipp Merling, Lukas M\u00fcller, Hannes Reichelt, Christoph Vierheilig<\/li>\n\n\n\n<li><strong>Bass:<\/strong> Omoefo Anderson, Kees Egbers, Fabian Eil, Konrad Gruber, Sebastian Hambsch, Max S\u00f6ller, Paul Taverne<\/li>\n<\/ul>\n<\/div>\n<\/div>\n\n\n\n<div style=\"height:28px\" aria-hidden=\"true\" class=\"wp-block-spacer\"><\/div>\n\n\n\n<div class=\"wp-block-group alignwide is-vertical is-layout-flex wp-container-core-group-is-layout-67710c2e wp-block-group-is-layout-flex\" style=\"margin-top:0;margin-bottom:0;padding-top:0;padding-bottom:0\">\n<h2 class=\"wp-block-heading alignwide\"><strong>Orchester<\/strong><\/h2>\n\n\n\n<div class=\"wp-block-group alignwide is-vertical is-layout-flex wp-container-core-group-is-layout-fe9cc265 wp-block-group-is-layout-flex\">\n<div style=\"height:1px\" aria-hidden=\"true\" class=\"wp-block-spacer wp-container-content-eff6f568\"><\/div>\n\n\n\n<ul class=\"wp-block-list\">\n<li>1. Geige: Sina Gottschlich, Josefa H\u00e4rtel, Joris Wittenhorst<\/li>\n\n\n\n<li>2. Geige: Malte Kruse, Mareike T\u00fcmmers, Dawei Wang<\/li>\n\n\n\n<li>Bratsche: Svenja Borgmann, Jacob Maxton<\/li>\n\n\n\n<li>Cello: Benedikt Ritterstaedt, Johanna R\u00f6hring<\/li>\n\n\n\n<li>Kontrabass: <\/li>\n\n\n\n<li>Fl\u00f6te: Helene Hu, Anna Weis<\/li>\n\n\n\n<li>Oboe + Englisch Horn: Clara Casser<\/li>\n\n\n\n<li>Klarinette: Tobias Abel, Andreas Heinrich<\/li>\n\n\n\n<li>Fagott: Philipp K\u00fcchler<\/li>\n\n\n\n<li>Horn: Sandra Hoffmann<\/li>\n\n\n\n<li>Posaune: Muriel M\u00fcnnix, Benjamin Renner<\/li>\n\n\n\n<li>Saxophon: Fabian Eil, Julia Schares<\/li>\n\n\n\n<li>Trompete: Katharina Bauer, Lukas Fischer, Marie Stepprath<\/li>\n\n\n\n<li>Schlagwerk: Lukas Horstmann<\/li>\n\n\n\n<li>Klavier: Jonathan Pasternack<\/li>\n\n\n\n<li>Harfe: Berenike Magin<\/li>\n<\/ul>\n\n\n\n<div style=\"height:0px\" aria-hidden=\"true\" class=\"wp-block-spacer wp-container-content-541a6b20\"><\/div>\n<\/div>\n<\/div>\n\n\n\n<div class=\"wp-block-group alignwide is-vertical is-layout-flex wp-container-core-group-is-layout-67710c2e wp-block-group-is-layout-flex\" style=\"margin-top:0;margin-bottom:0;padding-top:0;padding-bottom:0\">\n<h2 class=\"wp-block-heading alignwide\"><strong>Technik<\/strong><\/h2>\n\n\n\n<div class=\"wp-block-group alignwide is-vertical is-layout-flex wp-container-core-group-is-layout-fe9cc265 wp-block-group-is-layout-flex\">\n<div style=\"height:1px\" aria-hidden=\"true\" class=\"wp-block-spacer wp-container-content-eff6f568\"><\/div>\n\n\n\n<ul class=\"wp-block-list\">\n<li>Technische Leitung (Ton): Maximilian Engelhardt<\/li>\n\n\n\n<li>Technische Leitung (Licht): Fabian Gottfried<\/li>\n\n\n\n<li>Ton: Joram Eickhoff, Miriam Hufgard, Weiyu Li, Roman Stelzer<\/li>\n\n\n\n<li>Licht: Cedric G\u00fcse, Justus Meentz, Joshua Verheyen<\/li>\n\n\n\n<li>Netzwerkinfrastruktur: Mattis Negraszus<\/li>\n<\/ul>\n<\/div>\n<\/div>\n\n\n\n<div style=\"height:28px\" aria-hidden=\"true\" class=\"wp-block-spacer\"><\/div>\n\n\n\n<div class=\"wp-block-group alignwide is-vertical is-layout-flex wp-container-core-group-is-layout-67710c2e wp-block-group-is-layout-flex\" style=\"margin-top:0;margin-bottom:0;padding-top:0;padding-bottom:0\">\n<h2 class=\"wp-block-heading alignwide\"><strong>Kreativ- und Organisationsteam<\/strong><\/h2>\n\n\n\n<div class=\"wp-block-group alignwide is-vertical is-layout-flex wp-container-core-group-is-layout-fe9cc265 wp-block-group-is-layout-flex\">\n<div style=\"height:1px\" aria-hidden=\"true\" class=\"wp-block-spacer wp-container-content-eff6f568\"><\/div>\n\n\n\n<p>Kreative Leitung: Julia Schares<\/p>\n\n\n\n<p>Musikalische Leitung: Manuel Gottschlich<\/p>\n\n\n\n<p>Chorleitung: Pinkas Hoffmann, Julia Schares, Luisa Wirtz<\/p>\n\n\n\n<p>Musikalische Assistenz: Wiebke Grote H\u00f6lmann<\/p>\n\n\n\n<p>Design: Tori Weiss<\/p>\n\n\n\n<p>Animation: Marielle M\u00fcller, Jules Wilden<\/p>\n\n\n\n<p>Social Media: Lotte Berenwinkel<\/p>\n\n\n\n<p>Ticketing: Joana Ruhe, Anna Maria Stieger<\/p>\n\n\n\n<p>Veranstaltungsleitung: Malin Berg, Franca auf der Heiden, Steffan Luong<\/p>\n\n\n\n<p>Dankesch\u00f6ns: Yola Kirsten<\/p>\n\n\n\n<p>Kost\u00fcm: Wiebke Grote H\u00f6lmann, Josephine Kranich<\/p>\n\n\n\n<p>Raumorganisation: Sebastian Hambsch <\/p>\n\n\n\n<p>Vorstand: Pinkas Hoffman, Anton Farkas, Ira Tinkloh<\/p>\n\n\n\n<p>Produktionsleitung: Jan Holtschneider <\/p>\n<\/div>\n<\/div>\n\n\n\n<div style=\"height:28px\" aria-hidden=\"true\" class=\"wp-block-spacer\"><\/div>\n\n\n\n<div class=\"wp-block-group is-vertical is-layout-flex wp-container-core-group-is-layout-67710c2e wp-block-group-is-layout-flex\" style=\"margin-top:0;margin-bottom:0;padding-top:0;padding-bottom:0\">\n<div class=\"wp-block-group alignwide is-vertical is-layout-flex wp-container-core-group-is-layout-fe9cc265 wp-block-group-is-layout-flex\">\n<div style=\"height:1px\" aria-hidden=\"true\" class=\"wp-block-spacer wp-container-content-eff6f568\"><\/div>\n<\/div>\n<\/div>","protected":false},"excerpt":{"rendered":"<p>Tickets Auff\u00fchrungsort: Hauptgeb\u00e4ude RWTH &#8211; Aula 1, Templergraben 55, 52062 AachenEinlass: Eine Stunde vor Vorstellungsbeginn Samstag, 02.05.2026 &#8211; 19:00 Uhr Sonntag, 03.05.2026 &#8211; 18:00 Uhr Floodlight Musicals l\u00e4dt zum sagenhaften Gala-Konzert: In einem einzigartigen Crossover treffen die gro\u00dfen Hits der Musical-Historie auf die m\u00e4rchenhafte Welt der Aachener Legenden. Reist mit uns durch Musik- und Stadtgeschichte, [&hellip;]<\/p>","protected":false},"author":17,"featured_media":0,"parent":0,"menu_order":0,"comment_status":"closed","ping_status":"closed","template":"","meta":{"_eb_attr":"","footnotes":""},"class_list":["post-8716","page","type-page","status-publish","hentry"],"_links":{"self":[{"href":"https:\/\/floodlight-musicals.de\/en\/wp-json\/wp\/v2\/pages\/8716","targetHints":{"allow":["GET"]}}],"collection":[{"href":"https:\/\/floodlight-musicals.de\/en\/wp-json\/wp\/v2\/pages"}],"about":[{"href":"https:\/\/floodlight-musicals.de\/en\/wp-json\/wp\/v2\/types\/page"}],"author":[{"embeddable":true,"href":"https:\/\/floodlight-musicals.de\/en\/wp-json\/wp\/v2\/users\/17"}],"replies":[{"embeddable":true,"href":"https:\/\/floodlight-musicals.de\/en\/wp-json\/wp\/v2\/comments?post=8716"}],"version-history":[{"count":5,"href":"https:\/\/floodlight-musicals.de\/en\/wp-json\/wp\/v2\/pages\/8716\/revisions"}],"predecessor-version":[{"id":10173,"href":"https:\/\/floodlight-musicals.de\/en\/wp-json\/wp\/v2\/pages\/8716\/revisions\/10173"}],"wp:attachment":[{"href":"https:\/\/floodlight-musicals.de\/en\/wp-json\/wp\/v2\/media?parent=8716"}],"curies":[{"name":"wp","href":"https:\/\/api.w.org\/{rel}","templated":true}]}}