{"id":7441,"date":"2025-07-07T22:27:06","date_gmt":"2025-07-07T20:27:06","guid":{"rendered":"https:\/\/floodlight-musicals.de\/?page_id=7441"},"modified":"2025-07-16T10:06:24","modified_gmt":"2025-07-16T08:06:24","slug":"timeless-stories","status":"publish","type":"page","link":"https:\/\/floodlight-musicals.de\/en\/timeless-stories\/","title":{"rendered":"Timeless Stories"},"content":{"rendered":"<figure class=\"wp-block-image alignfull size-full\"><img loading=\"lazy\" decoding=\"async\" width=\"1920\" height=\"664\" src=\"https:\/\/floodlight-musicals.de\/wp-content\/uploads\/2025\/07\/fps_web_banner.jpg\" alt=\"\" class=\"wp-image-7442\" srcset=\"https:\/\/floodlight-musicals.de\/wp-content\/uploads\/2025\/07\/fps_web_banner.jpg 1920w, https:\/\/floodlight-musicals.de\/wp-content\/uploads\/2025\/07\/fps_web_banner-300x104.jpg 300w, https:\/\/floodlight-musicals.de\/wp-content\/uploads\/2025\/07\/fps_web_banner-1024x354.jpg 1024w, https:\/\/floodlight-musicals.de\/wp-content\/uploads\/2025\/07\/fps_web_banner-768x266.jpg 768w, https:\/\/floodlight-musicals.de\/wp-content\/uploads\/2025\/07\/fps_web_banner-1536x531.jpg 1536w, https:\/\/floodlight-musicals.de\/wp-content\/uploads\/2025\/07\/fps_web_banner-600x208.jpg 600w\" sizes=\"auto, (max-width: 1920px) 100vw, 1920px\" \/><\/figure>\n\n\n\n<div style=\"height:5px\" aria-hidden=\"true\" class=\"wp-block-spacer\"><\/div>\n\n\n\n<h3 class=\"wp-block-heading has-text-align-center\">Timeless Stories<\/h3>\n\n\n\n<div class=\"wp-block-group has-global-padding is-layout-constrained wp-block-group-is-layout-constrained\">\n<hr class=\"wp-block-separator has-text-color has-base-color has-alpha-channel-opacity has-base-background-color has-background\"\/>\n<\/div>\n\n\n\n<div class=\"wp-block-columns alignwide is-layout-flex wp-container-core-columns-is-layout-28f84493 wp-block-columns-is-layout-flex\">\n<div class=\"wp-block-column is-vertically-aligned-center is-layout-flow wp-block-column-is-layout-flow\">\n<h3 class=\"wp-block-heading alignwide has-text-align-center\">Auff\u00fchrungstermine<\/h3>\n\n\n\n<figure class=\"wp-block-table aligncenter\"><table><tbody><tr><td>So.<\/td><td class=\"has-text-align-center\" data-align=\"center\">17. August 2025 &#8211; 19 Uhr<\/td><\/tr><\/tbody><\/table><figcaption class=\"wp-element-caption\">Einlass eine Stunde vor Konzertbeginn.<\/figcaption><\/figure>\n<\/div>\n\n\n\n<div class=\"wp-block-column is-layout-flow wp-block-column-is-layout-flow\">\n<div class=\"wp-block-group has-global-padding is-layout-constrained wp-block-group-is-layout-constrained\">\n<h2 class=\"wp-block-heading has-text-align-center has-large-font-size\">Tickets<\/h2>\n\n\n\n<p class=\"has-text-align-center\">Tickets f\u00fcr 5\u20ac sind an der Abendkasse erh\u00e4ltlich.<\/p>\n<\/div>\n<\/div>\n\n\n\n<div class=\"wp-block-column is-layout-flow wp-block-column-is-layout-flow\">\n<div class=\"wp-block-group has-global-padding is-layout-constrained wp-block-group-is-layout-constrained\">\n<h2 class=\"wp-block-heading has-text-align-center has-large-font-size\">Auff\u00fchrungsort<\/h2>\n\n\n\n<p class=\"has-text-align-center\">RWTH-Hauptgeb\u00e4ude, Aula 1 <br>Templergraben 55<br>52062 Aachen<\/p>\n<\/div>\n<\/div>\n<\/div>\n\n\n\n<div style=\"height:60px\" aria-hidden=\"true\" class=\"wp-block-spacer\"><\/div>\n\n\n\n<h3 class=\"wp-block-heading\"><strong>Ein&nbsp;<\/strong>Musical-Konzert<strong>&nbsp;mit Solist*innen, Chor und Orchester von Floodlight Musicals e.V.<\/strong><\/h3>\n\n\n\n<p>Floodlight Pocket Size pr\u00e4sentiert:\u00a0<strong>\u201eTimeless Stories\u201c<\/strong>, eine bunte Mischung aus diversen Musicalsongs. Viele Musicals haben ihren Ursprung in Romanen, Legenden und anderen Schriftst\u00fccken. Sie sind\u00a0<strong>zeitlose Erz\u00e4hlungen und Adaptionen<\/strong>\u00a0literarischer Klassiker. Folgende Werke haben nicht nur Musical-Komponist*innen inspiriert sondern auch unser Konzertprogramm:<\/p>\n\n\n\n<ul class=\"wp-block-list\">\n<li><em>Exodus<\/em>&nbsp;(das zweite Buch Mose)<\/li>\n\n\n\n<li><em>Die Sch\u00f6ne und das Tier<\/em>&nbsp;von Gabrielle-Suzanne de Villeneuve (1740)<\/li>\n\n\n\n<li><em>The String of Pearls: A domestic Romance<\/em>&nbsp;(1846)<\/li>\n\n\n\n<li><em>Jane Eyre<\/em>&nbsp;von Charlotte Bront\u00eb (1847)<\/li>\n\n\n\n<li><em>Les Mis\u00e9rables<\/em>&nbsp;von Victor Hugo (1862)<\/li>\n\n\n\n<li><em>Le Avventure Di Pinocchio: Storia Di Un Burattino<\/em>&nbsp;von Carlo Collodi (1881)<\/li>\n\n\n\n<li><em>Der seltsame Fall des Dr. Jekyll und Mr. Hyde<\/em>&nbsp;von Robert Louis Stevenson (1886)<\/li>\n\n\n\n<li><em>Der Zauberer von Oz<\/em>&nbsp;von Lyman Frank Baum (1900) sowie&nbsp;<em>Wicked: Die Hexen von Oz<\/em>&nbsp;von Gregory Maguire (1995).<\/li>\n<\/ul>\n\n\n\n<p>Einige Lieder stammen au\u00dferdem aus unserer&nbsp;<strong>Vereinshistorie<\/strong>. Es sind St\u00fccke, die auch Jahre sp\u00e4ter noch durch den Kopf schwirren. Unvergessen. Zeitlos. Und bereit, ein weiteres Mal&nbsp;<strong>auf der B\u00fchne zum Leben zu erwachen<\/strong>.<br>Vergangenes trifft auf Gegenw\u00e4rtiges.<br>Literatur trifft auf Musik.<br>Timeless Stories.<\/p>\n\n\n\n<h3 class=\"wp-block-heading\">Warum \u201ePocket Size\u201c?<\/h3>\n\n\n\n<p>Unter dem Projektnamen \u201eFloodlight Pocket Size\u201c (Floodlight im Kleinformat) haben wir im Oktober 2024 mit etwa zehn Personen unsere erste Probe veranstaltet. Der Plan: einen Raum schaffen, um gemeinsam kreativ zu werden, zu experimentieren und zu schauen, was daraus entsteht.<br>Mittlerweile z\u00e4hlen wir insgesamt&nbsp;<strong>rund 50 Beteiligte<\/strong>&nbsp;vor und hinter den Kulissen.<\/p>\n\n\n\n<p>Die gro\u00dfen Musicalproduktionen von Floodlight Musicals e.V. sind oft komplex und aufw\u00e4ndig. Es wird mehrmals die Woche geprobt; wir brauchen ein B\u00fchnenbild, Kost\u00fcme, Requisiten und vieles mehr.<br>Floodlight Pocket Size hingegen ist ein&nbsp;<strong>niederschwelliges Musicalformat<\/strong>, das allen erm\u00f6glicht, dabei zu sein.<\/p>\n\n\n\n<p>Freuen Sie sich auf ein Floodlight-Erlebnis mit minimalistischem Ansatz.<br>Die&nbsp;<strong>Musik<\/strong>&nbsp;r\u00fcckt in den Vordergrund.<\/p>","protected":false},"excerpt":{"rendered":"<p>Timeless Stories Auff\u00fchrungstermine So. 17. August 2025 &#8211; 19 Uhr Einlass eine Stunde vor Konzertbeginn. Tickets Tickets f\u00fcr 5\u20ac sind an der Abendkasse erh\u00e4ltlich. Auff\u00fchrungsort RWTH-Hauptgeb\u00e4ude, Aula 1 Templergraben 5552062 Aachen Ein&nbsp;Musical-Konzert&nbsp;mit Solist*innen, Chor und Orchester von Floodlight Musicals e.V. Floodlight Pocket Size pr\u00e4sentiert:\u00a0\u201eTimeless Stories\u201c, eine bunte Mischung aus diversen Musicalsongs. Viele Musicals haben ihren [&hellip;]<\/p>","protected":false},"author":8,"featured_media":0,"parent":0,"menu_order":1,"comment_status":"closed","ping_status":"closed","template":"","meta":{"_eb_attr":"","footnotes":""},"class_list":["post-7441","page","type-page","status-publish","hentry"],"_links":{"self":[{"href":"https:\/\/floodlight-musicals.de\/en\/wp-json\/wp\/v2\/pages\/7441","targetHints":{"allow":["GET"]}}],"collection":[{"href":"https:\/\/floodlight-musicals.de\/en\/wp-json\/wp\/v2\/pages"}],"about":[{"href":"https:\/\/floodlight-musicals.de\/en\/wp-json\/wp\/v2\/types\/page"}],"author":[{"embeddable":true,"href":"https:\/\/floodlight-musicals.de\/en\/wp-json\/wp\/v2\/users\/8"}],"replies":[{"embeddable":true,"href":"https:\/\/floodlight-musicals.de\/en\/wp-json\/wp\/v2\/comments?post=7441"}],"version-history":[{"count":4,"href":"https:\/\/floodlight-musicals.de\/en\/wp-json\/wp\/v2\/pages\/7441\/revisions"}],"predecessor-version":[{"id":9172,"href":"https:\/\/floodlight-musicals.de\/en\/wp-json\/wp\/v2\/pages\/7441\/revisions\/9172"}],"wp:attachment":[{"href":"https:\/\/floodlight-musicals.de\/en\/wp-json\/wp\/v2\/media?parent=7441"}],"curies":[{"name":"wp","href":"https:\/\/api.w.org\/{rel}","templated":true}]}}