{"id":6103,"date":"2025-03-28T11:00:39","date_gmt":"2025-03-28T10:00:39","guid":{"rendered":"https:\/\/floodlight-musicals.de\/?page_id=6103"},"modified":"2025-04-06T17:37:37","modified_gmt":"2025-04-06T15:37:37","slug":"merch","status":"publish","type":"page","link":"https:\/\/floodlight-musicals.de\/en\/merch\/","title":{"rendered":"Vereinsmerch"},"content":{"rendered":"<div class=\"wp-block-group alignfull has-global-padding is-content-justification-center is-layout-constrained wp-container-core-group-is-layout-df757ecc wp-block-group-is-layout-constrained\" style=\"margin-top:0;margin-bottom:0;padding-top:calc( 0.5 * var(--wp--style--root--padding-right, var(--wp--custom--gap--horizontal)));padding-right:var(--wp--style--root--padding-right, var(--wp--custom--gap--horizontal));padding-bottom:calc( 0.5 * var(--wp--style--root--padding-right, var(--wp--custom--gap--horizontal)));padding-left:var(--wp--style--root--padding-left, var(--wp--custom--gap--horizontal))\">\n<div class=\"wp-block-columns alignwide is-layout-flex wp-container-core-columns-is-layout-7fc3d43a wp-block-columns-is-layout-flex\">\n<div class=\"wp-block-column is-vertically-aligned-center has-global-padding is-content-justification-left is-layout-constrained wp-container-core-column-is-layout-128e448e wp-block-column-is-layout-constrained\" style=\"flex-basis:40%\">\n<h2 class=\"wp-block-heading\">Zeig&#8216; deinen Style!<\/h2>\n\n\n\n<p>Deine Vereinsliebe kennt keine Grenzen? Zeige sie nach au\u00dfen mit unsere neue Vereinskollektion!<\/p>\n\n\n\n<p><strong>Achtung:<\/strong> Im finalen Design werden die Scheinwerferstrahlen unseres Logos (auf dem R\u00fccken) nicht zu sehen sein! Das ist jetzt lediglich auf den Mustern der Fall.<\/p>\n\n\n\n<p>Das Logo auf dem R\u00fccken wird also so aussehen (ohne Lila Hintergrund):<\/p>\n\n\n\n<figure class=\"wp-block-image size-large is-resized\"><img loading=\"lazy\" decoding=\"async\" width=\"1024\" height=\"427\" src=\"https:\/\/floodlight-musicals.de\/wp-content\/uploads\/2025\/04\/Backprint-1024x427.jpg\" alt=\"\" class=\"wp-image-6118\" style=\"width:254px;height:auto\" srcset=\"https:\/\/floodlight-musicals.de\/wp-content\/uploads\/2025\/04\/Backprint-1024x427.jpg 1024w, https:\/\/floodlight-musicals.de\/wp-content\/uploads\/2025\/04\/Backprint-300x125.jpg 300w, https:\/\/floodlight-musicals.de\/wp-content\/uploads\/2025\/04\/Backprint-768x320.jpg 768w, https:\/\/floodlight-musicals.de\/wp-content\/uploads\/2025\/04\/Backprint-600x250.jpg 600w, https:\/\/floodlight-musicals.de\/wp-content\/uploads\/2025\/04\/Backprint.jpg 1200w\" sizes=\"auto, (max-width: 1024px) 100vw, 1024px\" \/><\/figure>\n\n\n\n<div class=\"wp-block-buttons is-layout-flex wp-block-buttons-is-layout-flex\">\n<div class=\"wp-block-button has-custom-font-size is-style-fill has-large-font-size\"><a class=\"wp-block-button__link has-contrast-color has-base-background-color has-text-color has-background has-link-color wp-element-button\" href=\"https:\/\/prom-musical.de\/vereinsmerch\" target=\"_blank\" rel=\"noopener noreferrer nofollow\">Jetzt bestellen!<\/a><\/div>\n<\/div>\n<\/div>\n\n\n\n<div class=\"wp-block-column is-layout-flow wp-block-column-is-layout-flow\">\n<div class=\"wp-block-columns alignwide is-layout-flex wp-container-core-columns-is-layout-85695472 wp-block-columns-is-layout-flex\">\n<div class=\"wp-block-column is-layout-flow wp-container-core-column-is-layout-6b73ce23 wp-block-column-is-layout-flow\">\n<figure class=\"wp-block-image size-full is-style-default\"><img loading=\"lazy\" decoding=\"async\" width=\"1500\" height=\"1500\" src=\"https:\/\/floodlight-musicals.de\/wp-content\/uploads\/2025\/03\/ZHood-vorne.jpg\" alt=\"\" class=\"wp-image-6104\" style=\"aspect-ratio:1;object-fit:cover\" srcset=\"https:\/\/floodlight-musicals.de\/wp-content\/uploads\/2025\/03\/ZHood-vorne.jpg 1500w, https:\/\/floodlight-musicals.de\/wp-content\/uploads\/2025\/03\/ZHood-vorne-300x300.jpg 300w, https:\/\/floodlight-musicals.de\/wp-content\/uploads\/2025\/03\/ZHood-vorne-1024x1024.jpg 1024w, https:\/\/floodlight-musicals.de\/wp-content\/uploads\/2025\/03\/ZHood-vorne-150x150.jpg 150w, https:\/\/floodlight-musicals.de\/wp-content\/uploads\/2025\/03\/ZHood-vorne-768x768.jpg 768w, https:\/\/floodlight-musicals.de\/wp-content\/uploads\/2025\/03\/ZHood-vorne-32x32.jpg 32w, https:\/\/floodlight-musicals.de\/wp-content\/uploads\/2025\/03\/ZHood-vorne-600x600.jpg 600w, https:\/\/floodlight-musicals.de\/wp-content\/uploads\/2025\/03\/ZHood-vorne-100x100.jpg 100w\" sizes=\"auto, (max-width: 1500px) 100vw, 1500px\" \/><\/figure>\n\n\n\n<figure class=\"wp-block-image size-full is-style-default\"><img loading=\"lazy\" decoding=\"async\" width=\"1500\" height=\"1500\" src=\"https:\/\/floodlight-musicals.de\/wp-content\/uploads\/2025\/03\/T-vorne.jpg\" alt=\"\" class=\"wp-image-6108\" style=\"aspect-ratio:1;object-fit:cover\" srcset=\"https:\/\/floodlight-musicals.de\/wp-content\/uploads\/2025\/03\/T-vorne.jpg 1500w, https:\/\/floodlight-musicals.de\/wp-content\/uploads\/2025\/03\/T-vorne-300x300.jpg 300w, https:\/\/floodlight-musicals.de\/wp-content\/uploads\/2025\/03\/T-vorne-1024x1024.jpg 1024w, https:\/\/floodlight-musicals.de\/wp-content\/uploads\/2025\/03\/T-vorne-150x150.jpg 150w, https:\/\/floodlight-musicals.de\/wp-content\/uploads\/2025\/03\/T-vorne-768x768.jpg 768w, https:\/\/floodlight-musicals.de\/wp-content\/uploads\/2025\/03\/T-vorne-32x32.jpg 32w, https:\/\/floodlight-musicals.de\/wp-content\/uploads\/2025\/03\/T-vorne-600x600.jpg 600w, https:\/\/floodlight-musicals.de\/wp-content\/uploads\/2025\/03\/T-vorne-100x100.jpg 100w\" sizes=\"auto, (max-width: 1500px) 100vw, 1500px\" \/><\/figure>\n<\/div>\n\n\n\n<div class=\"wp-block-column is-layout-flow wp-container-core-column-is-layout-6b73ce23 wp-block-column-is-layout-flow\">\n<figure class=\"wp-block-image size-full is-style-default\"><img loading=\"lazy\" decoding=\"async\" width=\"1500\" height=\"1500\" src=\"https:\/\/floodlight-musicals.de\/wp-content\/uploads\/2025\/03\/Lang-hinten-1.jpg\" alt=\"\" class=\"wp-image-6107\" style=\"aspect-ratio:1;object-fit:cover\" srcset=\"https:\/\/floodlight-musicals.de\/wp-content\/uploads\/2025\/03\/Lang-hinten-1.jpg 1500w, https:\/\/floodlight-musicals.de\/wp-content\/uploads\/2025\/03\/Lang-hinten-1-300x300.jpg 300w, https:\/\/floodlight-musicals.de\/wp-content\/uploads\/2025\/03\/Lang-hinten-1-1024x1024.jpg 1024w, https:\/\/floodlight-musicals.de\/wp-content\/uploads\/2025\/03\/Lang-hinten-1-150x150.jpg 150w, https:\/\/floodlight-musicals.de\/wp-content\/uploads\/2025\/03\/Lang-hinten-1-768x768.jpg 768w, https:\/\/floodlight-musicals.de\/wp-content\/uploads\/2025\/03\/Lang-hinten-1-32x32.jpg 32w, https:\/\/floodlight-musicals.de\/wp-content\/uploads\/2025\/03\/Lang-hinten-1-600x600.jpg 600w, https:\/\/floodlight-musicals.de\/wp-content\/uploads\/2025\/03\/Lang-hinten-1-100x100.jpg 100w\" sizes=\"auto, (max-width: 1500px) 100vw, 1500px\" \/><\/figure>\n\n\n\n<figure class=\"wp-block-image size-full is-style-default\"><img loading=\"lazy\" decoding=\"async\" width=\"1500\" height=\"1500\" src=\"https:\/\/floodlight-musicals.de\/wp-content\/uploads\/2025\/03\/Z_Hood-hinten.jpg\" alt=\"\" class=\"wp-image-6105\" style=\"aspect-ratio:1;object-fit:cover\" srcset=\"https:\/\/floodlight-musicals.de\/wp-content\/uploads\/2025\/03\/Z_Hood-hinten.jpg 1500w, https:\/\/floodlight-musicals.de\/wp-content\/uploads\/2025\/03\/Z_Hood-hinten-300x300.jpg 300w, https:\/\/floodlight-musicals.de\/wp-content\/uploads\/2025\/03\/Z_Hood-hinten-1024x1024.jpg 1024w, https:\/\/floodlight-musicals.de\/wp-content\/uploads\/2025\/03\/Z_Hood-hinten-150x150.jpg 150w, https:\/\/floodlight-musicals.de\/wp-content\/uploads\/2025\/03\/Z_Hood-hinten-768x768.jpg 768w, https:\/\/floodlight-musicals.de\/wp-content\/uploads\/2025\/03\/Z_Hood-hinten-32x32.jpg 32w, https:\/\/floodlight-musicals.de\/wp-content\/uploads\/2025\/03\/Z_Hood-hinten-600x600.jpg 600w, https:\/\/floodlight-musicals.de\/wp-content\/uploads\/2025\/03\/Z_Hood-hinten-100x100.jpg 100w\" sizes=\"auto, (max-width: 1500px) 100vw, 1500px\" \/><\/figure>\n<\/div>\n<\/div>\n<\/div>\n<\/div>\n\n\n\n<div style=\"height:calc( 0.25 * var(--wp--style--root--padding-right, var(--wp--custom--gap--horizontal)))\" aria-hidden=\"true\" class=\"wp-block-spacer\"><\/div>\n<\/div>\n\n\n\n<div class=\"wp-block-group alignfull has-global-padding is-layout-constrained wp-block-group-is-layout-constrained\">\n<div class=\"wp-block-columns alignwide is-layout-flex wp-container-core-columns-is-layout-28f84493 wp-block-columns-is-layout-flex\">\n<div class=\"wp-block-column is-layout-flow wp-block-column-is-layout-flow\">\n<div class=\"wp-block-group has-global-padding is-layout-constrained wp-block-group-is-layout-constrained\">\n<h2 class=\"wp-block-heading\">Gr\u00f6\u00dfen<\/h2>\n\n\n\n<p>Alle Textilien und Farben sind in den folgenden Gr\u00f6\u00dfen erh\u00e4ltlich: XS, S, M, L, XL, 2XL &amp; 3XL.<\/p>\n\n\n\n<p>einzelne Farben sind auch in 4XL erh\u00e4ltlich. Ausgew\u00e4hlte Farben des normalen T-Shirts sind auch in 5XL erh\u00e4ltlich. Wende dich dann bitte an <a href=\"mailto:jesse.heinrich@floodlight-musicals.de\">Jesse<\/a> f\u00fcr die Bestellung von 4XL und 5XL.<\/p>\n<\/div>\n<\/div>\n\n\n\n<div class=\"wp-block-column is-layout-flow wp-block-column-is-layout-flow\">\n<div class=\"wp-block-group has-global-padding is-layout-constrained wp-block-group-is-layout-constrained\">\n<h2 class=\"wp-block-heading\">Preise<\/h2>\n\n\n\n<p>F\u00fcr die Materialien gelten folgende Preise, die wir inklusive der gesetzlichen Mehrwertsteuer 1:1 an euch weitergeben:<\/p>\n\n\n\n<ul class=\"wp-block-list\">\n<li><strong>T-Shirt:<\/strong> 32,01\u20ac<\/li>\n\n\n\n<li><strong>Langarm Shirt:<\/strong> 33,20\u20ac<\/li>\n\n\n\n<li><strong>Hoodie: <\/strong>54,62\u20ac<\/li>\n\n\n\n<li><strong>Zipper-Hoodie:<\/strong> 62,95\u20ac<\/li>\n\n\n\n<li><strong>Vereinssticker: <\/strong>0,10\u20ac <\/li>\n<\/ul>\n<\/div>\n<\/div>\n\n\n\n<div class=\"wp-block-column is-layout-flow wp-block-column-is-layout-flow\">\n<div class=\"wp-block-group has-global-padding is-layout-constrained wp-block-group-is-layout-constrained\">\n<h2 class=\"wp-block-heading\">Waschanleitung<\/h2>\n\n\n\n<p>Sobald Textilien bedruckt wurden, gelten die Waschanleitungen der jeweiligen Hersteller nicht mehr, sondern die hier aufgef\u00fchrten Pflegehinweise:<\/p>\n\n\n\n<ul class=\"wp-block-list\">\n<li>bei <strong>maximal 30\u00b0<\/strong> waschen<\/li>\n\n\n\n<li>vor dem waschen <strong>auf links <\/strong>drehen<\/li>\n\n\n\n<li>nicht <strong>auswringen<\/strong><\/li>\n\n\n\n<li>nicht in den <strong>Trockner <\/strong>geben<\/li>\n\n\n\n<li>nicht <strong>bleichen <\/strong>und kein <strong>Weichsp\u00fcler<\/strong><\/li>\n\n\n\n<li>nicht \u00fcber den Druck <strong>b\u00fcgeln<\/strong><\/li>\n\n\n\n<li>nicht zusammen mit <strong>Metallteilen <\/strong>wie Haken oder Nieten waschen<\/li>\n\n\n\n<li>erst 24 Stunden nach dem Veredeln waschen<\/li>\n<\/ul>\n<\/div>\n<\/div>\n<\/div>\n<\/div>\n\n\n\n<div class=\"wp-block-buttons has-custom-font-size has-large-font-size is-content-justification-center is-layout-flex wp-container-core-buttons-is-layout-a89b3969 wp-block-buttons-is-layout-flex\">\n<div class=\"wp-block-button is-style-fill\"><a class=\"wp-block-button__link has-contrast-color has-base-background-color has-text-color has-background has-link-color wp-element-button\" href=\"https:\/\/prom-musical.de\/vereinsmerch\" target=\"_blank\" rel=\"noopener noreferrer nofollow\">Jetzt bestellen!<\/a><\/div>\n<\/div>\n\n\n\n<h2 class=\"wp-block-heading has-text-align-center\">Farben<\/h2>\n\n\n\n<div class=\"wp-block-group alignwide has-global-padding is-layout-constrained wp-block-group-is-layout-constrained\">\n<p class=\"has-text-align-center\">Es kann frei aus den verf\u00fcgbaren Farben gew\u00e4hlt werden. Die Logos werden jedoch immer in wei\u00df gedruckt.<br>F\u00fcr die Textilien empfehlen wir deshalb die folgenden Farben:<\/p>\n\n\n\n<p class=\"has-text-align-center\">(Langarm) Shirt: <strong>Dark Grey<\/strong><br>(Zipper) Hoodie: <strong>Dark Cherry<\/strong><\/p>\n<\/div>\n\n\n\n<div class=\"wp-block-columns alignwide is-layout-flex wp-container-core-columns-is-layout-28f84493 wp-block-columns-is-layout-flex\">\n<div class=\"wp-block-column is-layout-flow wp-block-column-is-layout-flow\">\n<h3 class=\"wp-block-heading\">T-Shirt<\/h3>\n\n\n\n<figure class=\"wp-block-image size-full\"><img loading=\"lazy\" decoding=\"async\" width=\"1000\" height=\"1000\" src=\"https:\/\/floodlight-musicals.de\/wp-content\/uploads\/2025\/04\/T-Shirt.png\" alt=\"\" class=\"wp-image-6112\" srcset=\"https:\/\/floodlight-musicals.de\/wp-content\/uploads\/2025\/04\/T-Shirt.png 1000w, https:\/\/floodlight-musicals.de\/wp-content\/uploads\/2025\/04\/T-Shirt-300x300.png 300w, https:\/\/floodlight-musicals.de\/wp-content\/uploads\/2025\/04\/T-Shirt-150x150.png 150w, https:\/\/floodlight-musicals.de\/wp-content\/uploads\/2025\/04\/T-Shirt-768x768.png 768w, https:\/\/floodlight-musicals.de\/wp-content\/uploads\/2025\/04\/T-Shirt-32x32.png 32w, https:\/\/floodlight-musicals.de\/wp-content\/uploads\/2025\/04\/T-Shirt-600x600.png 600w, https:\/\/floodlight-musicals.de\/wp-content\/uploads\/2025\/04\/T-Shirt-100x100.png 100w\" sizes=\"auto, (max-width: 1000px) 100vw, 1000px\" \/><\/figure>\n<\/div>\n\n\n\n<div class=\"wp-block-column is-layout-flow wp-block-column-is-layout-flow\">\n<h3 class=\"wp-block-heading\">Langarm Shirt<\/h3>\n\n\n\n<figure class=\"wp-block-image size-full\"><img loading=\"lazy\" decoding=\"async\" width=\"1000\" height=\"1000\" src=\"https:\/\/floodlight-musicals.de\/wp-content\/uploads\/2025\/04\/Langarm-Shirts.png\" alt=\"\" class=\"wp-image-6113\" srcset=\"https:\/\/floodlight-musicals.de\/wp-content\/uploads\/2025\/04\/Langarm-Shirts.png 1000w, https:\/\/floodlight-musicals.de\/wp-content\/uploads\/2025\/04\/Langarm-Shirts-300x300.png 300w, https:\/\/floodlight-musicals.de\/wp-content\/uploads\/2025\/04\/Langarm-Shirts-150x150.png 150w, https:\/\/floodlight-musicals.de\/wp-content\/uploads\/2025\/04\/Langarm-Shirts-768x768.png 768w, https:\/\/floodlight-musicals.de\/wp-content\/uploads\/2025\/04\/Langarm-Shirts-32x32.png 32w, https:\/\/floodlight-musicals.de\/wp-content\/uploads\/2025\/04\/Langarm-Shirts-600x600.png 600w, https:\/\/floodlight-musicals.de\/wp-content\/uploads\/2025\/04\/Langarm-Shirts-100x100.png 100w\" sizes=\"auto, (max-width: 1000px) 100vw, 1000px\" \/><\/figure>\n<\/div>\n\n\n\n<div class=\"wp-block-column is-layout-flow wp-block-column-is-layout-flow\">\n<h3 class=\"wp-block-heading\">Hoodie<\/h3>\n\n\n\n<figure class=\"wp-block-image size-full\"><img loading=\"lazy\" decoding=\"async\" width=\"1000\" height=\"1000\" src=\"https:\/\/floodlight-musicals.de\/wp-content\/uploads\/2025\/04\/Hoodie.png\" alt=\"\" class=\"wp-image-6114\" srcset=\"https:\/\/floodlight-musicals.de\/wp-content\/uploads\/2025\/04\/Hoodie.png 1000w, https:\/\/floodlight-musicals.de\/wp-content\/uploads\/2025\/04\/Hoodie-300x300.png 300w, https:\/\/floodlight-musicals.de\/wp-content\/uploads\/2025\/04\/Hoodie-150x150.png 150w, https:\/\/floodlight-musicals.de\/wp-content\/uploads\/2025\/04\/Hoodie-768x768.png 768w, https:\/\/floodlight-musicals.de\/wp-content\/uploads\/2025\/04\/Hoodie-32x32.png 32w, https:\/\/floodlight-musicals.de\/wp-content\/uploads\/2025\/04\/Hoodie-600x600.png 600w, https:\/\/floodlight-musicals.de\/wp-content\/uploads\/2025\/04\/Hoodie-100x100.png 100w\" sizes=\"auto, (max-width: 1000px) 100vw, 1000px\" \/><\/figure>\n<\/div>\n\n\n\n<div class=\"wp-block-column is-layout-flow wp-block-column-is-layout-flow\">\n<h3 class=\"wp-block-heading\">Zipper Hoodie<\/h3>\n\n\n\n<figure class=\"wp-block-image size-full\"><img loading=\"lazy\" decoding=\"async\" width=\"1000\" height=\"1000\" src=\"https:\/\/floodlight-musicals.de\/wp-content\/uploads\/2025\/04\/Zipper-Hoodie.png\" alt=\"\" class=\"wp-image-6115\" srcset=\"https:\/\/floodlight-musicals.de\/wp-content\/uploads\/2025\/04\/Zipper-Hoodie.png 1000w, https:\/\/floodlight-musicals.de\/wp-content\/uploads\/2025\/04\/Zipper-Hoodie-300x300.png 300w, https:\/\/floodlight-musicals.de\/wp-content\/uploads\/2025\/04\/Zipper-Hoodie-150x150.png 150w, https:\/\/floodlight-musicals.de\/wp-content\/uploads\/2025\/04\/Zipper-Hoodie-768x768.png 768w, https:\/\/floodlight-musicals.de\/wp-content\/uploads\/2025\/04\/Zipper-Hoodie-32x32.png 32w, https:\/\/floodlight-musicals.de\/wp-content\/uploads\/2025\/04\/Zipper-Hoodie-600x600.png 600w, https:\/\/floodlight-musicals.de\/wp-content\/uploads\/2025\/04\/Zipper-Hoodie-100x100.png 100w\" sizes=\"auto, (max-width: 1000px) 100vw, 1000px\" \/><\/figure>\n<\/div>\n<\/div>\n\n\n\n<div class=\"wp-block-buttons has-custom-font-size has-large-font-size is-content-justification-center is-layout-flex wp-container-core-buttons-is-layout-a89b3969 wp-block-buttons-is-layout-flex\">\n<div class=\"wp-block-button is-style-fill\"><a class=\"wp-block-button__link has-contrast-color has-base-background-color has-text-color has-background has-link-color wp-element-button\" href=\"https:\/\/prom-musical.de\/vereinsmerch\" target=\"_blank\" rel=\"noopener noreferrer nofollow\">Jetzt bestellen!<\/a><\/div>\n<\/div>\n\n\n\n<div style=\"height:72px\" aria-hidden=\"true\" class=\"wp-block-spacer\"><\/div>\n\n\n\n<h2 class=\"wp-block-heading has-text-align-center\">Spezifikationen<\/h2>\n\n\n\n<div class=\"wp-block-columns alignwide is-layout-flex wp-container-core-columns-is-layout-28f84493 wp-block-columns-is-layout-flex\">\n<div class=\"wp-block-column is-layout-flow wp-block-column-is-layout-flow\">\n<h3 class=\"wp-block-heading has-text-align-center\">T-Shirt<\/h3>\n\n\n\n<ul class=\"wp-block-list\">\n<li>185 g\/m\u00b2<\/li>\n\n\n\n<li>100% Baumwolle, vorgeschrumpft und ringgesponnen (Single Jersey)<\/li>\n\n\n\n<li>Ash: 99% Baumwolle, 1% Viskose<\/li>\n\n\n\n<li>Sport Grey: 85% Baumwolle, 15% Viskose<\/li>\n\n\n\n<li>Rippstrick am Rundhalsausschnitt<\/li>\n\n\n\n<li>Nackenband<\/li>\n\n\n\n<li>Schlauchware<\/li>\n\n\n\n<li>Regular Fit<\/li>\n<\/ul>\n\n\n\n<h4 class=\"wp-block-heading\">Zertifizierungen<\/h4>\n\n\n\n<ul class=\"wp-block-list\">\n<li>OEKO TEX<\/li>\n\n\n\n<li>peta approved vegan<\/li>\n\n\n\n<li>better cotton<\/li>\n\n\n\n<li>FAIR WEAR<\/li>\n<\/ul>\n<\/div>\n\n\n\n<div class=\"wp-block-column is-layout-flow wp-block-column-is-layout-flow\">\n<h3 class=\"wp-block-heading has-text-align-center\">Langarm Shirt<\/h3>\n\n\n\n<ul class=\"wp-block-list\">\n<li>185 g\/m\u00b2<\/li>\n\n\n\n<li>100% Baumwolle, vorgeschrumpft und ringgesponnen (Single Jersey)<\/li>\n\n\n\n<li>Sport Grey: 85% Baumwolle, 15% Viskose<\/li>\n\n\n\n<li>Single Jersey mit weichem Griff<\/li>\n\n\n\n<li>Rundhalsausschnitt mit d\u00fcnnem Rippstrickkragen<\/li>\n\n\n\n<li>Nackenband<\/li>\n\n\n\n<li>Set-in \u00c4rmel<\/li>\n\n\n\n<li>Schlauchware<\/li>\n\n\n\n<li>Regular Fit<\/li>\n<\/ul>\n\n\n\n<h4 class=\"wp-block-heading\">Zertifizierungen<\/h4>\n\n\n\n<ul class=\"wp-block-list\">\n<li>OEKO TEX<\/li>\n\n\n\n<li>peta approved vegan<\/li>\n\n\n\n<li>better cotton<\/li>\n\n\n\n<li>FAIR WEAR<\/li>\n<\/ul>\n<\/div>\n\n\n\n<div class=\"wp-block-column is-layout-flow wp-block-column-is-layout-flow\">\n<h3 class=\"wp-block-heading has-text-align-center\">Hoodie<\/h3>\n\n\n\n<ul class=\"wp-block-list\">\n<li>280 g\/m\u00b2<\/li>\n\n\n\n<li>80% Baumwolle, einlaufvorbehandelt, ringgesponnen und gek\u00e4mmt; 20% Polyester<\/li>\n\n\n\n<li>Heather Grey: 75% Baumwolle, einlaufvorbehandelt, ringgesponnen und gek\u00e4mmt, 21% Polyester, 4% Viskose<\/li>\n\n\n\n<li>Heather Mid Grey: 60% Baumwolle, einlaufvorbehandelt, ringgesponnen und gek\u00e4mmt, 40% Polyester<\/li>\n\n\n\n<li>Herrlich weiches Material<\/li>\n\n\n\n<li>Erstklassige Druckoberfl\u00e4che<\/li>\n\n\n\n<li>Innen angeraut<\/li>\n\n\n\n<li>Kapuze mit Single Jersey-Futter<\/li>\n\n\n\n<li>Flache Kordel mit Metallabschluss<\/li>\n\n\n\n<li>Nackenband<\/li>\n\n\n\n<li>Sattel innen im Nacken aus Single Jersey<\/li>\n\n\n\n<li>K\u00e4ngurutasche<\/li>\n\n\n\n<li>Seitenn\u00e4hte<\/li>\n\n\n\n<li>Regular Fit<\/li>\n<\/ul>\n\n\n\n<h4 class=\"wp-block-heading\">Zertifizierungen<\/h4>\n\n\n\n<ul class=\"wp-block-list\">\n<li>OEKO TEX<\/li>\n\n\n\n<li>peta approved vegan<\/li>\n\n\n\n<li>better cotton<\/li>\n\n\n\n<li>FAIR WEAR<\/li>\n\n\n\n<li>RECYCLED BLENDED claim standard<\/li>\n<\/ul>\n<\/div>\n\n\n\n<div class=\"wp-block-column is-layout-flow wp-block-column-is-layout-flow\">\n<h3 class=\"wp-block-heading has-text-align-center\">Zipper Hoodie<\/h3>\n\n\n\n<ul class=\"wp-block-list\">\n<li>280 g\/m\u00b2<\/li>\n\n\n\n<li>80% Baumwolle (B&amp;C investiert in &#8222;Better Cotton&#8220;), 20% Polyester<\/li>\n\n\n\n<li>Heather Grey: 75% Baumwolle (B&amp;C investiert in &#8222;Better Cotton&#8220;), 21% Polyester, 4% Viskose<\/li>\n\n\n\n<li>Heather Mid Grey: 60% Baumwolle (B&amp;C investiert in &#8222;Better Cotton&#8220;), 40% Polyester<\/li>\n\n\n\n<li>Herrlich weiches Material mit einer erstklassige Druckoberfl\u00e4che<\/li>\n\n\n\n<li>Innen angeraut<\/li>\n\n\n\n<li>Kapuze mit Single Jersey-Futter<\/li>\n\n\n\n<li>Flache Kordel mit Metallabschluss<\/li>\n\n\n\n<li>Nackenband<\/li>\n\n\n\n<li>Sattel innen im Nacken aus Single Jersey<\/li>\n\n\n\n<li>Verdeckter Full Zip f\u00fcr eine optimale Druckfl\u00e4che<\/li>\n\n\n\n<li>Seitentaschen<\/li>\n\n\n\n<li>Seitenn\u00e4hte<\/li>\n\n\n\n<li>Regular Fit<\/li>\n<\/ul>\n\n\n\n<h4 class=\"wp-block-heading\">Zertifizierungen<\/h4>\n\n\n\n<ul class=\"wp-block-list\">\n<li>OEKO TEX<\/li>\n\n\n\n<li>peta approved vegan<\/li>\n\n\n\n<li>better cotton<\/li>\n\n\n\n<li>FAIR WEAR<\/li>\n\n\n\n<li>RECYCLED BLENDED claim standard<\/li>\n<\/ul>\n<\/div>\n<\/div>\n\n\n\n<p><\/p>","protected":false},"excerpt":{"rendered":"<p>Zeig&#8216; deinen Style! Deine Vereinsliebe kennt keine Grenzen? Zeige sie nach au\u00dfen mit unsere neue Vereinskollektion! Achtung: Im finalen Design werden die Scheinwerferstrahlen unseres Logos (auf dem R\u00fccken) nicht zu sehen sein! Das ist jetzt lediglich auf den Mustern der Fall. Das Logo auf dem R\u00fccken wird also so aussehen (ohne Lila Hintergrund): Gr\u00f6\u00dfen Alle [&hellip;]<\/p>","protected":false},"author":8,"featured_media":0,"parent":0,"menu_order":26,"comment_status":"closed","ping_status":"closed","template":"","meta":{"_eb_attr":"","footnotes":""},"class_list":["post-6103","page","type-page","status-publish","hentry"],"_links":{"self":[{"href":"https:\/\/floodlight-musicals.de\/en\/wp-json\/wp\/v2\/pages\/6103","targetHints":{"allow":["GET"]}}],"collection":[{"href":"https:\/\/floodlight-musicals.de\/en\/wp-json\/wp\/v2\/pages"}],"about":[{"href":"https:\/\/floodlight-musicals.de\/en\/wp-json\/wp\/v2\/types\/page"}],"author":[{"embeddable":true,"href":"https:\/\/floodlight-musicals.de\/en\/wp-json\/wp\/v2\/users\/8"}],"replies":[{"embeddable":true,"href":"https:\/\/floodlight-musicals.de\/en\/wp-json\/wp\/v2\/comments?post=6103"}],"version-history":[{"count":4,"href":"https:\/\/floodlight-musicals.de\/en\/wp-json\/wp\/v2\/pages\/6103\/revisions"}],"predecessor-version":[{"id":6137,"href":"https:\/\/floodlight-musicals.de\/en\/wp-json\/wp\/v2\/pages\/6103\/revisions\/6137"}],"wp:attachment":[{"href":"https:\/\/floodlight-musicals.de\/en\/wp-json\/wp\/v2\/media?parent=6103"}],"curies":[{"name":"wp","href":"https:\/\/api.w.org\/{rel}","templated":true}]}}