{"id":6,"date":"2024-03-06T16:54:03","date_gmt":"2024-03-06T16:54:03","guid":{"rendered":"https:\/\/floodlight-musicals.de\/?page_id=6"},"modified":"2024-07-02T13:52:39","modified_gmt":"2024-07-02T11:52:39","slug":"itw","status":"publish","type":"page","link":"https:\/\/floodlight-musicals.de\/en\/itw\/","title":{"rendered":"Into the Woods"},"content":{"rendered":"<figure class=\"wp-block-image alignfull size-full\"><img loading=\"lazy\" decoding=\"async\" width=\"1920\" height=\"839\" src=\"https:\/\/floodlight-musicals.de\/wp-content\/uploads\/2024\/04\/ITW-Website-Logo.jpg\" alt=\"\" class=\"wp-image-2950\" srcset=\"https:\/\/floodlight-musicals.de\/wp-content\/uploads\/2024\/04\/ITW-Website-Logo.jpg 1920w, https:\/\/floodlight-musicals.de\/wp-content\/uploads\/2024\/04\/ITW-Website-Logo-300x131.jpg 300w, https:\/\/floodlight-musicals.de\/wp-content\/uploads\/2024\/04\/ITW-Website-Logo-1024x447.jpg 1024w, https:\/\/floodlight-musicals.de\/wp-content\/uploads\/2024\/04\/ITW-Website-Logo-768x336.jpg 768w, https:\/\/floodlight-musicals.de\/wp-content\/uploads\/2024\/04\/ITW-Website-Logo-1536x671.jpg 1536w, https:\/\/floodlight-musicals.de\/wp-content\/uploads\/2024\/04\/ITW-Website-Logo-600x262.jpg 600w\" sizes=\"auto, (max-width: 1920px) 100vw, 1920px\" \/><\/figure>\n\n\n\n<div class=\"wp-block-columns is-layout-flex wp-container-core-columns-is-layout-28f84493 wp-block-columns-is-layout-flex\">\n<div class=\"wp-block-column is-layout-flow wp-block-column-is-layout-flow\">\n<div class=\"wp-block-buttons is-content-justification-center is-layout-flex wp-container-core-buttons-is-layout-a89b3969 wp-block-buttons-is-layout-flex\">\n<div class=\"wp-block-button has-custom-width wp-block-button__width-50\"><a class=\"wp-block-button__link has-contrast-color has-base-background-color has-text-color has-background has-link-color wp-element-button\" href=\"https:\/\/floodlight-musicals.de\/en\/itw\/cast-und-team\/\">Cast &amp; Team<\/a><\/div>\n<\/div>\n<\/div>\n\n\n\n<div class=\"wp-block-column is-layout-flow wp-block-column-is-layout-flow\">\n<div class=\"wp-block-buttons is-content-justification-center is-layout-flex wp-container-core-buttons-is-layout-a89b3969 wp-block-buttons-is-layout-flex\">\n<div class=\"wp-block-button has-custom-width wp-block-button__width-50\"><a class=\"wp-block-button__link has-contrast-color has-base-background-color has-text-color has-background has-link-color wp-element-button\" href=\"https:\/\/floodlight-musicals.de\/en\/itw\/galerie\/\">Galerie<\/a><\/div>\n<\/div>\n<\/div>\n<\/div>\n\n\n\n<div style=\"height:5px\" aria-hidden=\"true\" class=\"wp-block-spacer\"><\/div>\n\n\n\n<h2 class=\"wp-block-heading\">Presse \u00fcber &#8222;Into the Woods&#8220;<\/h2>\n\n\n\n<p class=\"is-style-default\"><a href=\"https:\/\/www.aachener-zeitung.de\/lokales\/region-aachen\/wuerselen\/grosse-menschliche-themen-versteckt-im-maerchenwald\/13976435.html\" target=\"_blank\" rel=\"noreferrer noopener\">Aachener Zeitung am 15.06.2024<\/a><\/p>\n\n\n\n<p><a href=\"https:\/\/www1.wdr.de\/lokalzeit\/fernsehen\/aachen\/into-the-woods-musicalprojekt-von-studierenden-100.html\" target=\"_blank\" rel=\"noopener noreferrer nofollow\">Lokalzeit Aachen am 26.06.2024<\/a><\/p>\n\n\n\n<div class=\"wp-block-columns alignfull is-layout-flex wp-container-core-columns-is-layout-0d2466c3 wp-block-columns-is-layout-flex\" style=\"padding-top:var(--wp--preset--spacing--20);padding-right:var(--wp--preset--spacing--20);padding-bottom:var(--wp--preset--spacing--20);padding-left:var(--wp--preset--spacing--20)\">\n<div class=\"wp-block-column is-layout-flow wp-block-column-is-layout-flow\">\n<blockquote class=\"wp-block-quote is-layout-flow wp-block-quote-is-layout-flow\">\n<p class=\"has-contrast-color has-text-color has-link-color wp-elements-ead995f4a0c592e148368bfd63b47365\" style=\"font-size:clamp(1.453rem, 1.453rem + ((1vw - 0.2rem) * 1.578), 2.4rem);\"><em>Es war einmal&#8230;<\/em><\/p>\n\n\n\n<p class=\"has-contrast-color has-text-color has-link-color wp-elements-2f1ff58f1e0e1f16b6d8440dc77dbc40\" style=\"padding-top:0;padding-bottom:0;font-size:clamp(1.453rem, 1.453rem + ((1vw - 0.2rem) * 1.578), 2.4rem);\"><em>in einem fernen Reich&#8230;<\/em><\/p>\n<\/blockquote>\n<\/div>\n\n\n\n<div class=\"wp-block-column is-layout-flow wp-block-column-is-layout-flow\">\n<h2 class=\"wp-block-heading has-text-align-center has-large-font-size\"><strong>Auff\u00fchrungstermine:<\/strong><\/h2>\n\n\n\n<figure class=\"wp-block-table aligncenter is-style-regular\"><table class=\"has-base-color has-custom-magnolia-background-color has-text-color has-background has-link-color\"><thead><tr><th>Tag<\/th><th>Datum<\/th><th>Beginn<\/th><\/tr><\/thead><tbody><tr><td>Do.<\/td><td>27. Juni 2024<\/td><td>19 Uhr<\/td><\/tr><tr><td>Fr.<\/td><td>28. Juni 2024<\/td><td>19 Uhr<\/td><\/tr><tr><td>Sa.<\/td><td>29. Juni 2024<\/td><td>19 Uhr<\/td><\/tr><tr><td>So.<\/td><td>30. Juni 2024<\/td><td>18 Uhr<\/td><\/tr><\/tbody><\/table><\/figure>\n<\/div>\n\n\n\n<div class=\"wp-block-column is-layout-flow wp-block-column-is-layout-flow\">\n<h2 class=\"wp-block-heading has-text-align-center has-large-font-size\"><strong>Auff\u00fchrungsort<mark style=\"background-color:rgba(0, 0, 0, 0)\" class=\"has-inline-color\"><font color=\"#540a47\">:<\/font><\/mark><\/strong><\/h2>\n\n\n\n<p class=\"has-text-align-center\">Stadthalle W\u00fcrselen<br>Klosterstra\u00dfe 74<br>52146 W\u00fcrselen<\/p>\n\n\n\n<p class=\"has-text-align-center\">Einlass je 1h vor Vorstellungsbeginn<\/p>\n<\/div>\n<\/div>\n\n\n\n<hr class=\"wp-block-separator has-alpha-channel-opacity\"\/>\n\n\n\n<figure class=\"wp-block-image aligncenter size-full\"><img loading=\"lazy\" decoding=\"async\" width=\"774\" height=\"322\" src=\"https:\/\/floodlight-musicals.de\/wp-content\/uploads\/2024\/04\/ITW_Logo__Schwarz_-removebg-preview.png\" alt=\"\" class=\"wp-image-3098\" srcset=\"https:\/\/floodlight-musicals.de\/wp-content\/uploads\/2024\/04\/ITW_Logo__Schwarz_-removebg-preview.png 774w, https:\/\/floodlight-musicals.de\/wp-content\/uploads\/2024\/04\/ITW_Logo__Schwarz_-removebg-preview-300x125.png 300w, https:\/\/floodlight-musicals.de\/wp-content\/uploads\/2024\/04\/ITW_Logo__Schwarz_-removebg-preview-768x320.png 768w, https:\/\/floodlight-musicals.de\/wp-content\/uploads\/2024\/04\/ITW_Logo__Schwarz_-removebg-preview-600x250.png 600w\" sizes=\"auto, (max-width: 774px) 100vw, 774px\" \/><\/figure>\n\n\n\n<div style=\"height:60px\" aria-hidden=\"true\" class=\"wp-block-spacer\"><\/div>\n\n\n\n<figure class=\"wp-block-embed is-type-video is-provider-youtube wp-block-embed-youtube wp-embed-aspect-16-9 wp-has-aspect-ratio\"><div class=\"wp-block-embed__wrapper\">\n<iframe loading=\"lazy\" title=\"&quot;INTO THE WOODS&quot; - Trailer Floodlight Musicals\" width=\"500\" height=\"281\" src=\"https:\/\/www.youtube.com\/embed\/6N3oYdSBc8M?feature=oembed\" frameborder=\"0\" allow=\"accelerometer; autoplay; clipboard-write; encrypted-media; gyroscope; picture-in-picture; web-share\" referrerpolicy=\"strict-origin-when-cross-origin\" allowfullscreen><\/iframe>\n<\/div><figcaption class=\"wp-element-caption\">Into the Woods &#8211; Trailer <\/figcaption><\/figure>\n\n\n\n<div class=\"wp-block-columns alignwide is-layout-flex wp-container-core-columns-is-layout-28f84493 wp-block-columns-is-layout-flex\">\n<div class=\"wp-block-column is-vertically-aligned-center is-layout-flow wp-block-column-is-layout-flow\">\n<div style=\"height:21px\" aria-hidden=\"true\" class=\"wp-block-spacer\"><\/div>\n\n\n\n<p class=\"has-text-align-left\">&#8222;Into the Woods&#8220; ist ein St\u00fcck, das von zutiefst menschlichen Sehns\u00fcchten erz\u00e4hlt. So beobachtet das Publikum im Verlauf des St\u00fcckes, wie sich das B\u00e4ckerspaar auf den Weg in den Wald begibt, um den Fluch der Hexe zu l\u00f6sen und somit ihren lang ersehnten Wunsch zu erf\u00fcllen. Dabei begegnen sie nicht nur Aschenputtel, deren sehnlichster Wunsch es ist, den k\u00f6niglichen Ball zu besuchen, sondern auch Rotk\u00e4ppchen, die auf dem Weg zu ihrer Gro\u00dfmutter ist, Rapunzel, die von einem Leben au\u00dferhalb ihres Turmes tr\u00e4umt. Und nicht zuletzt Hans, der nicht nur mit seinen Gedanken in den Wolken h\u00e4ngt, sondern schon bald selbst in die Wolken aufsteigt. Das alles Dank der Bohnen, welche das B\u00e4ckerspaar ihm im Tausch gegen seine geliebte Kuh Milchwei\u00df anbieten.<\/p>\n\n\n\n<p class=\"has-text-align-left\"><br>     Dass diese Bohnen einmal der Ausl\u00f6ser einer noch viel gr\u00f6\u00dferen Krise sein w\u00fcrden, ahnen die Protagonist:innen noch nicht, als sich ihre W\u00fcnsche zu erf\u00fcllen scheinen und ein Happy End in Sicht ist.<\/p>\n\n\n\n<p class=\"has-text-align-left\"><br>     Als dann eines Tages jedoch eine Riesin Chaos in ihr friedliches Leben bringt und droht, ihre Heimat zu zerst\u00f6ren, sind sie dazu gezwungen, die Konsequenzen ihrer Entscheidungen und Handlungen zu tragen, diese zu hinterfragen und gemeinsam eine L\u00f6sung zu finden. Und so werden die Zuschauenden im Verlauf des St\u00fcckes selbst mit auf die Reise in den Wald genommen, um zu beobachten, ob die Protagonist:innen dabei schlussendlich Erfolg haben.<\/p>\n<\/div>\n<\/div>\n\n\n\n<div class=\"wp-block-group alignfull has-global-padding is-layout-constrained wp-container-core-group-is-layout-b25ccd55 wp-block-group-is-layout-constrained\" style=\"margin-top:0;margin-bottom:0;padding-top:var(--wp--preset--spacing--50);padding-right:var(--wp--preset--spacing--50);padding-bottom:var(--wp--preset--spacing--50);padding-left:var(--wp--preset--spacing--50)\">\n<div class=\"wp-block-columns alignwide is-layout-flex wp-container-core-columns-is-layout-ff4b9c61 wp-block-columns-is-layout-flex\" style=\"margin-top:0;margin-bottom:0\">\n<div class=\"wp-block-column is-layout-flow wp-container-core-column-is-layout-8a368f38 wp-block-column-is-layout-flow\">\n<figure class=\"wp-block-image size-full is-style-rounded is-style-rounded--1\"><img loading=\"lazy\" decoding=\"async\" width=\"668\" height=\"490\" src=\"https:\/\/floodlight-musicals.de\/wp-content\/uploads\/2024\/04\/Screenshot-2024-04-06-at-18.07.15.jpg\" alt=\"\" class=\"wp-image-3015\" style=\"aspect-ratio:4\/3;object-fit:cover\" srcset=\"https:\/\/floodlight-musicals.de\/wp-content\/uploads\/2024\/04\/Screenshot-2024-04-06-at-18.07.15.jpg 668w, https:\/\/floodlight-musicals.de\/wp-content\/uploads\/2024\/04\/Screenshot-2024-04-06-at-18.07.15-300x220.jpg 300w, https:\/\/floodlight-musicals.de\/wp-content\/uploads\/2024\/04\/Screenshot-2024-04-06-at-18.07.15-600x440.jpg 600w\" sizes=\"auto, (max-width: 668px) 100vw, 668px\" \/><\/figure>\n\n\n\n<div style=\"height:var(--wp--preset--spacing--50)\" aria-hidden=\"true\" class=\"wp-block-spacer\"><\/div>\n\n\n\n<figure class=\"wp-block-image size-full is-style-rounded is-style-rounded--2\"><img loading=\"lazy\" decoding=\"async\" width=\"564\" height=\"874\" src=\"https:\/\/floodlight-musicals.de\/wp-content\/uploads\/2024\/04\/Screenshot-2024-04-06-at-18.10.26.jpg\" alt=\"\" class=\"wp-image-3019\" style=\"aspect-ratio:3\/4;object-fit:cover\" srcset=\"https:\/\/floodlight-musicals.de\/wp-content\/uploads\/2024\/04\/Screenshot-2024-04-06-at-18.10.26.jpg 564w, https:\/\/floodlight-musicals.de\/wp-content\/uploads\/2024\/04\/Screenshot-2024-04-06-at-18.10.26-194x300.jpg 194w\" sizes=\"auto, (max-width: 564px) 100vw, 564px\" \/><\/figure>\n<\/div>\n\n\n\n<div class=\"wp-block-column is-layout-flow wp-container-core-column-is-layout-8a368f38 wp-block-column-is-layout-flow\">\n<div style=\"height:var(--wp--preset--spacing--50)\" aria-hidden=\"true\" class=\"wp-block-spacer\"><\/div>\n\n\n\n<figure class=\"wp-block-image size-full is-style-rounded is-style-rounded--3\"><img loading=\"lazy\" decoding=\"async\" width=\"824\" height=\"908\" src=\"https:\/\/floodlight-musicals.de\/wp-content\/uploads\/2024\/04\/Screenshot-2024-04-06-at-18.07.10.jpg\" alt=\"\" class=\"wp-image-3016\" style=\"aspect-ratio:3\/4;object-fit:cover\" srcset=\"https:\/\/floodlight-musicals.de\/wp-content\/uploads\/2024\/04\/Screenshot-2024-04-06-at-18.07.10.jpg 824w, https:\/\/floodlight-musicals.de\/wp-content\/uploads\/2024\/04\/Screenshot-2024-04-06-at-18.07.10-272x300.jpg 272w, https:\/\/floodlight-musicals.de\/wp-content\/uploads\/2024\/04\/Screenshot-2024-04-06-at-18.07.10-768x846.jpg 768w, https:\/\/floodlight-musicals.de\/wp-content\/uploads\/2024\/04\/Screenshot-2024-04-06-at-18.07.10-600x661.jpg 600w\" sizes=\"auto, (max-width: 824px) 100vw, 824px\" \/><\/figure>\n\n\n\n<div style=\"height:var(--wp--preset--spacing--50)\" aria-hidden=\"true\" class=\"wp-block-spacer\"><\/div>\n\n\n\n<figure class=\"wp-block-image size-large is-style-rounded is-style-rounded--4\"><img loading=\"lazy\" decoding=\"async\" width=\"1024\" height=\"700\" src=\"https:\/\/floodlight-musicals.de\/wp-content\/uploads\/2024\/04\/Screenshot-2024-04-06-at-18.06.56-1-1024x700.jpg\" alt=\"\" class=\"wp-image-3021\" style=\"aspect-ratio:16\/9;object-fit:cover\" srcset=\"https:\/\/floodlight-musicals.de\/wp-content\/uploads\/2024\/04\/Screenshot-2024-04-06-at-18.06.56-1-1024x700.jpg 1024w, https:\/\/floodlight-musicals.de\/wp-content\/uploads\/2024\/04\/Screenshot-2024-04-06-at-18.06.56-1-300x205.jpg 300w, https:\/\/floodlight-musicals.de\/wp-content\/uploads\/2024\/04\/Screenshot-2024-04-06-at-18.06.56-1-768x525.jpg 768w, https:\/\/floodlight-musicals.de\/wp-content\/uploads\/2024\/04\/Screenshot-2024-04-06-at-18.06.56-1-600x410.jpg 600w, https:\/\/floodlight-musicals.de\/wp-content\/uploads\/2024\/04\/Screenshot-2024-04-06-at-18.06.56-1.jpg 1188w\" sizes=\"auto, (max-width: 1024px) 100vw, 1024px\" \/><\/figure>\n<\/div>\n<\/div>\n<\/div>\n\n\n\n<div class=\"wp-block-columns alignwide is-layout-flex wp-container-core-columns-is-layout-28f84493 wp-block-columns-is-layout-flex\">\n<div class=\"wp-block-column is-layout-flow wp-block-column-is-layout-flow\">\n<p><strong>Stephen Sondheim<\/strong>, dem Erschaffer des St\u00fcckes &#8222;Into the Woods&#8220;, gelingt es durch das vereinte Zusammenspiel von Komposition und Erz\u00e4hlweise beliebte M\u00e4rchenfiguren und deren Geschichten gekonnt ineinander zu verstricken und in neuem Lichte darzustellen.<\/p>\n\n\n\n<p>Dadurch entsteht ein St\u00fcck, das mit seinen sowohl humorvollen als auch ernsthaften Ankl\u00e4ngen immer wieder den richtigen Ton trifft und ebenso zum Lachen wie zum Nachdenken anregt &#8211; nicht zuletzt auch, weil man sich w\u00e4hrend des Zuschauens immer wieder dabei ertappen kann wie man sich mit den einzelnen Personen, ihren Sehns\u00fcchten und Charakterz\u00fcgen, identifiziert.<\/p>\n<\/div>\n<\/div>\n\n\n\n<hr class=\"wp-block-separator has-text-color has-base-color has-alpha-channel-opacity has-base-background-color has-background\" style=\"margin-top:var(--wp--preset--spacing--30);margin-bottom:var(--wp--preset--spacing--30)\"\/>\n\n\n\n<p class=\"has-text-align-center\">Musik und Liedtexte von STEPHEN SONDHEIM<br>Buch von JAMES LAPINE<br>Original-Broadwayproduktion inszeniert von JAMES LAPINE<br>Orchestrierung von JONATHAN TUNICK<br>Deutsche Fassung von MICHAEL KUNZE<\/p>\n\n\n\n<hr class=\"wp-block-separator has-text-color has-base-color has-alpha-channel-opacity has-base-background-color has-background is-style-wide\" style=\"margin-top:var(--wp--preset--spacing--30);margin-bottom:var(--wp--preset--spacing--30)\"\/>\n\n\n\n<div class=\"wp-block-columns alignwide is-layout-flex wp-container-core-columns-is-layout-28f84493 wp-block-columns-is-layout-flex\">\n<div class=\"wp-block-column is-layout-flow wp-block-column-is-layout-flow\">\n<p>&#8222;Into the Woods&#8220; wird m\u00f6glich durch:<\/p>\n\n\n\n<div class=\"wp-block-columns is-layout-flex wp-container-core-columns-is-layout-28f84493 wp-block-columns-is-layout-flex\">\n<div class=\"wp-block-column is-layout-flow wp-block-column-is-layout-flow\">\n<figure class=\"wp-block-image size-full\"><img loading=\"lazy\" decoding=\"async\" width=\"843\" height=\"429\" src=\"https:\/\/floodlight-musicals.de\/wp-content\/uploads\/2024\/05\/StaedteReg_AC_4C.jpg\" alt=\"\" class=\"wp-image-3776\" srcset=\"https:\/\/floodlight-musicals.de\/wp-content\/uploads\/2024\/05\/StaedteReg_AC_4C.jpg 843w, https:\/\/floodlight-musicals.de\/wp-content\/uploads\/2024\/05\/StaedteReg_AC_4C-300x153.jpg 300w, https:\/\/floodlight-musicals.de\/wp-content\/uploads\/2024\/05\/StaedteReg_AC_4C-768x391.jpg 768w, https:\/\/floodlight-musicals.de\/wp-content\/uploads\/2024\/05\/StaedteReg_AC_4C-600x305.jpg 600w\" sizes=\"auto, (max-width: 843px) 100vw, 843px\" \/><\/figure>\n<\/div>\n\n\n\n<div class=\"wp-block-column is-layout-flow wp-block-column-is-layout-flow\">\n<figure class=\"wp-block-image size-large\"><img loading=\"lazy\" decoding=\"async\" width=\"1024\" height=\"203\" src=\"https:\/\/floodlight-musicals.de\/wp-content\/uploads\/2024\/05\/SpardaBankLogo-1024x203.jpg\" alt=\"\" class=\"wp-image-3778\" srcset=\"https:\/\/floodlight-musicals.de\/wp-content\/uploads\/2024\/05\/SpardaBankLogo-1024x203.jpg 1024w, https:\/\/floodlight-musicals.de\/wp-content\/uploads\/2024\/05\/SpardaBankLogo-300x60.jpg 300w, https:\/\/floodlight-musicals.de\/wp-content\/uploads\/2024\/05\/SpardaBankLogo-768x152.jpg 768w, https:\/\/floodlight-musicals.de\/wp-content\/uploads\/2024\/05\/SpardaBankLogo-1536x305.jpg 1536w, https:\/\/floodlight-musicals.de\/wp-content\/uploads\/2024\/05\/SpardaBankLogo-600x119.jpg 600w, https:\/\/floodlight-musicals.de\/wp-content\/uploads\/2024\/05\/SpardaBankLogo.jpg 1920w\" sizes=\"auto, (max-width: 1024px) 100vw, 1024px\" \/><\/figure>\n<\/div>\n\n\n\n<div class=\"wp-block-column is-layout-flow wp-block-column-is-layout-flow\">\n<figure class=\"wp-block-image size-full is-style-default\"><img loading=\"lazy\" decoding=\"async\" width=\"300\" height=\"125\" src=\"https:\/\/floodlight-musicals.de\/wp-content\/uploads\/2024\/05\/SchuleLogo.jpg\" alt=\"\" class=\"wp-image-3781\"\/><\/figure>\n<\/div>\n<\/div>\n<\/div>\n<\/div>","protected":false},"excerpt":{"rendered":"<p>Presse \u00fcber &#8222;Into the Woods&#8220; Aachener Zeitung am 15.06.2024 Lokalzeit Aachen am 26.06.2024 Es war einmal&#8230; in einem fernen Reich&#8230; Auff\u00fchrungstermine: Tag Datum Beginn Do. 27. Juni 2024 19 Uhr Fr. 28. Juni 2024 19 Uhr Sa. 29. Juni 2024 19 Uhr So. 30. Juni 2024 18 Uhr Auff\u00fchrungsort: Stadthalle W\u00fcrselenKlosterstra\u00dfe 7452146 W\u00fcrselen Einlass je [&hellip;]<\/p>","protected":false},"author":3,"featured_media":0,"parent":0,"menu_order":1,"comment_status":"closed","ping_status":"closed","template":"","meta":{"_eb_attr":"","footnotes":""},"class_list":["post-6","page","type-page","status-publish","hentry"],"_links":{"self":[{"href":"https:\/\/floodlight-musicals.de\/en\/wp-json\/wp\/v2\/pages\/6","targetHints":{"allow":["GET"]}}],"collection":[{"href":"https:\/\/floodlight-musicals.de\/en\/wp-json\/wp\/v2\/pages"}],"about":[{"href":"https:\/\/floodlight-musicals.de\/en\/wp-json\/wp\/v2\/types\/page"}],"author":[{"embeddable":true,"href":"https:\/\/floodlight-musicals.de\/en\/wp-json\/wp\/v2\/users\/3"}],"replies":[{"embeddable":true,"href":"https:\/\/floodlight-musicals.de\/en\/wp-json\/wp\/v2\/comments?post=6"}],"version-history":[{"count":5,"href":"https:\/\/floodlight-musicals.de\/en\/wp-json\/wp\/v2\/pages\/6\/revisions"}],"predecessor-version":[{"id":5736,"href":"https:\/\/floodlight-musicals.de\/en\/wp-json\/wp\/v2\/pages\/6\/revisions\/5736"}],"wp:attachment":[{"href":"https:\/\/floodlight-musicals.de\/en\/wp-json\/wp\/v2\/media?parent=6"}],"curies":[{"name":"wp","href":"https:\/\/api.w.org\/{rel}","templated":true}]}}