{"id":5979,"date":"2025-02-27T12:08:52","date_gmt":"2025-02-27T11:08:52","guid":{"rendered":"https:\/\/floodlight-musicals.de\/?page_id=5979"},"modified":"2025-07-17T16:36:03","modified_gmt":"2025-07-17T14:36:03","slug":"tickets","status":"publish","type":"page","link":"https:\/\/floodlight-musicals.de\/en\/the-prom\/tickets\/","title":{"rendered":"THE PROM &#8211; Tickets"},"content":{"rendered":"<div class=\"wp-block-essential-blocks-notice alignwide  root-eb-notice-yc29j\"><div class=\"eb-parent-wrapper eb-parent-eb-notice-yc29j\"><div class=\"eb-notice-wrapper eb-notice-yc29j\" data-id=\"eb-notice-yc29j\" data-show-again=\"true\"><div class=\"eb-notice-title-wrapper\"><div class=\"eb-notice-title\">Tickets an der Abendkasse<\/div><\/div><span class=\"eb-notice-dismiss\" style=\"cursor:pointer\"><\/span><div><div class=\"eb-notice-text\">Der Online-Verkauf wird am Veranstaltungstag jeweils um 0 Uhr beendet.<br>Tickets sind an der Abendkasse erh\u00e4ltlich. Bitte den Betrag in Bar und m\u00f6glichst passend mitbringen.<\/div><\/div><\/div><\/div><\/div>\n\n\n\n<hr class=\"wp-block-separator has-text-color has-custom-magnolia-color has-alpha-channel-opacity has-custom-magnolia-background-color has-background is-style-dots\"\/>\n\n\n\n<div class=\"wp-block-group alignfull has-base-2-color has-contrast-background-color has-text-color has-background has-link-color wp-elements-f333698811d5257ca76247cad4449753 has-global-padding is-layout-constrained wp-container-core-group-is-layout-b2790427 wp-block-group-is-layout-constrained\" style=\"margin-top:0;margin-bottom:0;padding-top:var(--wp--preset--spacing--40);padding-right:var(--wp--preset--spacing--50);padding-bottom:var(--wp--preset--spacing--40);padding-left:var(--wp--preset--spacing--50)\">\n<div class=\"wp-block-columns alignwide is-layout-flex wp-container-core-columns-is-layout-d1c656ed wp-block-columns-is-layout-flex\">\n<div class=\"wp-block-column is-vertically-aligned-stretch is-layout-flow wp-block-column-is-layout-flow\" style=\"padding-right:0;flex-basis:60%\">\n<div class=\"wp-block-cover alignfull has-parallax has-small-font-size\" style=\"padding-top:var(--wp--preset--spacing--50);padding-right:var(--wp--preset--spacing--50);padding-bottom:var(--wp--preset--spacing--50);padding-left:var(--wp--preset--spacing--50);min-height:100vh;aspect-ratio:unset;\"><span aria-hidden=\"true\" class=\"wp-block-cover__background has-base-background-color has-background-dim-0 has-background-dim\"><\/span><div class=\"wp-block-cover__image-background wp-image-6140 has-parallax\" style=\"background-position:50% 50%;background-image:url(https:\/\/floodlight-musicals.de\/wp-content\/uploads\/2025\/04\/Lichter-Website-Hintergrund-THE-PROM-HIGH.jpg)\"><\/div><div class=\"wp-block-cover__inner-container has-global-padding is-layout-constrained wp-container-core-cover-is-layout-e4fd886c wp-block-cover-is-layout-constrained\">\n<div style=\"height:500px\" aria-hidden=\"true\" class=\"wp-block-spacer\"><\/div>\n<\/div><\/div>\n\n\n\n<div class=\"wp-block-group is-vertical is-content-justification-stretch is-layout-flex wp-container-core-group-is-layout-ae24f51d wp-block-group-is-layout-flex\" style=\"min-height:100%\">\n<div style=\"height:62px\" aria-hidden=\"true\" class=\"wp-block-spacer wp-container-content-1f803e42\"><\/div>\n\n\n\n<div class=\"wp-block-group has-large-font-size wp-container-content-9cfa9a5a has-global-padding is-content-justification-left is-layout-constrained wp-container-core-group-is-layout-417067bb wp-block-group-is-layout-constrained\" style=\"padding-top:0;padding-right:0;padding-bottom:0;padding-left:0\">\n<div class=\"wp-block-columns are-vertically-aligned-top has-medium-font-size is-layout-flex wp-container-core-columns-is-layout-28f84493 wp-block-columns-is-layout-flex\" style=\"border-radius:0px\">\n<div class=\"wp-block-column is-vertically-aligned-top is-layout-flow wp-block-column-is-layout-flow\" style=\"flex-basis:100%\">\n<div class=\"wp-block-buttons has-custom-font-size has-x-large-font-size wp-container-content-9cfa9a5a is-content-justification-center is-layout-flex wp-container-core-buttons-is-layout-16753846 wp-block-buttons-is-layout-flex\" style=\"margin-top:0;margin-bottom:0\">\n<div class=\"wp-block-button has-custom-width wp-block-button__width-75 has-custom-font-size has-x-large-font-size\"><a class=\"wp-block-button__link has-contrast-color has-base-2-background-color has-text-color has-background has-link-color wp-element-button\" href=\"https:\/\/floodlight-musicals.de\/en\/product\/the-prom-do-17-07-2025\/\" style=\"border-radius:10px\">Do. 17.07.<br>19 Uhr<\/a><\/div>\n\n\n\n<div class=\"wp-block-button has-custom-width wp-block-button__width-75 has-custom-font-size has-x-large-font-size\"><a class=\"wp-block-button__link has-contrast-color has-base-2-background-color has-text-color has-background has-link-color wp-element-button\" href=\"https:\/\/floodlight-musicals.de\/en\/product\/the-prom-fr-18-07-2025\/\" style=\"border-radius:10px\">Fr. 18.07. <br>19 Uhr<\/a><\/div>\n\n\n\n<div class=\"wp-block-button has-custom-width wp-block-button__width-75\"><a class=\"wp-block-button__link has-contrast-color has-base-2-background-color has-text-color has-background has-link-color wp-element-button\" href=\"https:\/\/floodlight-musicals.de\/en\/product\/the-prom-sa-19-07-2025\/\" style=\"border-radius:10px\">Sa. 19.07. <br>19 Uhr<\/a><\/div>\n\n\n\n<div class=\"wp-block-button has-custom-width wp-block-button__width-75\"><a class=\"wp-block-button__link has-contrast-color has-base-2-background-color has-text-color has-background has-link-color wp-element-button\" href=\"https:\/\/floodlight-musicals.de\/en\/product\/the-prom-so-20-07-2025\/\" style=\"border-radius:10px\">So. 20.07. <br>18 Uhr<\/a><\/div>\n<\/div>\n<\/div>\n<\/div>\n<\/div>\n<\/div>\n<\/div>\n\n\n\n<div class=\"wp-block-column is-layout-flow wp-block-column-is-layout-flow\" style=\"flex-basis:40%\">\n<div class=\"wp-block-group has-global-padding is-layout-constrained wp-block-group-is-layout-constrained\">\n<p class=\"has-xx-large-font-size\"><strong>Tickets<\/strong><\/p>\n\n\n\n<p class=\"has-large-font-size\" style=\"font-style:normal;font-weight:500;line-height:1.2\">Mit den Buttons auf dieser Seite gelangen Sie zu unserem Online-Ticketshop. Wenn Sie Ihre Tickets kaufen, haben Sie vielleicht einige Fragen. Schauen Sie sich die FAQs unten an, um zu sehen, ob wir vielleicht bereits eine Antwort f\u00fcr Sie haben. <\/p>\n<\/div>\n\n\n\n<div class=\"wp-block-cover alignfull has-parallax\" style=\"padding-top:var(--wp--preset--spacing--50);padding-right:var(--wp--preset--spacing--50);padding-bottom:var(--wp--preset--spacing--50);padding-left:var(--wp--preset--spacing--50);min-height:1029px;aspect-ratio:unset;\"><span aria-hidden=\"true\" class=\"wp-block-cover__background has-base-background-color has-background-dim-0 has-background-dim\"><\/span><div class=\"wp-block-cover__image-background wp-image-6140 has-parallax\" style=\"background-position:50% 50%;background-image:url(https:\/\/floodlight-musicals.de\/wp-content\/uploads\/2025\/04\/Lichter-Website-Hintergrund-THE-PROM-HIGH.jpg)\"><\/div><div class=\"wp-block-cover__inner-container has-global-padding is-layout-constrained wp-container-core-cover-is-layout-e4fd886c wp-block-cover-is-layout-constrained\">\n<div style=\"height:500px\" aria-hidden=\"true\" class=\"wp-block-spacer\"><\/div>\n<\/div><\/div>\n<\/div>\n<\/div>\n<\/div>\n\n\n\n<hr class=\"wp-block-separator has-text-color has-base-color has-alpha-channel-opacity has-base-background-color has-background is-style-wide\"\/>\n\n\n\n<div class=\"wp-block-group alignfull has-base-color has-contrast-background-color has-text-color has-background has-link-color wp-elements-daf7d73d74abf5883ca71025355bf381 has-global-padding is-layout-constrained wp-container-core-group-is-layout-3aaaaffa wp-block-group-is-layout-constrained\" style=\"border-style:none;border-width:0px;border-radius:0px;margin-top:0;margin-bottom:0;padding-top:var(--wp--preset--spacing--50);padding-right:var(--wp--preset--spacing--50);padding-bottom:var(--wp--preset--spacing--50);padding-left:var(--wp--preset--spacing--50)\">\n<h2 class=\"wp-block-heading alignwide has-base-color has-text-color has-link-color wp-elements-a557b31f650b7eaa210ea3e0e931916b\" id=\"faqs\" style=\"font-size:clamp(4.509rem, 4.509rem + ((1vw - 0.2rem) * 9.152), 10rem);letter-spacing:-0.02em\">FAQs<\/h2>\n\n\n\n<div class=\"wp-block-group alignwide is-layout-flow wp-block-group-is-layout-flow\">\n<hr class=\"wp-block-separator has-text-color has-base-color has-alpha-channel-opacity has-base-background-color has-background is-style-wide\"\/>\n\n\n\n<details class=\"wp-block-details is-style-arrow-icon-details has-medium-font-size is-layout-flow wp-block-details-is-layout-flow\" style=\"border-top-style:none;border-top-width:0px;border-right-style:none;border-right-width:0px;border-bottom-color:var(--wp--preset--color--base);border-bottom-style:solid;border-bottom-width:1px;border-left-style:none;border-left-width:0px;margin-top:0\"><summary>Wie kann ich ein bedrucktes Ticket kaufen?<\/summary>\n<p class=\"has-medium-font-size\">Bedruckte Tickets k\u00f6nnen als Offline-Tickets bei <a href=\"https:\/\/www.google.com\/maps\/place\/\/data=!4m2!3m1!1s0x47c09995f4e29aa3:0x3bf5c40301956584?sa=X&amp;ved=1t:8290&amp;ictx=111\" target=\"_blank\" rel=\"noopener noreferrer nofollow\">Artemis Books<\/a> oder \u00fcber ein Mitglied von Floodlight-Musicals e.V. erworben werden.<\/p>\n<\/details>\n\n\n\n<details class=\"wp-block-details is-style-arrow-icon-details has-medium-font-size is-layout-flow wp-block-details-is-layout-flow\" style=\"border-top-style:none;border-top-width:0px;border-right-style:none;border-right-width:0px;border-bottom-color:var(--wp--preset--color--base);border-bottom-style:solid;border-bottom-width:1px;border-left-style:none;border-left-width:0px;margin-top:0\"><summary>Welche Kategorien gibt es und wie sieht der Saalplan aus?<\/summary>\n<p>Es stehen drei Sitzplatzkategorien zur Verf\u00fcgung, aus denen Sie Tickets erwerben k\u00f6nnen. Der Saalplan ist entsprechend nach Kategorien unterteilt, wie in folgendem Diagram zu sehen ist.<\/p>\n\n\n\n<figure class=\"wp-block-image size-full is-resized is-style-default\"><img loading=\"lazy\" decoding=\"async\" width=\"1334\" height=\"1920\" src=\"https:\/\/floodlight-musicals.de\/wp-content\/uploads\/2025\/04\/IMG_1844.jpg\" alt=\"\" class=\"wp-image-6133\" style=\"width:350px\" srcset=\"https:\/\/floodlight-musicals.de\/wp-content\/uploads\/2025\/04\/IMG_1844.jpg 1334w, https:\/\/floodlight-musicals.de\/wp-content\/uploads\/2025\/04\/IMG_1844-208x300.jpg 208w, https:\/\/floodlight-musicals.de\/wp-content\/uploads\/2025\/04\/IMG_1844-711x1024.jpg 711w, https:\/\/floodlight-musicals.de\/wp-content\/uploads\/2025\/04\/IMG_1844-768x1105.jpg 768w, https:\/\/floodlight-musicals.de\/wp-content\/uploads\/2025\/04\/IMG_1844-1067x1536.jpg 1067w, https:\/\/floodlight-musicals.de\/wp-content\/uploads\/2025\/04\/IMG_1844-600x864.jpg 600w\" sizes=\"auto, (max-width: 1334px) 100vw, 1334px\" \/><\/figure>\n<\/details>\n\n\n\n<details class=\"wp-block-details is-style-arrow-icon-details has-medium-font-size is-layout-flow wp-block-details-is-layout-flow\" style=\"border-top-style:none;border-top-width:0px;border-right-style:none;border-right-width:0px;border-bottom-color:var(--wp--preset--color--base);border-bottom-style:solid;border-bottom-width:1px;border-left-style:none;border-left-width:0px;margin-top:0\"><summary>Welche Besetzung tritt an jedem Abend auf? Und wer ist in jeder Besetzung?<\/summary>\n<p class=\"has-contrast-1-color has-text-color has-link-color wp-elements-9f647e9026f7f3e837e03397fef14216\">Unsere Auff\u00fchrungen von THE PROM werden in zwei alternierenden Besetzungen gespielt, getauft auf die Namen \u201eGlitzer\u201c und \u201eGlamour\u201c &#8211; passend zum schillernden, farbenfrohen und mitrei\u00dfendem Charakter des Musicals! Genau wie die Show selbst stehen die Namen f\u00fcr Glanz, Freude und eine ordentliche Portion Extravaganz. Denn THE PROM ist nicht nur eine Geschichte \u00fcber Akzeptanz und Selbstverwirklichung, sondern auch eine Feier des Lebens \u2013 mit viel Herz, Humor und nat\u00fcrlich jeder Menge <em>Glitzer &amp; Glamour<\/em>! Lassen Sie sich daher von beiden Casts mit ihren individuellen Ausf\u00fchrungen und Charme verzaubern.<br>Die Glitzer-Besetzung wird die Premiere am Donnerstag sowie die Vorstellung am Samstag auff\u00fchren. Die Glamour-Besetzung wird am Freitag auftreten und die letzte Auff\u00fchrung am Sonntagabend gestalten. Unten finden Sie die vollst\u00e4ndigen Besetzungslisten.<\/p>\n\n\n\n<div class=\"wp-block-group has-global-padding is-layout-constrained wp-block-group-is-layout-constrained\">\n<div class=\"wp-block-group has-global-padding is-layout-constrained wp-block-group-is-layout-constrained\">\n<figure class=\"wp-block-table is-style-regular\"><table><thead><tr><th>Rolle<\/th><th class=\"has-text-align-left\" data-align=\"left\">Glitzer Cast<\/th><th>Glamour Cast<\/th><\/tr><\/thead><tbody><tr><td>Dee Dee<\/td><td class=\"has-text-align-left\" data-align=\"left\">Katharina Hoppe<\/td><td>Katharina Hoppe<\/td><\/tr><tr><td>Emma<\/td><td class=\"has-text-align-left\" data-align=\"left\">Emma Lemmen<\/td><td>Pauline D\u00f6tsch<\/td><\/tr><tr><td>Alyssa<\/td><td class=\"has-text-align-left\" data-align=\"left\">Luisa Wirtz<\/td><td>Antonia P\u00fctz<\/td><\/tr><tr><td>Angie<\/td><td class=\"has-text-align-left\" data-align=\"left\">Theresa Pollhans<\/td><td>Mira Heider<\/td><\/tr><tr><td>Barry<\/td><td class=\"has-text-align-left\" data-align=\"left\">Levin Engbrocks<\/td><td>Max Schildt<\/td><\/tr><tr><td>Trent<\/td><td class=\"has-text-align-left\" data-align=\"left\">Paul Flacke<\/td><td>Sebastian Hambsch<\/td><\/tr><tr><td>Mr. Hawkins<\/td><td class=\"has-text-align-left\" data-align=\"left\">Phililpp Merling<\/td><td>Anton Kamps<\/td><\/tr><tr><td>Mrs. Greene<\/td><td class=\"has-text-align-left\" data-align=\"left\">Eva Engels<\/td><td>Nadja Engelhardt<\/td><\/tr><tr><td>Shelby<\/td><td class=\"has-text-align-left\" data-align=\"left\">Anna Maria Stieger<\/td><td>Anna Maria Stieger<\/td><\/tr><tr><td>Kaylee<\/td><td class=\"has-text-align-left\" data-align=\"left\">Joana Ruhe<\/td><td>Joana Ruhe<\/td><\/tr><tr><td>Sheldon<\/td><td class=\"has-text-align-left\" data-align=\"left\">Jacob Maxton<\/td><td>Jacob Maxton<\/td><\/tr><tr><td>Kevin<\/td><td class=\"has-text-align-left\" data-align=\"left\">Hannes Reichelt<\/td><td>Hannes Reichelt<\/td><\/tr><tr><td>Nick<\/td><td class=\"has-text-align-left\" data-align=\"left\">Nick Sheth<\/td><td>Nick Sheth<\/td><\/tr><\/tbody><\/table><\/figure>\n<\/div>\n\n\n\n<p><strong>Ensemble:<\/strong> Anton Kamps, Luisa Wirtz, Paul Flacke, Tori Weiss, Kirstin Schall-von Bellen, Julia Milicevic, Sandra Hoffmann, Julia Schmidt-zum Berge, Charlotte Berenwinkel, Pinkas Hoffmann, Paul Taverne, Simon Winkelmann<br><strong>T\u00e4nzer:innen:<\/strong> Antonia P\u00fctz, Pauline D\u00f6tsch, L\u00edvia Farkas, Hannah Treckmann, Nele Junker, Natalie Scheidgen, Mira Heider, Sebastian Hambsch<br><strong>Backstage-S\u00e4nger:innen:<\/strong> Paul Flacke, Nadja Engelhardt, Levin Engbrocks, Marvin D\u00edaz<\/p>\n<\/div>\n\n\n\n<details class=\"wp-block-details is-style-default is-layout-flow wp-container-core-details-is-layout-343acf9e wp-block-details-is-layout-flow\" style=\"font-size:clamp(14px, 0.875rem + ((1vw - 3.2px) * 0.208), 16px);\"><summary>Die Casts<\/summary>\n<p><\/p>\n<\/details>\n<\/details>\n\n\n\n<details class=\"wp-block-details is-style-arrow-icon-details has-medium-font-size is-layout-flow wp-block-details-is-layout-flow\" style=\"border-top-style:none;border-top-width:0px;border-right-style:none;border-right-width:0px;border-bottom-color:var(--wp--preset--color--base);border-bottom-style:solid;border-bottom-width:1px;border-left-style:none;border-left-width:0px;margin-top:0\"><summary>Wie komme ich zur Eissporthalle 100,5 Arena?<\/summary>\n<p>Die Eissporthalle 100,5 Arena ist sowohl mit dem Auto als auch mit \u00f6ffentlichen Verkehrsmitteln gut erreichbar. Von der Aachener Innenstadt aus betr\u00e4gt die Fahrtzeit mit dem Auto etwa 15 Minuten. Die Adresse lautet: <a href=\"https:\/\/www.google.com\/maps\/place\/100,5+Arena\/@50.7955796,6.1009674,17z\/data=!3m1!4b1!4m6!3m5!1s0x47c099160b7f6773:0x8c3052c54cf2529d!8m2!3d50.7955796!4d6.1009674!16s%2Fg%2F12tb7_ld8?entry=ttu&amp;g_ep=EgoyMDI1MDMyMy4wIKXMDSoASAFQAw%3D%3Dst=ic\" target=\"_blank\" rel=\"noopener noreferrer nofollow\">Hubert-Wienen-Stra\u00dfe 8, 52070 Aachen<\/a>.<\/p>\n\n\n\n<p>F\u00fcr Besucher, die \u00f6ffentliche Verkehrsmittel bevorzugen, ist die Eissporthalle ebenfalls bequem erreichbar. Die Buslinie 51 verkehrt zwischen der Aachener Innenstadt und W\u00fcrselen bzw. Baesweiler und h\u00e4lt an der Haltestelle Aachen, Sportpark Soers. Von dort aus ist die Stadthalle nur 5 Gehminuten entfernt.<\/p>\n<\/details>\n\n\n\n<details class=\"wp-block-details is-style-arrow-icon-details has-medium-font-size is-layout-flow wp-block-details-is-layout-flow\" style=\"border-top-style:none;border-top-width:0px;border-right-style:none;border-right-width:0px;border-bottom-color:var(--wp--preset--color--base);border-bottom-style:solid;border-bottom-width:1px;border-left-style:none;border-left-width:0px;margin-top:0\"><summary>Gibt es Parkpl\u00e4tze vor Ort?<\/summary>\n<p>Ja, vor der Eissporthalle kann kostenlos geparkt werden.<\/p>\n<\/details>\n\n\n\n<details class=\"wp-block-details is-style-arrow-icon-details has-medium-font-size is-layout-flow wp-block-details-is-layout-flow\" style=\"border-top-style:none;border-top-width:0px;border-right-style:none;border-right-width:0px;border-bottom-color:var(--wp--preset--color--base);border-bottom-style:solid;border-bottom-width:1px;border-left-style:none;border-left-width:0px;margin-top:0\"><summary>Wie lange ist das Musical?<\/summary>\n<p>Unsere Auff\u00fchrung von &#8222;THE PROM&#8220; hat eine Gesamtdauer von etwa 3 Stunden. Nach den ersten anderthalb Stunden wird eine 20-min\u00fctige Pause eingelegt.<\/p>\n<\/details>\n\n\n\n<details class=\"wp-block-details is-style-arrow-icon-details has-medium-font-size is-layout-flow wp-block-details-is-layout-flow\" style=\"border-top-style:none;border-top-width:0px;border-right-style:none;border-right-width:0px;border-bottom-color:var(--wp--preset--color--base);border-bottom-style:solid;border-bottom-width:1px;border-left-style:none;border-left-width:0px;margin-top:0\"><summary>Welche potenziellen Inhaltswarnungen k\u00f6nnte &#8222;THE PROM&#8220; ber\u00fchren?<\/summary>\n<p class=\"has-medium-font-size\">Das St\u00fcck \u201cTHE PROM\u201d beinhaltet Themen, wie:<\/p>\n\n\n\n<ul class=\"wp-block-list\">\n<li>Mobbing<\/li>\n\n\n\n<li>Erbrechen (W\u00fcrgeger\u00e4usche)<\/li>\n<\/ul>\n\n\n\n<p>Bei manchen Menschen k\u00f6nnen diese Themen negative Reaktionen ausl\u00f6sen. Bitte seien Sie achtsam, wenn das bei Ihnen der Fall ist.<\/p>\n<\/details>\n\n\n\n<details class=\"wp-block-details is-style-arrow-icon-details has-medium-font-size is-layout-flow wp-block-details-is-layout-flow\" style=\"border-top-style:none;border-top-width:0px;border-right-style:none;border-right-width:0px;border-bottom-color:var(--wp--preset--color--base);border-bottom-style:solid;border-bottom-width:1px;border-left-style:none;border-left-width:0px;margin-top:0\"><summary>F\u00fcr welche Altersklassen ist das Musical?<\/summary>\n<p>Das Musical ist f\u00fcr alle Altersklassen geeignet!<\/p>\n<\/details>\n\n\n\n<details class=\"wp-block-details is-style-arrow-icon-details has-medium-font-size is-layout-flow wp-block-details-is-layout-flow\" style=\"border-top-style:none;border-top-width:0px;border-right-style:none;border-right-width:0px;border-bottom-color:var(--wp--preset--color--base);border-bottom-style:solid;border-bottom-width:1px;border-left-style:none;border-left-width:0px;margin-top:0\"><summary>Kann ich mein Ticket \u00fcber den Kulturpass bezahlen?<\/summary>\n<p>Ja! Mehr Infos dazu findest du <a href=\"https:\/\/floodlight-musicals.de\/en\/kulturpass\/\" data-type=\"page\" data-id=\"3199\">hier<\/a>.<\/p>\n<\/details>\n\n\n\n<details class=\"wp-block-details is-style-arrow-icon-details has-medium-font-size is-layout-flow wp-block-details-is-layout-flow\" style=\"border-top-style:none;border-top-width:0px;border-right-style:none;border-right-width:0px;border-bottom-color:var(--wp--preset--color--base);border-bottom-style:solid;border-bottom-width:1px;border-left-style:none;border-left-width:0px;margin-top:0\"><summary>Wer bekommt eine Erm\u00e4\u00dfigung?<\/summary>\n<p>Erm\u00e4\u00dfigte Tickets der 2. und 3. Kategorie sind f\u00fcr folgende Personengruppen erh\u00e4ltlich:<\/p>\n\n\n\n<ul class=\"wp-block-list\">\n<li>Sch\u00fcler:innen<\/li>\n\n\n\n<li>Studierende<\/li>\n\n\n\n<li>Auszubildende<\/li>\n\n\n\n<li>Inhaber:innen des AachenPasses<\/li>\n\n\n\n<li>Schwerbehinderte<\/li>\n\n\n\n<li>Begleitperson Schwerbehinderte<\/li>\n\n\n\n<li>Inhaber:innen des Ehrenamtspasses<\/li>\n<\/ul>\n<\/details>\n\n\n\n<details class=\"wp-block-details is-style-arrow-icon-details has-medium-font-size is-layout-flow wp-block-details-is-layout-flow\" style=\"border-top-style:none;border-top-width:0px;border-right-style:none;border-right-width:0px;border-bottom-color:var(--wp--preset--color--base);border-bottom-style:solid;border-bottom-width:1px;border-left-style:none;border-left-width:0px;margin-top:0\"><summary>Gibt es Pl\u00e4tze f\u00fcr mobilit\u00e4tseingeschr\u00e4nkte Personen?<\/summary>\n<p>Ja, die 100&#8217;5-Arena ist barrierefrei zug\u00e4nglich, und bei jeder Auff\u00fchrung stehen Pl\u00e4tze f\u00fcr mobilit\u00e4tseingeschr\u00e4nkte Personen zur Verf\u00fcgung. Wir w\u00fcrden uns freuen wenn Sie, bei Bedarf, sich bei <a href=\"mailto:tickets@floodlight-musicals.de\">tickets@floodlight-musicals.de<\/a> melden vor oder nach der Bestellung, wenn Sie ein solchen Sitzplatz in Anspruch nehmen wollen. Diese Information hilft uns sehr bei dem Aufbau.<\/p>\n<\/details>\n\n\n\n<details class=\"wp-block-details is-style-arrow-icon-details has-medium-font-size is-layout-flow wp-block-details-is-layout-flow\" style=\"border-top-style:none;border-top-width:0px;border-right-style:none;border-right-width:0px;border-bottom-color:var(--wp--preset--color--base);border-bottom-style:solid;border-bottom-width:1px;border-left-style:none;border-left-width:0px;margin-top:0\"><summary>Kann ich meine gekauften Tickets umtauschen oder stornieren?<\/summary>\n<p>Bedauerlicherweise ist ein Umtausch oder eine Stornierung der erworbenen Tickets nicht m\u00f6glich. Da die Tickets jedoch nicht personalisiert sind, eignen sie sich hervorragend als Geschenk f\u00fcr Freunde und Familie. Sollten Sie selbst nicht in der Lage sein, Ihre Tickets f\u00fcr die Auff\u00fchrung zu nutzen, finden Sie sicherlich andere Musicalbegeisterte, die sich \u00fcber die Gelegenheit freuen w\u00fcrden.<\/p>\n<\/details>\n\n\n\n<details class=\"wp-block-details is-style-arrow-icon-details has-medium-font-size is-layout-flow wp-block-details-is-layout-flow\" style=\"border-top-style:none;border-top-width:0px;border-right-style:none;border-right-width:0px;border-bottom-color:var(--wp--preset--color--base);border-bottom-style:solid;border-bottom-width:1px;border-left-style:none;border-left-width:0px;margin-top:0\"><summary>Werden feste Pl\u00e4tze zugewiesen?<\/summary>\n<p>Nein, es sind keine festen Pl\u00e4tze verf\u00fcgbar. Stattdessen werden bei der Auff\u00fchrung spezifische Reihen f\u00fcr die jeweiligen Sitzplatzkategorien zugewiesen. Wir behalten uns vor, die Sitzpl\u00e4tze ggf. am Veranstaltungstag innerhalb der entsprechenden Kategorie zuzuweisen.<\/p>\n<\/details>\n\n\n\n<details class=\"wp-block-details is-style-arrow-icon-details has-medium-font-size is-layout-flow wp-block-details-is-layout-flow\" style=\"border-top-style:none;border-top-width:0px;border-right-style:none;border-right-width:0px;border-bottom-color:var(--wp--preset--color--base);border-bottom-style:solid;border-bottom-width:1px;border-left-style:none;border-left-width:0px;margin-top:0\"><summary>An wen kann ich mich bei weiteren Fragen wenden?<\/summary>\n<p>Alle weiteren Fragen k\u00f6nnen gerne per E-Mail an <a href=\"mailto:tickets@floodlight-musicals.de\">tickets@floodlight-musicals.de<\/a> geschickt werden. Wir bem\u00fchen uns zeitnah Ihnen Auskunft zu geben.<\/p>\n<\/details>\n<\/div>\n<\/div>\n\n\n\n<div style=\"height:76px\" aria-hidden=\"true\" class=\"wp-block-spacer\"><\/div>","protected":false},"excerpt":{"rendered":"<p>Tickets Mit den Buttons auf dieser Seite gelangen Sie zu unserem Online-Ticketshop. Wenn Sie Ihre Tickets kaufen, haben Sie vielleicht einige Fragen. Schauen Sie sich die FAQs unten an, um zu sehen, ob wir vielleicht bereits eine Antwort f\u00fcr Sie haben. FAQs<\/p>","protected":false},"author":8,"featured_media":0,"parent":5625,"menu_order":13,"comment_status":"closed","ping_status":"closed","template":"","meta":{"_eb_attr":"","footnotes":""},"class_list":["post-5979","page","type-page","status-publish","hentry"],"_links":{"self":[{"href":"https:\/\/floodlight-musicals.de\/en\/wp-json\/wp\/v2\/pages\/5979","targetHints":{"allow":["GET"]}}],"collection":[{"href":"https:\/\/floodlight-musicals.de\/en\/wp-json\/wp\/v2\/pages"}],"about":[{"href":"https:\/\/floodlight-musicals.de\/en\/wp-json\/wp\/v2\/types\/page"}],"author":[{"embeddable":true,"href":"https:\/\/floodlight-musicals.de\/en\/wp-json\/wp\/v2\/users\/8"}],"replies":[{"embeddable":true,"href":"https:\/\/floodlight-musicals.de\/en\/wp-json\/wp\/v2\/comments?post=5979"}],"version-history":[{"count":5,"href":"https:\/\/floodlight-musicals.de\/en\/wp-json\/wp\/v2\/pages\/5979\/revisions"}],"predecessor-version":[{"id":8922,"href":"https:\/\/floodlight-musicals.de\/en\/wp-json\/wp\/v2\/pages\/5979\/revisions\/8922"}],"up":[{"embeddable":true,"href":"https:\/\/floodlight-musicals.de\/en\/wp-json\/wp\/v2\/pages\/5625"}],"wp:attachment":[{"href":"https:\/\/floodlight-musicals.de\/en\/wp-json\/wp\/v2\/media?parent=5979"}],"curies":[{"name":"wp","href":"https:\/\/api.w.org\/{rel}","templated":true}]}}