{"id":5666,"date":"2024-09-07T15:07:01","date_gmt":"2024-09-07T13:07:01","guid":{"rendered":"https:\/\/floodlight-musicals.de\/?page_id=5666"},"modified":"2025-07-02T12:05:42","modified_gmt":"2025-07-02T10:05:42","slug":"wir-sind-floodlight-musicals-the-prom-version","status":"publish","type":"page","link":"https:\/\/floodlight-musicals.de\/en\/wir-sind-floodlight-musicals-the-prom-version\/","title":{"rendered":"Startseite (Aktuelle Ausschreibung)"},"content":{"rendered":"<div class=\"wp-block-cover alignfull has-parallax\" style=\"padding-top:var(--wp--preset--spacing--50);padding-right:var(--wp--preset--spacing--60);padding-bottom:var(--wp--preset--spacing--50);padding-left:var(--wp--preset--spacing--60);min-height:100vh;aspect-ratio:unset;\"><span aria-hidden=\"true\" class=\"wp-block-cover__background has-base-background-color has-background-dim-0 has-background-dim\"><\/span><div class=\"wp-block-cover__image-background wp-image-3164 has-parallax\" style=\"background-position:50% 50%;background-image:url(https:\/\/floodlight-musicals.de\/wp-content\/uploads\/2024\/04\/23I_4823-2-1.jpeg)\"><\/div><div class=\"wp-block-cover__inner-container has-global-padding is-layout-constrained wp-container-core-cover-is-layout-3f3b0e9d wp-block-cover-is-layout-constrained\">\n<figure class=\"wp-block-image size-large\"><img loading=\"lazy\" decoding=\"async\" width=\"1024\" height=\"469\" src=\"https:\/\/floodlight-musicals.de\/wp-content\/uploads\/2024\/04\/181129_floodlight-logo-weiss-rgb-4800x2200_mdlb-2-1024x469.png\" alt=\"\" class=\"wp-image-3140\" srcset=\"https:\/\/floodlight-musicals.de\/wp-content\/uploads\/2024\/04\/181129_floodlight-logo-weiss-rgb-4800x2200_mdlb-2-1024x469.png 1024w, https:\/\/floodlight-musicals.de\/wp-content\/uploads\/2024\/04\/181129_floodlight-logo-weiss-rgb-4800x2200_mdlb-2-300x138.png 300w, https:\/\/floodlight-musicals.de\/wp-content\/uploads\/2024\/04\/181129_floodlight-logo-weiss-rgb-4800x2200_mdlb-2-768x352.png 768w, https:\/\/floodlight-musicals.de\/wp-content\/uploads\/2024\/04\/181129_floodlight-logo-weiss-rgb-4800x2200_mdlb-2-1536x704.png 1536w, https:\/\/floodlight-musicals.de\/wp-content\/uploads\/2024\/04\/181129_floodlight-logo-weiss-rgb-4800x2200_mdlb-2-600x275.png 600w, https:\/\/floodlight-musicals.de\/wp-content\/uploads\/2024\/04\/181129_floodlight-logo-weiss-rgb-4800x2200_mdlb-2.png 1920w\" sizes=\"auto, (max-width: 1024px) 100vw, 1024px\" \/><\/figure>\n<\/div><\/div>\n\n\n\n<div style=\"height:100px\" aria-hidden=\"true\" class=\"wp-block-spacer\"><\/div>\n\n\n\n<div class=\"wp-block-essential-blocks-typing-text  root-eb-typing-text-wtylb\"><div class=\"eb-parent-wrapper eb-parent-eb-typing-text-wtylb\"><div class=\"eb-typed-wrapper eb-typing-text-wtylb\" data-id=\"eb-typing-text-wtylb\"><div class=\"eb-typed-content\" data-type-speed=\"50\" data-start-delay=\"0\" data-smart-backspace=\"true\" data-back-speed=\"40\" data-back-delay=\"700\" data-fade=\"false\" data-fade-delay=\"500\" data-loop=\"false\" data-cursor=\"true\"><span class=\"eb-typed-prefix\">We want you <\/span><span class=\"eb-typed-text-wrapper is-hidden\"><span class=\"eb-typed-text\">as part of our orchestra<\/span><span class=\"eb-typed-text\">f\u00fcr&#8217;s B\u00fchnenbild!<\/span><span class=\"eb-typed-text\">als Darstellende:r<\/span><span class=\"eb-typed-text\">am Technikpult!<\/span><span class=\"eb-typed-text\">als Teil unseres Teams!<\/span><\/span><span class=\"eb-typed-view\"><\/span><span class=\"eb-typed-suffix\"><\/span><\/div><\/div><\/div><\/div>\n\n\n\n<div class=\"wp-block-columns alignwide is-layout-flex wp-container-core-columns-is-layout-28f84493 wp-block-columns-is-layout-flex\">\n<div class=\"wp-block-column is-vertically-aligned-center is-layout-flow wp-block-column-is-layout-flow\" style=\"flex-basis:66.66%\">\n<figure class=\"wp-block-image alignwide size-full is-style-rounded is-style-rounded--1\"><img loading=\"lazy\" decoding=\"async\" width=\"986\" height=\"556\" src=\"https:\/\/floodlight-musicals.de\/wp-content\/uploads\/2024\/09\/TheProm_DesignSS.jpg\" alt=\"\" class=\"wp-image-5651\" srcset=\"https:\/\/floodlight-musicals.de\/wp-content\/uploads\/2024\/09\/TheProm_DesignSS.jpg 986w, https:\/\/floodlight-musicals.de\/wp-content\/uploads\/2024\/09\/TheProm_DesignSS-300x169.jpg 300w, https:\/\/floodlight-musicals.de\/wp-content\/uploads\/2024\/09\/TheProm_DesignSS-768x433.jpg 768w, https:\/\/floodlight-musicals.de\/wp-content\/uploads\/2024\/09\/TheProm_DesignSS-600x338.jpg 600w\" sizes=\"auto, (max-width: 986px) 100vw, 986px\" \/><\/figure>\n<\/div>\n\n\n\n<div class=\"wp-block-column is-layout-flow wp-block-column-is-layout-flow\" style=\"flex-basis:33.33%\">\n<div class=\"wp-block-essential-blocks-call-to-action  root-eb-call-to-action-zqnlc\"><div class=\"eb-parent-wrapper eb-parent-eb-call-to-action-zqnlc\"><div class=\"eb-cia-wrapper eb-call-to-action-zqnlc\" data-icon=\"dashicons-megaphone\"><div class=\"eb-cia-text-wrapper\"><span class=\"dashicon dashicons dashicons-megaphone eb-cia-icon\"><\/span><h3 class=\"eb-cia-title\">Casting-Aufruf &#8222;THE PROM&#8220;<\/h3><p class=\"eb-cia-description\">Floodlight Musicals sucht DICH als Darstellende:r f\u00fcr die Auff\u00fchrungen im Sommer 2025!<\/p><\/div><div class=\"eb-cia-button-wrapper\"><a href=\"https:\/\/floodlight-musicals.de\/en\/the-prom\/\" target=\"_self\" rel=\"noopener\"><div class=\"eb-cia-button is-large\">Mehr Infos &#038; Bewerbung<\/div><\/a><\/div><\/div><\/div><\/div>\n<\/div>\n<\/div>\n\n\n\n<div style=\"height:26px\" aria-hidden=\"true\" class=\"wp-block-spacer\"><\/div>\n\n\n\n<div class=\"wp-block-columns alignwide is-layout-flex wp-container-core-columns-is-layout-28f84493 wp-block-columns-is-layout-flex\">\n<div class=\"wp-block-column is-layout-flow wp-block-column-is-layout-flow\" style=\"flex-basis:40%\">\n<blockquote class=\"wp-block-quote is-layout-flow wp-block-quote-is-layout-flow\">\n<p class=\"has-text-align-center\"><mark style=\"background-color:rgba(0, 0, 0, 0)\" class=\"has-inline-color has-custom-lavender-blush-color\"><em>\u201eOne thing\u2019s universal: Life\u2019s no dress rehearsal. So why not make some waves before it\u2019s through?\u201c<\/em><\/mark><\/p>\n\n\n\n<p class=\"has-text-align-center\"><mark style=\"background-color:rgba(0, 0, 0, 0)\" class=\"has-inline-color has-custom-lavender-blush-color\">-Barry<\/mark><\/p>\n<\/blockquote>\n<\/div>\n\n\n\n<div class=\"wp-block-column is-layout-flow wp-block-column-is-layout-flow\" style=\"flex-basis:60%\">\n<h3 class=\"wp-block-heading has-text-align-left\">Want to help, but don't want to be on stage?<\/h3>\n\n\n\n<p class=\"has-text-align-left\">No problem - we are still looking for active support in many, many departments, be it as a member or even in a management position!<\/p>\n\n\n\n<p class=\"has-text-align-left\">For example, you can help our social media team or help build the stage set.<\/p>\n\n\n\n<p class=\"has-text-align-left\">Sounds exciting?<\/p>\n\n\n\n<div class=\"wp-block-buttons is-content-justification-left is-layout-flex wp-container-core-buttons-is-layout-fc4fd283 wp-block-buttons-is-layout-flex\">\n<div class=\"wp-block-button has-custom-font-size has-small-font-size\"><a class=\"wp-block-button__link has-contrast-color has-custom-tyrian-purple-background-color has-text-color has-background has-link-color wp-element-button\" href=\"https:\/\/floodlight-musicals.de\/en\/mitmachen\/\">Discover possible positions!<\/a><\/div>\n<\/div>\n<\/div>\n<\/div>\n\n\n\n<div style=\"height:64px\" aria-hidden=\"true\" class=\"wp-block-spacer\"><\/div>\n\n\n\n<h2 class=\"wp-block-heading alignwide\">Wer oder was ist Floodlight Musicals?<\/h2>\n\n\n\n<div class=\"wp-block-columns alignwide is-layout-flex wp-container-core-columns-is-layout-d1c656ed wp-block-columns-is-layout-flex\">\n<div class=\"wp-block-column is-vertically-aligned-center is-layout-flow wp-block-column-is-layout-flow\" style=\"flex-basis:40%\">\n<p class=\"translation-block\">We are the founders and members of Aachen's first musical association. We founded our non-profit association Floodlight Musicals at the <strong>beginning of 2016<\/strong>. Our shared passion for the international languages of music, dance and drama brought us together. This gave rise to the idea of uniting musical enthusiasts in a diverse community.<\/p>\n\n\n\n<p class=\"translation-block\">Since the casting of our first project, there has been great interest in Floodlight Musicals among many Aachen pupils, students, trainees and professionals - despite the fact that our association is unknown. Since then, we have been <strong>growing steadily<\/strong>. We now put on one or two productions every year (apart from seasons during the coronavirus pandemic).<\/p>\n<\/div>\n\n\n\n<div class=\"wp-block-column is-layout-flow wp-block-column-is-layout-flow\" style=\"flex-basis:50%\">\n<figure class=\"wp-block-image size-large is-style-rounded is-style-rounded--2\"><img loading=\"lazy\" decoding=\"async\" width=\"1024\" height=\"681\" src=\"https:\/\/floodlight-musicals.de\/wp-content\/uploads\/2024\/06\/1000034522-1-1024x681.jpg\" alt=\"\" class=\"wp-image-5153\" srcset=\"https:\/\/floodlight-musicals.de\/wp-content\/uploads\/2024\/06\/1000034522-1-1024x681.jpg 1024w, https:\/\/floodlight-musicals.de\/wp-content\/uploads\/2024\/06\/1000034522-1-300x200.jpg 300w, https:\/\/floodlight-musicals.de\/wp-content\/uploads\/2024\/06\/1000034522-1-768x511.jpg 768w, https:\/\/floodlight-musicals.de\/wp-content\/uploads\/2024\/06\/1000034522-1-1536x1022.jpg 1536w, https:\/\/floodlight-musicals.de\/wp-content\/uploads\/2024\/06\/1000034522-1-600x399.jpg 600w, https:\/\/floodlight-musicals.de\/wp-content\/uploads\/2024\/06\/1000034522-1.jpg 1920w\" sizes=\"auto, (max-width: 1024px) 100vw, 1024px\" \/><figcaption class=\"wp-element-caption\">All rights reserved<\/figcaption><\/figure>\n<\/div>\n<\/div>\n\n\n\n<div style=\"height:var(--wp--preset--spacing--40)\" aria-hidden=\"true\" class=\"wp-block-spacer\"><\/div>\n\n\n\n<div class=\"wp-block-columns alignwide is-layout-flex wp-container-core-columns-is-layout-d1c656ed wp-block-columns-is-layout-flex\">\n<div class=\"wp-block-column is-layout-flow wp-block-column-is-layout-flow\" style=\"flex-basis:50%\">\n<figure class=\"wp-block-image size-large is-style-rounded is-style-rounded--3\"><img loading=\"lazy\" decoding=\"async\" width=\"1024\" height=\"681\" src=\"https:\/\/floodlight-musicals.de\/wp-content\/uploads\/2024\/04\/XY.-ProWo-18.02-Floodlight-Musicals-_Z620518_WS-1024x681.jpg\" alt=\"\" class=\"wp-image-3216\" srcset=\"https:\/\/floodlight-musicals.de\/wp-content\/uploads\/2024\/04\/XY.-ProWo-18.02-Floodlight-Musicals-_Z620518_WS-1024x681.jpg 1024w, https:\/\/floodlight-musicals.de\/wp-content\/uploads\/2024\/04\/XY.-ProWo-18.02-Floodlight-Musicals-_Z620518_WS-300x200.jpg 300w, https:\/\/floodlight-musicals.de\/wp-content\/uploads\/2024\/04\/XY.-ProWo-18.02-Floodlight-Musicals-_Z620518_WS-768x511.jpg 768w, https:\/\/floodlight-musicals.de\/wp-content\/uploads\/2024\/04\/XY.-ProWo-18.02-Floodlight-Musicals-_Z620518_WS-1536x1022.jpg 1536w, https:\/\/floodlight-musicals.de\/wp-content\/uploads\/2024\/04\/XY.-ProWo-18.02-Floodlight-Musicals-_Z620518_WS-600x399.jpg 600w, https:\/\/floodlight-musicals.de\/wp-content\/uploads\/2024\/04\/XY.-ProWo-18.02-Floodlight-Musicals-_Z620518_WS.jpg 1920w\" sizes=\"auto, (max-width: 1024px) 100vw, 1024px\" \/><figcaption class=\"wp-element-caption\">All rights reserved<\/figcaption><\/figure>\n<\/div>\n\n\n\n<div class=\"wp-block-column is-vertically-aligned-center is-layout-flow wp-block-column-is-layout-flow\" style=\"flex-basis:40%\">\n<p class=\"translation-block\">All of this has only been possible thanks to the help of more than 170 active and former volunteer members. We are united and characterized by our shared enthusiasm for musicals, which we are also able to pass on to others. The special thing about our association is and remains the people who make it up. Each member is special in their own way, which means that together we form an open community with a unique group dynamic.<\/p>\n\n\n\n<p class=\"has-base-color has-text-color has-link-color wp-elements-b4ebc6a5b402c31a2ffb1b4ac04cf654 translation-block\">We are also particularly proud of the fact that, in addition to all the dedicated people on and behind the stage, we also have <strong>our own orchestra and band<\/strong>.<\/p>\n<\/div>\n<\/div>\n\n\n\n<div style=\"height:var(--wp--preset--spacing--40)\" aria-hidden=\"true\" class=\"wp-block-spacer\"><\/div>\n\n\n\n<figure class=\"wp-block-image size-large is-style-rounded is-style-rounded--4\"><img loading=\"lazy\" decoding=\"async\" width=\"1920\" height=\"1080\" src=\"https:\/\/floodlight-musicals.de\/wp-content\/uploads\/2024\/09\/ITW-Verbeugung-edited.jpg\" alt=\"\" class=\"wp-image-5710\" srcset=\"https:\/\/floodlight-musicals.de\/wp-content\/uploads\/2024\/09\/ITW-Verbeugung-edited.jpg 1920w, https:\/\/floodlight-musicals.de\/wp-content\/uploads\/2024\/09\/ITW-Verbeugung-edited-300x169.jpg 300w, https:\/\/floodlight-musicals.de\/wp-content\/uploads\/2024\/09\/ITW-Verbeugung-edited-1024x576.jpg 1024w, https:\/\/floodlight-musicals.de\/wp-content\/uploads\/2024\/09\/ITW-Verbeugung-edited-768x432.jpg 768w, https:\/\/floodlight-musicals.de\/wp-content\/uploads\/2024\/09\/ITW-Verbeugung-edited-1536x864.jpg 1536w, https:\/\/floodlight-musicals.de\/wp-content\/uploads\/2024\/09\/ITW-Verbeugung-edited-600x338.jpg 600w\" sizes=\"auto, (max-width: 1920px) 100vw, 1920px\" \/><\/figure>","protected":false},"excerpt":{"rendered":"<p>\u201eOne thing&#8217;s universal: Life&#8217;s no dress rehearsal. So why not make some waves before it&#8217;s through?\u201c -Barry Du hast Lust, zu helfen, willst aber nicht auf der B\u00fchne stehen? Kein Problem &#8211; Wir suchen noch in vielen, vielen Departments tatkr\u00e4ftige Unterst\u00fctzung, sei es als Mitglied oder sogar in einer Leitungsposition! Beispielsweise kannst du unserem Social-Media [&hellip;]<\/p>","protected":false},"author":8,"featured_media":0,"parent":0,"menu_order":14,"comment_status":"closed","ping_status":"closed","template":"","meta":{"_eb_attr":"","footnotes":""},"class_list":["post-5666","page","type-page","status-publish","hentry"],"_links":{"self":[{"href":"https:\/\/floodlight-musicals.de\/en\/wp-json\/wp\/v2\/pages\/5666","targetHints":{"allow":["GET"]}}],"collection":[{"href":"https:\/\/floodlight-musicals.de\/en\/wp-json\/wp\/v2\/pages"}],"about":[{"href":"https:\/\/floodlight-musicals.de\/en\/wp-json\/wp\/v2\/types\/page"}],"author":[{"embeddable":true,"href":"https:\/\/floodlight-musicals.de\/en\/wp-json\/wp\/v2\/users\/8"}],"replies":[{"embeddable":true,"href":"https:\/\/floodlight-musicals.de\/en\/wp-json\/wp\/v2\/comments?post=5666"}],"version-history":[{"count":6,"href":"https:\/\/floodlight-musicals.de\/en\/wp-json\/wp\/v2\/pages\/5666\/revisions"}],"predecessor-version":[{"id":8882,"href":"https:\/\/floodlight-musicals.de\/en\/wp-json\/wp\/v2\/pages\/5666\/revisions\/8882"}],"wp:attachment":[{"href":"https:\/\/floodlight-musicals.de\/en\/wp-json\/wp\/v2\/media?parent=5666"}],"curies":[{"name":"wp","href":"https:\/\/api.w.org\/{rel}","templated":true}]}}