{"id":5330,"date":"2024-06-30T08:48:29","date_gmt":"2024-06-30T06:48:29","guid":{"rendered":"https:\/\/floodlight-musicals.de\/?page_id=5330"},"modified":"2024-06-30T23:47:24","modified_gmt":"2024-06-30T21:47:24","slug":"kontakt","status":"publish","type":"page","link":"https:\/\/floodlight-musicals.de\/en\/kontakt\/","title":{"rendered":"Kontakt"},"content":{"rendered":"<p>Hast du Fragen, Anregungen oder willst bei uns mitmachen?<\/p>\n\n\n\n<p>Kontaktiere uns gerne \u00fcber <a href=\"mailto:info@floodlight-musicals.de\">info@floodlight-musicals.de<\/a> und wir versuchen dir zu helfen!<\/p>\n\n\n\n<p>Nat\u00fcrlich kannst du uns auch gerne \u00fcber <a href=\"https:\/\/www.instagram.com\/floodlightmusicals\/\" target=\"_blank\" rel=\"noopener noreferrer nofollow\">Instagram <\/a>schreiben, wir versuchen so schnell es geht zu antworten, k\u00f6nnen aber nichts versprechen. Am besten wendest du dich mit dringenden Anliegen direkt per Mail an uns!<\/p>\n\n\n\n<p><\/p>","protected":false},"excerpt":{"rendered":"<p>Hast du Fragen, Anregungen oder willst bei uns mitmachen? Kontaktiere uns gerne \u00fcber info@floodlight-musicals.de und wir versuchen dir zu helfen! Nat\u00fcrlich kannst du uns auch gerne \u00fcber Instagram schreiben, wir versuchen so schnell es geht zu antworten, k\u00f6nnen aber nichts versprechen. Am besten wendest du dich mit dringenden Anliegen direkt per Mail an uns!<\/p>","protected":false},"author":8,"featured_media":0,"parent":0,"menu_order":23,"comment_status":"closed","ping_status":"closed","template":"","meta":{"_eb_attr":"","footnotes":""},"class_list":["post-5330","page","type-page","status-publish","hentry"],"_links":{"self":[{"href":"https:\/\/floodlight-musicals.de\/en\/wp-json\/wp\/v2\/pages\/5330","targetHints":{"allow":["GET"]}}],"collection":[{"href":"https:\/\/floodlight-musicals.de\/en\/wp-json\/wp\/v2\/pages"}],"about":[{"href":"https:\/\/floodlight-musicals.de\/en\/wp-json\/wp\/v2\/types\/page"}],"author":[{"embeddable":true,"href":"https:\/\/floodlight-musicals.de\/en\/wp-json\/wp\/v2\/users\/8"}],"replies":[{"embeddable":true,"href":"https:\/\/floodlight-musicals.de\/en\/wp-json\/wp\/v2\/comments?post=5330"}],"version-history":[{"count":6,"href":"https:\/\/floodlight-musicals.de\/en\/wp-json\/wp\/v2\/pages\/5330\/revisions"}],"predecessor-version":[{"id":7190,"href":"https:\/\/floodlight-musicals.de\/en\/wp-json\/wp\/v2\/pages\/5330\/revisions\/7190"}],"wp:attachment":[{"href":"https:\/\/floodlight-musicals.de\/en\/wp-json\/wp\/v2\/media?parent=5330"}],"curies":[{"name":"wp","href":"https:\/\/api.w.org\/{rel}","templated":true}]}}