{"id":3396,"date":"2024-04-13T16:54:54","date_gmt":"2024-04-13T14:54:54","guid":{"rendered":"https:\/\/floodlight-musicals.de\/?page_id=3396"},"modified":"2024-04-24T12:18:06","modified_gmt":"2024-04-24T10:18:06","slug":"bare-the-beginning","status":"publish","type":"page","link":"https:\/\/floodlight-musicals.de\/en\/bare-the-beginning\/","title":{"rendered":"BARE &#8211; The Beginning"},"content":{"rendered":"<figure class=\"wp-block-image aligncenter size-large is-resized wp-duotone-unset-1\"><img loading=\"lazy\" decoding=\"async\" width=\"728\" height=\"1024\" src=\"https:\/\/floodlight-musicals.de\/wp-content\/uploads\/2024\/04\/Bildschirmfoto-2024-04-13-um-16.24.29-728x1024.jpg\" alt=\"\" class=\"wp-image-3398\" style=\"width:311px;height:auto\" srcset=\"https:\/\/floodlight-musicals.de\/wp-content\/uploads\/2024\/04\/Bildschirmfoto-2024-04-13-um-16.24.29-728x1024.jpg 728w, https:\/\/floodlight-musicals.de\/wp-content\/uploads\/2024\/04\/Bildschirmfoto-2024-04-13-um-16.24.29-213x300.jpg 213w, https:\/\/floodlight-musicals.de\/wp-content\/uploads\/2024\/04\/Bildschirmfoto-2024-04-13-um-16.24.29-768x1081.jpg 768w, https:\/\/floodlight-musicals.de\/wp-content\/uploads\/2024\/04\/Bildschirmfoto-2024-04-13-um-16.24.29-600x844.jpg 600w, https:\/\/floodlight-musicals.de\/wp-content\/uploads\/2024\/04\/Bildschirmfoto-2024-04-13-um-16.24.29.jpg 1016w\" sizes=\"auto, (max-width: 728px) 100vw, 728px\" \/><\/figure>\n\n\n\n<figure class=\"wp-block-embed alignwide is-type-video is-provider-youtube wp-block-embed-youtube wp-embed-aspect-16-9 wp-has-aspect-ratio\"><div class=\"wp-block-embed__wrapper\">\n<iframe loading=\"lazy\" title=\"BARE - The Beginning | A Queer Fanfilm\" width=\"500\" height=\"281\" src=\"https:\/\/www.youtube.com\/embed\/ZiW8R3G_1R8?feature=oembed\" frameborder=\"0\" allow=\"accelerometer; autoplay; clipboard-write; encrypted-media; gyroscope; picture-in-picture; web-share\" referrerpolicy=\"strict-origin-when-cross-origin\" allowfullscreen><\/iframe>\n<\/div><\/figure>\n\n\n\n<div style=\"height:100px\" aria-hidden=\"true\" class=\"wp-block-spacer\"><\/div>\n\n\n\n<div class=\"wp-block-group alignwide is-vertical is-layout-flex wp-container-core-group-is-layout-fe9cc265 wp-block-group-is-layout-flex\">\n<h2 class=\"wp-block-heading\">BARE &#8211; The Beginning (2023)<\/h2>\n\n\n\n<p>Die Idee, eine Eigenproduktion zu starten, stand sogar schon vor dem Projekt BARE im Raum. Zuerst bestand das Team aus Simon (Director of Picture), Elias (Produzent) und Klara (Regie). Mit einem unverf\u00e4nglichen ersten Treffen in einem Caf\u00e9 in Aachen fing es an. Erste Ideen wurden geschmiedet, was man alles in einem Trailer f\u00fcr das Musical oder einem Kurzfilm machen k\u00f6nnte.<\/p>\n\n\n\n<p>Wir stellten uns die Frage, welche Geschichte wir denn erz\u00e4hlen wollen. Da das ganze auf jeden Fall im Zusammenhang mit dem Musical BARE stehen sollte, kamen wir sehr schnell auf die Idee, die Vorgeschichte des Musicals erz\u00e4hlen zu wollen.&nbsp;<\/p>\n\n\n\n<p>Wir suchten verschiedene Handlungsstr\u00e4nge und Charaktere aus dem St\u00fcck heraus, die wir gerne aufgreifen wollten und bauten uns daraus ein Konstrukt als Grundidee. Besonders hat uns das Kennenlernen von Peter und Jason interessiert, da diese zu Beginn des Musicals schon in einer Beziehung sind. Wir haben uns also \u00fcberlegt, wie wohl ihr erstes Treffen ausgesehen haben k\u00f6nnte, wie ihre ersten Interaktionen abgelaufen sein k\u00f6nnten und was sie schlie\u00dflich dazu gebracht hat, zusammenzukommen. Dabei war es uns wichtig, den Konflikten aus dem Musical nicht vorzugreifen, besonders was die Coming-Out-Thematik angeht. Es sollten andere Handlungsstr\u00e4nge gefunden werden, damit die Geschichten theoretisch nahtlos \u00fcbergehen k\u00f6nnen. Der Konflikte zwischen Peter und seiner Mutter, Jasons Beziehung zu seinen Eltern sowie die Albtr\u00e4ume von Peter sind so ein gro\u00dfer Bestandteil des Filmes geworden. Diese Themen spannen einen sch\u00f6nen Bogen im Film und bilden die Br\u00fccke zum Musical.&nbsp;<\/p>\n\n\n\n<p>Nachdem wir eine fertige Handlung und schon viele Szenen vorskizziert hatten, begannen wir mit dem eigentlichen Schreiben des Skripts. Wir haben uns dazu entschieden, den Film in englischer Sprache zu drehen, damit wir uns die M\u00f6glichkeit offenhalten, ihn vor einem gr\u00f6\u00dferen Publikum zeigen zu k\u00f6nnen, da das Musical BARE auch international eine gro\u00dfe Anh\u00e4ngerschaft hat. Beim tats\u00e4chlichen Schreiben des Skriptes holten wir uns weitere Menschen ins Boot. Wir kamen schnell als kleine Gruppe an kreativen Menschen zusammen, die sich gegenseitig Ideen zuwerfen konnten. Als das Skript dann kurz vor der Finalversion war, hatten wir ungef\u00e4hr 70 Seiten zusammen, womit wir uns von dem Label \u201cKurzfilm\u201d schon h\u00e4tten verabschieden k\u00f6nnen: Urspr\u00fcnglich hatten wir mit 8-12 Minuten geplant, aber jetzt konnten wir selbst die 30 Minuten Marke, mit der ein Film noch als Kurzfilm gewertet wird, nicht mehr einhalten.<\/p>\n\n\n\n<p>Bei der ersten Leseprobe des Skriptes kamen die Charaktere zum Leben, wir bauten uns ein fertiges Produktionsteam auf und starteten motiviert in die ersten Drehtage. Zun\u00e4chst brauchten wir ein bisschen Zeit uns aufeinander und die Arbeit am Filmset einzustellen. Schlie\u00dflich arbeiteten wir alle das erste Mal auf diese Art und Weise miteinander. Nach einigen Problemen und Verz\u00f6gerungen zu Beginn, haben wir immer mehr Erfahrung in Abl\u00e4ufen rund um die Planung und Durchf\u00fchrung von Drehtagen gesammelt.So haben wir in den zahlreichen, vergangenen Drehtage super erfolgreich zusammen gearbeitet und sehr viel Material gesammelt, dass sich sehen lassen kann.<\/p>\n\n\n\n<p>Durch die Dopplung einiger Rollen und das Arbeiten neben der Musicalproduktion kamen allerdings einige organisatorische und zeitliche Schwierigkeiten auf. Drehtage, an denen alle Beteiligten Zeit haben, mussten gefunden werden, neben regul\u00e4ren Proben f\u00fcr das Musical und privaten Terminen. Auch die Suche nach geeigneten Drehorten stellte uns immer wieder vor Herausforderungen. Der Beginn der Postproduktion geriet immer weiter nach hinten.<\/p>\n\n\n\n<p>Die Finalisierung und Ver\u00f6ffentlichung des Films sollte eigentlich vor Auftritten des Musicals erfolgen. Damit haben wir uns einen zus\u00e4tzlichen Werbeeffekt und Aufmerksamkeit f\u00fcr unsere Projekte und unsere Musical Produktion erhofft. Leider konnten wir aufgrund von organisatorischen und zeitlichen Schwierigkeiten, insbesondere mit unserer letzten Drehlocation, diese Deadline nicht einhalten. Und so haben wir uns entschieden, die Premiere nach die Auff\u00fchrungen von BARE zu verschieben.<\/p>\n\n\n\n<p>Diese Entscheidung wird dem Ergebnis aber nicht schaden, sondern l\u00e4sst uns im Gegenteil noch ein bisschen mehr Freiraum in der Postproduktion.<\/p>\n\n\n\n<p>So konnten wir an der ein oder anderen Stelle noch ein bisschen l\u00e4nger feilen. Beispielsweise werden wir unsere eigene Filmmusik, von Menschen aus dem Verein komponiert, fertigschreiben und aufnehmen.<\/p>\n\n\n\n<p>Der fertige Film feierte am 18. Dezember 2023 im Apollo Kino in Aachen eine umjubelte Premiere. Wenige Tage sp\u00e4ter wurde das Projekt auf YouTube ver\u00f6ffentlicht. Mit \u00fcber 250.000 Aufrufen, zahlreichen positiven Rezensionen und mehreren Filmpreis-Nominierungen ist der Film erfolgreicher, als wir es je erhofft hatten.<\/p>\n\n\n\n<h2 class=\"wp-block-heading\">Fotos vom Set: <\/h2>\n\n\n\n<figure class=\"wp-block-gallery has-nested-images columns-default is-cropped wp-block-gallery-2 is-layout-flex wp-block-gallery-is-layout-flex\">\n<figure class=\"wp-block-image size-large\"><img loading=\"lazy\" decoding=\"async\" width=\"1024\" height=\"683\" data-id=\"3408\" src=\"https:\/\/floodlight-musicals.de\/wp-content\/uploads\/2024\/04\/01-1024x683.jpeg\" alt=\"\" class=\"wp-image-3408\" srcset=\"https:\/\/floodlight-musicals.de\/wp-content\/uploads\/2024\/04\/01-1024x683.jpeg 1024w, https:\/\/floodlight-musicals.de\/wp-content\/uploads\/2024\/04\/01-300x200.jpeg 300w, https:\/\/floodlight-musicals.de\/wp-content\/uploads\/2024\/04\/01-768x512.jpeg 768w, https:\/\/floodlight-musicals.de\/wp-content\/uploads\/2024\/04\/01-1536x1025.jpeg 1536w, https:\/\/floodlight-musicals.de\/wp-content\/uploads\/2024\/04\/01-600x400.jpeg 600w, https:\/\/floodlight-musicals.de\/wp-content\/uploads\/2024\/04\/01.jpeg 1920w\" sizes=\"auto, (max-width: 1024px) 100vw, 1024px\" \/><\/figure>\n\n\n\n<figure class=\"wp-block-image size-large\"><img loading=\"lazy\" decoding=\"async\" width=\"1024\" height=\"683\" data-id=\"3404\" src=\"https:\/\/floodlight-musicals.de\/wp-content\/uploads\/2024\/04\/02-1024x683.jpeg\" alt=\"\" class=\"wp-image-3404\" srcset=\"https:\/\/floodlight-musicals.de\/wp-content\/uploads\/2024\/04\/02-1024x683.jpeg 1024w, https:\/\/floodlight-musicals.de\/wp-content\/uploads\/2024\/04\/02-300x200.jpeg 300w, https:\/\/floodlight-musicals.de\/wp-content\/uploads\/2024\/04\/02-768x512.jpeg 768w, https:\/\/floodlight-musicals.de\/wp-content\/uploads\/2024\/04\/02-1536x1024.jpeg 1536w, https:\/\/floodlight-musicals.de\/wp-content\/uploads\/2024\/04\/02-600x400.jpeg 600w, https:\/\/floodlight-musicals.de\/wp-content\/uploads\/2024\/04\/02.jpeg 1920w\" sizes=\"auto, (max-width: 1024px) 100vw, 1024px\" \/><\/figure>\n\n\n\n<figure class=\"wp-block-image size-large\"><img loading=\"lazy\" decoding=\"async\" width=\"1024\" height=\"683\" data-id=\"3410\" src=\"https:\/\/floodlight-musicals.de\/wp-content\/uploads\/2024\/04\/03-1024x683.jpeg\" alt=\"\" class=\"wp-image-3410\" srcset=\"https:\/\/floodlight-musicals.de\/wp-content\/uploads\/2024\/04\/03-1024x683.jpeg 1024w, https:\/\/floodlight-musicals.de\/wp-content\/uploads\/2024\/04\/03-300x200.jpeg 300w, https:\/\/floodlight-musicals.de\/wp-content\/uploads\/2024\/04\/03-768x512.jpeg 768w, https:\/\/floodlight-musicals.de\/wp-content\/uploads\/2024\/04\/03-1536x1025.jpeg 1536w, https:\/\/floodlight-musicals.de\/wp-content\/uploads\/2024\/04\/03-600x400.jpeg 600w, https:\/\/floodlight-musicals.de\/wp-content\/uploads\/2024\/04\/03.jpeg 1920w\" sizes=\"auto, (max-width: 1024px) 100vw, 1024px\" \/><\/figure>\n\n\n\n<figure class=\"wp-block-image size-large\"><img loading=\"lazy\" decoding=\"async\" width=\"756\" height=\"1008\" data-id=\"3399\" src=\"https:\/\/floodlight-musicals.de\/wp-content\/uploads\/2024\/04\/04.jpeg\" alt=\"\" class=\"wp-image-3399\" srcset=\"https:\/\/floodlight-musicals.de\/wp-content\/uploads\/2024\/04\/04.jpeg 756w, https:\/\/floodlight-musicals.de\/wp-content\/uploads\/2024\/04\/04-225x300.jpeg 225w, https:\/\/floodlight-musicals.de\/wp-content\/uploads\/2024\/04\/04-600x800.jpeg 600w\" sizes=\"auto, (max-width: 756px) 100vw, 756px\" \/><\/figure>\n\n\n\n<figure class=\"wp-block-image size-large\"><img loading=\"lazy\" decoding=\"async\" width=\"576\" height=\"1024\" data-id=\"3400\" src=\"https:\/\/floodlight-musicals.de\/wp-content\/uploads\/2024\/04\/05-576x1024.jpeg\" alt=\"\" class=\"wp-image-3400\" srcset=\"https:\/\/floodlight-musicals.de\/wp-content\/uploads\/2024\/04\/05-576x1024.jpeg 576w, https:\/\/floodlight-musicals.de\/wp-content\/uploads\/2024\/04\/05-169x300.jpeg 169w, https:\/\/floodlight-musicals.de\/wp-content\/uploads\/2024\/04\/05-768x1365.jpeg 768w, https:\/\/floodlight-musicals.de\/wp-content\/uploads\/2024\/04\/05-864x1536.jpeg 864w, https:\/\/floodlight-musicals.de\/wp-content\/uploads\/2024\/04\/05-600x1067.jpeg 600w, https:\/\/floodlight-musicals.de\/wp-content\/uploads\/2024\/04\/05.jpeg 1080w\" sizes=\"auto, (max-width: 576px) 100vw, 576px\" \/><\/figure>\n<\/figure>\n\n\n\n<h2 class=\"wp-block-heading\">Stills aus dem Film: <\/h2>\n\n\n\n<div class=\"wp-block-group is-vertical is-content-justification-center is-layout-flex wp-container-core-group-is-layout-b6c1f246 wp-block-group-is-layout-flex\">\n<div class=\"wp-block-columns is-layout-flex wp-container-core-columns-is-layout-28f84493 wp-block-columns-is-layout-flex\">\n<div class=\"wp-block-column is-layout-flow wp-block-column-is-layout-flow\" style=\"flex-basis:100%\">\n<figure class=\"wp-block-gallery aligncenter has-nested-images columns-default is-cropped wp-block-gallery-3 is-layout-flex wp-block-gallery-is-layout-flex\">\n<figure class=\"wp-block-image size-large\"><img loading=\"lazy\" decoding=\"async\" width=\"1024\" height=\"429\" data-id=\"3402\" src=\"https:\/\/floodlight-musicals.de\/wp-content\/uploads\/2024\/04\/Still_01-1024x429.jpg\" alt=\"\" class=\"wp-image-3402\" srcset=\"https:\/\/floodlight-musicals.de\/wp-content\/uploads\/2024\/04\/Still_01-1024x429.jpg 1024w, https:\/\/floodlight-musicals.de\/wp-content\/uploads\/2024\/04\/Still_01-300x126.jpg 300w, https:\/\/floodlight-musicals.de\/wp-content\/uploads\/2024\/04\/Still_01-768x322.jpg 768w, https:\/\/floodlight-musicals.de\/wp-content\/uploads\/2024\/04\/Still_01-600x251.jpg 600w, https:\/\/floodlight-musicals.de\/wp-content\/uploads\/2024\/04\/Still_01.jpg 1280w\" sizes=\"auto, (max-width: 1024px) 100vw, 1024px\" \/><\/figure>\n<\/figure>\n<\/div>\n<\/div>\n\n\n\n<figure class=\"wp-block-image size-large\"><img loading=\"lazy\" decoding=\"async\" width=\"1024\" height=\"429\" src=\"https:\/\/floodlight-musicals.de\/wp-content\/uploads\/2024\/04\/Still_02-1024x429.jpg\" alt=\"\" class=\"wp-image-3403\" srcset=\"https:\/\/floodlight-musicals.de\/wp-content\/uploads\/2024\/04\/Still_02-1024x429.jpg 1024w, https:\/\/floodlight-musicals.de\/wp-content\/uploads\/2024\/04\/Still_02-300x126.jpg 300w, https:\/\/floodlight-musicals.de\/wp-content\/uploads\/2024\/04\/Still_02-768x322.jpg 768w, https:\/\/floodlight-musicals.de\/wp-content\/uploads\/2024\/04\/Still_02-600x251.jpg 600w, https:\/\/floodlight-musicals.de\/wp-content\/uploads\/2024\/04\/Still_02.jpg 1280w\" sizes=\"auto, (max-width: 1024px) 100vw, 1024px\" \/><\/figure>\n\n\n\n<figure class=\"wp-block-image size-large\"><img loading=\"lazy\" decoding=\"async\" width=\"1024\" height=\"429\" src=\"https:\/\/floodlight-musicals.de\/wp-content\/uploads\/2024\/04\/Still_03-1024x429.jpg\" alt=\"\" class=\"wp-image-3401\" srcset=\"https:\/\/floodlight-musicals.de\/wp-content\/uploads\/2024\/04\/Still_03-1024x429.jpg 1024w, https:\/\/floodlight-musicals.de\/wp-content\/uploads\/2024\/04\/Still_03-300x126.jpg 300w, https:\/\/floodlight-musicals.de\/wp-content\/uploads\/2024\/04\/Still_03-768x322.jpg 768w, https:\/\/floodlight-musicals.de\/wp-content\/uploads\/2024\/04\/Still_03-600x251.jpg 600w, https:\/\/floodlight-musicals.de\/wp-content\/uploads\/2024\/04\/Still_03.jpg 1280w\" sizes=\"auto, (max-width: 1024px) 100vw, 1024px\" \/><\/figure>\n\n\n\n<figure class=\"wp-block-image size-large\"><img loading=\"lazy\" decoding=\"async\" width=\"1024\" height=\"429\" src=\"https:\/\/floodlight-musicals.de\/wp-content\/uploads\/2024\/04\/Still_04-1024x429.jpg\" alt=\"\" class=\"wp-image-3406\" srcset=\"https:\/\/floodlight-musicals.de\/wp-content\/uploads\/2024\/04\/Still_04-1024x429.jpg 1024w, https:\/\/floodlight-musicals.de\/wp-content\/uploads\/2024\/04\/Still_04-300x126.jpg 300w, https:\/\/floodlight-musicals.de\/wp-content\/uploads\/2024\/04\/Still_04-768x322.jpg 768w, https:\/\/floodlight-musicals.de\/wp-content\/uploads\/2024\/04\/Still_04-600x251.jpg 600w, https:\/\/floodlight-musicals.de\/wp-content\/uploads\/2024\/04\/Still_04.jpg 1280w\" sizes=\"auto, (max-width: 1024px) 100vw, 1024px\" \/><\/figure>\n\n\n\n<figure class=\"wp-block-image size-large\"><img loading=\"lazy\" decoding=\"async\" width=\"1024\" height=\"429\" src=\"https:\/\/floodlight-musicals.de\/wp-content\/uploads\/2024\/04\/Still_05-1024x429.jpg\" alt=\"\" class=\"wp-image-3405\" srcset=\"https:\/\/floodlight-musicals.de\/wp-content\/uploads\/2024\/04\/Still_05-1024x429.jpg 1024w, https:\/\/floodlight-musicals.de\/wp-content\/uploads\/2024\/04\/Still_05-300x126.jpg 300w, https:\/\/floodlight-musicals.de\/wp-content\/uploads\/2024\/04\/Still_05-768x322.jpg 768w, https:\/\/floodlight-musicals.de\/wp-content\/uploads\/2024\/04\/Still_05-600x251.jpg 600w, https:\/\/floodlight-musicals.de\/wp-content\/uploads\/2024\/04\/Still_05.jpg 1280w\" sizes=\"auto, (max-width: 1024px) 100vw, 1024px\" \/><\/figure>\n\n\n\n<figure class=\"wp-block-image size-large\"><img loading=\"lazy\" decoding=\"async\" width=\"1024\" height=\"429\" src=\"https:\/\/floodlight-musicals.de\/wp-content\/uploads\/2024\/04\/Still_07-1024x429.jpg\" alt=\"\" class=\"wp-image-3409\" srcset=\"https:\/\/floodlight-musicals.de\/wp-content\/uploads\/2024\/04\/Still_07-1024x429.jpg 1024w, https:\/\/floodlight-musicals.de\/wp-content\/uploads\/2024\/04\/Still_07-300x126.jpg 300w, https:\/\/floodlight-musicals.de\/wp-content\/uploads\/2024\/04\/Still_07-768x322.jpg 768w, https:\/\/floodlight-musicals.de\/wp-content\/uploads\/2024\/04\/Still_07-600x251.jpg 600w, https:\/\/floodlight-musicals.de\/wp-content\/uploads\/2024\/04\/Still_07.jpg 1280w\" sizes=\"auto, (max-width: 1024px) 100vw, 1024px\" \/><\/figure>\n<\/div>\n\n\n\n<p><\/p>\n\n\n\n<h2 class=\"wp-block-heading\">BARE &#8211; The Beginning<\/h2>\n\n\n\n<p>Director: Klara E\u00dfer <\/p>\n\n\n\n<p>Cinematographer: Simon K\u00fchn <\/p>\n\n\n\n<p>Writer: Klara E\u00dfer, Simon K\u00fchn, Elias Braun <\/p>\n\n\n\n<p>Co Writer &#8211; Dialogue: Tarek Eldin, Juliana Langen <\/p>\n\n\n\n<p>Co Writer: Simon Middelkoop, Lars Niem\u00f6ller, Mick Daubenfeld <\/p>\n\n\n\n<p>Producer: Elias Braun <\/p>\n\n\n\n<p>Executive Producer: Lars Niem\u00f6ller, Juliana Langen <\/p>\n\n\n\n<p>Second Executive Producer: Mick Daubenfeld <\/p>\n\n\n\n<p><\/p>\n\n\n\n<h3 class=\"wp-block-heading\">Cast: <\/h3>\n\n\n\n<p>Peter Simmonds: Nick Sheth <\/p>\n\n\n\n<p>Jason McConnell: Mick Daubenfeld <\/p>\n\n\n\n<p>Lucas Carter: Simon Middelkoop <\/p>\n\n\n\n<p>Nadia McConnell: Kerstin Wucharz <\/p>\n\n\n\n<p>Priest: Pinkas Hoffmann <\/p>\n\n\n\n<p>Claire Simmonds: Ira T. <\/p>\n\n\n\n<p>Matt Lloyd: Pascal Torka <\/p>\n\n\n\n<p>Ivy Robinson: Andrea Meurers <\/p>\n\n\n\n<p>Sr. Chantelle: Echo <\/p>\n\n\n\n<p>Double &#8211; Nightmare Peter: Stefan Roos, Fabian Gottfried, Elouen Corvest, Lloyd Steffens, Mick Daubenfeld, Simon Middelkoop <\/p>\n\n\n\n<p>Extras: Asundo, Joan (Johanna) Augustin, Rebecca Barck, Yara den Brave, Elouen Corvest, Pauline D\u00f6tsch, Tarek Eldin, L\u00edvia Farkas, Leon Frommer, Emma Geyer, Joscha Greave, Alexander Gr\u00fcmer, Anna H\u00e4rter, Joy Jager, Anton Kamps, Lisa K\u00f6ppinger, Viola K\u00fchn, Juliana Langen, Dominik Marek, Luisa Ostertag, Theresa Pollhans, Julia Sch\u00e4fer, Max Schildt, Anna Schnitzeler, Anke Sommer, Matthias Stadler, Lloyd Steffens, Ira T., Josef Theisen, Jana Wetzlar, Alina Wolff <\/p>\n\n\n\n<p>Fight Director: Christine Beck <\/p>\n\n\n\n<p>Casting: Klara E\u00dfer<\/p>\n\n\n\n<p><\/p>\n\n\n\n<h3 class=\"wp-block-heading\">Camera Department<\/h3>\n\n\n\n<p>Director of Photography: Simon K\u00fchn <\/p>\n\n\n\n<p>Camera: Jana Wetzlar <\/p>\n\n\n\n<p>1. Assistant Camera: Juliana Langen<\/p>\n\n\n\n<p><\/p>\n\n\n\n<h3 class=\"wp-block-heading\">Light Department <\/h3>\n\n\n\n<p>Gaffer A-Unit: Lukas Zschocke, Darc Mavid <\/p>\n\n\n\n<p>Best Boy: Fabian Gottfried <\/p>\n\n\n\n<p>Gaffer B-Unit: Max S\u00f6ller <\/p>\n\n\n\n<p><\/p>\n\n\n\n<h3 class=\"wp-block-heading\">Sound Department <\/h3>\n\n\n\n<p>Boom Operator: Tarek Eldin, Jonas Dohmen, Roman Stelzer, Joscha Graeve, Michel Ott, Elias Braun <\/p>\n\n\n\n<p>DIT: Simon K\u00fchn <\/p>\n\n\n\n<p><\/p>\n\n\n\n<h3 class=\"wp-block-heading\">Costume Department<\/h3>\n\n\n\n<p>Costume Designer: Nadja Engelhardt <\/p>\n\n\n\n<p>Wardrobe Assistant: Mira Heider <\/p>\n\n\n\n<p>Hair &amp; Makeup Creative Lead: Echo <\/p>\n\n\n\n<p>Assistant: Katrin B\u00fcngener, Juliana Langen <\/p>\n\n\n\n<p><\/p>\n\n\n\n<p>LocationScouting: Simon K\u00fchn, Klara E\u00dfer, Elias Braun, Jana Wetzlar, Juliana Langen <\/p>\n\n\n\n<p><\/p>\n\n\n\n<p>Set Design: Roman Stelzer <\/p>\n\n\n\n<p>Assistant Set Design: Simon K\u00fchn, Klara E\u00dfer, Elias Braun <\/p>\n\n\n\n<p><\/p>\n\n\n\n<p>Runner: Joscha Graeve, Jonas Middelkoop, Joan (Johanna) Augustin <\/p>\n\n\n\n<p><\/p>\n\n\n\n<p>BTS Camera: Joscha Graeve, Jana Wetzlar, Tarek Eldin <\/p>\n\n\n\n<p><\/p>\n\n\n\n<p>Catering: Daniel Gotzens <\/p>\n\n\n\n<h3 class=\"wp-block-heading\">Post Production<\/h3>\n\n\n\n<p>Editorial: Simon K\u00fchn, Klara E\u00dfer <\/p>\n\n\n\n<p>Edit Assistant: Juliana Langen <\/p>\n\n\n\n<p>Visual Effects: Simon K\u00fchn <\/p>\n\n\n\n<p>Colorist: Simon K\u00fchn <\/p>\n\n\n\n<p>Audio Design: Simon K\u00fchn, Klara E\u00dfer <\/p>\n\n\n\n<p>Audio Mix und Mastering: Simon K\u00fchn, Klara E\u00dfer, Tarek Eldin <\/p>\n\n\n\n<p>Foley Mix Mastering: Simon K\u00fchn <\/p>\n\n\n\n<p>Title Designer: Simon K\u00fchn, Klara E\u00dfer, Tarek Eldin <\/p>\n\n\n\n<p>Credits: Klara E\u00dfer, Simon K\u00fchn <\/p>\n\n\n\n<p>Subtitles: Klara E\u00dfer, Mick Daubenfeld, Josefine K\u00fchn <\/p>\n\n\n\n<p><\/p>\n\n\n\n<h3 class=\"wp-block-heading\">Music Department <\/h3>\n\n\n\n<p>Creative Lead: Dario Mesquida Nogueira, Simon K\u00fchn, Klara E\u00dfer <\/p>\n\n\n\n<p>Music Team: Pinkas Hoffmann, Tarek Eldin, Reik Gibowski, Daniel Gotzens, Matthias Stadler <\/p>\n\n\n\n<p><\/p>\n\n\n\n<h3 class=\"wp-block-heading\">Special Thanks To<\/h3>\n\n\n\n<p>Floodlight Musicals e.V (Financial Support: Sandra Hoffmann, Communication: Pinkas Hoffmann)<\/p>\n\n\n\n<p>KastE &#8211; Kulturf\u00f6rderung der Stadt Aachen <\/p>\n\n\n\n<p>Kaiser Karl Gymnasium Aachen, Sch\u00fcler:innenvertretung, Michael Ott <\/p>\n\n\n\n<p>Caf\u00e9 Baristinho Aachen <\/p>\n\n\n\n<p>Westwerk GmbH &amp; Co. KG <\/p>\n\n\n\n<p>Pfarrgemeinde St. Gregor <\/p>\n\n\n\n<p>Kletteraixperten GmbH &#8211; &#8222;diehalle&#8220; <\/p>\n\n\n\n<p>Henriette Dohmeier <\/p>\n\n\n\n<p>Mono <\/p>\n\n\n\n<p>Moviemotion (Leonard Baum, Mudar Alzein, Gregor H\u00fcring) <\/p>\n\n\n\n<p>Dr. Eva Henriette K\u00f6hl-Roos <\/p>\n\n\n\n<p>Josefine K\u00fchn<\/p>\n\n\n\n<p><\/p>\n\n\n\n<p>Copyright 2023 Wannado Productions, all rights reserved <\/p>\n\n\n\n<p>Klara E\u00dfer and Simon K\u00fchn are the owner of copyright in this film immediately after it was made.<\/p>\n\n\n\n<p><br><\/p>\n<\/div>","protected":false},"excerpt":{"rendered":"<p>BARE &#8211; The Beginning (2023) Die Idee, eine Eigenproduktion zu starten, stand sogar schon vor dem Projekt BARE im Raum. Zuerst bestand das Team aus Simon (Director of Picture), Elias (Produzent) und Klara (Regie). Mit einem unverf\u00e4nglichen ersten Treffen in einem Caf\u00e9 in Aachen fing es an. Erste Ideen wurden geschmiedet, was man alles in [&hellip;]<\/p>","protected":false},"author":15,"featured_media":0,"parent":0,"menu_order":19,"comment_status":"closed","ping_status":"closed","template":"","meta":{"_eb_attr":"","footnotes":""},"class_list":["post-3396","page","type-page","status-publish","hentry"],"_links":{"self":[{"href":"https:\/\/floodlight-musicals.de\/en\/wp-json\/wp\/v2\/pages\/3396","targetHints":{"allow":["GET"]}}],"collection":[{"href":"https:\/\/floodlight-musicals.de\/en\/wp-json\/wp\/v2\/pages"}],"about":[{"href":"https:\/\/floodlight-musicals.de\/en\/wp-json\/wp\/v2\/types\/page"}],"author":[{"embeddable":true,"href":"https:\/\/floodlight-musicals.de\/en\/wp-json\/wp\/v2\/users\/15"}],"replies":[{"embeddable":true,"href":"https:\/\/floodlight-musicals.de\/en\/wp-json\/wp\/v2\/comments?post=3396"}],"version-history":[{"count":3,"href":"https:\/\/floodlight-musicals.de\/en\/wp-json\/wp\/v2\/pages\/3396\/revisions"}],"predecessor-version":[{"id":3583,"href":"https:\/\/floodlight-musicals.de\/en\/wp-json\/wp\/v2\/pages\/3396\/revisions\/3583"}],"wp:attachment":[{"href":"https:\/\/floodlight-musicals.de\/en\/wp-json\/wp\/v2\/media?parent=3396"}],"curies":[{"name":"wp","href":"https:\/\/api.w.org\/{rel}","templated":true}]}}