{"id":3356,"date":"2024-04-10T17:08:03","date_gmt":"2024-04-10T15:08:03","guid":{"rendered":"https:\/\/floodlight-musicals.de\/?page_id=3356"},"modified":"2025-07-13T15:13:37","modified_gmt":"2025-07-13T13:13:37","slug":"presse","status":"publish","type":"page","link":"https:\/\/floodlight-musicals.de\/en\/presse\/","title":{"rendered":"press"},"content":{"rendered":"<div class=\"wp-block-group alignwide is-vertical is-layout-flex wp-container-core-group-is-layout-fe9cc265 wp-block-group-is-layout-flex\">\n<p><strong>Wir freuen uns, wenn Sie \u00fcber uns berichten! <\/strong><br>Sie d\u00fcrfen unsere Bilder unter Nennung des Vereines und der Fotografierenden nutzen.<br>Gerne h\u00f6ren wir von Ihnen, sollten Sie \u00fcber uns<\/p>\n\n\n\n<ul class=\"wp-block-list\">\n<li>einen Artikel ver\u00f6ffentlichen, <\/li>\n\n\n\n<li>weitere Informationen oder <\/li>\n\n\n\n<li>Zugang zu unseren Proben oder Auff\u00fchrungen haben wollen! <\/li>\n<\/ul>\n\n\n\n<p>Schreiben Sie eine Mail an: <a href=\"mailto:presse@floodlight-musicals.de\"><strong>presse@floodlight-musicals.de<\/strong><\/a><\/p>\n\n\n\n<div style=\"height:21px\" aria-hidden=\"true\" class=\"wp-block-spacer wp-container-content-a94db315\"><\/div>\n\n\n\n<h2 class=\"wp-block-heading is-style-default\">Pressemappe:<\/h2>\n<\/div>\n\n\n\n<div data-wp-interactive=\"core\/file\" class=\"wp-block-file alignwide\"><object data-wp-bind--hidden=\"!state.hasPdfPreview\" hidden class=\"wp-block-file__embed\" data=\"https:\/\/floodlight-musicals.de\/wp-content\/uploads\/2024\/10\/Vereinsflyer-Website.pdf\" type=\"application\/pdf\" style=\"width:100%;height:600px\" aria-label=\"Embed of Vereinsflyer Website.\"><\/object><a id=\"wp-block-file--media-a3b682bb-bcde-49dd-bd63-64efab7477c8\" href=\"https:\/\/floodlight-musicals.de\/wp-content\/uploads\/2024\/10\/Vereinsflyer-Website.pdf\">Vereinsflyer Website<\/a><a href=\"https:\/\/floodlight-musicals.de\/wp-content\/uploads\/2024\/10\/Vereinsflyer-Website.pdf\" class=\"wp-block-file__button wp-element-button\" download aria-describedby=\"wp-block-file--media-a3b682bb-bcde-49dd-bd63-64efab7477c8\">Herunterladen<\/a><\/div>\n\n\n\n<div class=\"wp-block-group alignwide is-vertical is-layout-flex wp-container-core-group-is-layout-fe9cc265 wp-block-group-is-layout-flex\">\n<h2 class=\"wp-block-heading\">Presse &#8222;THE PROM&#8220;<\/h2>\n\n\n\n<p>Floodlight Musicals bei den WDR2 Sonntagsfragen:<\/p>\n\n\n\n<iframe loading=\"lazy\" src=\"https:\/\/www.ardaudiothek.de\/embed\/episode\/14874345\/\" width=\"640px\" height=\"185px\" frameborder=\"0\" scrolling=\"no\"><\/iframe>\n\n\n\n<h2 class=\"wp-block-heading alignwide\">Presse &#8222;Into the Woods&#8220;<\/h2>\n\n\n\n<p><a href=\"https:\/\/www.aachener-zeitung.de\/lokales\/region-aachen\/wuerselen\/grosse-menschliche-themen-versteckt-im-maerchenwald\/13976435.html\" target=\"_blank\" rel=\"noreferrer noopener\">Aachener Zeitung am 15.06.2024<\/a><\/p>\n\n\n\n<p><a href=\"https:\/\/www1.wdr.de\/lokalzeit\/fernsehen\/aachen\/into-the-woods-musicalprojekt-von-studierenden-100.html\" target=\"_blank\" rel=\"noopener noreferrer nofollow\">Lokalzeit Aachen am 26.06.2024<\/a><\/p>\n<\/div>\n\n\n\n<div style=\"height:21px\" aria-hidden=\"true\" class=\"wp-block-spacer\"><\/div>\n\n\n\n<div class=\"wp-block-group alignwide is-vertical is-layout-flex wp-container-core-group-is-layout-fe9cc265 wp-block-group-is-layout-flex\">\n<h2 class=\"wp-block-heading\">Rezensionen von BARE:<\/h2>\n\n\n\n<figure class=\"wp-block-gallery has-nested-images columns-default is-cropped wp-block-gallery-1 is-layout-flex wp-block-gallery-is-layout-flex\">\n<figure class=\"wp-block-image size-large\"><img loading=\"lazy\" decoding=\"async\" width=\"819\" height=\"1024\" data-id=\"3361\" src=\"https:\/\/floodlight-musicals.de\/wp-content\/uploads\/2024\/04\/BARE_Social-Media_Zitat_1-819x1024.jpg\" alt=\"\" class=\"wp-image-3361\" srcset=\"https:\/\/floodlight-musicals.de\/wp-content\/uploads\/2024\/04\/BARE_Social-Media_Zitat_1-819x1024.jpg 819w, https:\/\/floodlight-musicals.de\/wp-content\/uploads\/2024\/04\/BARE_Social-Media_Zitat_1-240x300.jpg 240w, https:\/\/floodlight-musicals.de\/wp-content\/uploads\/2024\/04\/BARE_Social-Media_Zitat_1-768x960.jpg 768w, https:\/\/floodlight-musicals.de\/wp-content\/uploads\/2024\/04\/BARE_Social-Media_Zitat_1-600x750.jpg 600w, https:\/\/floodlight-musicals.de\/wp-content\/uploads\/2024\/04\/BARE_Social-Media_Zitat_1.jpg 1080w\" sizes=\"auto, (max-width: 819px) 100vw, 819px\" \/><\/figure>\n\n\n\n<figure class=\"wp-block-image size-large\"><img loading=\"lazy\" decoding=\"async\" width=\"819\" height=\"1024\" data-id=\"3360\" src=\"https:\/\/floodlight-musicals.de\/wp-content\/uploads\/2024\/04\/BARE_Social-Media_Zitat_4-819x1024.jpg\" alt=\"\" class=\"wp-image-3360\" srcset=\"https:\/\/floodlight-musicals.de\/wp-content\/uploads\/2024\/04\/BARE_Social-Media_Zitat_4-819x1024.jpg 819w, https:\/\/floodlight-musicals.de\/wp-content\/uploads\/2024\/04\/BARE_Social-Media_Zitat_4-240x300.jpg 240w, https:\/\/floodlight-musicals.de\/wp-content\/uploads\/2024\/04\/BARE_Social-Media_Zitat_4-768x960.jpg 768w, https:\/\/floodlight-musicals.de\/wp-content\/uploads\/2024\/04\/BARE_Social-Media_Zitat_4-600x750.jpg 600w, https:\/\/floodlight-musicals.de\/wp-content\/uploads\/2024\/04\/BARE_Social-Media_Zitat_4.jpg 1080w\" sizes=\"auto, (max-width: 819px) 100vw, 819px\" \/><\/figure>\n\n\n\n<figure class=\"wp-block-image size-large\"><img loading=\"lazy\" decoding=\"async\" width=\"819\" height=\"1024\" data-id=\"3362\" src=\"https:\/\/floodlight-musicals.de\/wp-content\/uploads\/2024\/04\/BARE_Social-Media_Zitat_6-819x1024.jpg\" alt=\"\" class=\"wp-image-3362\" srcset=\"https:\/\/floodlight-musicals.de\/wp-content\/uploads\/2024\/04\/BARE_Social-Media_Zitat_6-819x1024.jpg 819w, https:\/\/floodlight-musicals.de\/wp-content\/uploads\/2024\/04\/BARE_Social-Media_Zitat_6-240x300.jpg 240w, https:\/\/floodlight-musicals.de\/wp-content\/uploads\/2024\/04\/BARE_Social-Media_Zitat_6-768x960.jpg 768w, https:\/\/floodlight-musicals.de\/wp-content\/uploads\/2024\/04\/BARE_Social-Media_Zitat_6-600x750.jpg 600w, https:\/\/floodlight-musicals.de\/wp-content\/uploads\/2024\/04\/BARE_Social-Media_Zitat_6.jpg 1080w\" sizes=\"auto, (max-width: 819px) 100vw, 819px\" \/><\/figure>\n<\/figure>\n\n\n\n<h2 class=\"wp-block-heading\">Presse \u00fcber Floodlight Musicals<\/h2>\n\n\n\n<p><a href=\"https:\/\/www.buergerstiftung-aachen.de\/projekte\/kooperationsprojekte\/floodlight-musicals\" target=\"_blank\" rel=\"noopener noreferrer nofollow\">B\u00fcrgerstiftung Aachen<\/a><\/p>\n\n\n\n<p><a href=\"https:\/\/www.ardaudiothek.de\/episode\/urn:ard:episode:07e666f74fdb6c97\/\" target=\"_blank\" rel=\"noopener noreferrer nofollow\">Floodlight Musicals bei den WDR2 Sonntagsfragen<\/a><\/p>\n\n\n\n<div style=\"height:0px\" aria-hidden=\"true\" class=\"wp-block-spacer wp-container-content-a94db315\"><\/div>\n<\/div>","protected":false},"excerpt":{"rendered":"<p>Wir freuen uns, wenn Sie \u00fcber uns berichten! Sie d\u00fcrfen unsere Bilder unter Nennung des Vereines und der Fotografierenden nutzen.Gerne h\u00f6ren wir von Ihnen, sollten Sie \u00fcber uns Schreiben Sie eine Mail an: presse@floodlight-musicals.de Pressemappe: Presse &#8222;THE PROM&#8220; Floodlight Musicals bei den WDR2 Sonntagsfragen: Presse &#8222;Into the Woods&#8220; Aachener Zeitung am 15.06.2024 Lokalzeit Aachen am [&hellip;]<\/p>","protected":false},"author":15,"featured_media":0,"parent":0,"menu_order":18,"comment_status":"closed","ping_status":"closed","template":"","meta":{"_eb_attr":"","footnotes":""},"class_list":["post-3356","page","type-page","status-publish","hentry"],"_links":{"self":[{"href":"https:\/\/floodlight-musicals.de\/en\/wp-json\/wp\/v2\/pages\/3356","targetHints":{"allow":["GET"]}}],"collection":[{"href":"https:\/\/floodlight-musicals.de\/en\/wp-json\/wp\/v2\/pages"}],"about":[{"href":"https:\/\/floodlight-musicals.de\/en\/wp-json\/wp\/v2\/types\/page"}],"author":[{"embeddable":true,"href":"https:\/\/floodlight-musicals.de\/en\/wp-json\/wp\/v2\/users\/15"}],"replies":[{"embeddable":true,"href":"https:\/\/floodlight-musicals.de\/en\/wp-json\/wp\/v2\/comments?post=3356"}],"version-history":[{"count":4,"href":"https:\/\/floodlight-musicals.de\/en\/wp-json\/wp\/v2\/pages\/3356\/revisions"}],"predecessor-version":[{"id":7867,"href":"https:\/\/floodlight-musicals.de\/en\/wp-json\/wp\/v2\/pages\/3356\/revisions\/7867"}],"wp:attachment":[{"href":"https:\/\/floodlight-musicals.de\/en\/wp-json\/wp\/v2\/media?parent=3356"}],"curies":[{"name":"wp","href":"https:\/\/api.w.org\/{rel}","templated":true}]}}