{"id":3199,"date":"2024-04-09T15:43:59","date_gmt":"2024-04-09T13:43:59","guid":{"rendered":"https:\/\/floodlight-musicals.de\/?page_id=3199"},"modified":"2025-03-07T09:28:59","modified_gmt":"2025-03-07T08:28:59","slug":"kulturpass","status":"publish","type":"page","link":"https:\/\/floodlight-musicals.de\/en\/kulturpass\/","title":{"rendered":"THE PROM &#8211; Kulturpass"},"content":{"rendered":"<figure class=\"wp-block-image alignwide size-full has-custom-border is-style-rounded is-style-rounded--1\"><img loading=\"lazy\" decoding=\"async\" width=\"1920\" height=\"1080\" src=\"https:\/\/floodlight-musicals.de\/wp-content\/uploads\/2024\/04\/Kulturpass_Twitter_1200x675px_03.jpg\" alt=\"\" class=\"wp-image-3200\" style=\"border-width:10px\" srcset=\"https:\/\/floodlight-musicals.de\/wp-content\/uploads\/2024\/04\/Kulturpass_Twitter_1200x675px_03.jpg 1920w, https:\/\/floodlight-musicals.de\/wp-content\/uploads\/2024\/04\/Kulturpass_Twitter_1200x675px_03-300x169.jpg 300w, https:\/\/floodlight-musicals.de\/wp-content\/uploads\/2024\/04\/Kulturpass_Twitter_1200x675px_03-1024x576.jpg 1024w, https:\/\/floodlight-musicals.de\/wp-content\/uploads\/2024\/04\/Kulturpass_Twitter_1200x675px_03-768x432.jpg 768w, https:\/\/floodlight-musicals.de\/wp-content\/uploads\/2024\/04\/Kulturpass_Twitter_1200x675px_03-1536x864.jpg 1536w, https:\/\/floodlight-musicals.de\/wp-content\/uploads\/2024\/04\/Kulturpass_Twitter_1200x675px_03-600x338.jpg 600w\" sizes=\"auto, (max-width: 1920px) 100vw, 1920px\" \/><\/figure>\n\n\n\n<p>Der KulturPass ist ein Angebot der Bundesregierung f\u00fcr alle, die 2024 ihren 18. Geburtstag gefeiert haben! Du erh\u00e4ltst ein Budget von 100 Euro, das Du f\u00fcr Kulturangebote wie <strong>THE PROM<\/strong> einsetzen kannst.<\/p>\n\n\n\n<p>Alle, die 2025 18 werden m\u00fcssen noch abwarten, ob die neue Bundesregierung das Projekt ein weiteres Jahr verl\u00e4ngert<\/p>\n\n\n\n<p>\u00dcber diese Buttons kommst Du direkt zur Produktseite im Kulturpass:<\/p>\n\n\n\n<div class=\"wp-block-columns are-vertically-aligned-top is-layout-flex wp-container-core-columns-is-layout-28f84493 wp-block-columns-is-layout-flex\">\n<div class=\"wp-block-column is-vertically-aligned-top is-layout-flow wp-block-column-is-layout-flow\">\n<div class=\"wp-block-buttons is-content-justification-center is-layout-flex wp-container-core-buttons-is-layout-a89b3969 wp-block-buttons-is-layout-flex\">\n<div class=\"wp-block-button has-custom-width wp-block-button__width-75\"><a class=\"wp-block-button__link has-contrast-color has-base-background-color has-text-color has-background has-link-color wp-element-button\" href=\"https:\/\/storefront.prod.kulturpass.de\/product\/mp-04340339\/details\" target=\"_blank\" rel=\"noreferrer noopener\">Donnerstag, 17.07.25; 19 Uhr<\/a><\/div>\n<\/div>\n\n\n\n<div class=\"wp-block-buttons is-content-justification-center is-layout-flex wp-container-core-buttons-is-layout-a89b3969 wp-block-buttons-is-layout-flex\">\n<div class=\"wp-block-button has-custom-width wp-block-button__width-75\"><a class=\"wp-block-button__link has-contrast-color has-base-background-color has-text-color has-background has-link-color wp-element-button\" href=\"https:\/\/storefront.prod.kulturpass.de\/product\/mp-04351180\/details\" target=\"_blank\" rel=\"noreferrer noopener\">Freitag, 18.07.25; 19 Uhr<\/a><\/div>\n<\/div>\n<\/div>\n\n\n\n<div class=\"wp-block-column is-vertically-aligned-top is-layout-flow wp-block-column-is-layout-flow\">\n<div class=\"wp-block-buttons is-content-justification-center is-layout-flex wp-container-core-buttons-is-layout-a89b3969 wp-block-buttons-is-layout-flex\">\n<div class=\"wp-block-button has-custom-width wp-block-button__width-75\"><a class=\"wp-block-button__link has-contrast-color has-base-background-color has-text-color has-background has-link-color wp-element-button\" href=\"https:\/\/storefront.prod.kulturpass.de\/product\/mp-04340340\/details\" target=\"_blank\" rel=\"noreferrer noopener\">Samstag, 19.07.25; 19 Uhr<\/a><\/div>\n<\/div>\n\n\n\n<div class=\"wp-block-buttons is-content-justification-center is-layout-flex wp-container-core-buttons-is-layout-a89b3969 wp-block-buttons-is-layout-flex\">\n<div class=\"wp-block-button has-custom-width wp-block-button__width-75\"><a class=\"wp-block-button__link has-contrast-color has-base-background-color has-text-color has-background has-link-color wp-element-button\" href=\"https:\/\/storefront.prod.kulturpass.de\/product\/mp-04340341\/details\" target=\"_blank\" rel=\"noreferrer noopener\">Sonntag, 20.07.25; 18 Uhr<\/a><\/div>\n<\/div>\n<\/div>\n<\/div>\n\n\n\n<div style=\"height:25px\" aria-hidden=\"true\" class=\"wp-block-spacer\"><\/div>\n\n\n\n<h2 class=\"wp-block-heading\">Wie funktioniert&#8217;s?<\/h2>\n\n\n\n<p>Sobald Du im Kulturpass den Tag, an dem Du <strong>THE PROM <\/strong>sehen m\u00f6chtest, ausgew\u00e4hlt hast, musst Du Dich f\u00fcr eine Platzkategorie entscheiden. Entsprechend \u00e4ndert sich auch der Preis:<\/p>\n\n\n\n<figure class=\"wp-block-table\"><table><thead><tr><th>Kategorie<\/th><th>Preis<\/th><\/tr><\/thead><tbody><tr><td>Kategorie 1<\/td><td>44\u20ac<\/td><\/tr><tr><td>Kategorie 2<\/td><td>27,50\u20ac<\/td><\/tr><tr><td>Kategorie 3<\/td><td>16,50\u20ac<\/td><\/tr><\/tbody><\/table><figcaption class=\"wp-element-caption\">Wir bieten im Kulturpass nur die erm\u00e4\u00dfigten Preise an, da alle, die den Kulturpass beziehen der erm\u00e4\u00dfigten Gruppe angeh\u00f6ren.<\/figcaption><\/figure>\n\n\n\n<p>Du buchst Dein Angebot im Kulturpass und musst nun warten, bis wir Deine Buchung best\u00e4tigt haben.<\/p>\n\n\n\n<p>Sobald das passiert ist, bekommst Du einen Gutschein-Code in Deiner Kulturpass-App angezeigt. Diesen kopierst Du Dir und besuchst unsere Website. Hier legst Du Tickets f\u00fcr Deinen gew\u00fcnschten Tag in den Warenkorb (achte darauf bei der Kategorie &#8222;erm\u00e4\u00dfigt&#8220; auszuw\u00e4hlen!). Lasse Dir den Warenkorb anzeigen und klicke auf &#8222;Gutschein hinzuf\u00fcgen&#8220;. Hier gibst Du jetzt Deinen erhaltenen Gutscheincode an &#8211; und voil\u00e0!<\/p>\n\n\n\n<p>Wenn alles geklappt hat, kannst Du Dein Ticket kaufen, ohne Geld bezahlen zu m\u00fcssen.<\/p>\n\n\n\n<p>In den Tagen nach Deiner Bestellung wird die Buchung \u00fcber den Kulturpass von unserer Seite abgeschlossen.<\/p>\n\n\n\n<h2 class=\"wp-block-heading\">An wen wende ich mich bei Fragen?<\/h2>\n\n\n\n<p>Wenn Du Fragen hast, z\u00f6gere nicht, uns anzuschreiben! Du erreichst uns \u00fcber <a href=\"mailto:tickets@floodlight-musicals.de\">tickets@floodlight-musicals.de<\/a><\/p>\n\n\n\n<div style=\"height:65px\" aria-hidden=\"true\" class=\"wp-block-spacer\"><\/div>","protected":false},"excerpt":{"rendered":"<p>Der KulturPass ist ein Angebot der Bundesregierung f\u00fcr alle, die 2024 ihren 18. Geburtstag gefeiert haben! Du erh\u00e4ltst ein Budget von 100 Euro, das Du f\u00fcr Kulturangebote wie THE PROM einsetzen kannst. Alle, die 2025 18 werden m\u00fcssen noch abwarten, ob die neue Bundesregierung das Projekt ein weiteres Jahr verl\u00e4ngert \u00dcber diese Buttons kommst Du [&hellip;]<\/p>","protected":false},"author":8,"featured_media":0,"parent":0,"menu_order":16,"comment_status":"closed","ping_status":"closed","template":"","meta":{"_eb_attr":"","footnotes":""},"class_list":["post-3199","page","type-page","status-publish","hentry"],"_links":{"self":[{"href":"https:\/\/floodlight-musicals.de\/en\/wp-json\/wp\/v2\/pages\/3199","targetHints":{"allow":["GET"]}}],"collection":[{"href":"https:\/\/floodlight-musicals.de\/en\/wp-json\/wp\/v2\/pages"}],"about":[{"href":"https:\/\/floodlight-musicals.de\/en\/wp-json\/wp\/v2\/types\/page"}],"author":[{"embeddable":true,"href":"https:\/\/floodlight-musicals.de\/en\/wp-json\/wp\/v2\/users\/8"}],"replies":[{"embeddable":true,"href":"https:\/\/floodlight-musicals.de\/en\/wp-json\/wp\/v2\/comments?post=3199"}],"version-history":[{"count":6,"href":"https:\/\/floodlight-musicals.de\/en\/wp-json\/wp\/v2\/pages\/3199\/revisions"}],"predecessor-version":[{"id":7170,"href":"https:\/\/floodlight-musicals.de\/en\/wp-json\/wp\/v2\/pages\/3199\/revisions\/7170"}],"wp:attachment":[{"href":"https:\/\/floodlight-musicals.de\/en\/wp-json\/wp\/v2\/media?parent=3199"}],"curies":[{"name":"wp","href":"https:\/\/api.w.org\/{rel}","templated":true}]}}