{"id":3180,"date":"2024-04-08T23:02:02","date_gmt":"2024-04-08T21:02:02","guid":{"rendered":"https:\/\/floodlight-musicals.de\/?page_id=3180"},"modified":"2025-07-16T08:37:52","modified_gmt":"2025-07-16T06:37:52","slug":"agb","status":"publish","type":"page","link":"https:\/\/floodlight-musicals.de\/en\/shop\/agb\/","title":{"rendered":"AGB"},"content":{"rendered":"<h2 class=\"wp-block-heading\"><strong>Allgemeine Gesch\u00e4ftsbedingungen (AGB) f\u00fcr Veranstaltungen von \u201cFloodlight Musicals e.V.\u201d<\/strong><\/h2>\n\n\n\n<h3 class=\"wp-block-heading\"><strong>I. Geltungsbereich<\/strong><\/h3>\n\n\n\n<p>Die folgenden Allgemeinen Gesch\u00e4ftsbedingungen gelten f\u00fcr s\u00e4mtliche Veranstaltungen, die vom Verein \u201eFloodlight Musicals e.V.\u201c (im Folgenden \u201eVeranstalter\u201c) veranstaltet werden. Sie regeln das Vertragsverh\u00e4ltnis zwischen dem Erwerber sowie Inhaber von Eintrittskarten und dem \u201eFloodlight Musicals e.V.\u201c. Abweichende Allgemeine Gesch\u00e4ftsbedingungen des Kartenerwerbers sowie -inhabers haben keine G\u00fcltigkeit.<\/p>\n\n\n\n<h3 class=\"wp-block-heading\"><strong>II. Erwerb von Eintrittskarten<\/strong><\/h3>\n\n\n\n<p>Der Erwerb von Eintrittskarten f\u00fcr Veranstaltungen des \u201eFloodlight Musicals e.V.\u201c ist ausschlie\u00dflich \u00fcber folgende Wege m\u00f6glich:<\/p>\n\n\n\n<h4 class=\"wp-block-heading\"><strong>a) Online-Vorverkauf<\/strong><\/h4>\n\n\n\n<p>Der Online-Vorverkauf von Eintrittskarten ist ausschlie\u00dflich \u00fcber die offizielle Website des Vereins<a href=\"http:\/\/www.jazzandrockstagesindorf.de\/\" target=\"_blank\" rel=\"noopener noreferrer nofollow\"> <\/a><a href=\"https:\/\/floodlight-musicals.de\/en\/\">https:\/\/floodlight-musicals.de\/<\/a> m\u00f6glich. Unter der Rubrik \u201eTickets\u201c k\u00f6nnen Eintrittskarten \u00fcber den Ticketshop auf der Website des Veranstalters bestellt werden. Der Kaufbetrag f\u00fcr die bestellten Eintrittskarten inkl. hierin enthaltener Geb\u00fchren ist sofort zur Zahlung f\u00e4llig.<\/p>\n\n\n\n<p>Nach erfolgter Zahlung erh\u00e4lt der Erwerber wahlweise ein E-Mail-Ticket, das direkt ausgedruckt werden kann, oder ein Mobilticket, welches jeweils zum Eintritt berechtigt. Der Kaufvertrag zwischen Veranstalter und Kartenerwerber kommt erst nach erfolgter Zahlung zustande. Der Online-Erwerb von Eintrittskarten ist l\u00e4ngstens bis 24 Stunden vor Veranstaltungsbeginn m\u00f6glich.<\/p>\n\n\n\n<h4 class=\"wp-block-heading\"><strong>b) Vor-Ort-Vorverkauf<\/strong><\/h4>\n\n\n\n<p>Der Vor-Ort-Vorverkauf kann bei &#8222;Artemis BookShop&#8220; (Kleinmarschierstra\u00dfe 30-32) in Aachen erfolgen. Es gelten die Zahlungsbedingungen vor Ort.<\/p>\n\n\n\n<h4 class=\"wp-block-heading\"><strong>c) Abendkasse<\/strong><\/h4>\n\n\n\n<p>Nach Schlie\u00dfen des Vorverkaufs ist der Erwerb von Eintrittskarten ausschlie\u00dflich an der Abendkasse m\u00f6glich. Der Eintrittspreis ist grunds\u00e4tzlich in bar zu zahlen.<\/p>\n\n\n\n<h3 class=\"wp-block-heading\"><strong>III. Widerrufs- und R\u00fcckgaberechte<\/strong><\/h3>\n\n\n\n<p>Umtausch oder R\u00fcckgabe von erworbenen Eintrittskarten sind ausgeschlossen. Dies gilt auch f\u00fcr im Online-Vorverkauf erworbene Karten, da im Bereich der Freizeitbet\u00e4tigung mit fixiertem Leistungszeitpunkt gem\u00e4\u00df \u00a7 312 g Abs. 2 S. 1 Zf. 9 BGB eine Ausnahme vom bei Fernabsatzgesch\u00e4ften sonst bestehenden Widerrufs- und R\u00fcckgaberecht besteht, sowie f\u00fcr den Verlust von Eintrittskarten durch den Kunden<\/p>\n\n\n\n<p>Im Falle einer Absage der Veranstaltung durch den Veranstalter sowie eines Ausfalls wird der vollst\u00e4ndige Kaufpreis gegen Vorlage der erworbenen Eintrittskarten oder der Zahlungsbest\u00e4tigung erstattet. Die R\u00fcckzahlungen erfolgen im Falle eines Barerwerbs der Eintrittskarten in bar, im Falle der Zahlung per Paypal oder Kreditkarte unbar durch \u00dcberweisung auf ein vom Kunden anzugebendes Konto.<\/p>\n\n\n\n<h3 class=\"wp-block-heading\"><strong>IV. Weiterverkauf von Eintrittskarten<\/strong><\/h3>\n\n\n\n<p>Der private Weiterverkauf von Eintrittskarten ist gestattet, ein gewerbsm\u00e4\u00dfiger Weiterverkauf ist grunds\u00e4tzlich untersagt.<\/p>\n\n\n\n<h3 class=\"wp-block-heading\"><strong>V. Datenschutz<\/strong><\/h3>\n\n\n\n<p>Der \u201eFloodlight Musicals e.V.\u201c wird die vom Kartenerwerber \u00fcberlassenen Daten vertraulich behandeln. Wir erheben, verarbeiten und verwenden die im Rahmen des Ticketerwerbs erhobenen Daten in den geltenden rechtlichen Grenzen zum Zweck der Durchf\u00fchrung unserer Leistungen. Der \u201eFloodlight Musicals e.V.\u201c ist berechtigt, die \u00fcberlassenen Daten zur Durchf\u00fchrung der Bestellung an beauftragte Dritte zu \u00fcbermitteln, soweit dies zur Erf\u00fcllung des Auftrags erforderlich ist.<\/p>\n\n\n\n<h3 class=\"wp-block-heading\"><strong>VI. Sonstige Regelungen<\/strong><\/h3>\n\n\n\n<p>Der Zutritt zu Veranstaltungen ist nur mit g\u00fcltiger Eintrittskarte gestattet. Kinder und Jugendliche unter 16 Jahren haben nur in Begleitung eines Erziehungsberechtigten Zutritt.<\/p>\n\n\n\n<p>Der Veranstalter hat keinerlei Einfluss auf Gestaltung, L\u00e4nge, Inhalt und Lautst\u00e4rke der Veranstaltung.<\/p>\n\n\n\n<p>Das Anfertigen jedweder Art von Bild- und Tonaufnahmen, auch f\u00fcr den privaten Gebrauch, ist grunds\u00e4tzlich untersagt. Dies gilt auch f\u00fcr die Benutzung von Mobiltelefonen oder sonstiger Ger\u00e4te mit entsprechenden Funktionen zum Zweck der Bild- und Tonaufzeichnung.<\/p>\n\n\n\n<p>F\u00fcr Sch\u00e4den, die von Besuchern der Veranstaltungen an Einrichtungsgegenst\u00e4nden, Ger\u00e4ten oder sonstigen Einrichtungen des Veranstaltungsortes verursacht werden, haftet der Verursacher.<\/p>\n\n\n\n<p>Den Anweisungen des Ordnungspersonals ist Folge zu leisten. Der Veranstalter beh\u00e4lt sich das Recht vor, bei Nichteinhaltung einen sofortigen Ausschluss von der Veranstaltung ohne R\u00fcckerstattung des Eintrittspreises auszusprechen.<\/p>\n\n\n\n<p>Das Mitf\u00fchren von pyrotechnischen Gegenst\u00e4nden, Fackeln, Waffen oder anderen Gegenst\u00e4nden, von denen unter Umst\u00e4nden ein Gef\u00e4hrdungspotential ausgehen k\u00f6nnte, ist untersagt. Der Veranstalter beh\u00e4lt sich das Recht vor, bei Nichtbeachtung einen sofortigen Ausschluss von der Veranstaltung ohne R\u00fcckerstattung des Eintrittspreises auszusprechen.<\/p>\n\n\n\n<p>Das Vertreiben rechtsextremistischer Parolen und das Tragen solcher Symbole f\u00fchren zum sofortigen Ausschluss von der Veranstaltung ohne R\u00fcckerstattung des Eintrittspreises.<\/p>\n\n\n\n<p>Die Eintrittskarte verliert bei Verlassen des Veranstaltungsortes ihre G\u00fcltigkeit.<\/p>\n\n\n\n<p>Der Veranstalter beh\u00e4lt sich das Recht vor, die Veranstaltung \u00f6rtlich innerhalb des Gebietes der St\u00e4dteregion Aachen zu verlegen.<\/p>\n\n\n\n<p>Die Eintrittskarten behalten in diesem Fall ihre G\u00fcltigkeit, eine R\u00fccknahme ist ausgeschlossen.<\/p>\n\n\n\n<p>Der Veranstalter haftet nicht f\u00fcr besch\u00e4digte, verloren gegangene, gestohlene oder anderweitig abhanden gekommene Gegenst\u00e4nde.<\/p>\n\n\n\n<h3 class=\"wp-block-heading\"><strong>VII. Schlussbestimmungen<\/strong><\/h3>\n\n\n\n<p>Es gilt das Recht der Bundesrepublik Deutschland. Erf\u00fcllungsort und Gerichtsstand ist Aachen. Mit dem Kauf einer Eintrittskarte erkennen Sie die vorliegenden AGB als f\u00fcr sich verbindlich an. Sollten ein oder mehrere Bestimmungen dieser AGB unwirksam sein, so zieht dies nicht die Unwirksamkeit des gesamten Vertrages nach sich. Die unwirksame Regelung wird durch die einschl\u00e4gige gesetzliche Regelung ersetzt.<\/p>","protected":false},"excerpt":{"rendered":"<p>Allgemeine Gesch\u00e4ftsbedingungen (AGB) f\u00fcr Veranstaltungen von \u201cFloodlight Musicals e.V.\u201d I. Geltungsbereich Die folgenden Allgemeinen Gesch\u00e4ftsbedingungen gelten f\u00fcr s\u00e4mtliche Veranstaltungen, die vom Verein \u201eFloodlight Musicals e.V.\u201c (im Folgenden \u201eVeranstalter\u201c) veranstaltet werden. Sie regeln das Vertragsverh\u00e4ltnis zwischen dem Erwerber sowie Inhaber von Eintrittskarten und dem \u201eFloodlight Musicals e.V.\u201c. Abweichende Allgemeine Gesch\u00e4ftsbedingungen des Kartenerwerbers sowie -inhabers haben keine [&hellip;]<\/p>","protected":false},"author":11,"featured_media":0,"parent":60,"menu_order":15,"comment_status":"closed","ping_status":"closed","template":"","meta":{"_eb_attr":"","footnotes":""},"class_list":["post-3180","page","type-page","status-publish","hentry"],"_links":{"self":[{"href":"https:\/\/floodlight-musicals.de\/en\/wp-json\/wp\/v2\/pages\/3180","targetHints":{"allow":["GET"]}}],"collection":[{"href":"https:\/\/floodlight-musicals.de\/en\/wp-json\/wp\/v2\/pages"}],"about":[{"href":"https:\/\/floodlight-musicals.de\/en\/wp-json\/wp\/v2\/types\/page"}],"author":[{"embeddable":true,"href":"https:\/\/floodlight-musicals.de\/en\/wp-json\/wp\/v2\/users\/11"}],"replies":[{"embeddable":true,"href":"https:\/\/floodlight-musicals.de\/en\/wp-json\/wp\/v2\/comments?post=3180"}],"version-history":[{"count":4,"href":"https:\/\/floodlight-musicals.de\/en\/wp-json\/wp\/v2\/pages\/3180\/revisions"}],"predecessor-version":[{"id":8178,"href":"https:\/\/floodlight-musicals.de\/en\/wp-json\/wp\/v2\/pages\/3180\/revisions\/8178"}],"up":[{"embeddable":true,"href":"https:\/\/floodlight-musicals.de\/en\/wp-json\/wp\/v2\/pages\/60"}],"wp:attachment":[{"href":"https:\/\/floodlight-musicals.de\/en\/wp-json\/wp\/v2\/media?parent=3180"}],"curies":[{"name":"wp","href":"https:\/\/api.w.org\/{rel}","templated":true}]}}