{"id":3051,"date":"2024-07-01T15:54:52","date_gmt":"2024-07-01T13:54:52","guid":{"rendered":"https:\/\/floodlight-musicals.de\/?page_id=3051"},"modified":"2024-07-23T16:51:24","modified_gmt":"2024-07-23T14:51:24","slug":"rent","status":"publish","type":"page","link":"https:\/\/floodlight-musicals.de\/en\/rent\/","title":{"rendered":"RENT"},"content":{"rendered":"<figure class=\"wp-block-image alignfull size-full\"><img loading=\"lazy\" decoding=\"async\" width=\"1920\" height=\"576\" src=\"https:\/\/floodlight-musicals.de\/wp-content\/uploads\/2024\/07\/RENT-Banner.jpg\" alt=\"\" class=\"wp-image-5504\" srcset=\"https:\/\/floodlight-musicals.de\/wp-content\/uploads\/2024\/07\/RENT-Banner.jpg 1920w, https:\/\/floodlight-musicals.de\/wp-content\/uploads\/2024\/07\/RENT-Banner-300x90.jpg 300w, https:\/\/floodlight-musicals.de\/wp-content\/uploads\/2024\/07\/RENT-Banner-1024x307.jpg 1024w, https:\/\/floodlight-musicals.de\/wp-content\/uploads\/2024\/07\/RENT-Banner-768x230.jpg 768w, https:\/\/floodlight-musicals.de\/wp-content\/uploads\/2024\/07\/RENT-Banner-1536x461.jpg 1536w, https:\/\/floodlight-musicals.de\/wp-content\/uploads\/2024\/07\/RENT-Banner-600x180.jpg 600w\" sizes=\"auto, (max-width: 1920px) 100vw, 1920px\" \/><\/figure>\n\n\n\n<h3 class=\"wp-block-heading has-text-align-center\">RENT<\/h3>\n\n\n\n<div class=\"wp-block-group has-global-padding is-layout-constrained wp-block-group-is-layout-constrained\">\n<hr class=\"wp-block-separator has-text-color has-base-color has-alpha-channel-opacity has-base-background-color has-background is-style-wide\"\/>\n\n\n\n<div class=\"wp-block-group is-vertical is-content-justification-center is-layout-flex wp-container-core-group-is-layout-279bab2c wp-block-group-is-layout-flex\" style=\"margin-top:var(--wp--preset--spacing--10);margin-bottom:var(--wp--preset--spacing--10);padding-top:0;padding-right:0;padding-bottom:0;padding-left:0\">\n<p class=\"has-text-align-center\">Originalkonzept und zus\u00e4tzliche Liedtexte Billy Aronson<\/p>\n\n\n\n<p>Arrangements Steve Skinner<\/p>\n\n\n\n<p class=\"has-text-align-center\">Musikalische \u00dcberwachung und zus\u00e4tzliche Arrangements Tim Weil<\/p>\n\n\n\n<p>Dramaturgie Lynn Thomson<\/p>\n\n\n\n<p class=\"has-text-align-center\">Die Originalproduktion von RENT wurde in New York vom New York Theatre Workshop und am Broadway von Jeffrey Seller, Kevin McCollum, Allan S. Gordon \u2028und dem New York Theatre Workshop durchgef\u00fchrt<strong>.<\/strong><\/p>\n\n\n\n<p class=\"has-text-align-center\">Die \u00dcbertragung des Auff\u00fchrungsrechtes erfolgt in \u00dcbereinkunft mit MUSIC THEATRE INTERNATIONAL (EUROPE) LTD, London. B\u00fchnenvertrieb in Deutschland: MUSIK UND B\u00dcHNE Verlagsgesellschaft mbH, Wiesbaden.<\/p>\n<\/div>\n\n\n\n<hr class=\"wp-block-separator has-text-color has-base-color has-alpha-channel-opacity has-base-background-color has-background\"\/>\n<\/div>\n\n\n\n<h3 class=\"wp-block-heading\">RENT: ber\u00fchrende Geschichten, urspr\u00fcnglich aus dem New Yorker East Village der 90er Jahre<\/h3>\n\n\n\n<p>Die Geschichten der jungen RENT Protagonisten aus dem New Yorker East Village haben von ihrer Aktualit\u00e4t bis heute nichts eingeb\u00fc\u00dft \u2013 sie erz\u00e4hlen von der Liebe, der Suche nach sich selbst und dem Leben im Hier und Jetzt. Heutige Themen wie Wohnungsnot, Drogenabh\u00e4ngigkeit, Rassismus und AIDS finden sich in RENT&nbsp;ebenso wie der zeitlose Glaube an die Liebe, die Kraft der Freundschaft und die Menschlichkeit. RENT folgt<br>in groben Z\u00fcgen der Handlung der Oper&nbsp;<em>La Boh\u00e8me&nbsp;<\/em>von Giacomo Puccini, spricht aber die Sprache junger Leute. Menschen von heute begegnen in RENT den Herausforderungen des Lebens mit Liebe, Freundschaft und Humor.<\/p>\n\n\n\n<h3 class=\"wp-block-heading\">RENT: das legend\u00e4re Rock-Musical mit ergreifenden Songs, die zu Welthits wurden<\/h3>\n\n\n\n<p>Die unvergesslichen Hit-Songs von Jonathan Larson und eine neue \u00c4sthetik machten RENT zum bahnbrechenden Musical der 90er Jahre, das das Genre revolutionierte und ein neues Publikum in die Theater zog. Ins Ohr gehende Rock-Musik ist das musikalische Herz von RENT \u2013 das musikalische Spektrum reicht jedoch bis zu Salsa, Motown, Be-Bop und sogar Reggae. Songs wie&nbsp;<em>Seasons of Love&nbsp;<\/em>wurden zu Hymnen einer ganzen Generation und sind bis heute fester Bestandteil der Popkultur.<\/p>\n\n\n\n<h3 class=\"wp-block-heading\">RENT: Anlehnung an Puccinis Oper \u201eLa Boh\u00e8me\u201c<\/h3>\n\n\n\n<p>RENT ist von der Puccini Oper&nbsp;<em>La Boh\u00e8me&nbsp;<\/em>inspiriert, die vom Lieben, Leiden und Leben gew\u00f6hnlicher Menschen handelt. Viele Charaktere und Handlungselemente in RENT stammen aus der ber\u00fchmten Oper, die ihre Premiere genau 100 Jahre vor RENT feierte. W\u00e4hrend in Puccinis Werk die Tuberkulose eine schwere Last der Protagonisten ist, ist es AIDS im Musical von Jonathan Larson. Manche Figuren in RENT reflektieren auch Charaktere aus&nbsp;<em>La Boh\u00e8me<\/em>, ohne direkte Adaptionen zu sein. Musikalisch verbeugt sich Jonathan Larson vor dem Werk Giacomo Puccinis in Songs wie:&nbsp;<em>Tango Maureen<\/em>,&nbsp;<em>Light my Candle<\/em>,&nbsp;<em>Goodbye Love&nbsp;<\/em>oder&nbsp;<em>Take Me or Leave Me<\/em>.<\/p>\n\n\n\n<p>RENT. Das Rockmusical des amerikanischen Komponisten Jonathan Larson \u2013 nach&nbsp; 21 Jahren immer noch erschreckend aktuell, vereint in unnachahmlicher Form alle diese Themen.<\/p>\n\n\n\n<p>Mark und sein bester Freund Roger leben zusammen im armen New Yorker Stadtteil \u201eAlphabet City\u201c, wo die Menschen zwischen Drogen und Krankheit teilweise sogar in Zelten hausen.<\/p>\n\n\n\n<p>Benny, ihr ehemaliger, nun dem Reichtum verfallenen Exmitbewohner droht ihnen mit dem Rausschmiss, um seinen vision\u00e4ren Traum zu verwirklichen.<\/p>\n\n\n\n<p>Maureen, Marks Exfreundin plant einen Protestauftritt gegen die Zwangsr\u00e4umung, die auch ihre Probenr\u00e4ume betrifft. Joanne, Maureens neue Freundin l\u00e4sst sich von Maureen in den Bann einer ihr fremden Welt ziehen.<\/p>\n\n\n\n<p>Die junge T\u00e4nzerin Mimi lernt durch Zufall den depressiven Roger kennen und die beiden verlieben sich aller Probleme zum Trotz.<\/p>\n\n\n\n<p>Der (ehemalige MIT-Angeh\u00f6rige) Technikphilosoph Collins wird ausgeraubt und lernt durch eine engelsgleiche Begegnung wieder an die Menschlichkeit zu glauben.<\/p>\n\n\n\n<p>Obwohl die Charaktere der jungen Protagonisten zun\u00e4chst nicht besonders herausragend wirken m\u00f6gen, entbl\u00f6\u00dfen sie w\u00e4hrend des Verlauf des St\u00fcckes immer weiter ihre Tiefe und jeder einzelne erf\u00e4hrt eine einzigartige Entwicklung. Eine Entwicklung, die ihre Freundschaft und den Zusammenhalt ihrer Gemeinschaft immer weiter zusammenwachsen l\u00e4sst.<\/p>\n\n\n\n<p>Durch Liebe, Hass, Schuld und Erlebnisse verkn\u00fcpft, trotzen sie dem Gleichschritt unserer technisierten und anonymisierten Gesellschaft.<\/p>\n\n\n\n<p>Neben seiner ber\u00fchrenden Geschichte \u00fcberzeugt das Muscial Rent durch seine vielseitigen Einzelst\u00fccke.<\/p>\n\n\n\n<p>Fast komplett musikalisch untermalt und durchgesungen, \u00fcberrascht die Musik auf geniale Weise immer wieder auf Neue, unterst\u00fctzt die Nuancen der Handlung und verwebt schon bekannte Themen.<\/p>\n\n\n\n<p>Aufgef\u00fchrt im englischen Original mit deutschen Untertiteln.<\/p>\n\n\n\n<div style=\"height:28px\" aria-hidden=\"true\" class=\"wp-block-spacer\"><\/div>\n\n\n\n<div class=\"wp-block-group alignwide is-vertical is-layout-flex wp-container-core-group-is-layout-67710c2e wp-block-group-is-layout-flex\" style=\"margin-top:0;margin-bottom:0;padding-top:0;padding-bottom:0\">\n<div class=\"wp-block-group alignwide is-vertical is-layout-flex wp-container-core-group-is-layout-fe9cc265 wp-block-group-is-layout-flex\">\n<h2 class=\"wp-block-heading alignwide\"><strong>Cast<\/strong><\/h2>\n\n\n\n<p>Rodger Davis: Simon Braun &amp; Phillip Jeschke<\/p>\n\n\n\n<p>Thomas B. Collins: Lukas Kaiser &amp; Jonathan Wendt<\/p>\n\n\n\n<p>Benjamin Coffin: Jonathan Wendt &amp; Vanchinathan Ganesan<\/p>\n\n\n\n<p>Mark Cohen: Pinkas Hoffmann &amp; Tobias Holle<\/p>\n\n\n\n<p>Joanne Jefferson: Nele van der Mond &amp; Lisa Loskamp<\/p>\n\n\n\n<p>Maureen Johnson: Nilufar Toutianoush &amp; Natalie Slowik<\/p>\n\n\n\n<p>Mimi Marquez: Natalie Slowik &amp; Pauka Oberfeier<\/p>\n\n\n\n<p>Angel Dumont Schunard: Isabelle Huppertz &amp; Wenzel Neuh\u00f6fer<\/p>\n\n\n\n<p>Mrs Davis: Sophie Sch\u00f6ffel<\/p>\n\n\n\n<p>Mr Jefferson: Deniz Kalaman<\/p>\n\n\n\n<p>Alexi Darling, Mrs Marquez: Elisabeth Wendt<\/p>\n\n\n\n<p>Mrs Cohen, Mrs Jefferson: Marijke Siemens<\/p>\n\n\n\n<p>Ensemble: Alicia Enkirch, Amanda Egge, Chiara Bini, Christian Feltes, Deniz Kalaman, Diana Schoel, Elisa Ehret, Elisabeth Wendt, Finja Berau, Johannes Seiffahrt, Karanjot Kaur, Lauredane Tourniaire, Leonie Schmidt, Maja Ebell, Marijke Siemens, Pinkas Hoffmann, Sophie Sch\u00f6ffel<\/p>\n<\/div>\n<\/div>\n\n\n\n<div style=\"height:28px\" aria-hidden=\"true\" class=\"wp-block-spacer\"><\/div>\n\n\n\n<div class=\"wp-block-group alignwide is-vertical is-layout-flex wp-container-core-group-is-layout-67710c2e wp-block-group-is-layout-flex\" style=\"margin-top:0;margin-bottom:0;padding-top:0;padding-bottom:0\">\n<h2 class=\"wp-block-heading alignwide\"><strong>Band<\/strong><\/h2>\n\n\n\n<div class=\"wp-block-group alignwide is-vertical is-layout-flex wp-container-core-group-is-layout-fe9cc265 wp-block-group-is-layout-flex\">\n<div style=\"height:1px\" aria-hidden=\"true\" class=\"wp-block-spacer wp-container-content-eff6f568\"><\/div>\n\n\n\n<p>Bandleitung: Erik Frach<\/p>\n\n\n\n<p>Keyboard: Felix Lukassen &amp; Moadh Arfa<\/p>\n\n\n\n<p>Gitarre: Steffen Bertels &amp; Lukas Kaiser<\/p>\n\n\n\n<p>Bass: Daniel Gotzens<\/p>\n\n\n\n<p>Gitarre\/Percussion: Nicolas B\u00fclk<\/p>\n\n\n\n<p>Schlagzeug: Benedikt Maurer<\/p>\n<\/div>\n<\/div>\n\n\n\n<div style=\"height:28px\" aria-hidden=\"true\" class=\"wp-block-spacer\"><\/div>\n\n\n\n<div class=\"wp-block-group alignwide is-vertical is-layout-flex wp-container-core-group-is-layout-67710c2e wp-block-group-is-layout-flex\" style=\"margin-top:0;margin-bottom:0;padding-top:0;padding-bottom:0\">\n<h2 class=\"wp-block-heading alignwide\"><strong>Kreativ- und Organisationsteam<\/strong><\/h2>\n\n\n\n<div class=\"wp-block-group alignwide is-vertical is-layout-flex wp-container-core-group-is-layout-fe9cc265 wp-block-group-is-layout-flex\">\n<div style=\"height:1px\" aria-hidden=\"true\" class=\"wp-block-spacer wp-container-content-eff6f568\"><\/div>\n\n\n\n<p>Regie &amp; Organisation: Mitko Valtchev, Luise Blodau &amp; Claire Boh<\/p>\n\n\n\n<p>Gesangliche Leitung: Max Battefeld<\/p>\n\n\n\n<p>Musikalische Leitung: Erik Frach<\/p>\n\n\n\n<p>Organisation: Pinkas Hoffmann &amp; Svenja Borgmann<\/p>\n\n\n\n<p>Finanzleitung: Maria Spethmann<\/p>\n<\/div>\n<\/div>","protected":false},"excerpt":{"rendered":"<p>RENT Originalkonzept und zus\u00e4tzliche Liedtexte Billy Aronson Arrangements Steve Skinner Musikalische \u00dcberwachung und zus\u00e4tzliche Arrangements Tim Weil Dramaturgie Lynn Thomson Die Originalproduktion von RENT wurde in New York vom New York Theatre Workshop und am Broadway von Jeffrey Seller, Kevin McCollum, Allan S. Gordon \u2028und dem New York Theatre Workshop durchgef\u00fchrt. Die \u00dcbertragung des Auff\u00fchrungsrechtes [&hellip;]<\/p>","protected":false},"author":15,"featured_media":0,"parent":0,"menu_order":0,"comment_status":"closed","ping_status":"closed","template":"","meta":{"_eb_attr":"","footnotes":""},"class_list":["post-3051","page","type-page","status-publish","hentry"],"_links":{"self":[{"href":"https:\/\/floodlight-musicals.de\/en\/wp-json\/wp\/v2\/pages\/3051","targetHints":{"allow":["GET"]}}],"collection":[{"href":"https:\/\/floodlight-musicals.de\/en\/wp-json\/wp\/v2\/pages"}],"about":[{"href":"https:\/\/floodlight-musicals.de\/en\/wp-json\/wp\/v2\/types\/page"}],"author":[{"embeddable":true,"href":"https:\/\/floodlight-musicals.de\/en\/wp-json\/wp\/v2\/users\/15"}],"replies":[{"embeddable":true,"href":"https:\/\/floodlight-musicals.de\/en\/wp-json\/wp\/v2\/comments?post=3051"}],"version-history":[{"count":4,"href":"https:\/\/floodlight-musicals.de\/en\/wp-json\/wp\/v2\/pages\/3051\/revisions"}],"predecessor-version":[{"id":5612,"href":"https:\/\/floodlight-musicals.de\/en\/wp-json\/wp\/v2\/pages\/3051\/revisions\/5612"}],"wp:attachment":[{"href":"https:\/\/floodlight-musicals.de\/en\/wp-json\/wp\/v2\/media?parent=3051"}],"curies":[{"name":"wp","href":"https:\/\/api.w.org\/{rel}","templated":true}]}}