{"id":3050,"date":"2024-07-02T14:09:52","date_gmt":"2024-07-02T12:09:52","guid":{"rendered":"https:\/\/floodlight-musicals.de\/?page_id=3050"},"modified":"2024-07-23T17:14:45","modified_gmt":"2024-07-23T15:14:45","slug":"gala-2018","status":"publish","type":"page","link":"https:\/\/floodlight-musicals.de\/en\/gala-2018\/","title":{"rendered":"Gala 2018"},"content":{"rendered":"<figure class=\"wp-block-image alignfull size-full\"><img loading=\"lazy\" decoding=\"async\" width=\"1920\" height=\"576\" src=\"https:\/\/floodlight-musicals.de\/wp-content\/uploads\/2024\/07\/Gala-Banner-1.jpg\" alt=\"\" class=\"wp-image-5581\" srcset=\"https:\/\/floodlight-musicals.de\/wp-content\/uploads\/2024\/07\/Gala-Banner-1.jpg 1920w, https:\/\/floodlight-musicals.de\/wp-content\/uploads\/2024\/07\/Gala-Banner-1-300x90.jpg 300w, https:\/\/floodlight-musicals.de\/wp-content\/uploads\/2024\/07\/Gala-Banner-1-1024x307.jpg 1024w, https:\/\/floodlight-musicals.de\/wp-content\/uploads\/2024\/07\/Gala-Banner-1-768x230.jpg 768w, https:\/\/floodlight-musicals.de\/wp-content\/uploads\/2024\/07\/Gala-Banner-1-1536x461.jpg 1536w, https:\/\/floodlight-musicals.de\/wp-content\/uploads\/2024\/07\/Gala-Banner-1-600x180.jpg 600w\" sizes=\"auto, (max-width: 1920px) 100vw, 1920px\" \/><\/figure>\n\n\n\n<p>Kaum ein Thema zieht sich durch die Geschichte der Menschheit, wie das der Revolutionen. Meist durch Unterdr\u00fcckung hervorgebracht und durch Menschen aus gef\u00fchrt, die ihren Mut zusammen nahmen, um ihr Leben zu verbessern. Die Franz\u00f6sische Revolution ist in Europa bis heute eine der Pr\u00e4gendsten, aber nicht nur sie, sondern unz\u00e4hlige andere haben die Menschheit dahin gebracht, wo sie heute steht.<\/p>\n\n\n\n<div class=\"wp-block-columns is-layout-flex wp-container-core-columns-is-layout-28f84493 wp-block-columns-is-layout-flex\">\n<div class=\"wp-block-column is-layout-flow wp-block-column-is-layout-flow\" style=\"flex-basis:33.33%\">\n<figure class=\"wp-block-image size-full\"><img loading=\"lazy\" decoding=\"async\" width=\"366\" height=\"1002\" src=\"https:\/\/floodlight-musicals.de\/wp-content\/uploads\/2024\/07\/Figur2.png\" alt=\"\" class=\"wp-image-5583\" srcset=\"https:\/\/floodlight-musicals.de\/wp-content\/uploads\/2024\/07\/Figur2.png 366w, https:\/\/floodlight-musicals.de\/wp-content\/uploads\/2024\/07\/Figur2-110x300.png 110w\" sizes=\"auto, (max-width: 366px) 100vw, 366px\" \/><\/figure>\n<\/div>\n\n\n\n<div class=\"wp-block-column is-layout-flow wp-block-column-is-layout-flow\" style=\"flex-basis:66.66%\">\n<p>Es ist also kein Wunder, dass sich auch die Kunst umfassend mit diesem Themenspektrum befasst. So auch die Musical Gala, die durch Floodlight Musicals veranstaltet wird. Nat\u00fcrlich werden dabei Klassiker aufgegriffen, wie&nbsp;<em>Les Miserables&nbsp;<\/em>oder die Leiden des Volkes von&nbsp;<em>Elisabeth<\/em>. Doch besch\u00e4ftigt sich die Gala nicht nur mit den gro\u00dfen Revolutionen der Geschichte, sondern auch mit den sehr pers\u00f6nlichen, \u201ckleinen\u201d Revolutionen, die einen jeden pers\u00f6nlich betreffen. Es geht um das Rebellieren im Kindesalter gegen die Vorstellung der Erwachsenen. Um das Aufwachsen und Sich-Finden in einer Welt voller Regeln und Erwartungen. Um die Verwirrungen in der Jugend und die Auflehnung von gesellschaftlichen Konventionen im Kontrast zur individuellen Pers\u00f6nlichkeit.<\/p>\n<\/div>\n<\/div>\n\n\n\n<div style=\"height:11px\" aria-hidden=\"true\" class=\"wp-block-spacer\"><\/div>\n\n\n\n<div class=\"wp-block-columns is-layout-flex wp-container-core-columns-is-layout-28f84493 wp-block-columns-is-layout-flex\">\n<div class=\"wp-block-column is-layout-flow wp-block-column-is-layout-flow\" style=\"flex-basis:66.66%\">\n<p>Dabei finden sich unterschiedlichste Werke aus den Musicals&nbsp;<em>Mathilda<\/em>,&nbsp;<em>Spring Awakening<\/em>,&nbsp;<em>Rent<\/em>,&nbsp;<em>Wicked<\/em> und vielen weiteren wieder. Es wird ein Abend an dem das Publikum eintaucht in eine Welt voller Revolutionen, die \u00c4ngste und Sorgen mitzutragen beginnt aber auch die Momente voller Hoffnung und Aufbruch erlebt, f\u00fcr die es sich zu k\u00e4mpfen lohnt. Ein Thema, das im Zuge der politischen Situation weltweit kaum aktueller sein k\u00f6nnte und gleichzeitig so alt ist wie die Menschheit selbst.<\/p>\n\n\n\n<p>Die Inszenierungen reichen von klassischen Musical-Darstellungen \u00fcber zeitgen\u00f6ssische&nbsp; minimalistischen St\u00fccke zu gro\u00dfen Szenerien mit aktuellen und modernen Kompositionen. Die Zuschauer erwartet ein h\u00f6chst abwechslungsreiches Programm, mit H\u00f6hen, Tiefen und berauschendem Gef\u00fchl.<\/p>\n<\/div>\n\n\n\n<div class=\"wp-block-column is-layout-flow wp-block-column-is-layout-flow\" style=\"flex-basis:33.33%\">\n<figure class=\"wp-block-image size-full\"><img loading=\"lazy\" decoding=\"async\" width=\"350\" height=\"1010\" src=\"https:\/\/floodlight-musicals.de\/wp-content\/uploads\/2024\/07\/Figur6.png\" alt=\"\" class=\"wp-image-5584\" srcset=\"https:\/\/floodlight-musicals.de\/wp-content\/uploads\/2024\/07\/Figur6.png 350w, https:\/\/floodlight-musicals.de\/wp-content\/uploads\/2024\/07\/Figur6-104x300.png 104w\" sizes=\"auto, (max-width: 350px) 100vw, 350px\" \/><\/figure>\n<\/div>\n<\/div>\n\n\n\n<h2 class=\"wp-block-heading\">Das Programm<\/h2>\n\n\n\n<ol class=\"wp-block-list\">\n<li>&#8222;Revolting Children&#8220; (Mathilda)<\/li>\n\n\n\n<li>&#8222;Don&#8217;t Break the Rules&#8220; (Catch Me If You Can)<\/li>\n\n\n\n<li>&#8222;All Grown Up&#8220; (Bare)<\/li>\n\n\n\n<li>&#8222;Totally Fucked&#8220; (Spring Awakening)<\/li>\n\n\n\n<li>&#8222;Mama Who Bore Me&#8220; (Spring Awakening)<\/li>\n\n\n\n<li>&#8222;Mama Who Bore Me &#8211; Reprise&#8220; (Spring Awakening)<\/li>\n\n\n\n<li>&#8222;Contact&#8220; (Rent)<\/li>\n\n\n\n<li>&#8222;Take Me Or Leave Me&#8220; (Rent)<\/li>\n\n\n\n<li>&#8222;Another Day&#8220; (Rent)<\/li>\n\n\n\n<li>&#8222;Defying Gravity&#8220; (Wicked)<\/li>\n\n\n\n<li>&#8222;Waving Through A Window&#8220; (Dear Evan Hansen)<\/li>\n\n\n\n<li>&#8222;Dissapear&#8220; (Dear Evan Hansen&#8220;<\/li>\n\n\n\n<li>&#8222;Good For You&#8220; (Dear Evan Hansen)<\/li>\n\n\n\n<li>&#8222;Proud Of Your Boy&#8220; (Aladdin)<\/li>\n\n\n\n<li>&#8222;These Palace Walls&#8220; (Aladdin)<\/li>\n\n\n\n<li>&#8222;A Whole New World&#8220; (Aladdin)<\/li>\n\n\n\n<li>&#8222;Du Bleibst Bei mir&#8220; (Rudolf)<\/li>\n\n\n\n<li>&#8222;Do You Hear&#8230;?&#8220; (Les Miserable)<\/li>\n\n\n\n<li>&#8222;Stars&#8220; (Les Miserable)<\/li>\n\n\n\n<li>&#8222;One Day More&#8220; (Les Miserable)<\/li>\n\n\n\n<li>&#8222;My Shot&#8220; (Hamilton)<\/li>\n\n\n\n<li>&#8222;History Has Its Eyes On You&#8220; (Hamitlon)<\/li>\n\n\n\n<li>&#8222;Yorktown&#8220; (Hamilton)<\/li>\n<\/ol>\n\n\n\n<div style=\"height:28px\" aria-hidden=\"true\" class=\"wp-block-spacer\"><\/div>\n\n\n\n<div class=\"wp-block-group alignwide is-vertical is-layout-flex wp-container-core-group-is-layout-67710c2e wp-block-group-is-layout-flex\" style=\"margin-top:0;margin-bottom:0;padding-top:0;padding-bottom:0\">\n<div class=\"wp-block-group alignwide is-vertical is-layout-flex wp-container-core-group-is-layout-fe9cc265 wp-block-group-is-layout-flex\">\n<h2 class=\"wp-block-heading alignwide\"><strong>Ensemble<\/strong><\/h2>\n\n\n\n<p>Solisten sind <strong>fett <\/strong>geschrieben.<\/p>\n\n\n\n<p><strong>Alina Wolff<\/strong>, Anja Brimmers, Anna Niessing, Anne Krampe, <strong>Carolin G\u00f6bel<\/strong>, <strong>Christian Feltes<\/strong>, Christina Stergianou, Denise Kahn, <strong>Deniz Kent<\/strong>, Dina Schoel, <strong>Felix Schmitz<\/strong>, <strong>Isabelle Huppertz<\/strong>, Jana Freiburg, Johannes Kieser, <strong>Jonathan Wendt<\/strong>, <strong>Josephine Thiesen<\/strong>, Juliana Weise, <strong>Katharina Wehrmeister<\/strong>, <strong>Katrin Hecker<\/strong>, <strong>Levin Engbrocks<\/strong>, <strong>Lisa Loskamp<\/strong>, Lisa Neumaier, Lisa Novak,<strong> Lukas Kaiser<\/strong>, Maite Wollersheim, <strong>Marcos de Luis Bolinaga<\/strong>, <strong>Maren H\u00fclsmann<\/strong>, Maria Collee, Marijke Siemens, <strong>Martin Hug<\/strong>, Maya Reuscher, Mendy T\u00f6nsfeuerborn, Miriam Razavi, <strong>Natalie Slowik<\/strong>, <strong>Nilufar Toutianoush<\/strong>, <strong>Paula Oberfeier<\/strong>, Pauline Weismann, <strong>Rebecca Flecken<\/strong>, <strong>Pinkas Hoffman<\/strong>, <strong>Simon Braun<\/strong>, Svenja Borgmann, Tobias Holle, <strong>Tonny Ai<\/strong>, <strong>Wenzel Neuh\u00f6fer<\/strong>, <strong>Younes M\u00fcller<\/strong>, <strong>Yvonne Davis<\/strong><\/p>\n<\/div>\n<\/div>\n\n\n\n<div style=\"height:28px\" aria-hidden=\"true\" class=\"wp-block-spacer\"><\/div>\n\n\n\n<div class=\"wp-block-group alignwide is-vertical is-layout-flex wp-container-core-group-is-layout-67710c2e wp-block-group-is-layout-flex\" style=\"margin-top:0;margin-bottom:0;padding-top:0;padding-bottom:0\">\n<h2 class=\"wp-block-heading alignwide\"><strong>Band<\/strong><\/h2>\n\n\n\n<div class=\"wp-block-group alignwide is-vertical is-layout-flex wp-container-core-group-is-layout-fe9cc265 wp-block-group-is-layout-flex\">\n<div style=\"height:1px\" aria-hidden=\"true\" class=\"wp-block-spacer wp-container-content-eff6f568\"><\/div>\n\n\n\n<p>Schlagzeug, Bandleitung: Benedikt Maurer<\/p>\n\n\n\n<p>Gitarre, Bandleitung: Nicolas B\u00fclk<\/p>\n\n\n\n<p>Gitarre: Steffen Bertels<\/p>\n\n\n\n<p>Bass: Daniel Gotzens<\/p>\n\n\n\n<p>Band: Alexander Geiger, Philipp Baretzko<\/p>\n\n\n\n<p>Klavier: Daniel Brockmann<\/p>\n<\/div>\n<\/div>\n\n\n\n<div style=\"height:28px\" aria-hidden=\"true\" class=\"wp-block-spacer\"><\/div>\n\n\n\n<div class=\"wp-block-group alignwide is-vertical is-layout-flex wp-container-core-group-is-layout-67710c2e wp-block-group-is-layout-flex\" style=\"margin-top:0;margin-bottom:0;padding-top:0;padding-bottom:0\">\n<h2 class=\"wp-block-heading alignwide\"><strong>Kreativ- und Organisationsteam<\/strong><\/h2>\n\n\n\n<div class=\"wp-block-group alignwide is-vertical is-layout-flex wp-container-core-group-is-layout-fe9cc265 wp-block-group-is-layout-flex\">\n<div style=\"height:1px\" aria-hidden=\"true\" class=\"wp-block-spacer wp-container-content-eff6f568\"><\/div>\n\n\n\n<p>Regie, Raumorganisation: Claire Bohn<\/p>\n\n\n\n<p>Chorleitung: Dirk Beyer<\/p>\n\n\n\n<p>Produktionsleitung, Raumrganisation, Kooperation KHG: Tobias Holle<\/p>\n\n\n\n<p>Produktionsleitung, Logistik: Younes M\u00fcller<\/p>\n\n\n\n<p>Beratung Schauspiel: Andre Dick<\/p>\n\n\n\n<p>Stimmbildner:in: Stefan Hagedorn &amp; Lisa Loskamp<\/p>\n\n\n\n<p>Kost\u00fcm- &amp; Maskenleitung: Paula Oberfeier<\/p>\n\n\n\n<p>SEK: Nilufar Toutianoush<\/p>\n\n\n\n<p>Verlagsarbeit: Benjamin Jung<\/p>\n\n\n\n<p>Fotografie: Kelvin Hoffmann<\/p>\n\n\n\n<p>Marketing: Deniz Kent, Pascal Fa\u00dfbender &amp; Pinkas Hoffmann<\/p>\n\n\n\n<p>Kooperation 4. Gesamtschule &amp; B\u00fcrgerstiftung, Raumorganisation: Svenja Borgmann<\/p>\n\n\n\n<p>Finanzen, Tickets: Frederic Aoun<\/p>\n\n\n\n<p>Vorstand: Erik Frach, Frederic Aoun, Mitko Valtchev, Pinkas Hoffman<\/p>\n<\/div>\n<\/div>\n\n\n\n<div style=\"height:28px\" aria-hidden=\"true\" class=\"wp-block-spacer\"><\/div>\n\n\n\n<div class=\"wp-block-group alignwide is-vertical is-layout-flex wp-container-core-group-is-layout-67710c2e wp-block-group-is-layout-flex\" style=\"margin-top:0;margin-bottom:0;padding-top:0;padding-bottom:0\">\n<h2 class=\"wp-block-heading alignwide\"><strong>Technik<\/strong><\/h2>\n\n\n\n<div class=\"wp-block-group alignwide is-vertical is-layout-flex wp-container-core-group-is-layout-fe9cc265 wp-block-group-is-layout-flex\">\n<div style=\"height:1px\" aria-hidden=\"true\" class=\"wp-block-spacer wp-container-content-eff6f568\"><\/div>\n\n\n\n<p>Tontechnik, Technikorganisation: Christopher Durand<\/p>\n\n\n\n<p>Lichttechnik: Fabian Altenrath<\/p>\n\n\n\n<p>Technikorganisation: Max S\u00f6ller &amp; Roman Stelzer<\/p>\n\n\n\n<p>Technik: Johannes Trum<\/p>\n\n\n\n<p>Verwaltung Slack &amp; Kalender, Tontechnik: Marius Schmeling<\/p>\n\n\n\n<p>Webseite: Jonathan Wendt<\/p>\n<\/div>\n<\/div>","protected":false},"excerpt":{"rendered":"<p>Kaum ein Thema zieht sich durch die Geschichte der Menschheit, wie das der Revolutionen. Meist durch Unterdr\u00fcckung hervorgebracht und durch Menschen aus gef\u00fchrt, die ihren Mut zusammen nahmen, um ihr Leben zu verbessern. Die Franz\u00f6sische Revolution ist in Europa bis heute eine der Pr\u00e4gendsten, aber nicht nur sie, sondern unz\u00e4hlige andere haben die Menschheit dahin [&hellip;]<\/p>","protected":false},"author":15,"featured_media":0,"parent":0,"menu_order":0,"comment_status":"closed","ping_status":"closed","template":"","meta":{"_eb_attr":"","footnotes":""},"class_list":["post-3050","page","type-page","status-publish","hentry"],"_links":{"self":[{"href":"https:\/\/floodlight-musicals.de\/en\/wp-json\/wp\/v2\/pages\/3050","targetHints":{"allow":["GET"]}}],"collection":[{"href":"https:\/\/floodlight-musicals.de\/en\/wp-json\/wp\/v2\/pages"}],"about":[{"href":"https:\/\/floodlight-musicals.de\/en\/wp-json\/wp\/v2\/types\/page"}],"author":[{"embeddable":true,"href":"https:\/\/floodlight-musicals.de\/en\/wp-json\/wp\/v2\/users\/15"}],"replies":[{"embeddable":true,"href":"https:\/\/floodlight-musicals.de\/en\/wp-json\/wp\/v2\/comments?post=3050"}],"version-history":[{"count":5,"href":"https:\/\/floodlight-musicals.de\/en\/wp-json\/wp\/v2\/pages\/3050\/revisions"}],"predecessor-version":[{"id":8715,"href":"https:\/\/floodlight-musicals.de\/en\/wp-json\/wp\/v2\/pages\/3050\/revisions\/8715"}],"wp:attachment":[{"href":"https:\/\/floodlight-musicals.de\/en\/wp-json\/wp\/v2\/media?parent=3050"}],"curies":[{"name":"wp","href":"https:\/\/api.w.org\/{rel}","templated":true}]}}