{"id":3049,"date":"2024-07-13T09:10:45","date_gmt":"2024-07-13T07:10:45","guid":{"rendered":"https:\/\/floodlight-musicals.de\/?page_id=3049"},"modified":"2024-07-23T17:07:02","modified_gmt":"2024-07-23T15:07:02","slug":"jekyll-und-hyde","status":"publish","type":"page","link":"https:\/\/floodlight-musicals.de\/en\/jekyll-und-hyde\/","title":{"rendered":"Jekyll und Hyde"},"content":{"rendered":"<figure class=\"wp-block-image alignfull size-full\"><img loading=\"lazy\" decoding=\"async\" width=\"1920\" height=\"576\" src=\"https:\/\/floodlight-musicals.de\/wp-content\/uploads\/2024\/07\/Jekyll-Banner.jpg\" alt=\"\" class=\"wp-image-5498\" srcset=\"https:\/\/floodlight-musicals.de\/wp-content\/uploads\/2024\/07\/Jekyll-Banner.jpg 1920w, https:\/\/floodlight-musicals.de\/wp-content\/uploads\/2024\/07\/Jekyll-Banner-300x90.jpg 300w, https:\/\/floodlight-musicals.de\/wp-content\/uploads\/2024\/07\/Jekyll-Banner-1024x307.jpg 1024w, https:\/\/floodlight-musicals.de\/wp-content\/uploads\/2024\/07\/Jekyll-Banner-768x230.jpg 768w, https:\/\/floodlight-musicals.de\/wp-content\/uploads\/2024\/07\/Jekyll-Banner-1536x461.jpg 1536w, https:\/\/floodlight-musicals.de\/wp-content\/uploads\/2024\/07\/Jekyll-Banner-600x180.jpg 600w\" sizes=\"auto, (max-width: 1920px) 100vw, 1920px\" \/><\/figure>\n\n\n\n<h3 class=\"wp-block-heading has-text-align-center\">Jekyll und Hyde<\/h3>\n\n\n\n<div class=\"wp-block-group has-global-padding is-layout-constrained wp-block-group-is-layout-constrained\">\n<hr class=\"wp-block-separator has-text-color has-base-color has-alpha-channel-opacity has-base-background-color has-background is-style-wide\"\/>\n\n\n\n<div class=\"wp-block-group is-vertical is-content-justification-center is-layout-flex wp-container-core-group-is-layout-279bab2c wp-block-group-is-layout-flex\" style=\"margin-top:var(--wp--preset--spacing--10);margin-bottom:var(--wp--preset--spacing--10);padding-top:0;padding-right:0;padding-bottom:0;padding-left:0\">\n<p class=\"has-text-align-center\">F\u00fcr die B\u00fchne konzipiert von Steve Cuden &amp; Frank Wildhorn<br>Buch und Liedtexte von Leslie Bricusse<br>Musik von Frank Wildhorn<br>Orchestrierung von Kim Scharnberg<br>Arrangements von Jason Howland<br>Deutsch von Susanne Dengler und Eberhard Storz<\/p>\n<\/div>\n\n\n\n<hr class=\"wp-block-separator has-text-color has-base-color has-alpha-channel-opacity has-base-background-color has-background\"\/>\n<\/div>\n\n\n\n<div class=\"wp-block-buttons is-content-justification-center is-layout-flex wp-container-core-buttons-is-layout-a89b3969 wp-block-buttons-is-layout-flex\">\n<div class=\"wp-block-button has-custom-width wp-block-button__width-25\"><a class=\"wp-block-button__link has-contrast-color has-base-background-color has-text-color has-background has-link-color wp-element-button\" href=\"https:\/\/floodlight-musicals.de\/en\/jekyll-und-hyde\/#cast\">Cast &amp; Team<\/a><\/div>\n\n\n\n<div class=\"wp-block-button has-custom-width wp-block-button__width-25\"><a class=\"wp-block-button__link has-contrast-color has-base-background-color has-text-color has-background has-link-color wp-element-button\" href=\"https:\/\/floodlight-musicals.de\/en\/jekyll-und-hyde\/galerie\/\">Galerie<\/a><\/div>\n<\/div>\n\n\n\n<p>Was zeichnet einen Menschen als gut oder b\u00f6se aus?<br>Wer definiert diese Begriffe und bewertet somit Menschen und ihre Taten?<\/p>\n\n\n\n<p>Der Forscher und Doktor Henry Jekyll glaubt einer Theorie, welche besagt, dass der Mensch zwei Existenzen besitze: eine Gute und eine B\u00f6se. Er ist besessen von dem Gedanken, diese beiden Gegens\u00e4tze in einem Menschen trennen zu k\u00f6nnen. Sein Ziel ist nicht nur den Zwiespalt in der Seele aufzuheben, sondern auch die Seite des B\u00f6sen zu vernichten. So m\u00f6chte er sein Ideal von Menschenleben realisieren und das Tor der Erl\u00f6sung f\u00fcr die Gesellschaft \u00f6ffnen.<br>Wie bewertet Dr. Jekyll Menschen und ihre Handlungen? Welchem Wertesystem ordnet er sich unter und welcher Moralvorstellung folgt er? Ist sein Ethos absolut?<\/p>\n\n\n\n<p>Die Geschichte des Dr. Jekyll spielt sich im Jahre 1888 in England ab; einem Zeitalter, in welchem Wissenschaft und Forschung mit dem religi\u00f6sen Glauben an die Kirche wetteifern. Die gesellschaftlichen Gewichtungen von wissenschaftlicher Arbeit und Religion beginnen einen Kampf und d\u00fcrsten danach, ausnahmslos jeden Menschen f\u00fcr sich zu gewinnen.<\/p>\n\n\n\n<p>In dem Versuch B\u00f6ses und Gutes zu trennen und damit die Grunds\u00e4ulen gesellschaftlicher Moral und Ethik zu hinterfragen, begibt sich Dr. Jekyll in ein umstrittenes, dunkles Gebiet. Auf diesem Forschungsweg wird seine Bitte, an Menschen experimentieren zu d\u00fcrfen, von dem st\u00e4dtischen Krankenhausvorstand abgewiesen.<\/p>\n\n\n\n<p>So ist er, getrieben durch seine Wissensgier, gezwungen an sich selbst zu forschen. In diesem gef\u00e4hrlichen Selbstexperiment kristallisieren sich zwei gegens\u00e4tzliche Pers\u00f6nlichkeiten, Dr. Henry Jekyll und Edward Hyde genannt, heraus. Zwangsl\u00e4ufig werden Familie und Freunde, seine Verlobte sowie die Gesellschaft der Stadt mit seinen beiden Wesen konfrontiert. Chaos, Verwirrung und Angst brechen aus.<\/p>\n\n\n\n<p>Wer ist dieser Mann? Warum wirken auch die erschreckenden Seiten dieses Menschen sympathisch? Wer sagt, warum gewisse Wesensz\u00fcge als gut oder b\u00f6se angesehen werden m\u00fcssen? Formt die Gesellschaft die Auffassung von Moral? Folgt der Mensch den eigenen Vorstellungen oder spielt er das Spiel der gesellschaftlichen Dressur?<\/p>\n\n\n\n<p>Dr. Henry Jekyll als h\u00f6chste Form des personifizierten Guten und Edward Hyde, eine grauenhafte Instanz des B\u00f6sen, versetzen die Stadt in einen Strudel aus Fragen und Zweifeln.<br>Impulsiv lebt Edward Hyde Leidenschaften aus und l\u00e4sst sich allein durch seine Triebe leiten. So schafft er es, nicht nur Angst und Abneigung, sondern auch Neugierde und Streben nach Freiheit in den Mitmenschen zu wecken. Wie viel B\u00f6ses steckt in dieser Art und wie viel menschliche Natur ist der Grund f\u00fcr sein Verhalten? Kann die Natur des Menschen b\u00f6se sein?<\/p>\n\n\n\n<p>Das Streben dieses geteilten Mannes umfasst eine Materie, die durchdrungen werden will. Die Dualit\u00e4t von Gut und B\u00f6se findet sich in vielen anderen Gedankeng\u00e4ngen wieder. Chaos und Ordnung, Gebundenheit und Freiheit, Leben und Tod\u2026 g\u00e4be es das eine ohne das andere? Kann die Utopie des Guten erstrebenswert sein, wenn Gut ohne B\u00f6se gar nicht existiert?<\/p>\n\n\n\n<p>Im Juni 2019 widmeten sich unser Orchester und Ensemble mit k\u00fcnstlerischer Leidenschaft dieser Thematik. Wir legen unseren Mantel der Moral ab und befreien uns von unseren gew\u00f6hnlichen Ansichten. Wir l\u00fcften unsere alten Gew\u00e4nder und schenken eng gestrickten Gedankengeb\u00e4uden die Freiheit.<\/p>\n\n\n\n<p>Werden Sie Teil dieser Ver\u00e4nderung und legen Sie Ihren Mantel ab.<\/p>\n\n\n\n<div style=\"height:28px\" aria-hidden=\"true\" class=\"wp-block-spacer\"><\/div>\n\n\n\n<div class=\"wp-block-group alignwide is-vertical is-layout-flex wp-container-core-group-is-layout-67710c2e wp-block-group-is-layout-flex\" style=\"margin-top:0;margin-bottom:0;padding-top:0;padding-bottom:0\">\n<div class=\"wp-block-group alignwide is-vertical is-layout-flex wp-container-core-group-is-layout-fe9cc265 wp-block-group-is-layout-flex\">\n<h2 class=\"wp-block-heading alignwide\" id=\"cast\"><strong>Cast<\/strong><\/h2>\n\n\n\n<p><strong>Henry Jekyll \/ Edward Hyde:<\/strong> Marcos De Luis Bolinga &amp; Benny Simmat<\/p>\n\n\n\n<p><strong>Lisa Carew:<\/strong> Natalie Slowik &amp; Xiangyi Xie<\/p>\n\n\n\n<p><strong>Sir Davers Carew:<\/strong> Christian Feltes &amp; Jiaqi Ai<\/p>\n\n\n\n<p><strong>Lucy Harris:<\/strong> Echolyte &amp; Miriam Razavi-Rad<\/p>\n\n\n\n<p><strong>Gabriel John Utterson:<\/strong> Jonathan Ehret &amp; Wenzel Neuh\u00f6fer<\/p>\n\n\n\n<p><strong>Nellie:<\/strong> Isabelle Huppertz<\/p>\n\n\n\n<p><strong>Lady Beaconsfield:<\/strong> Rebecca Barck<\/p>\n\n\n\n<p><strong>Bischof von Basingstoke:<\/strong> Tobias Holle<\/p>\n\n\n\n<p><strong>Lord Savage:<\/strong> Tim Azarvan<\/p>\n\n\n\n<p><strong>General Lord Glossop: <\/strong>Chris Weber<\/p>\n\n\n\n<p><strong>Sir Archibald Proops &amp; Hyde-Zustand:<\/strong> Levin Engbrocks<\/p>\n\n\n\n<p><strong>Spider:<\/strong> Shervin Rahnama &amp; Christoph Weber<\/p>\n\n\n\n<p><strong>Poole &amp; Bisset:<\/strong> Till Buchtal<\/p>\n\n\n\n<p><strong>Jekyll-Zustand &amp; Mr Simon Stride: <\/strong>Joshua Behrens<\/p>\n\n\n\n<p><strong>Nonne:<\/strong> Katharina Wehrmeister &amp; Lucia Sikora<\/p>\n\n\n\n<p><strong>Ensemble:<\/strong> Alina Wolff, Andrea Huppertz, Dina Emara, Johanna Augustin, Katrin B\u00fcngener, Katrin Hecker, Kristin Schall van Bellen, Mendy T\u00f6nsfeuerborn, Maren H\u00fclsmann, Marina Valtchev, Maya Reuscher, Pascal Torka, Svenja Borgmann, Till Buchtal, Tim Azarvan &amp; Tobias Holle<\/p>\n<\/div>\n<\/div>\n\n\n\n<div style=\"height:28px\" aria-hidden=\"true\" class=\"wp-block-spacer\"><\/div>\n\n\n\n<div class=\"wp-block-group alignwide is-vertical is-layout-flex wp-container-core-group-is-layout-67710c2e wp-block-group-is-layout-flex\" style=\"margin-top:0;margin-bottom:0;padding-top:0;padding-bottom:0\">\n<h2 class=\"wp-block-heading alignwide\"><strong>Orchester<\/strong><\/h2>\n\n\n\n<div class=\"wp-block-group alignwide is-vertical is-layout-flex wp-container-core-group-is-layout-fe9cc265 wp-block-group-is-layout-flex\">\n<div style=\"height:1px\" aria-hidden=\"true\" class=\"wp-block-spacer wp-container-content-eff6f568\"><\/div>\n\n\n\n<p>Dirigent: Manuel Gottschlich<\/p>\n\n\n\n<p>Klavier: Jonathan Pasternack, Eric Skaliks &amp; Daniel Brockmann<\/p>\n\n\n\n<p>Geige: Martha Rosenberg &amp; Ronja Bach<\/p>\n\n\n\n<p>Bratsche: Lia Graben<\/p>\n\n\n\n<p>Cello: Corinna M\u00fcller &amp; Lea Hinzmann<\/p>\n\n\n\n<p>Kontrabass: Marie Galle<\/p>\n\n\n\n<p>Querfl\u00f6te: Yue Pan<\/p>\n\n\n\n<p>Oboe: Lennart Messmann<\/p>\n\n\n\n<p>Klarinette: Andreas Heinrich &amp; Tobias Abel<\/p>\n\n\n\n<p>Fagott: J\u00f6rg Ackermann<\/p>\n\n\n\n<p>Saxophon: Miriam Peters<\/p>\n\n\n\n<p>Trompete: Fabian Schulte<\/p>\n\n\n\n<p>Posaune: Charlotte Sch\u00e4fer<\/p>\n\n\n\n<p>Horn: Linus Baur<\/p>\n\n\n\n<p>E-Bass: Daniel Gotzens<\/p>\n\n\n\n<p>Schlagwerk: Nils Rummler &amp; Tobias Dr\u00fcner<\/p>\n<\/div>\n<\/div>\n\n\n\n<div style=\"height:28px\" aria-hidden=\"true\" class=\"wp-block-spacer\"><\/div>\n\n\n\n<div class=\"wp-block-group alignwide is-vertical is-layout-flex wp-container-core-group-is-layout-67710c2e wp-block-group-is-layout-flex\" style=\"margin-top:0;margin-bottom:0;padding-top:0;padding-bottom:0\">\n<h2 class=\"wp-block-heading alignwide\"><strong>Kreativ- und Organisationsteam<\/strong><\/h2>\n\n\n\n<div class=\"wp-block-group alignwide is-vertical is-layout-flex wp-container-core-group-is-layout-fe9cc265 wp-block-group-is-layout-flex\">\n<div style=\"height:1px\" aria-hidden=\"true\" class=\"wp-block-spacer wp-container-content-eff6f568\"><\/div>\n\n\n\n<p>Regie: Dimitar Mitko Valtchev &amp; Claire Bohn<\/p>\n\n\n\n<p>Regieassistenz: Veronika Bock<\/p>\n\n\n\n<p>Kost\u00fcm: Klara E\u00dfer<\/p>\n\n\n\n<p>Fotografie: Kelvin Hoffmann, Marian Assenmacher &amp; Mathias Erb-Sommer<\/p>\n<\/div>\n<\/div>\n\n\n\n<div style=\"height:28px\" aria-hidden=\"true\" class=\"wp-block-spacer\"><\/div>\n\n\n\n<div class=\"wp-block-group alignwide is-vertical is-layout-flex wp-container-core-group-is-layout-67710c2e wp-block-group-is-layout-flex\" style=\"margin-top:0;margin-bottom:0;padding-top:0;padding-bottom:0\">\n<h2 class=\"wp-block-heading alignwide\"><strong>Technik<\/strong><\/h2>\n\n\n\n<div class=\"wp-block-group alignwide is-vertical is-layout-flex wp-container-core-group-is-layout-fe9cc265 wp-block-group-is-layout-flex\">\n<div style=\"height:1px\" aria-hidden=\"true\" class=\"wp-block-spacer wp-container-content-eff6f568\"><\/div>\n\n\n\n<p>Technikleitung: Roman Stelzer<\/p>\n\n\n\n<p>Technikleitung &amp; 1. Tonoperator: J\u00e9r\u00f4me Breuer<\/p>\n\n\n\n<p>1. Lichtoperator: Max S\u00f6ller<\/p>\n\n\n\n<p>2. Tonoperator &amp; Mikrofonierung: Joram Eickhoff<\/p>\n<\/div>\n<\/div>","protected":false},"excerpt":{"rendered":"<p>Jekyll und Hyde F\u00fcr die B\u00fchne konzipiert von Steve Cuden &amp; Frank WildhornBuch und Liedtexte von Leslie BricusseMusik von Frank WildhornOrchestrierung von Kim ScharnbergArrangements von Jason HowlandDeutsch von Susanne Dengler und Eberhard Storz Was zeichnet einen Menschen als gut oder b\u00f6se aus?Wer definiert diese Begriffe und bewertet somit Menschen und ihre Taten? Der Forscher und [&hellip;]<\/p>","protected":false},"author":15,"featured_media":0,"parent":0,"menu_order":0,"comment_status":"closed","ping_status":"closed","template":"","meta":{"_eb_attr":"","footnotes":""},"class_list":["post-3049","page","type-page","status-publish","hentry"],"_links":{"self":[{"href":"https:\/\/floodlight-musicals.de\/en\/wp-json\/wp\/v2\/pages\/3049","targetHints":{"allow":["GET"]}}],"collection":[{"href":"https:\/\/floodlight-musicals.de\/en\/wp-json\/wp\/v2\/pages"}],"about":[{"href":"https:\/\/floodlight-musicals.de\/en\/wp-json\/wp\/v2\/types\/page"}],"author":[{"embeddable":true,"href":"https:\/\/floodlight-musicals.de\/en\/wp-json\/wp\/v2\/users\/15"}],"replies":[{"embeddable":true,"href":"https:\/\/floodlight-musicals.de\/en\/wp-json\/wp\/v2\/comments?post=3049"}],"version-history":[{"count":5,"href":"https:\/\/floodlight-musicals.de\/en\/wp-json\/wp\/v2\/pages\/3049\/revisions"}],"predecessor-version":[{"id":5615,"href":"https:\/\/floodlight-musicals.de\/en\/wp-json\/wp\/v2\/pages\/3049\/revisions\/5615"}],"wp:attachment":[{"href":"https:\/\/floodlight-musicals.de\/en\/wp-json\/wp\/v2\/media?parent=3049"}],"curies":[{"name":"wp","href":"https:\/\/api.w.org\/{rel}","templated":true}]}}