{"id":3046,"date":"2024-07-01T14:54:22","date_gmt":"2024-07-01T12:54:22","guid":{"rendered":"https:\/\/floodlight-musicals.de\/?page_id=3046"},"modified":"2024-07-04T11:47:12","modified_gmt":"2024-07-04T09:47:12","slug":"fame","status":"publish","type":"page","link":"https:\/\/floodlight-musicals.de\/en\/fame\/","title":{"rendered":"FAME"},"content":{"rendered":"<figure class=\"wp-block-image alignfull size-full\"><img loading=\"lazy\" decoding=\"async\" width=\"1920\" height=\"576\" src=\"https:\/\/floodlight-musicals.de\/wp-content\/uploads\/2024\/07\/FAME-Banner.jpg\" alt=\"\" class=\"wp-image-5493\" srcset=\"https:\/\/floodlight-musicals.de\/wp-content\/uploads\/2024\/07\/FAME-Banner.jpg 1920w, https:\/\/floodlight-musicals.de\/wp-content\/uploads\/2024\/07\/FAME-Banner-300x90.jpg 300w, https:\/\/floodlight-musicals.de\/wp-content\/uploads\/2024\/07\/FAME-Banner-1024x307.jpg 1024w, https:\/\/floodlight-musicals.de\/wp-content\/uploads\/2024\/07\/FAME-Banner-768x230.jpg 768w, https:\/\/floodlight-musicals.de\/wp-content\/uploads\/2024\/07\/FAME-Banner-1536x461.jpg 1536w, https:\/\/floodlight-musicals.de\/wp-content\/uploads\/2024\/07\/FAME-Banner-600x180.jpg 600w\" sizes=\"auto, (max-width: 1920px) 100vw, 1920px\" \/><\/figure>\n\n\n\n<h3 class=\"wp-block-heading has-text-align-center\">FAME<\/h3>\n\n\n\n<div class=\"wp-block-group has-global-padding is-layout-constrained wp-block-group-is-layout-constrained\">\n<hr class=\"wp-block-separator has-text-color has-base-color has-alpha-channel-opacity has-base-background-color has-background is-style-wide\"\/>\n\n\n\n<div class=\"wp-block-group is-vertical is-content-justification-center is-layout-flex wp-container-core-group-is-layout-279bab2c wp-block-group-is-layout-flex\" style=\"margin-top:var(--wp--preset--spacing--10);margin-bottom:var(--wp--preset--spacing--10);padding-top:0;padding-right:0;padding-bottom:0;padding-left:0\">\n<p>Idee und Entwicklung von DAVID DE SILVA<\/p>\n\n\n\n<p>Buch von JOSE FERNANDEZ<\/p>\n\n\n\n<p>Liedtexte von JACQUES LEVY<\/p>\n\n\n\n<p>Musik von STEVE MARGOSHES<\/p>\n\n\n\n<p class=\"has-text-align-center\">Titelsong FAME von Dean Pitchford und Michael Gore<\/p>\n\n\n\n<p class=\"has-text-align-center\">Deutsche Fassung von Frank Thannh\u00e4user und Iris Schumacher<\/p>\n<\/div>\n\n\n\n<hr class=\"wp-block-separator has-text-color has-base-color has-alpha-channel-opacity has-base-background-color has-background\"\/>\n<\/div>\n\n\n\n<h2 class=\"wp-block-heading\">Die Arbeit beginnt!<\/h2>\n\n\n\n<p>Mit diesem Satz starteten wir im Oktober 2019 enthusiastisch und gespannt in die Probenarbeiten unseres vierten gro\u00dfen Projektes. Dass die gemeinsame Zeit im M\u00e4rz 2020 abrupt abbrechen w\u00fcrde, hat zu dieser Zeit noch keiner von uns geahnt.<br>Leider mussten wir die Auff\u00fchrungen des Musicals \u201cFAME\u201d aufgrund der COVID-19-Pandemie absagen. Zun\u00e4chst fielen der Schul- und Universit\u00e4tsbetrieb aus, wodurch uns die Probenm\u00f6glichkeiten wegfielen. Kurz darauf kam das Kontaktverbot zu Personen anderer Haushalte im \u00f6ffentlichen Raum hinzu. Au\u00dferdem erschwerten uns die Rahmenbedingungen die Crowdfunding- und Sponsorensuche, wodurch eine Finanzierung des Projektes schier unm\u00f6glich wurde. Schlie\u00dflich gab die Regierung bekannt, dass s\u00e4mtliche Gro\u00dfveranstaltungen bis Mitte August untersagt sind.<\/p>\n\n\n\n<p>Trotzdem m\u00f6chten wir euch die Geschichten, die in \u201cFAME\u201d erz\u00e4hlt werden, ein St\u00fcck n\u00e4her bringen.<br>In den Hallen der \u201cHigh School of Performing Arts\u201d, einer New Yorker Hochschule der darstellenden K\u00fcnste, treffen angehende Schauspieler, Musiker und T\u00e4nzer aufeinander. Sie alle haben nur ein Ziel: es bis ganz nach oben zu schaffen.<br>Der ambitionierte Schauspieler Nick versucht sich mit der unsicheren Serena zu arrangieren, Iris und Tyrone stehen sich im Ballettunterricht gegenseitig im Weg und Schlomo gr\u00fcndet mit Grace und Goody, zum Schrecken ihres Lehrers, eine Band. Es entstehen Freundschaften, Liebe und auch Streit, gefolgt von der Angst, nicht genug zu geben oder zu sein.<\/p>\n\n\n\n<p>Das Musical \u201cFAME\u201d basiert auf dem gleichnamigen&nbsp;Film&nbsp;von 1980 und geh\u00f6rt zu den damaligen Klassikern.<br>Trotz des Ausfalls der Auff\u00fchrungen war die Arbeit nicht umsonst: wir haben in den Proben den Flair der 80er Jahre erleben sowie die Geschichten der Charaktere mitf\u00fchlen k\u00f6nnen. So ist unser Ensemble noch mehr zusammengewachsen und ist bereit f\u00fcr weitere folgende Produktionen. Bis dahin ist auf unserem&nbsp;<a href=\"http:\/\/youtube.com\/@floodlightmusicals1466\" target=\"_blank\" rel=\"noreferrer noopener\">YouTube-Kanal<\/a>&nbsp;ein kleiner Ausschnitt unserer f\u00fcnfmonatigen Probenarbeit in Form eines t\u00e4nzerisch untermalten Musikvideos des Songs Fame aus dem Musical \u201cFAME\u201d zu finden.<\/p>\n\n\n\n<div style=\"height:28px\" aria-hidden=\"true\" class=\"wp-block-spacer\"><\/div>\n\n\n\n<div class=\"wp-block-group alignwide is-vertical is-layout-flex wp-container-core-group-is-layout-67710c2e wp-block-group-is-layout-flex\" style=\"margin-top:0;margin-bottom:0;padding-top:0;padding-bottom:0\">\n<div class=\"wp-block-group alignwide is-vertical is-layout-flex wp-container-core-group-is-layout-fe9cc265 wp-block-group-is-layout-flex\">\n<h2 class=\"wp-block-heading alignwide\"><strong>Cast<\/strong><\/h2>\n\n\n\n<p>Serena &amp; Iris: Johanna Augustin<\/p>\n\n\n\n<p>Iris: Klara E\u00dfer<\/p>\n\n\n\n<p>Serena: Katharina Wehrmeister<\/p>\n\n\n\n<p>Nick: Pascal Torka &amp; Simon Braun<\/p>\n\n\n\n<p>Schlomo &amp; Goody: Carsten Heinemann &amp; Joshua Behrens<\/p>\n\n\n\n<p>Mable: Lena Baumanns &amp; Marie Winkelhorst<\/p>\n\n\n\n<p>Carmen: Paula Oberfeier &amp; Fatima Mossawi<\/p>\n\n\n\n<p>Grace (Keule): Alina Wolff &amp; Yvonne Davis<\/p>\n\n\n\n<p>Tyrone Jackson: Christoph Weber &amp; Mick Daubenfeld<\/p>\n\n\n\n<p>Joe: Levin Engbrocks &amp; Shervin Rahnama<\/p>\n\n\n\n<p>Miss Sherman: Andrea Huppertz &amp; Mendy T\u00f6nsfeuerborn<\/p>\n\n\n\n<p>Miss Bell: Lucia Sikora &amp; Maren H\u00fclsmann<\/p>\n\n\n\n<p>Mr. Myers: Tim Azarvan<\/p>\n\n\n\n<p>Mr. Sheinkopf: Jiaqi Ai &amp; Christian Behm<\/p>\n\n\n\n<p>Ensemble: Kristin Schall van Bellen, Maya Reuscher, Yiangyi Xie, Rebecca Barck &amp; Till Buchtal<\/p>\n<\/div>\n<\/div>\n\n\n\n<div style=\"height:28px\" aria-hidden=\"true\" class=\"wp-block-spacer\"><\/div>\n\n\n\n<div class=\"wp-block-group alignwide is-vertical is-layout-flex wp-container-core-group-is-layout-67710c2e wp-block-group-is-layout-flex\" style=\"margin-top:0;margin-bottom:0;padding-top:0;padding-bottom:0\">\n<h2 class=\"wp-block-heading alignwide\"><strong>Orchester<\/strong><\/h2>\n\n\n\n<div class=\"wp-block-group alignwide is-vertical is-layout-flex wp-container-core-group-is-layout-fe9cc265 wp-block-group-is-layout-flex\">\n<div style=\"height:1px\" aria-hidden=\"true\" class=\"wp-block-spacer wp-container-content-eff6f568\"><\/div>\n\n\n\n<p>Dirigent: Erik Frach<\/p>\n\n\n\n<p>E-Bass: Daniel Gotzens<\/p>\n\n\n\n<p>E-Gitarre: Nicolas B\u00fclk<\/p>\n\n\n\n<p>Schlagzeug: Benedikt Maurer<\/p>\n\n\n\n<p>Fl\u00f6te: Yue Pan<\/p>\n\n\n\n<p>Saxophon: Simon Mangel<\/p>\n\n\n\n<p>Trompete: Matthias May &amp; Fabian Schulte<\/p>\n\n\n\n<p>Klarinette: Andreas Heinrich<\/p>\n\n\n\n<p>Synthesizer: Eric Skaliks<\/p>\n\n\n\n<p>Klavier: Jonathan Pasternack<\/p>\n\n\n\n<p>Percussion: Benedikt Rau<\/p>\n\n\n\n<p>Posaune: Benedikt Schindele &amp; Kristin Kleinert<\/p>\n<\/div>\n<\/div>\n\n\n\n<div style=\"height:28px\" aria-hidden=\"true\" class=\"wp-block-spacer\"><\/div>\n\n\n\n<div class=\"wp-block-group alignwide is-vertical is-layout-flex wp-container-core-group-is-layout-67710c2e wp-block-group-is-layout-flex\" style=\"margin-top:0;margin-bottom:0;padding-top:0;padding-bottom:0\">\n<h2 class=\"wp-block-heading alignwide\"><strong>Kreativ- und Organisationsteam<\/strong><\/h2>\n\n\n\n<div class=\"wp-block-group alignwide is-vertical is-layout-flex wp-container-core-group-is-layout-fe9cc265 wp-block-group-is-layout-flex\">\n<div style=\"height:1px\" aria-hidden=\"true\" class=\"wp-block-spacer wp-container-content-eff6f568\"><\/div>\n\n\n\n<p>Regie: Marvin Moers &amp; Cedric Braun<\/p>\n\n\n\n<p>Regieassistenz &amp; Kost\u00fcm: Klara E\u00dfer<\/p>\n\n\n\n<p>Musikalische Leitung: Erik Frach<\/p>\n\n\n\n<p>Dirigatassistenz: Daniel Gotzens<\/p>\n\n\n\n<p>Chorleitung: Pascal Torka &amp; Simon Braun<\/p>\n\n\n\n<p>Choreographie: Johanna Augustin<\/p>\n\n\n\n<p>Kost\u00fcm &amp; Maske: Marie Winkelhorst<\/p>\n\n\n\n<p>Kost\u00fcm: Andrea Huppertz, Carsten Heinemann, Paula Oberfeier, Lena Baumanns, Leoni Onken &amp; Marlene von Moschaw<\/p>\n\n\n\n<p>Lichtdesign: Max S\u00f6ller<\/p>\n\n\n\n<p>B\u00fchnenbildleitung: Roman Stelzer &amp; Janine Hadtdegen<\/p>\n\n\n\n<p>B\u00fchnenbild: Franziska Rohrberg &amp; Denise Gebhardt<\/p>\n\n\n\n<p>Marketingleitung: Alice Gierke<\/p>\n\n\n\n<p>Marketing: Katrin B\u00fcgener<\/p>\n\n\n\n<p>Design. Miriam Peters<\/p>\n\n\n\n<p>Spenden &amp; Sponsoring: Svenja Borgmann &amp; Paula Oberfeier<\/p>\n\n\n\n<p>Redaktion: Maren H\u00fclsmann<\/p>\n\n\n\n<p>Fotografie: Kelvin Hoffmann &amp; Mathias Erb-Sommer<\/p>\n\n\n\n<p>Produktionsleitung: Jonathan Pasternack &amp; Lennart Me\u00dfmann<\/p>\n\n\n\n<p>Veranstaltungsleitung: Roman Stelzer &amp; Pinkas Hoffmann<\/p>\n<\/div>\n<\/div>\n\n\n\n<div style=\"height:28px\" aria-hidden=\"true\" class=\"wp-block-spacer\"><\/div>\n\n\n\n<div class=\"wp-block-group alignwide is-vertical is-layout-flex wp-container-core-group-is-layout-67710c2e wp-block-group-is-layout-flex\" style=\"margin-top:0;margin-bottom:0;padding-top:0;padding-bottom:0\">\n<h2 class=\"wp-block-heading alignwide\"><strong>Technik<\/strong><\/h2>\n\n\n\n<div class=\"wp-block-group alignwide is-vertical is-layout-flex wp-container-core-group-is-layout-fe9cc265 wp-block-group-is-layout-flex\">\n<div style=\"height:1px\" aria-hidden=\"true\" class=\"wp-block-spacer wp-container-content-eff6f568\"><\/div>\n\n\n\n<p>Technikleitung &amp; Tonoperator (FoH): J\u00e9r\u00f4me Breuer<\/p>\n\n\n\n<p>Tonoperator: Joram Eickhoff<\/p>\n\n\n\n<p>Tonoperator (Monitoring): Jonas Dohmen<\/p>\n\n\n\n<p>Mikrofonierung: Elias Braun<\/p>\n\n\n\n<p>Lichtoperator: Max S\u00f6ller<\/p>\n\n\n\n<p>Licht: Fabian Gottfried, Philipp Menzel &amp; Johannes Trum<\/p>\n\n\n\n<p><\/p>\n<\/div>\n<\/div>","protected":false},"excerpt":{"rendered":"<p>FAME Idee und Entwicklung von DAVID DE SILVA Buch von JOSE FERNANDEZ Liedtexte von JACQUES LEVY Musik von STEVE MARGOSHES Titelsong FAME von Dean Pitchford und Michael Gore Deutsche Fassung von Frank Thannh\u00e4user und Iris Schumacher Die Arbeit beginnt! Mit diesem Satz starteten wir im Oktober 2019 enthusiastisch und gespannt in die Probenarbeiten unseres vierten [&hellip;]<\/p>","protected":false},"author":15,"featured_media":0,"parent":0,"menu_order":0,"comment_status":"closed","ping_status":"closed","template":"","meta":{"_eb_attr":"","footnotes":""},"class_list":["post-3046","page","type-page","status-publish","hentry"],"_links":{"self":[{"href":"https:\/\/floodlight-musicals.de\/en\/wp-json\/wp\/v2\/pages\/3046","targetHints":{"allow":["GET"]}}],"collection":[{"href":"https:\/\/floodlight-musicals.de\/en\/wp-json\/wp\/v2\/pages"}],"about":[{"href":"https:\/\/floodlight-musicals.de\/en\/wp-json\/wp\/v2\/types\/page"}],"author":[{"embeddable":true,"href":"https:\/\/floodlight-musicals.de\/en\/wp-json\/wp\/v2\/users\/15"}],"replies":[{"embeddable":true,"href":"https:\/\/floodlight-musicals.de\/en\/wp-json\/wp\/v2\/comments?post=3046"}],"version-history":[{"count":2,"href":"https:\/\/floodlight-musicals.de\/en\/wp-json\/wp\/v2\/pages\/3046\/revisions"}],"predecessor-version":[{"id":5561,"href":"https:\/\/floodlight-musicals.de\/en\/wp-json\/wp\/v2\/pages\/3046\/revisions\/5561"}],"wp:attachment":[{"href":"https:\/\/floodlight-musicals.de\/en\/wp-json\/wp\/v2\/media?parent=3046"}],"curies":[{"name":"wp","href":"https:\/\/api.w.org\/{rel}","templated":true}]}}