{"id":3045,"date":"2024-07-02T14:17:36","date_gmt":"2024-07-02T12:17:36","guid":{"rendered":"https:\/\/floodlight-musicals.de\/?page_id=3045"},"modified":"2024-07-02T14:17:36","modified_gmt":"2024-07-02T12:17:36","slug":"die-gala-die-sendung","status":"publish","type":"page","link":"https:\/\/floodlight-musicals.de\/en\/die-gala-die-sendung\/","title":{"rendered":"Die Gala &#8211; Die Sendung"},"content":{"rendered":"<p>Am 8. November um 18 Uhr lief unsere erste Radiosendung: \u201cFloodlight Musicals \u2013 Die Gala \u2013 Die Sendung\u201d.<\/p>\n\n\n\n<p>Wir spielten f\u00fcr Sie exklusiv Aufnahmen aus der\u00a0<a href=\"https:\/\/floodlight-musicals.de\/en\/gala-2018\/\" data-type=\"page\" data-id=\"3050\" target=\"_blank\" rel=\"noreferrer noopener\">Musical-Gala<\/a>\u00a0die 2018 im Br\u00fcssel-Saal des Eurogress in Aachen aufgef\u00fchrt wurde. F\u00fcr die Radiosendung wurden Aufnahmen aus unserer Matin\u00e9e und Derni\u00e8re, beide am 13. Mai aufgef\u00fchrt, verwendet.<\/p>\n\n\n\n<p>Die Gala fand unter dem Thema \u201cRevolutionen\u201d statt, welches oft eine Stimme in Musicals findet. Dabei muss es vielleicht nicht unbedingt der Regierung an den Hals gehen, eine kleine Revolte im Klassenzimmer kann das Publikum auch schon begeistern. Mit der Gala wollten wir diese St\u00fccke zusammenbringen und die mitrei\u00dfenden Szenen spielen, in denen Menschen den Wert der richtigen Moral \u00fcber das eigene Leben stellen.<a href=\"https:\/\/floodlight-musicals.de\/en\/gala-2018\/\" data-type=\"page\" data-id=\"3050\" target=\"_blank\" rel=\"noreferrer noopener\">\u00a0Lesen Sie hier mehr zu unserer Gala 2018.<\/a><\/p>\n\n\n\n<p>Freuen Sie sich daher auf St\u00fccke aus Les Mis\u00e9rables, Hamilton, Elisabeth und vielen meher. Leider werden wir nicht alle St\u00fccke der Gala spielen, da wir diese nicht mit dem Hintergrund einer Radiosendung aufgenommen hatten und daher die Tonaufnahmen bei manchen St\u00fccken zu geringe Qualit\u00e4t aufweisen. Dennoch hat sich ein H\u00f6renswerte\u00a0Programm\u00a0ergeben.<\/p>\n\n\n\n<p>Die Sendung wird von Joshua Behrens moderiert, sie d\u00fcrfen sich \u00fcber eine Mischung aus Information, Erkl\u00e4rung und Ironie freuen. Da wir die Sendung vorproduzieren konnten gibt es auch zwei Interviews, die von Johanna Augustin gef\u00fchrt werden. In dem ersten Interview wird der aktuelle Vorstndsvorsitzende mit Fragen zum Verein und der Entstehung Floodlight Musicals geh\u00f6rt. Das zweite Interview ist mit dem Dirigenten von Floodlight, Manuel Gottschlich, der einem die Fragen beantwortet die man schon immer mal einem Dirigenten stellen wollte und der am besten erkl\u00e4ren kann was bei einer Probe passiert.<\/p>\n\n\n\n<p>Besonderer Dank gilt dem\u00a0<a href=\"https:\/\/musicalradio.de\/\" target=\"_blank\" rel=\"noreferrer noopener\">Musicalradio<\/a>\u00a0und seinem Gesch\u00e4ftsf\u00fchrer Guido Bender. Vielen Dank, dass wir trotz des Ausfalls unseres Live-Konzertes den Radioslot behalten und diese Sendung produzieren durften.<\/p>\n\n\n\n<h4 class=\"wp-block-heading\" id=\"entstehung\"><strong>Entstehung der Radiosendung \u201cFloodlight Musicals \u2013 Die Gala \u2013 Die Sendung\u201d<\/strong><\/h4>\n\n\n\n<p>Herzlich willkommen zu unserem Orchester-Konzert \u201cPart of your world\u201d, erleben Sie\u2026 \u00c4hm\u2026 Nein,&nbsp;<strong>h\u00f6ren<\/strong>&nbsp;Sie ein tolles Konzert, wegen Corona gibt es ein Radiokonzert ohne Publikum vor Ort, aber daf\u00fcr Live im Musicalradio. Also h\u00f6ren Sie Live aus Aachen\u2026 Halt!\u2026 Nein, auch das nicht. Unser Orchester darf seit dem 2. November nicht mehr in einem Raum gemeinsam Musik machen. Okay. Wer hat noch Ideen? Oh nein, ich habe es bef\u00fcrchtet\u2026<\/p>\n\n\n\n<p>Herzlich Willkommen zu \u201cFloodlight Musicals \u2013 Die Gala \u2013 Die Sendung\u201d. Glauben Sie uns, die Zeit war knapp, deshalb haben wir den ersten Vorschlag f\u00fcr den Titel des neuen Programms einfach genommen. Daf\u00fcr haben wir umso mehr der verbliebenen Zeit daf\u00fcr verwendet ein sch\u00f6nes Alternativprogramm zu realisieren.<\/p>\n\n\n\n<p>Den Anfang dieser Sendung schreiben wir eigentlich mit dem Beginn des Orchesterprojektes \u201cPart of your world\u201d welches urspr\u00fcnglich am 19. April stattfinden sollte. Die Proben hierzu haben bereits im November 2019 begonnen, mittlerweile also ein Jahr her. Im M\u00e4rz war dann aber klar, dass es keinen Auftritt im April geben wird. Mit gro\u00dfer Vorsicht, dachten wir damals, haben wir das Konzert in den November verschoben. Bis dahin w\u00fcrde die Pandemie ja kalter Kaffe sein.<\/p>\n\n\n\n<p>Dass es doch ein Projekt im Zeichen der Pandemie werden w\u00fcrde, wurde dann aber schnell klar. Und so gingen die ersten Proben f\u00fcr den zweiten Anlauf mit Abstand und Hygieneregeln los. Im August, die aktuelle Lage lie\u00df es zu, haben wir noch mit einem Auftritt vor Publikum geplant. Umso n\u00e4her der Herbst kam umso pessimistischer wurden wir und eine Alternative musste her.<\/p>\n\n\n\n<p>Die Idee des Live Radiokonzerts war entstanden. Das Musicalradio, ein Sender der Wunschradio-Gruppe, war schnell mit im Boot und so konnte bald ein konkretes Radioprogramm entwickelt werden und sogar ein detailliertes Hygienekonzept f\u00fcr die Proben und Aufnahmetage wurde entwickelt.<\/p>\n\n\n\n<p>Doch die Pandemie spitzt sich immer weiter zu, auch in Aachen steigen die Zahlen der Neuinfektionen immer weiter an. Ein zweiter Lockdown wird immer wahrscheinlicher und eine Radio\u00fcbertragung immer unwahrscheinlicher.<\/p>\n\n\n\n<p>So kommt es zum Alternativprogramm des Alternativprogramms. Nach einem langen Corona-Jahr sollte das Radiokonzert ein erster Schritt zur\u00fcck zur \u00d6ffentlichkeit werden. Auch wenn wir nicht mehr Live spielen k\u00f6nnen, wollten wir unbedingt diese Chance nutzen um zu erz\u00e4hlen, was bei uns passiert, und auch, dass wir dieses Jahr so viel gearbeitet haben wie nie zuvor, auch wenn es keine Auftritte gab.<\/p>\n\n\n\n<h4 class=\"wp-block-heading\">Titel:<\/h4>\n\n\n\n<ol class=\"wp-block-list\">\n<li>Milch \u2013 Elisabeth<\/li>\n\n\n\n<li>Proud of your boy \u2013 Aladdin<\/li>\n\n\n\n<li>A whole new world \u2013 Aladdin<\/li>\n\n\n\n<li>My shot \u2013 Hamilton<\/li>\n\n\n\n<li>Don\u2019t break the rules \u2013 Catch me if you can<\/li>\n\n\n\n<li>All grown up \u2013 Bare<\/li>\n\n\n\n<li>Say no to this \u2013 Hamilton<\/li>\n\n\n\n<li>Waving through a window \u2013 Dear Evan Hansen<\/li>\n\n\n\n<li>Good for you\u00a0 \u2013 Dear Evan Hansen<\/li>\n\n\n\n<li>Totally fucked \u2013 Spring Awakening<\/li>\n\n\n\n<li>Stars \u2013 Les Mis\u00e9rables<\/li>\n\n\n\n<li>One day more \u2013 Les Mis\u00e9rables<\/li>\n\n\n\n<li>Du bleibst bei mir \u2013 Rudolf<\/li>\n<\/ol>","protected":false},"excerpt":{"rendered":"<p>Am 8. November um 18 Uhr lief unsere erste Radiosendung: \u201cFloodlight Musicals \u2013 Die Gala \u2013 Die Sendung\u201d. Wir spielten f\u00fcr Sie exklusiv Aufnahmen aus der\u00a0Musical-Gala\u00a0die 2018 im Br\u00fcssel-Saal des Eurogress in Aachen aufgef\u00fchrt wurde. F\u00fcr die Radiosendung wurden Aufnahmen aus unserer Matin\u00e9e und Derni\u00e8re, beide am 13. Mai aufgef\u00fchrt, verwendet. Die Gala fand unter [&hellip;]<\/p>","protected":false},"author":15,"featured_media":0,"parent":0,"menu_order":0,"comment_status":"closed","ping_status":"closed","template":"","meta":{"_eb_attr":"","footnotes":""},"class_list":["post-3045","page","type-page","status-publish","hentry"],"_links":{"self":[{"href":"https:\/\/floodlight-musicals.de\/en\/wp-json\/wp\/v2\/pages\/3045","targetHints":{"allow":["GET"]}}],"collection":[{"href":"https:\/\/floodlight-musicals.de\/en\/wp-json\/wp\/v2\/pages"}],"about":[{"href":"https:\/\/floodlight-musicals.de\/en\/wp-json\/wp\/v2\/types\/page"}],"author":[{"embeddable":true,"href":"https:\/\/floodlight-musicals.de\/en\/wp-json\/wp\/v2\/users\/15"}],"replies":[{"embeddable":true,"href":"https:\/\/floodlight-musicals.de\/en\/wp-json\/wp\/v2\/comments?post=3045"}],"version-history":[{"count":1,"href":"https:\/\/floodlight-musicals.de\/en\/wp-json\/wp\/v2\/pages\/3045\/revisions"}],"predecessor-version":[{"id":5547,"href":"https:\/\/floodlight-musicals.de\/en\/wp-json\/wp\/v2\/pages\/3045\/revisions\/5547"}],"wp:attachment":[{"href":"https:\/\/floodlight-musicals.de\/en\/wp-json\/wp\/v2\/media?parent=3045"}],"curies":[{"name":"wp","href":"https:\/\/api.w.org\/{rel}","templated":true}]}}