{"id":3044,"date":"2024-07-01T14:19:09","date_gmt":"2024-07-01T12:19:09","guid":{"rendered":"https:\/\/floodlight-musicals.de\/?page_id=3044"},"modified":"2024-07-01T14:22:34","modified_gmt":"2024-07-01T12:22:34","slug":"part-of-your-world","status":"publish","type":"page","link":"https:\/\/floodlight-musicals.de\/en\/part-of-your-world\/","title":{"rendered":"Part Of Your World"},"content":{"rendered":"<figure class=\"wp-block-image alignfull size-full\"><img loading=\"lazy\" decoding=\"async\" width=\"1920\" height=\"576\" src=\"https:\/\/floodlight-musicals.de\/wp-content\/uploads\/2024\/07\/PoyW-Banner.jpg\" alt=\"\" class=\"wp-image-5484\" srcset=\"https:\/\/floodlight-musicals.de\/wp-content\/uploads\/2024\/07\/PoyW-Banner.jpg 1920w, https:\/\/floodlight-musicals.de\/wp-content\/uploads\/2024\/07\/PoyW-Banner-300x90.jpg 300w, https:\/\/floodlight-musicals.de\/wp-content\/uploads\/2024\/07\/PoyW-Banner-1024x307.jpg 1024w, https:\/\/floodlight-musicals.de\/wp-content\/uploads\/2024\/07\/PoyW-Banner-768x230.jpg 768w, https:\/\/floodlight-musicals.de\/wp-content\/uploads\/2024\/07\/PoyW-Banner-1536x461.jpg 1536w, https:\/\/floodlight-musicals.de\/wp-content\/uploads\/2024\/07\/PoyW-Banner-600x180.jpg 600w\" sizes=\"auto, (max-width: 1920px) 100vw, 1920px\" \/><\/figure>\n\n\n\n<p>Wenn sich zwei Welten begegnen, dann ist nichts mehr so wie es vorher war. Das Orchester von Floodlight Musicals l\u00e4dt Sie ein auf eine musikalische Reise, in der sich unterschiedliche Welten begegnen und ver\u00e4ndern werden.<\/p>\n\n\n\n<p>Wir pr\u00e4sentierten Lieder aus verschiedensten Musicals, die erfreuen, ergreifen, zum Lachen oder zum Nachdenken anregen. Leitfaden hierf\u00fcr ist der Titel unseres Galakonzertes \u201cPart of Your World\u201d, nach dessem Motto wir das etwa anderthalbst\u00fcndige Programm aufgebaut haben.<\/p>\n\n\n\n<p>Die Lieder erz\u00e4hlen von Personen, deren Schicksal sich durch das Aufeinandertreffen zweier Welten ma\u00dfgeblich ver\u00e4ndert hat:<br>Die kleine Meerjungfrau m\u00f6chte ihrer Unterwasserwelt entfliehen und tr\u00e4umt von einem Leben an Land. Den gottesf\u00fcrchtige Frollo plagen Lust und s\u00fcndhafte Gedanken, die ihn vom rechten Weg abbringen. Der Babier Todd verf\u00e4llt dem Wahnsinn und der Mordeslust, da es in seiner Welt nichts anderes als den Wunsch nach Rache mehr gibt. Tony und Maria zeigen, dass Liebe st\u00e4rker sein kann als Hass, w\u00e4hrend die Lebenswelten von Javert und Valjean \u00e4hnlich scheinen und doch deren Auffassung von Gerechtigkeit nicht unterschiedlicher sein k\u00f6nnten. Dies sind nur einige der Welten, denen wir an dem Abend begegnen werden.<br>Es wird gef\u00fchlvoll und emotionsgeladen, mal d\u00fcster und mal magisch \u2013 wie auch sonst k\u00f6nnte es sein, wenn unterschiedliche Charaktere, Glaubenss\u00e4tze und Weltanschauungen aufeinandertreffen?<\/p>\n\n\n\n<p>Das wichtigste ist aber die Erkenntnis, dass es sich lohnt, \u00fcber den eigenen begrenzten Horizont hinaus zu blicken und zu versuchen, die Welt des Anderen zu verstehen. Unser Bild auf die Welt ist erf\u00fcllt von Liebe und Hass, Lust und Zorn, Angst und Hoffnung \u2013 Wir wollen die verschiedenen Menschen, Emotionen und Welten auf musikalische Art und Weise verbinden und Sie als Zuh\u00f6rer mit auf diese Reise nehmen.<\/p>\n\n\n\n<p>Das Motto \u201ePart of Your World\u201c haben wir uns f\u00fcr dieses Konzert auch selbst ein bisschen auf die Fahne geschrieben. So sorgen neben dem Orchester von Floodlight Musicals ein gro\u00dfer Chor bestehend aus S\u00e4nger\/Innen des Hochschulchores und dem Ensemble von Floodlight Musicals in Kooperation f\u00fcr Diversit\u00e4t und Klangvielfalt.<\/p>","protected":false},"excerpt":{"rendered":"<p>Wenn sich zwei Welten begegnen, dann ist nichts mehr so wie es vorher war. Das Orchester von Floodlight Musicals l\u00e4dt Sie ein auf eine musikalische Reise, in der sich unterschiedliche Welten begegnen und ver\u00e4ndern werden. Wir pr\u00e4sentierten Lieder aus verschiedensten Musicals, die erfreuen, ergreifen, zum Lachen oder zum Nachdenken anregen. Leitfaden hierf\u00fcr ist der Titel [&hellip;]<\/p>","protected":false},"author":15,"featured_media":0,"parent":0,"menu_order":0,"comment_status":"closed","ping_status":"closed","template":"","meta":{"_eb_attr":"","footnotes":""},"class_list":["post-3044","page","type-page","status-publish","hentry"],"_links":{"self":[{"href":"https:\/\/floodlight-musicals.de\/en\/wp-json\/wp\/v2\/pages\/3044","targetHints":{"allow":["GET"]}}],"collection":[{"href":"https:\/\/floodlight-musicals.de\/en\/wp-json\/wp\/v2\/pages"}],"about":[{"href":"https:\/\/floodlight-musicals.de\/en\/wp-json\/wp\/v2\/types\/page"}],"author":[{"embeddable":true,"href":"https:\/\/floodlight-musicals.de\/en\/wp-json\/wp\/v2\/users\/15"}],"replies":[{"embeddable":true,"href":"https:\/\/floodlight-musicals.de\/en\/wp-json\/wp\/v2\/comments?post=3044"}],"version-history":[{"count":3,"href":"https:\/\/floodlight-musicals.de\/en\/wp-json\/wp\/v2\/pages\/3044\/revisions"}],"predecessor-version":[{"id":5490,"href":"https:\/\/floodlight-musicals.de\/en\/wp-json\/wp\/v2\/pages\/3044\/revisions\/5490"}],"wp:attachment":[{"href":"https:\/\/floodlight-musicals.de\/en\/wp-json\/wp\/v2\/media?parent=3044"}],"curies":[{"name":"wp","href":"https:\/\/api.w.org\/{rel}","templated":true}]}}