{"id":3043,"date":"2024-07-01T13:43:37","date_gmt":"2024-07-01T11:43:37","guid":{"rendered":"https:\/\/floodlight-musicals.de\/?page_id=3043"},"modified":"2024-07-04T11:46:26","modified_gmt":"2024-07-04T09:46:26","slug":"carrie","status":"publish","type":"page","link":"https:\/\/floodlight-musicals.de\/en\/carrie\/","title":{"rendered":"Carrie"},"content":{"rendered":"<figure class=\"wp-block-image alignfull size-full\"><img loading=\"lazy\" decoding=\"async\" width=\"1920\" height=\"576\" src=\"https:\/\/floodlight-musicals.de\/wp-content\/uploads\/2024\/07\/Carrie-Banner-4000-x-1200-px.jpg\" alt=\"\" class=\"wp-image-5480\" srcset=\"https:\/\/floodlight-musicals.de\/wp-content\/uploads\/2024\/07\/Carrie-Banner-4000-x-1200-px.jpg 1920w, https:\/\/floodlight-musicals.de\/wp-content\/uploads\/2024\/07\/Carrie-Banner-4000-x-1200-px-300x90.jpg 300w, https:\/\/floodlight-musicals.de\/wp-content\/uploads\/2024\/07\/Carrie-Banner-4000-x-1200-px-1024x307.jpg 1024w, https:\/\/floodlight-musicals.de\/wp-content\/uploads\/2024\/07\/Carrie-Banner-4000-x-1200-px-768x230.jpg 768w, https:\/\/floodlight-musicals.de\/wp-content\/uploads\/2024\/07\/Carrie-Banner-4000-x-1200-px-1536x461.jpg 1536w, https:\/\/floodlight-musicals.de\/wp-content\/uploads\/2024\/07\/Carrie-Banner-4000-x-1200-px-600x180.jpg 600w\" sizes=\"auto, (max-width: 1920px) 100vw, 1920px\" \/><\/figure>\n\n\n\n<h3 class=\"wp-block-heading has-text-align-center\">Carrie<\/h3>\n\n\n\n<div class=\"wp-block-group has-global-padding is-layout-constrained wp-block-group-is-layout-constrained\">\n<hr class=\"wp-block-separator has-text-color has-base-color has-alpha-channel-opacity has-base-background-color has-background is-style-wide\"\/>\n\n\n\n<div class=\"wp-block-group is-vertical is-content-justification-center is-layout-flex wp-container-core-group-is-layout-279bab2c wp-block-group-is-layout-flex\" style=\"margin-top:var(--wp--preset--spacing--10);margin-bottom:var(--wp--preset--spacing--10);padding-top:0;padding-right:0;padding-bottom:0;padding-left:0\">\n<p class=\"has-text-align-center\">Musik von Michael Gore<\/p>\n\n\n\n<p>Songtexte von Dean Pitchford<\/p>\n\n\n\n<p>Buch von Lawrence D. Cohen<\/p>\n\n\n\n<p>Nach dem Roman von Stephen King<\/p>\n\n\n\n<p class=\"has-text-align-center\">Deutsche Textfassung von Martin Wessels-Behrens und Judith Behrens<\/p>\n<\/div>\n\n\n\n<hr class=\"wp-block-separator has-text-color has-base-color has-alpha-channel-opacity has-base-background-color has-background\"\/>\n<\/div>\n\n\n\n<div class=\"wp-block-columns alignwide is-layout-flex wp-container-core-columns-is-layout-28f84493 wp-block-columns-is-layout-flex\">\n<div class=\"wp-block-column is-layout-flow wp-block-column-is-layout-flow\">\n<div class=\"wp-block-group has-global-padding is-layout-constrained wp-block-group-is-layout-constrained\">\n<h2 class=\"wp-block-heading has-text-align-center has-large-font-size\">Auff\u00fchrungsort:<\/h2>\n\n\n\n<p class=\"has-text-align-center\">100\u20195-Arena<\/p>\n\n\n\n<p class=\"has-text-align-center\">Hubert-Wienen-Stra\u00dfe 8<\/p>\n\n\n\n<p class=\"has-text-align-center\">52070 Aachen<\/p>\n<\/div>\n<\/div>\n<\/div>\n\n\n\n<blockquote class=\"wp-block-quote has-contrast-color has-text-color has-link-color wp-elements-78ffd3f1c72cf058d56ca2d6c13f92e8 is-layout-flow wp-block-quote-is-layout-flow\">\n<p>Wenn doch&#8230; wenn doch&#8230;<\/p>\n\n\n\n<p>Wenn doch, was?<\/p>\n\n\n\n<p>Wenn doch&nbsp;<strong>blo\u00df&nbsp;<\/strong>dieser Tag in der Dusche nicht gewesen w\u00e4re;<\/p>\n\n\n\n<p>wenn ich doch&nbsp;<strong>blo\u00df&nbsp;<\/strong>nicht Tommy gebeten h\u00e4tte, mit Carrie zum Ball zu gehen;<\/p>\n\n\n\n<p>wenn doch&nbsp;<strong>blo\u00df&nbsp;<\/strong>jemand zugeh\u00f6rt h\u00e4tte&#8230; und aufgepasst h\u00e4tte&#8230; wenn ich doch nur zur\u00fcckgehen k\u00f6nnte&#8230;<\/p>\n<\/blockquote>\n\n\n\n<p>So wie die Geschichte in Chamberlain startet, endet sie auch dort. Nicht in einer pomp\u00f6sen Abschlussfeier an der High School, mit gelebten Tr\u00e4umen und einer verhei\u00dfungsvollen Zukunft, sondern in einer Trag\u00f6die, die ihresgleichen sucht. Aber wie konnte es nur soweit kommen? Und wieso nur, hat es keiner kommen sehen?<br><br>Das Leben der 16-j\u00e4hrigen Carrie White ist alles andere als einfach. In der Schule wird sie von ihren Mitsch\u00fclern ge\u00e4chtet und schikaniert und Zuhause wartet ihre Mutter auf sie, die sie \u00fcber alles liebt, aber in allem und jedem den Teufel sieht und versucht, ihre Tochter mit jedem Mittel vor S\u00fcnde zu sch\u00fctzen. Doch als der Abschlussball vor der T\u00fcre steht und der beliebte Tommy Ross sie dazu einl\u00e4dt, scheint alles Perfekt \u2013 zu perfekt.<br><br>Wer h\u00e4tte ahnen k\u00f6nnen, welche Kr\u00e4fte in ihr wohnen\u2026<\/p>\n\n\n\n<p>Im Sommer 2021 widmete sich unser Ensemble, unsere Band und alle anderen k\u00fcnstlerischen Abteilungen diesem St\u00fcck und brachte es mit einem Haufen Leidenschaft zum Leben. Zwar pandemiebedingt nicht wie geplant auf der gro\u00dfen B\u00fchne in der 100,5 Arena, aber in den zahlreichen Proben und Planungstreffen, sowie mit einem Musikvideo.<\/p>\n\n\n\n<p>Carrie \u2013 Das Musical, basierend auf dem gleichnamigen Roman von Stephen King, zeigt mit dem ausgestreckten Finger auf unsere Gesellschaft und auf unser Handeln. Jedoch hat das Musical, anders als der Roman, eine stark emotionale Seite und zeigt so den Weg in die richtige Richtung. Die Zuschauer:innen sollten einen Blick hinter die Fassade erhaschen und&nbsp; gleichzeitig dazu gebracht werden sich an die eigene Nase zu greifen, denn: Wann kannst du dir wirklich ein Urteil \u00fcber einen anderen Menschen erlauben? Und viel wichtiger: Was kostet es dich freundlich zu sein?<\/p>\n\n\n\n<p>Musikalisch wird das Musical mit einer Kombination aus einer klassischen Rockband mit einem Cello unterst\u00fctzt, was einen besonderen Klang erschafft. So ist eine Abwechslung zwischen rockigen Ensemblenummern und klassischen Duetten m\u00f6glich.<\/p>\n\n\n\n<p>Aufgrund fehlender Planungssicherheit und zu geringer Probenzeit durch die Corona-Ma\u00dfnahmen musste das St\u00fcck leider abgesagt werden. Wir bedanken uns bei allen, die das Projekt unterst\u00fctzt oder daran mitgearbeitet haben, und sind begeistert von allem, was wir in der kurzen Zeit gemeinsam erreicht haben.<\/p>\n\n\n\n<div style=\"height:28px\" aria-hidden=\"true\" class=\"wp-block-spacer\"><\/div>\n\n\n\n<div class=\"wp-block-group alignwide is-vertical is-layout-flex wp-container-core-group-is-layout-67710c2e wp-block-group-is-layout-flex\" style=\"margin-top:0;margin-bottom:0;padding-top:0;padding-bottom:0\">\n<div class=\"wp-block-group alignwide is-vertical is-layout-flex wp-container-core-group-is-layout-fe9cc265 wp-block-group-is-layout-flex\">\n<h2 class=\"wp-block-heading alignwide\"><strong>Cast<\/strong><\/h2>\n\n\n\n<p>Carrie White: Marie Winkelhorst &amp; Lena Baumanns<\/p>\n\n\n\n<p>Margaret White: Hannah Blasius &amp; Anna Bobach<\/p>\n\n\n\n<p>Sue Snell: Anna Dreichlinger &amp; Katharina Wehrmeister<\/p>\n\n\n\n<p>Chris Hargensen: Mirjam te Laak &amp; Fatima Mossawi<\/p>\n\n\n\n<p>Miss Gardner: Rebecca Barck &amp; Mendy T\u00f6nsfeuerborn<\/p>\n\n\n\n<p>Billy Nolan: Tobias Holle &amp; Carsten Heinemann<\/p>\n\n\n\n<p>Tommy Ross: Mick Daubenfeld &amp; Jonathan Loos<\/p>\n\n\n\n<p>Frieda: Juliana Langen<\/p>\n\n\n\n<p>Norma: Johanna Augustin<\/p>\n\n\n\n<p>George: Till Buchtal<\/p>\n\n\n\n<p>Stokes: Simon Sch\u00fcppen<\/p>\n\n\n\n<p>Helen: Maya Reuscher<\/p>\n\n\n\n<p>Freddy: Levin Engbrocks<\/p>\n\n\n\n<p>Mr. Stephens &amp; Reverent Bliss: Christian Behm<\/p>\n\n\n\n<p>Ensemble: Pinkas Hoffmann<\/p>\n<\/div>\n<\/div>\n\n\n\n<div style=\"height:28px\" aria-hidden=\"true\" class=\"wp-block-spacer\"><\/div>\n\n\n\n<div class=\"wp-block-group alignwide is-vertical is-layout-flex wp-container-core-group-is-layout-67710c2e wp-block-group-is-layout-flex\" style=\"margin-top:0;margin-bottom:0;padding-top:0;padding-bottom:0\">\n<h2 class=\"wp-block-heading alignwide\"><strong>Orchester<\/strong><\/h2>\n\n\n\n<div class=\"wp-block-group alignwide is-vertical is-layout-flex wp-container-core-group-is-layout-fe9cc265 wp-block-group-is-layout-flex\">\n<div style=\"height:1px\" aria-hidden=\"true\" class=\"wp-block-spacer wp-container-content-eff6f568\"><\/div>\n\n\n\n<p>Dirigent: Jonathan Pasternack<\/p>\n\n\n\n<p>E-Bass: Daniel Gotzens<\/p>\n\n\n\n<p>Schlagzeug: Christoph Voss<\/p>\n\n\n\n<p>Cello: Corinna M\u00fcller<\/p>\n\n\n\n<p>Keyboard 1: Hendrik Stelzer<\/p>\n\n\n\n<p>Keyboard 2: Adrian Vo\u00df<\/p>\n\n\n\n<p>Gitarre. Kees Egbers &amp; Mathis Everding<\/p>\n<\/div>\n<\/div>\n\n\n\n<div style=\"height:28px\" aria-hidden=\"true\" class=\"wp-block-spacer\"><\/div>\n\n\n\n<div class=\"wp-block-group alignwide is-vertical is-layout-flex wp-container-core-group-is-layout-67710c2e wp-block-group-is-layout-flex\" style=\"margin-top:0;margin-bottom:0;padding-top:0;padding-bottom:0\">\n<h2 class=\"wp-block-heading alignwide\"><strong>Kreativ- und Organisationsteam<\/strong><\/h2>\n\n\n\n<div class=\"wp-block-group alignwide is-vertical is-layout-flex wp-container-core-group-is-layout-fe9cc265 wp-block-group-is-layout-flex\">\n<div style=\"height:1px\" aria-hidden=\"true\" class=\"wp-block-spacer wp-container-content-eff6f568\"><\/div>\n\n\n\n<p>Regie: Klara E\u00dfer &amp; Pascal Torka<\/p>\n\n\n\n<p>Dirigent: Jonathan Pasternack<\/p>\n\n\n\n<p>Chorleitung: Daniel Brockmann<\/p>\n\n\n\n<p>Fotografie. Kelvin Hoffmann<\/p>\n\n\n\n<p>Mediengestalter: Daniel Fink<\/p>\n\n\n\n<p>Veranstaltungsleitung: Roman Stelzer<\/p>\n\n\n\n<p>Produktionsleitung: Nora Me\u00dfmann<\/p>\n<\/div>\n<\/div>\n\n\n\n<div style=\"height:28px\" aria-hidden=\"true\" class=\"wp-block-spacer\"><\/div>\n\n\n\n<div class=\"wp-block-group alignwide is-vertical is-layout-flex wp-container-core-group-is-layout-67710c2e wp-block-group-is-layout-flex\" style=\"margin-top:0;margin-bottom:0;padding-top:0;padding-bottom:0\">\n<h2 class=\"wp-block-heading alignwide\"><strong>Technik<\/strong><\/h2>\n\n\n\n<div class=\"wp-block-group alignwide is-vertical is-layout-flex wp-container-core-group-is-layout-fe9cc265 wp-block-group-is-layout-flex\">\n<div style=\"height:1px\" aria-hidden=\"true\" class=\"wp-block-spacer wp-container-content-eff6f568\"><\/div>\n\n\n\n<p>Aufnahmeleitung &amp; Mikrofonierer: Jonas Dohmen<\/p>\n\n\n\n<p>Leitung Technik und Ton &amp; 1. Tonoperator: J\u00e9r\u00f4me Breuer<\/p>\n\n\n\n<p>2. Tonoperator: Joram Eickhof<\/p>\n\n\n\n<p>Tonassistent &amp; Vertretung: Friedrich Strich<\/p>\n\n\n\n<p>Leitung Licht, Lichtdesigner &amp; Lichtoperator: Max S\u00f6ller<\/p>\n\n\n\n<p>1. Lichtassistent: Fabian Gottfried<\/p>\n\n\n\n<p>2. Lichtassistent &amp; Lichtsystem: Elias Braun<\/p>\n<\/div>\n<\/div>","protected":false},"excerpt":{"rendered":"<p>Carrie Musik von Michael Gore Songtexte von Dean Pitchford Buch von Lawrence D. Cohen Nach dem Roman von Stephen King Deutsche Textfassung von Martin Wessels-Behrens und Judith Behrens Auff\u00fchrungsort: 100\u20195-Arena Hubert-Wienen-Stra\u00dfe 8 52070 Aachen Wenn doch&#8230; wenn doch&#8230; Wenn doch, was? Wenn doch&nbsp;blo\u00df&nbsp;dieser Tag in der Dusche nicht gewesen w\u00e4re; wenn ich doch&nbsp;blo\u00df&nbsp;nicht Tommy gebeten [&hellip;]<\/p>","protected":false},"author":15,"featured_media":0,"parent":0,"menu_order":0,"comment_status":"closed","ping_status":"closed","template":"","meta":{"_eb_attr":"","footnotes":""},"class_list":["post-3043","page","type-page","status-publish","hentry"],"_links":{"self":[{"href":"https:\/\/floodlight-musicals.de\/en\/wp-json\/wp\/v2\/pages\/3043","targetHints":{"allow":["GET"]}}],"collection":[{"href":"https:\/\/floodlight-musicals.de\/en\/wp-json\/wp\/v2\/pages"}],"about":[{"href":"https:\/\/floodlight-musicals.de\/en\/wp-json\/wp\/v2\/types\/page"}],"author":[{"embeddable":true,"href":"https:\/\/floodlight-musicals.de\/en\/wp-json\/wp\/v2\/users\/15"}],"replies":[{"embeddable":true,"href":"https:\/\/floodlight-musicals.de\/en\/wp-json\/wp\/v2\/comments?post=3043"}],"version-history":[{"count":3,"href":"https:\/\/floodlight-musicals.de\/en\/wp-json\/wp\/v2\/pages\/3043\/revisions"}],"predecessor-version":[{"id":5560,"href":"https:\/\/floodlight-musicals.de\/en\/wp-json\/wp\/v2\/pages\/3043\/revisions\/5560"}],"wp:attachment":[{"href":"https:\/\/floodlight-musicals.de\/en\/wp-json\/wp\/v2\/media?parent=3043"}],"curies":[{"name":"wp","href":"https:\/\/api.w.org\/{rel}","templated":true}]}}