{"id":3042,"date":"2024-07-04T15:54:28","date_gmt":"2024-07-04T13:54:28","guid":{"rendered":"https:\/\/floodlight-musicals.de\/?page_id=3042"},"modified":"2024-07-04T15:59:02","modified_gmt":"2024-07-04T13:59:02","slug":"urinetown","status":"publish","type":"page","link":"https:\/\/floodlight-musicals.de\/en\/urinetown\/","title":{"rendered":"UrineTown"},"content":{"rendered":"<figure class=\"wp-block-image alignfull size-full\"><img loading=\"lazy\" decoding=\"async\" width=\"1920\" height=\"576\" src=\"https:\/\/floodlight-musicals.de\/wp-content\/uploads\/2024\/07\/UT-Banner.jpg\" alt=\"\" class=\"wp-image-5502\" srcset=\"https:\/\/floodlight-musicals.de\/wp-content\/uploads\/2024\/07\/UT-Banner.jpg 1920w, https:\/\/floodlight-musicals.de\/wp-content\/uploads\/2024\/07\/UT-Banner-300x90.jpg 300w, https:\/\/floodlight-musicals.de\/wp-content\/uploads\/2024\/07\/UT-Banner-1024x307.jpg 1024w, https:\/\/floodlight-musicals.de\/wp-content\/uploads\/2024\/07\/UT-Banner-768x230.jpg 768w, https:\/\/floodlight-musicals.de\/wp-content\/uploads\/2024\/07\/UT-Banner-1536x461.jpg 1536w, https:\/\/floodlight-musicals.de\/wp-content\/uploads\/2024\/07\/UT-Banner-600x180.jpg 600w\" sizes=\"auto, (max-width: 1920px) 100vw, 1920px\" \/><\/figure>\n\n\n\n<h3 class=\"wp-block-heading has-text-align-center\">UrineTown<\/h3>\n\n\n\n<div class=\"wp-block-group has-global-padding is-layout-constrained wp-block-group-is-layout-constrained\">\n<hr class=\"wp-block-separator has-text-color has-base-color has-alpha-channel-opacity has-base-background-color has-background is-style-wide\"\/>\n\n\n\n<div class=\"wp-block-group is-vertical is-content-justification-center is-layout-flex wp-container-core-group-is-layout-279bab2c wp-block-group-is-layout-flex\" style=\"margin-top:var(--wp--preset--spacing--10);margin-bottom:var(--wp--preset--spacing--10);padding-top:0;padding-right:0;padding-bottom:0;padding-left:0\">\n<p class=\"has-text-align-center\">Buch von Greg Kotis<\/p>\n\n\n\n<p class=\"has-text-align-center\">Liedtexte von Greg Kotis und Mark Hollmann<\/p>\n\n\n\n<p class=\"has-text-align-center\">Musik von Mark Hollmann<\/p>\n\n\n\n<p class=\"has-text-align-center\">Deutsche Fassung von Wolfgang Adenberg und Ruth Deny<\/p>\n<\/div>\n\n\n\n<hr class=\"wp-block-separator has-text-color has-base-color has-alpha-channel-opacity has-base-background-color has-background\"\/>\n<\/div>\n\n\n\n<div class=\"wp-block-columns alignwide is-layout-flex wp-container-core-columns-is-layout-28f84493 wp-block-columns-is-layout-flex\">\n<div class=\"wp-block-column is-vertically-aligned-center is-layout-flow wp-block-column-is-layout-flow\">\n<h3 class=\"wp-block-heading alignwide has-text-align-center\">Auff\u00fchrungstermine<\/h3>\n\n\n\n<figure class=\"wp-block-table aligncenter\"><table><tbody><tr><td>Do.<\/td><td class=\"has-text-align-center\" data-align=\"center\">18. August 2022 &#8211; 19 Uhr<\/td><\/tr><tr><td>Fr.<\/td><td class=\"has-text-align-center\" data-align=\"center\">19. August 2022 &#8211; 19 Uhr<\/td><\/tr><tr><td>Sa.<\/td><td class=\"has-text-align-center\" data-align=\"center\">20. August 2022 &#8211; 19 Uhr<\/td><\/tr><tr><td>So.<\/td><td class=\"has-text-align-center\" data-align=\"center\">21. August 2022 &#8211; 17 Uhr<\/td><\/tr><\/tbody><\/table><\/figure>\n<\/div>\n\n\n\n<div class=\"wp-block-column is-layout-flow wp-block-column-is-layout-flow\">\n<div class=\"wp-block-group has-global-padding is-layout-constrained wp-block-group-is-layout-constrained\">\n<h2 class=\"wp-block-heading has-text-align-center has-large-font-size\">Auff\u00fchrungsort:<\/h2>\n\n\n\n<p class=\"has-text-align-center\">100\u20195-Arena<\/p>\n\n\n\n<p class=\"has-text-align-center\">Hubert-Wienen-Stra\u00dfe 8<\/p>\n\n\n\n<p class=\"has-text-align-center\">52070 Aachen<\/p>\n<\/div>\n<\/div>\n<\/div>\n\n\n\n<blockquote class=\"wp-block-quote has-contrast-color has-base-background-color has-text-color has-background has-link-color wp-elements-bc5d3b027173c7a90eb40439e1f579db is-layout-flow wp-block-quote-is-layout-flow\">\n<p><em>\u201cZwanzig Jahre D\u00fcrrezeit \u2013&nbsp;<\/em><br><em>der Wassermangel wurde sehr akut.&nbsp;<\/em><br><em>Ich bade nur in einem Fingerhut!\u201d<\/em><\/p>\n<\/blockquote>\n\n\n\n<p>Wir befinden uns in der Zukunft nach einer schlimmen D\u00fcrrekatastrophe \u2013 dem gro\u00dfen Stunk \u2013 in irgendeiner Stadt, in der ein Musical spielen k\u00f6nnte. Das Wasser ist so knapp, dass jeder Tropfen aufgefangen und wiederverwendet werden muss. Die Politik stellte sich dem Problem und beschloss, dass nur noch kostenpflichtige \u00f6ffentliche Toiletten genutzt werden d\u00fcrfen, um die Hinterlassenschaften der Menschen durch wissenschaftliche Methoden wiederverwendbar zu machen und Wasser daraus zu gewinnen.<\/p>\n\n\n\n<blockquote class=\"wp-block-quote has-contrast-color has-base-background-color has-text-color has-background has-link-color wp-elements-a3ea9389fcbd90f7ad9967a4db9e3b83 is-layout-flow wp-block-quote-is-layout-flow\">\n<p><em>\u201cJeder Strahl hat seinen Preis.&nbsp;<\/em><br><em>Wasser hat den Wert von Gold zur Zeit!\u201d<\/em><\/p>\n<\/blockquote>\n\n\n\n<p>Da die Geb\u00fchren zur Toilettennutzung hoch sind, kann sich der arme Teil der Gesellschaft sein Bed\u00fcrfnis kaum leisten. Zu allem \u00dcberfluss wird jeder, der keine sogenannte \u201c\u00f6ffentliche Bed\u00fcrfnisanstalt\u201d aufsucht, von der Polizei nach Pinkelstadt (engl. Urinetown) abgef\u00fchrt \u2013 einem sagenumwobenen Ort, von dem keiner mehr zur\u00fcckkehrt.<\/p>\n\n\n\n<blockquote class=\"wp-block-quote has-contrast-color has-base-background-color has-text-color has-background has-link-color wp-elements-7009ef58b207d426fc08cde32665611b is-layout-flow wp-block-quote-is-layout-flow\">\n<p><em>\u201cToiletten wurden kostenpflichtig&nbsp;<\/em><br><em>und folgerichtig ist jeder strafbar,&nbsp;<\/em><br><em>der hier nicht brav war!\u201d<\/em><\/p>\n<\/blockquote>\n\n\n\n<p>Die Firma GmbHarn &amp; Klo KG, geleitet vom m\u00e4chtigen Gesch\u00e4ftsmann Werdmehr von Mehrwert, betreibt diese \u00f6ffentlichen Bed\u00fcrfnisanstalten. In einer dieser Bed\u00fcrfnisanstalten arbeitet der junge Jonny Stark, der in dem vorherrschenden System eine gro\u00dfe Ungerechtigkeit sieht und eine Revolution startet. Seine Forderung: Frei pinkeln f\u00fcr alle!&nbsp;<\/p>\n\n\n\n<blockquote class=\"wp-block-quote has-contrast-color has-base-background-color has-text-color has-background has-link-color wp-elements-3d82d2e41608437abcbc8369b89f0f57 is-layout-flow wp-block-quote-is-layout-flow\">\n<p><em>\u201cWir wollen ein Leben ohne Sorgen.&nbsp;<\/em><br><em>Denkt nicht mehr an morgen,&nbsp;<\/em><br><em>denkt lieber an heut!\u201d<\/em><\/p>\n<\/blockquote>\n\n\n\n<p>Dass Jonny sich ausgerechnet in die Tochter Mehrwerts verliebt, macht die ganze Revolution nicht einfacher. Doch Jonny wei\u00df: Er muss auf sein Herz h\u00f6ren, koste es was es wolle\u2026<\/p>\n\n\n\n<p>UrineTown ist ein Musical von Mark Hollman &amp; Greg Kotis. Es erz\u00e4hlt eine Geschichte rund um Unterdr\u00fcckung, Korruption, Ausbeutung und Liebe und besticht durch schwarzen Humor und viel Ironie. Mit seiner Schrillheit und dem abwegigen Thema ist das Musical eine Hommage an viele weltbekannte Musicals und schafft es gleichzeitig, diese gewaltig auf die Schippe zu nehmen. Und das auch musikalisch: Mit Shownummern, Duetten, Balladen, Kurt Weill, Gospel, BigBand-Jazz und HipHop. Gleichzeitig regt es zum nachdenken an, insbesondere in einer Zeit, in der Klimaschutz, politische Verfolgung, Polizeigewalt und die Schere zwischen Arm und Reich eine so gro\u00dfe Rolle spielen.<\/p>\n\n\n\n<blockquote class=\"wp-block-quote has-contrast-color has-base-background-color has-text-color has-background has-link-color wp-elements-b8ed3925b4ccde76cc27018db35ec7c8 is-layout-flow wp-block-quote-is-layout-flow\">\n<p><em>\u201cFreude f\u00fcr die Reichen,&nbsp;<\/em><br><em>f\u00fcr die Armen Leid \u2013<\/em><br><em>also keine gro\u00dfe Neuigkeit.\u201d&nbsp;<\/em><\/p>\n<\/blockquote>\n\n\n\n<p>Das Projekt \u201cUrineTown\u201d f\u00fchrt der Verein Floodlight Musicals e.V. in Kooperation mit dem Amt f\u00fcr Inklusion und Sozialplanung, der Filmwerkstatt Eifel und den Caritas Betriebs- und Werkst\u00e4tten auf.<\/p>\n\n\n\n<div style=\"height:28px\" aria-hidden=\"true\" class=\"wp-block-spacer\"><\/div>\n\n\n\n<div class=\"wp-block-group alignwide is-vertical is-layout-flex wp-container-core-group-is-layout-67710c2e wp-block-group-is-layout-flex\" style=\"margin-top:0;margin-bottom:0;padding-top:0;padding-bottom:0\">\n<div class=\"wp-block-group alignwide is-vertical is-layout-flex wp-container-core-group-is-layout-fe9cc265 wp-block-group-is-layout-flex\">\n<h2 class=\"wp-block-heading alignwide\"><strong>Cast<\/strong><\/h2>\n\n\n\n<p>Kloppstock: Simon Middelkoop &amp; Eva Engels<\/p>\n\n\n\n<p>Klein-Erna: Greta B\u00e4ck<\/p>\n\n\n\n<p>Klein-Ernie: Samuel Augustin<\/p>\n\n\n\n<p>Jonny Stark: Levin Engbrocks &amp; Justin Fischer<\/p>\n\n\n\n<p>Freya von Mehrwert: Julia Schares &amp; Juliana Langen<\/p>\n\n\n\n<p>Werdmehr von Mehrwert: Florian Walter &amp; Pinkas Hoffmann<\/p>\n\n\n\n<p>Elfriede Fennichfux: Yvonne Hofmann &amp; Echolyte<\/p>\n\n\n\n<p>Wampe: Mira Heider<\/p>\n\n\n\n<p>Frau Kaiser: Lena Voerste<\/p>\n\n\n\n<p>Schmier: Lars Niem\u00f6ller<\/p>\n\n\n\n<p>Vater Stark \/ Wetzstein Willi: Stephan M\u00fchlenberg<\/p>\n\n\n\n<p>Mutter Stark: Anke Sommer<\/p>\n\n\n\n<p>Suppen-Suse: Michelle Posmyk<\/p>\n\n\n\n<p>Der knappe Knuth: Isabel M\u00fcller<\/p>\n\n\n\n<p>Grundschlechtes Gretchen: Maren H\u00fclsmann<\/p>\n\n\n\n<p>Robbi der Stockfisch: Marvin Diaz<\/p>\n\n\n\n<p>Mme Millenium: Emina Saric<\/p>\n\n\n\n<p>Dr. Reibach: Friedrich Strich<\/p>\n\n\n\n<p>Hans Heiner Heinz: Tamara Peters<\/p>\n\n\n\n<p>Sekret\u00e4rin: Benita Mattes<\/p>\n\n\n\n<p>Richard Hammerstein: David Luczak<\/p>\n\n\n\n<p>Tanz: Jule Wahl, Johanna Flesch, Sophia Ning Weber, David Luczak<\/p>\n\n\n\n<p>Ensemble: Reik Gibowski, Matthias Stadler, Dario Mesquida Nogueira<\/p>\n<\/div>\n<\/div>\n\n\n\n<div style=\"height:28px\" aria-hidden=\"true\" class=\"wp-block-spacer\"><\/div>\n\n\n\n<div class=\"wp-block-group alignwide is-vertical is-layout-flex wp-container-core-group-is-layout-67710c2e wp-block-group-is-layout-flex\" style=\"margin-top:0;margin-bottom:0;padding-top:0;padding-bottom:0\">\n<h2 class=\"wp-block-heading alignwide\"><strong>Orchester<\/strong><\/h2>\n\n\n\n<div class=\"wp-block-group alignwide is-vertical is-layout-flex wp-container-core-group-is-layout-fe9cc265 wp-block-group-is-layout-flex\">\n<div style=\"height:1px\" aria-hidden=\"true\" class=\"wp-block-spacer wp-container-content-eff6f568\"><\/div>\n\n\n\n<p>Klarinette: Andreas Heinrich<\/p>\n\n\n\n<p>Posaune: Arved Finke<\/p>\n\n\n\n<p>Bass: Daniel Gotzens<\/p>\n\n\n\n<p>Saxophon: Lukas Hampel<\/p>\n\n\n\n<p>Klavier: Christian Sroka<\/p>\n\n\n\n<p>Schlagzeug: Michael Schneider<\/p>\n<\/div>\n<\/div>\n\n\n\n<div style=\"height:28px\" aria-hidden=\"true\" class=\"wp-block-spacer\"><\/div>\n\n\n\n<div class=\"wp-block-group alignwide is-vertical is-layout-flex wp-container-core-group-is-layout-67710c2e wp-block-group-is-layout-flex\" style=\"margin-top:0;margin-bottom:0;padding-top:0;padding-bottom:0\">\n<h2 class=\"wp-block-heading alignwide\"><strong>Kreativ- und Organisationsteam<\/strong><\/h2>\n\n\n\n<div class=\"wp-block-group alignwide is-vertical is-layout-flex wp-container-core-group-is-layout-fe9cc265 wp-block-group-is-layout-flex\">\n<div style=\"height:1px\" aria-hidden=\"true\" class=\"wp-block-spacer wp-container-content-eff6f568\"><\/div>\n\n\n\n<p>Regie: Ira Tinkloh<\/p>\n\n\n\n<p>Regieassistenz: Lars Niem\u00f6ller<\/p>\n\n\n\n<p>Produktionsleitung: Maren H\u00fclsmann<\/p>\n\n\n\n<p>Bandleitung: Jonathan Pasternack<\/p>\n\n\n\n<p>Chorleitung: Matthias Stadler<\/p>\n\n\n\n<p>Choreographin: Johanna Augustin <\/p>\n\n\n\n<p>Kost\u00fcm: Nadja Engelhardt<\/p>\n<\/div>\n<\/div>\n\n\n\n<div style=\"height:28px\" aria-hidden=\"true\" class=\"wp-block-spacer\"><\/div>\n\n\n\n<div class=\"wp-block-group alignwide is-vertical is-layout-flex wp-container-core-group-is-layout-67710c2e wp-block-group-is-layout-flex\" style=\"margin-top:0;margin-bottom:0;padding-top:0;padding-bottom:0\">\n<h2 class=\"wp-block-heading alignwide\"><strong>Technik<\/strong><\/h2>\n\n\n\n<div class=\"wp-block-group alignwide is-vertical is-layout-flex wp-container-core-group-is-layout-fe9cc265 wp-block-group-is-layout-flex\">\n<div style=\"height:1px\" aria-hidden=\"true\" class=\"wp-block-spacer wp-container-content-eff6f568\"><\/div>\n\n\n\n<p>Technikleitung, 1. Tonoperator: J\u00e9r\u00f4me Breuer<\/p>\n\n\n\n<p>Vertretung Technikleitung und Vertretung 1. Tonoperator: Simon K\u00fchn<\/p>\n\n\n\n<p>2. Tonoperator: Joram Eickhoff<\/p>\n\n\n\n<p>2. Tonoperator &amp; Mikrofonierer: Elias Braun<\/p>\n\n\n\n<p>Leitung Licht, Lichtdesigner &amp; Lichtoperator: Max S\u00f6ller<\/p>\n\n\n\n<p>Licht Assistenz: Nils Frohn<\/p>\n\n\n\n<p>Schnittstelle Technik\/Regie: Jonas Dohmen<\/p>\n\n\n\n<p>Vertretung: Technikleitung &amp; 1. Tonoperator: Simon K\u00fchn<\/p>\n\n\n\n<p>Mikrofonierer &amp; UHF: Friedrich Strich<\/p>\n<\/div>\n<\/div>","protected":false},"excerpt":{"rendered":"<p>UrineTown Buch von Greg Kotis Liedtexte von Greg Kotis und Mark Hollmann Musik von Mark Hollmann Deutsche Fassung von Wolfgang Adenberg und Ruth Deny Auff\u00fchrungstermine Do. 18. August 2022 &#8211; 19 Uhr Fr. 19. August 2022 &#8211; 19 Uhr Sa. 20. August 2022 &#8211; 19 Uhr So. 21. August 2022 &#8211; 17 Uhr Auff\u00fchrungsort: 100\u20195-Arena [&hellip;]<\/p>","protected":false},"author":15,"featured_media":0,"parent":0,"menu_order":0,"comment_status":"closed","ping_status":"closed","template":"","meta":{"_eb_attr":"","footnotes":""},"class_list":["post-3042","page","type-page","status-publish","hentry"],"_links":{"self":[{"href":"https:\/\/floodlight-musicals.de\/en\/wp-json\/wp\/v2\/pages\/3042","targetHints":{"allow":["GET"]}}],"collection":[{"href":"https:\/\/floodlight-musicals.de\/en\/wp-json\/wp\/v2\/pages"}],"about":[{"href":"https:\/\/floodlight-musicals.de\/en\/wp-json\/wp\/v2\/types\/page"}],"author":[{"embeddable":true,"href":"https:\/\/floodlight-musicals.de\/en\/wp-json\/wp\/v2\/users\/15"}],"replies":[{"embeddable":true,"href":"https:\/\/floodlight-musicals.de\/en\/wp-json\/wp\/v2\/comments?post=3042"}],"version-history":[{"count":5,"href":"https:\/\/floodlight-musicals.de\/en\/wp-json\/wp\/v2\/pages\/3042\/revisions"}],"predecessor-version":[{"id":7793,"href":"https:\/\/floodlight-musicals.de\/en\/wp-json\/wp\/v2\/pages\/3042\/revisions\/7793"}],"wp:attachment":[{"href":"https:\/\/floodlight-musicals.de\/en\/wp-json\/wp\/v2\/media?parent=3042"}],"curies":[{"name":"wp","href":"https:\/\/api.w.org\/{rel}","templated":true}]}}