{"id":3041,"date":"2024-04-10T15:35:37","date_gmt":"2024-04-10T13:35:37","guid":{"rendered":"https:\/\/floodlight-musicals.de\/?page_id=3041"},"modified":"2024-07-01T08:55:56","modified_gmt":"2024-07-01T06:55:56","slug":"shadows-of-notre-dame","status":"publish","type":"page","link":"https:\/\/floodlight-musicals.de\/en\/shadows-of-notre-dame\/","title":{"rendered":"Shadows of Notre Dame"},"content":{"rendered":"<figure class=\"wp-block-image alignfull size-large\"><img loading=\"lazy\" decoding=\"async\" width=\"1024\" height=\"228\" src=\"https:\/\/floodlight-musicals.de\/wp-content\/uploads\/2024\/04\/Floodlight-Bild-SoND_Drive-2-1024x228.jpg\" alt=\"\" class=\"wp-image-3104\" srcset=\"https:\/\/floodlight-musicals.de\/wp-content\/uploads\/2024\/04\/Floodlight-Bild-SoND_Drive-2-1024x228.jpg 1024w, https:\/\/floodlight-musicals.de\/wp-content\/uploads\/2024\/04\/Floodlight-Bild-SoND_Drive-2-300x67.jpg 300w, https:\/\/floodlight-musicals.de\/wp-content\/uploads\/2024\/04\/Floodlight-Bild-SoND_Drive-2-768x171.jpg 768w, https:\/\/floodlight-musicals.de\/wp-content\/uploads\/2024\/04\/Floodlight-Bild-SoND_Drive-2-1536x342.jpg 1536w, https:\/\/floodlight-musicals.de\/wp-content\/uploads\/2024\/04\/Floodlight-Bild-SoND_Drive-2-600x134.jpg 600w, https:\/\/floodlight-musicals.de\/wp-content\/uploads\/2024\/04\/Floodlight-Bild-SoND_Drive-2.jpg 1920w\" sizes=\"auto, (max-width: 1024px) 100vw, 1024px\" \/><\/figure>\n\n\n\n<h3 class=\"wp-block-heading has-text-align-center\">Shadows of Notre Dame<\/h3>\n\n\n\n<hr class=\"wp-block-separator has-text-color has-base-color has-alpha-channel-opacity has-base-background-color has-background is-style-wide\"\/>\n\n\n\n<div class=\"wp-block-columns alignwide is-layout-flex wp-container-core-columns-is-layout-28f84493 wp-block-columns-is-layout-flex\">\n<div class=\"wp-block-column is-vertically-aligned-center is-layout-flow wp-block-column-is-layout-flow\">\n<h3 class=\"wp-block-heading alignwide has-text-align-center\">Auff\u00fchrungstermine<\/h3>\n\n\n\n<figure class=\"wp-block-table aligncenter\"><table><tbody><tr><td>Sa.<\/td><td class=\"has-text-align-center\" data-align=\"center\">13. Mai 2023 &#8211; 20 Uhr<\/td><\/tr><tr><td>So.<\/td><td class=\"has-text-align-center\" data-align=\"center\">14. Mai 2023 &#8211; 17 Uhr<\/td><\/tr><\/tbody><\/table><\/figure>\n<\/div>\n\n\n\n<div class=\"wp-block-column is-layout-flow wp-block-column-is-layout-flow\">\n<div class=\"wp-block-group has-global-padding is-layout-constrained wp-block-group-is-layout-constrained\">\n<h2 class=\"wp-block-heading has-text-align-center has-large-font-size\">Auff\u00fchrungsort:<\/h2>\n\n\n\n<p class=\"has-text-align-center\">Aula der RWTH<\/p>\n\n\n\n<p class=\"has-text-align-center\">Bayernallee 9<\/p>\n\n\n\n<p class=\"has-text-align-center\">52066 Aachen<\/p>\n<\/div>\n<\/div>\n<\/div>\n\n\n\n<div class=\"wp-block-group alignwide is-vertical is-layout-flex wp-container-core-group-is-layout-fe9cc265 wp-block-group-is-layout-flex\">\n<p>Orchester und Chor von Floodlight Musicals bringen dieses Jahr das Programm \u201e<strong>Shadows of Notre Dame<\/strong>\u201c auf die B\u00fchne. Die Geschichte f\u00fchrt&nbsp;<strong>quer durch Frankreich<\/strong>&nbsp;und die&nbsp;<strong>verschiedensten Musical-Highlights<\/strong>. Von bekannten Musical-Klassikern bis zu Geheimtipps f\u00fcr Musical-Kenner ist alles dabei. Zum Leben erweckt wird das etwas andere Konzert von insgesamt&nbsp;<strong>ca. 40 Musiker*Innen<\/strong>&nbsp;des Orchesters und einem Chor mit etwa&nbsp;<strong>30 S\u00e4nger*Innen<\/strong>, sowie einigen Solist*Innen.<\/p>\n\n\n\n<p><strong>Die Geschichte:<\/strong><\/p>\n\n\n\n<p><strong>Paris<\/strong>, zu einem nicht exakt bestimmten Zeitpunkt in der Vergangenheit. Ein&nbsp;<strong>gem\u00fctlichen Gasthaus<\/strong>, unweit der herrlichen Kathedrale von Notre Dame.<\/p>\n\n\n\n<p>Hier begr\u00fc\u00dfen&nbsp;<strong>Monsieur Lumiere<\/strong>&nbsp;und seine Frau&nbsp;<strong>Madame Pottine<\/strong>, Abend f\u00fcr Abend ihre G\u00e4ste. Viele unterschiedliche Menschen gehen ein und aus. Man kennt sich, man munkelt, man ist im Zentrum der Ger\u00fcchtek\u00fcche und somit stehts gut dar\u00fcber informiert, was so alles in der Stadt vor sich geht.<\/p>\n\n\n\n<p>Unweit der Gasttst\u00e4tte, gesch\u00fctzt von den Mauern Notre Dames leben seit ihren Kindertagen zwei Br\u00fcder, mit den Namen&nbsp;<strong>Frollo<\/strong>&nbsp;und&nbsp;<strong>Jehan<\/strong>. Trotz ihres unterschiedlichen Temperamentes stehen sich beide sehr nahe. Der \u00e4ltere der beiden Br\u00fcder, Frollo, ist rechtschaffend und fromm, der j\u00fcngere Bruder Jehan eher von ungez\u00e4hmter und neugieriger Natur.<\/p>\n\n\n\n<p>So kommt es, dass Jehan mit den Regeln der Kirche bricht und aus der Kathedrale und somit dem gemeinsamen Zuhause der Br\u00fcder verbannt wird. Doch auch Frollo ist bei weitem nicht so fromm, wie es nach au\u00dfen hin scheint. Er hegt starke Gef\u00fchle f\u00fcr eine Frau Namens&nbsp;<strong>Christine<\/strong>&nbsp;und l\u00e4sst sich, entgegen seiner frommen Absichten, sogar auf eine Aff\u00e4re mit ihr ein. Aus Scham und Gottesfurcht l\u00e4sst er sie jedoch, trotz seiner starken Gef\u00fchle f\u00fcr sie, alleine und mit gebrochenem Herzen zur\u00fcck.<\/p>\n\n\n\n<p>Unterdessen hat der verbannte Bruder Jehan seinen Weg in ein kleines franz\u00f6siches Dorf gefunden. Dort begegnet er&nbsp;<strong>Anya<\/strong>. Anya, als Waisenkind aufgewachsen, besitzt keinerlei Erinnerungen mehr an ihre Eltern oder Kinderzeit. Sie fasziniert Jehan sehr und auch umgekehrt interessiert sich Anya f\u00fcr den Mann aus Paris. Da Anya das Leben in dem kleinen Dorf schon lange leid ist und sich Jehan schnell bis \u00fcber beide Ohren in Anya verliebt, beschlie\u00dfen die beiden gemeinsam nach Paris zu gehen.<\/p>\n\n\n\n<p>In den Mauern der Kathedrale verliert Frollo mehr und mehr die Kontrolle. Seine Passion f\u00fcr Christine wird zur Obssesion. Gewaltsam beendet er Christines Leben, weil er sie nicht f\u00fcr sich beanspruchen kann.<\/p>\n\n\n\n<p>Jehan ist inzwischen auf dem Weg zur\u00fcck nach Paris, begleitet von Anya. Wie wird er auf die neuesten Entwicklungen reagieren?<\/p>\n<\/div>\n\n\n\n<div class=\"wp-block-group alignwide is-vertical is-layout-flex wp-container-core-group-is-layout-fe9cc265 wp-block-group-is-layout-flex\">\n<div class=\"wp-block-group has-global-padding is-layout-constrained wp-block-group-is-layout-constrained\">\n<h3 class=\"wp-block-heading\">Leitungsteam: <\/h3>\n\n\n\n<p>Dirigent &amp; Arrangement: Manuel Gottschlich<\/p>\n\n\n\n<p>Chorleitung: Younes M\u00fcller &amp; Daniel Brockmann<\/p>\n\n\n\n<p>Produktionsleitung: Theresa Steidle &amp; Theresa Singer<\/p>\n\n\n\n<p>Storyline &amp; Dialog: Rebecca Barck<\/p>\n\n\n\n<p>Design: Lia Rebecca Springer<\/p>\n\n\n\n<p>Marketing: Rebecca Meisel<\/p>\n\n\n\n<p>Tickets &amp; Abendkasse: Lena Voerste<\/p>\n\n\n\n<p>Fotos: Kelvin Hoffmann<\/p>\n\n\n\n<p>Catering: Kathi Sch\u00fcffel<\/p>\n\n\n\n<h3 class=\"wp-block-heading\">Orchester: <\/h3>\n\n\n\n<p>Konzertmeister: Benedikt Dassler<\/p>\n\n\n\n<p>1. Geige: Konstanze Betz, Rebecca Meisel, Yudan Wang &amp; Hyowon Shin<\/p>\n\n\n\n<p>2. Geige: Leonie M\u00fcller, Mareike T\u00fcmmers, Marissa Schwimmbeck &amp; Florian Belting<\/p>\n\n\n\n<p>Bratsche: Theresa Steidle, Michelle Siemens, Leander Weinelt &amp; Ilka Jori\u00dfen<\/p>\n\n\n\n<p>Cello: Anna Hochberger, Corinna M\u00fcller, Kathi Sch\u00fcffel, Marian Assenmacher &amp; June M\u00f6ller<\/p>\n\n\n\n<p>Bass: Andreas Pinxten &amp; Tom\u00e1s Novotny <\/p>\n\n\n\n<p>Klarinette: Tobias Abel &amp; Hanna Bormuth<\/p>\n\n\n\n<p>Fl\u00f6te: Helene Hu, Sarah J\u00fcptner<\/p>\n\n\n\n<p>Fagott: Philipp K\u00fcchler<\/p>\n\n\n\n<p>Oboe \/ Englischhorn: Angelika Kiefel<\/p>\n\n\n\n<p>Trompete: Elias Braun &amp; Matthias May<\/p>\n\n\n\n<p>Posaune: Mareike Metzler &amp; Franz H\u00fcls<\/p>\n\n\n\n<p>Horn: Sandra Hoffmann &amp; Tobias Sedlatschek<\/p>\n\n\n\n<p>Klavier: Dario Mesquida Nogueira<\/p>\n\n\n\n<p>Harfe: Berenike Magin<\/p>\n\n\n\n<p>Schlagwerk: Anne Muller &amp; Michael Schneider<\/p>\n\n\n\n<p>Sopran (Chor): Rebecca Barck, Echo, Isabelle Welter, Alina Wolff, Ira Tinkloh, Marina Schneider, Lia Rebecca Springer, Marie-Sophie Sch\u00e4fereien,<\/p>\n\n\n\n<p>Alt (Chor): Antonia P\u00fctz, Benita Mattes, Isabel M\u00fcller, Natalie Slowik, Anna Dreichlinger, Pia Gr\u00fcten<\/p>\n\n\n\n<p>Tenor (Chor): Jonas Dohmen, Justin Fischer, Christoph Vierheilig, Joscha Graeve, Till Buchtal, Younes M\u00fcller, Johannes Kieser<\/p>\n\n\n\n<p>Bass (Chor): Kees Egbert, Daniel Brockmann, Pinkas Hoffmann, Wenzel Neuh\u00f6fer, Max S\u00f6ller, Daniel Gotzens, Steffan Luong<\/p>\n\n\n\n<h3 class=\"wp-block-heading\">SolistInnen: <\/h3>\n\n\n\n<p>Anya: Anna Dreichlinger<\/p>\n\n\n\n<p>Christine: Marie-Sophie Sch\u00e4fermeier<\/p>\n\n\n\n<p>Jehan: Justin Fischer<\/p>\n\n\n\n<p>Frollo: Pinkas Hoffmann<\/p>\n\n\n\n<p>Poutine: Ira Tinkloh<\/p>\n\n\n\n<p>Lumi\u00e9re: Christoph Vierheilig<\/p>\n\n\n\n<p>Priester: Jonas Dohmen<\/p>\n<\/div>\n<\/div>\n\n\n\n<div class=\"wp-block-group alignwide is-vertical is-layout-flex wp-container-core-group-is-layout-fe9cc265 wp-block-group-is-layout-flex\">\n<h3 class=\"wp-block-heading alignwide\">Technik:<\/h3>\n\n\n\n<p>Joran Eickhoff, J\u00e9rome Breuer, Fabian Gottfried, Max M\u00f6ller, Elias Braun, Jonas Dohmen, Simon K\u00fchn, Jonas Schuppen, Joscha Graeve<\/p>\n<\/div>","protected":false},"excerpt":{"rendered":"<p>Shadows of Notre Dame Auff\u00fchrungstermine Sa. 13. Mai 2023 &#8211; 20 Uhr So. 14. Mai 2023 &#8211; 17 Uhr Auff\u00fchrungsort: Aula der RWTH Bayernallee 9 52066 Aachen Orchester und Chor von Floodlight Musicals bringen dieses Jahr das Programm \u201eShadows of Notre Dame\u201c auf die B\u00fchne. Die Geschichte f\u00fchrt&nbsp;quer durch Frankreich&nbsp;und die&nbsp;verschiedensten Musical-Highlights. Von bekannten Musical-Klassikern [&hellip;]<\/p>","protected":false},"author":15,"featured_media":0,"parent":0,"menu_order":0,"comment_status":"closed","ping_status":"closed","template":"","meta":{"_eb_attr":"","footnotes":""},"class_list":["post-3041","page","type-page","status-publish","hentry"],"_links":{"self":[{"href":"https:\/\/floodlight-musicals.de\/en\/wp-json\/wp\/v2\/pages\/3041","targetHints":{"allow":["GET"]}}],"collection":[{"href":"https:\/\/floodlight-musicals.de\/en\/wp-json\/wp\/v2\/pages"}],"about":[{"href":"https:\/\/floodlight-musicals.de\/en\/wp-json\/wp\/v2\/types\/page"}],"author":[{"embeddable":true,"href":"https:\/\/floodlight-musicals.de\/en\/wp-json\/wp\/v2\/users\/15"}],"replies":[{"embeddable":true,"href":"https:\/\/floodlight-musicals.de\/en\/wp-json\/wp\/v2\/comments?post=3041"}],"version-history":[{"count":5,"href":"https:\/\/floodlight-musicals.de\/en\/wp-json\/wp\/v2\/pages\/3041\/revisions"}],"predecessor-version":[{"id":5458,"href":"https:\/\/floodlight-musicals.de\/en\/wp-json\/wp\/v2\/pages\/3041\/revisions\/5458"}],"wp:attachment":[{"href":"https:\/\/floodlight-musicals.de\/en\/wp-json\/wp\/v2\/media?parent=3041"}],"curies":[{"name":"wp","href":"https:\/\/api.w.org\/{rel}","templated":true}]}}