{"id":3040,"date":"2024-07-01T09:09:48","date_gmt":"2024-07-01T07:09:48","guid":{"rendered":"https:\/\/floodlight-musicals.de\/?page_id=3040"},"modified":"2024-07-01T10:17:36","modified_gmt":"2024-07-01T08:17:36","slug":"jane-eyre","status":"publish","type":"page","link":"https:\/\/floodlight-musicals.de\/en\/jane-eyre\/","title":{"rendered":"Jane Eyre"},"content":{"rendered":"<figure class=\"wp-block-image alignfull size-full\"><img loading=\"lazy\" decoding=\"async\" width=\"1920\" height=\"576\" src=\"https:\/\/floodlight-musicals.de\/wp-content\/uploads\/2024\/07\/Jane-Eyre-Banner.jpg\" alt=\"\" class=\"wp-image-5465\" srcset=\"https:\/\/floodlight-musicals.de\/wp-content\/uploads\/2024\/07\/Jane-Eyre-Banner.jpg 1920w, https:\/\/floodlight-musicals.de\/wp-content\/uploads\/2024\/07\/Jane-Eyre-Banner-300x90.jpg 300w, https:\/\/floodlight-musicals.de\/wp-content\/uploads\/2024\/07\/Jane-Eyre-Banner-1024x307.jpg 1024w, https:\/\/floodlight-musicals.de\/wp-content\/uploads\/2024\/07\/Jane-Eyre-Banner-768x230.jpg 768w, https:\/\/floodlight-musicals.de\/wp-content\/uploads\/2024\/07\/Jane-Eyre-Banner-1536x461.jpg 1536w, https:\/\/floodlight-musicals.de\/wp-content\/uploads\/2024\/07\/Jane-Eyre-Banner-600x180.jpg 600w\" sizes=\"auto, (max-width: 1920px) 100vw, 1920px\" \/><figcaption class=\"wp-element-caption\">Design von Jana Wetzlar<\/figcaption><\/figure>\n\n\n\n<h3 class=\"wp-block-heading has-text-align-center\">Jane Eyre<\/h3>\n\n\n\n<div class=\"wp-block-group has-global-padding is-layout-constrained wp-block-group-is-layout-constrained\">\n<hr class=\"wp-block-separator has-text-color has-base-color has-alpha-channel-opacity has-base-background-color has-background is-style-wide\"\/>\n\n\n\n<div class=\"wp-block-group is-vertical is-content-justification-center is-layout-flex wp-container-core-group-is-layout-279bab2c wp-block-group-is-layout-flex\" style=\"margin-top:var(--wp--preset--spacing--10);margin-bottom:var(--wp--preset--spacing--10);padding-top:0;padding-right:0;padding-bottom:0;padding-left:0\">\n<p class=\"has-text-align-center\">Musik von Paul Gordon<\/p>\n\n\n\n<p>Songtexte von Paul Gordon &amp; John Caird<\/p>\n\n\n\n<p>Orchestrierung von Larry Hochman<\/p>\n\n\n\n<p>Vocal &amp; Incidental Music Arrangements von Steve Tyler<\/p>\n\n\n\n<p>Buch von John Caird<\/p>\n\n\n\n<p>Nach dem Roman von Charlotte Bront\u00eb<\/p>\n\n\n\n<p>Deutsche Textfassung von Sabine Ruflair<\/p>\n<\/div>\n\n\n\n<hr class=\"wp-block-separator has-text-color has-base-color has-alpha-channel-opacity has-base-background-color has-background\"\/>\n<\/div>\n\n\n\n<div class=\"wp-block-columns alignwide is-layout-flex wp-container-core-columns-is-layout-28f84493 wp-block-columns-is-layout-flex\">\n<div class=\"wp-block-column is-vertically-aligned-center is-layout-flow wp-block-column-is-layout-flow\">\n<h3 class=\"wp-block-heading alignwide has-text-align-center\">Auff\u00fchrungstermine<\/h3>\n\n\n\n<figure class=\"wp-block-table aligncenter\"><table><tbody><tr><td>Do.<\/td><td class=\"has-text-align-center\" data-align=\"center\">16. Juni 2022 &#8211; 19 Uhr<\/td><\/tr><tr><td>Fr.<\/td><td class=\"has-text-align-center\" data-align=\"center\">17. Juni 2022 &#8211; 19 Uhr<\/td><\/tr><tr><td>Sa.<\/td><td class=\"has-text-align-center\" data-align=\"center\">18. Juni 2022 &#8211; 19 Uhr<\/td><\/tr><tr><td>So.<\/td><td class=\"has-text-align-center\" data-align=\"center\">19. Juni 2022 &#8211; 17 Uhr<\/td><\/tr><\/tbody><\/table><\/figure>\n<\/div>\n\n\n\n<div class=\"wp-block-column is-layout-flow wp-block-column-is-layout-flow\">\n<div class=\"wp-block-group has-global-padding is-layout-constrained wp-block-group-is-layout-constrained\">\n<h2 class=\"wp-block-heading has-text-align-center has-large-font-size\">Auff\u00fchrungsort:<\/h2>\n\n\n\n<p class=\"has-text-align-center\">100\u20195-Arena<\/p>\n\n\n\n<p class=\"has-text-align-center\">Hubert-Wienen-Stra\u00dfe 8<\/p>\n\n\n\n<p class=\"has-text-align-center\">52070 Aachen<\/p>\n<\/div>\n<\/div>\n<\/div>\n\n\n\n<blockquote class=\"wp-block-quote has-contrast-color has-text-color has-link-color wp-elements-f14ef04ff2c8f0b42624e8a4e30b6270 is-layout-flow wp-block-quote-is-layout-flow\">\n<div class=\"wp-block-group is-vertical is-layout-flex wp-container-core-group-is-layout-239fc123 wp-block-group-is-layout-flex\" style=\"min-height:0px;margin-top:0;margin-bottom:0;padding-top:0;padding-right:0;padding-bottom:0;padding-left:0\">\n<p class=\"has-contrast-color has-text-color has-link-color wp-elements-7f2c331c788123ba385b0161f836b6bc\">Ahnungen bestehn,<\/p>\n\n\n\n<p>Empfindungen und Gesp\u00fcr,<\/p>\n\n\n\n<p>dir unser Begreifen \u00fcbersteigen.<\/p>\n<\/div>\n<\/blockquote>\n\n\n\n<p>Thornfield Hall \u2013 Das gro\u00dfe Herrenhaus soll f\u00fcr Jane der erste Schritt in ihr selbstbestimmtes Leben sein. Als Gouvernante versucht sie ihrer Vergangenheit und ihren D\u00e4monen zu entfliehen, wird jedoch schnell in weitere Konflikte verstrickt. Was hat es mit der seltsamen Grace Poole auf sich, warum versucht Mrs. Fairfax sie vom Dachboden fern zu halten und welche d\u00fcsteren Geheimnisse umkreisen den zwar schroffen, aber faszinierenden Mr. Rochester? Doch als Jane mehr \u00fcber diesen Mann herausfindet, gibt es f\u00fcr sie kein Zur\u00fcck mehr.<\/p>\n\n\n\n<blockquote class=\"wp-block-quote has-contrast-color has-text-color has-link-color wp-elements-d491d977f331b13b7e015870036ccdf4 is-layout-flow wp-block-quote-is-layout-flow\">\n<div class=\"wp-block-group is-vertical is-layout-flex wp-container-core-group-is-layout-67710c2e wp-block-group-is-layout-flex\" style=\"margin-top:0;margin-bottom:0;padding-top:0;padding-bottom:0\">\n<p>Es gibt eine Welt<\/p>\n\n\n\n<p>jenseits unserer Welt,<\/p>\n\n\n\n<p>jenseits unserer Vorstellung von Himmel.<\/p>\n\n\n\n<p>Es trotzt der Verstand<\/p>\n\n\n\n<p>uns setzt sich zur Wehr.<\/p>\n\n\n\n<p>Doch manchal irrt auch er.<\/p>\n<\/div>\n<\/blockquote>\n\n\n\n<p>Unsere <strong>Inszenierung <\/strong>stellt die Geheimnisse, die Jane, Rochester, aber auch alle weiteren Charaktere in Thornfield umgeben, in den Vordergrund. Sie sind gro\u00df oder klein, erscheinen unwichtig oder sind St\u00fccke der Vergangenheit der Charaktere, die sie gerne im Verborgenen halten wollen. Jedoch pr\u00e4gen all diese Geheimnisse die Geschichte, bestimmen das Handeln, und formen das Bild, das wir uns von ihnen machen. Diese Interpretation von Schuld oder Unschuld stellt die Frage: Wer sind wir, dar\u00fcber entscheiden zu d\u00fcrfen?<\/p>\n\n\n\n<p>Die facettenreiche <strong>Musik <\/strong>von Paul Gordon macht auch die unausgesprochenen Gedanken und Gef\u00fchle der Charaktere unmittelbar erlebbar. Der raffinierte Einsatz von Leitmotiven und die vielschichtige Orchestrierung stellen Janes Suche nach Freiheit und Rochesters seelische Abgr\u00fcnde heraus.<\/p>\n\n\n\n<p>Das St\u00fcck basiert auf dem <strong>Roman <\/strong>\u201cJane Eyre. Eine Autobiographie\u201d von Charlotte Bront\u00eb, den sie 1847 ver\u00f6ffentlichte. Sie spricht mithilfe ihrer Erz\u00e4hlung \u00fcber die bekannteste englische Gouvernante der Literaturgeschichte noch heute leidenschaftlich diskutierte Themen an. Es geht um Unabh\u00e4ngigkeit, Selbstliebe, Vergebung, sowie den Konflikt zwischen pers\u00f6nlicher Integrit\u00e4t und dem Drang, die W\u00fcnsche anderer erf\u00fcllen zu wollen.<\/p>\n\n\n\n<blockquote class=\"wp-block-quote has-contrast-color has-text-color has-link-color wp-elements-c81a9de5378940a43cca28ba4f8be8cb is-layout-flow wp-block-quote-is-layout-flow\">\n<div class=\"wp-block-group is-vertical is-layout-flex wp-container-core-group-is-layout-a0bebe47 wp-block-group-is-layout-flex\" style=\"margin-top:0;margin-bottom:0;padding-top:0;padding-right:0;padding-bottom:0;padding-left:0\">\n<p>Ich suche nach andren Menschen,<\/p>\n\n\n\n<p>nach andrem Schicksal, andrem Ort.<\/p>\n\n\n\n<p>Ach fl\u00f6g ich mit den Schwalben,<\/p>\n\n\n\n<p>allen schweren St\u00fcrmen fort.<\/p>\n<\/div>\n<\/blockquote>\n\n\n\n<div style=\"height:28px\" aria-hidden=\"true\" class=\"wp-block-spacer\"><\/div>\n\n\n\n<div class=\"wp-block-group alignwide is-vertical is-layout-flex wp-container-core-group-is-layout-67710c2e wp-block-group-is-layout-flex\" style=\"margin-top:0;margin-bottom:0;padding-top:0;padding-bottom:0\">\n<div class=\"wp-block-group alignwide is-vertical is-layout-flex wp-container-core-group-is-layout-fe9cc265 wp-block-group-is-layout-flex\">\n<h2 class=\"wp-block-heading alignwide\"><strong>Cast<\/strong><\/h2>\n\n\n\n<p>Jane Eyre: Katharina Wehrmeister &amp; Marie-Sophie Sch\u00e4fermeier<\/p>\n\n\n\n<p>Edward Rochester: Christoph Vierheilig &amp; Mick Daubenfeld<\/p>\n\n\n\n<p>Bertha Mason: Kristin Schall van Bellen &amp; Johanna Augustin<\/p>\n\n\n\n<p>Helen Burns: Kristin Schall van Bellen &amp; Johanna Augustin<\/p>\n\n\n\n<p>Mrs. Faifax: Anna Dreichlinger &amp; Andrea Huppertz<\/p>\n\n\n\n<p>Mrs. Reed: Anna Dreichkinger &amp; Kerstin Wucharz<\/p>\n\n\n\n<p>Adele: Madita Plogsties<\/p>\n\n\n\n<p>Junge Jane: Madita Plogsties &amp; Antonia P\u00fctz<\/p>\n\n\n\n<p>John Reed: Madita Plogsties<\/p>\n\n\n\n<p>St. John Rivers: Levin Engbrocks &amp; Tonny Ai<\/p>\n\n\n\n<p>Richard Mason: Levin Engbrocks &amp; Jonas Dohmen<\/p>\n\n\n\n<p>Grace Poole: Katrin B\u00fcngener &amp; Antonia P\u00fctz<\/p>\n\n\n\n<p>Blanche Ingram: Ira Tinkloh &amp; Rebecca Barck<\/p>\n\n\n\n<p>Mr. Brocklehurst: Pinkas Hoffmann &amp; Maximilian Schildt<\/p>\n\n\n\n<p>Miss Scatchers: Isabell von Lojewski &amp; Eva Engels<\/p>\n\n\n\n<p>Robert: Till Buchtal<\/p>\n\n\n\n<p>Vikar: Johannes Kieser<\/p>\n\n\n\n<p>Amy Eshton: Juliana Langen<\/p>\n\n\n\n<p>Lord Ingram: Kees Egbers<\/p>\n\n\n\n<p>Mary Ingram: Luisa Ostertag<\/p>\n<\/div>\n<\/div>\n\n\n\n<div style=\"height:28px\" aria-hidden=\"true\" class=\"wp-block-spacer\"><\/div>\n\n\n\n<div class=\"wp-block-group alignwide is-vertical is-layout-flex wp-container-core-group-is-layout-67710c2e wp-block-group-is-layout-flex\" style=\"margin-top:0;margin-bottom:0;padding-top:0;padding-bottom:0\">\n<h2 class=\"wp-block-heading alignwide\"><strong>Orchester<\/strong><\/h2>\n\n\n\n<div class=\"wp-block-group alignwide is-vertical is-layout-flex wp-container-core-group-is-layout-fe9cc265 wp-block-group-is-layout-flex\">\n<div style=\"height:1px\" aria-hidden=\"true\" class=\"wp-block-spacer wp-container-content-eff6f568\"><\/div>\n\n\n\n<p>Fl\u00f6te, Piccolo, Altfl\u00f6te &amp; Blockfl\u00f6te: Sarah J\u00fcptner<\/p>\n\n\n\n<p>Englischhorn &amp; Oboe: Angelika Kiefel<\/p>\n\n\n\n<p>Klarinette, Bassklarinette &amp; Orchesterwart: Tobias Abel<\/p>\n\n\n\n<p>Akkordeon: Jonathan Pasternack<\/p>\n\n\n\n<p>Klavier\/Keyboard &amp; Posaune: Jonathan Pasternack &amp; Hendrik Stelzer<\/p>\n\n\n\n<p>Trompete: Theresa Singer &amp; Matthias May<\/p>\n\n\n\n<p>Horn: Sandra Hoffmann<\/p>\n\n\n\n<p>Harfe: Berenike Magin<\/p>\n\n\n\n<p>Schlagwerk: Max Kilchert &amp; Simeon Wolf<\/p>\n\n\n\n<p>Violine: Konstanze Betz, Franziska-Maria Hufnagel, Florian Belting, Benedikt Dassler, Leonie M\u00fcller, Lia Graben &amp; Theresa Steidle<\/p>\n\n\n\n<p>Violonchello: Anna Hochberger, Corinna M\u00fcller, Tarek Eldin &amp; Lilla R\u00e1cz<\/p>\n\n\n\n<p>Kontrabass: Till Finkbeiner &amp; Andreas Pinxten<\/p>\n<\/div>\n<\/div>\n\n\n\n<div style=\"height:28px\" aria-hidden=\"true\" class=\"wp-block-spacer\"><\/div>\n\n\n\n<div class=\"wp-block-group alignwide is-vertical is-layout-flex wp-container-core-group-is-layout-67710c2e wp-block-group-is-layout-flex\" style=\"margin-top:0;margin-bottom:0;padding-top:0;padding-bottom:0\">\n<h2 class=\"wp-block-heading alignwide\"><strong>Kreativ- und Organisationsteam<\/strong><\/h2>\n\n\n\n<div class=\"wp-block-group alignwide is-vertical is-layout-flex wp-container-core-group-is-layout-fe9cc265 wp-block-group-is-layout-flex\">\n<div style=\"height:1px\" aria-hidden=\"true\" class=\"wp-block-spacer wp-container-content-eff6f568\"><\/div>\n\n\n\n<p>Regie: Klara E\u00dfer<\/p>\n\n\n\n<p>Regieassistenz: Antonia P\u00fctz <\/p>\n\n\n\n<p>Dirigent: Manuel Gottschlich<\/p>\n\n\n\n<p>Chorleitung: Younes M\u00fcller<\/p>\n\n\n\n<p>Fotografie: Kelvin Hoffmann<\/p>\n\n\n\n<p>Veranstaltungsleitung: Roman Stelzer<\/p>\n\n\n\n<p>Produktionsleitung: Juliana Langen<\/p>\n\n\n\n<p>Kost\u00fcm: Nadja Engelhardt &amp; Katrin B\u00fcngener<\/p>\n\n\n\n<p>Maske: Echolyte<\/p>\n\n\n\n<p>AuV: Katharina Sch\u00fcffel<\/p>\n\n\n\n<p>Videografie: Simon K\u00fchn<\/p>\n\n\n\n<p>Design: Jana Wetzlar &amp; Kimberley P\u00fctz<\/p>\n\n\n\n<p>Programmheft: Kimberley P\u00fctz<\/p>\n\n\n\n<p>Choreographie: Johanna Augustin, Anna Dreichlinger<\/p>\n\n\n\n<p>B\u00fchnenbild: Christoph Vierheilig, Kerstin Wucharz, Jonas Dohmen &amp; Kees Engbers<\/p>\n\n\n\n<p>Requisiten: Christoph Vierheilig &amp; Kerstin Wucharz<\/p>\n\n\n\n<p>Orchesterwart: Tobias Abel<\/p>\n\n\n\n<p>Finanzassistenz: Maximilian Schildt<\/p>\n\n\n\n<p>Marketingleitung: Rebecca Barck<\/p>\n\n\n\n<p>Social-Media: Marie-Sophie Sch\u00e4fermeier &amp; Eva Engels<\/p>\n\n\n\n<p>Tickets: Isabell von Lojewski &amp; Luisa Ostertag<\/p>\n<\/div>\n<\/div>\n\n\n\n<div style=\"height:28px\" aria-hidden=\"true\" class=\"wp-block-spacer\"><\/div>\n\n\n\n<div class=\"wp-block-group alignwide is-vertical is-layout-flex wp-container-core-group-is-layout-67710c2e wp-block-group-is-layout-flex\" style=\"margin-top:0;margin-bottom:0;padding-top:0;padding-bottom:0\">\n<h2 class=\"wp-block-heading alignwide\"><strong>Technik<\/strong><\/h2>\n\n\n\n<div class=\"wp-block-group alignwide is-vertical is-layout-flex wp-container-core-group-is-layout-fe9cc265 wp-block-group-is-layout-flex\">\n<div style=\"height:1px\" aria-hidden=\"true\" class=\"wp-block-spacer wp-container-content-eff6f568\"><\/div>\n\n\n\n<p>Technikleitung, 1. Tonoperator: J\u00e9r\u00f4me Breuer<\/p>\n\n\n\n<p>2. Tonoperator: Joram Eickhoff &amp; Elias Braun<\/p>\n\n\n\n<p>1. Lichtoperator: Max S\u00f6ller<\/p>\n\n\n\n<p>Lichtsystem\/Assistenz: Fabian Gottfried<\/p>\n\n\n\n<p>Schnittstelle Technik\/Regie: Jonas Dohmen<\/p>\n\n\n\n<p>Vertretung: Technikleitung &amp; 1. Tonoperator: Simon K\u00fchn<\/p>\n\n\n\n<p>Mikrofonierer &amp; UHF: Friedrich Strich<\/p>\n<\/div>\n<\/div>","protected":false},"excerpt":{"rendered":"<p>Jane Eyre Musik von Paul Gordon Songtexte von Paul Gordon &amp; John Caird Orchestrierung von Larry Hochman Vocal &amp; Incidental Music Arrangements von Steve Tyler Buch von John Caird Nach dem Roman von Charlotte Bront\u00eb Deutsche Textfassung von Sabine Ruflair Auff\u00fchrungstermine Do. 16. Juni 2022 &#8211; 19 Uhr Fr. 17. Juni 2022 &#8211; 19 Uhr [&hellip;]<\/p>","protected":false},"author":15,"featured_media":0,"parent":0,"menu_order":0,"comment_status":"closed","ping_status":"closed","template":"","meta":{"_eb_attr":"","footnotes":""},"class_list":["post-3040","page","type-page","status-publish","hentry"],"_links":{"self":[{"href":"https:\/\/floodlight-musicals.de\/en\/wp-json\/wp\/v2\/pages\/3040","targetHints":{"allow":["GET"]}}],"collection":[{"href":"https:\/\/floodlight-musicals.de\/en\/wp-json\/wp\/v2\/pages"}],"about":[{"href":"https:\/\/floodlight-musicals.de\/en\/wp-json\/wp\/v2\/types\/page"}],"author":[{"embeddable":true,"href":"https:\/\/floodlight-musicals.de\/en\/wp-json\/wp\/v2\/users\/15"}],"replies":[{"embeddable":true,"href":"https:\/\/floodlight-musicals.de\/en\/wp-json\/wp\/v2\/comments?post=3040"}],"version-history":[{"count":5,"href":"https:\/\/floodlight-musicals.de\/en\/wp-json\/wp\/v2\/pages\/3040\/revisions"}],"predecessor-version":[{"id":5477,"href":"https:\/\/floodlight-musicals.de\/en\/wp-json\/wp\/v2\/pages\/3040\/revisions\/5477"}],"wp:attachment":[{"href":"https:\/\/floodlight-musicals.de\/en\/wp-json\/wp\/v2\/media?parent=3040"}],"curies":[{"name":"wp","href":"https:\/\/api.w.org\/{rel}","templated":true}]}}