{"id":3037,"date":"2024-04-07T16:07:22","date_gmt":"2024-04-07T14:07:22","guid":{"rendered":"https:\/\/floodlight-musicals.de\/?page_id=3037"},"modified":"2024-07-01T09:00:04","modified_gmt":"2024-07-01T07:00:04","slug":"bare","status":"publish","type":"page","link":"https:\/\/floodlight-musicals.de\/en\/bare\/","title":{"rendered":"BARE"},"content":{"rendered":"<figure class=\"wp-block-image alignfull size-large\"><img loading=\"lazy\" decoding=\"async\" width=\"1024\" height=\"332\" src=\"https:\/\/floodlight-musicals.de\/wp-content\/uploads\/2024\/04\/BARE_Webseite_Banner_1920x622-3-1024x332.jpg\" alt=\"\" class=\"wp-image-3092\" srcset=\"https:\/\/floodlight-musicals.de\/wp-content\/uploads\/2024\/04\/BARE_Webseite_Banner_1920x622-3-1024x332.jpg 1024w, https:\/\/floodlight-musicals.de\/wp-content\/uploads\/2024\/04\/BARE_Webseite_Banner_1920x622-3-300x97.jpg 300w, https:\/\/floodlight-musicals.de\/wp-content\/uploads\/2024\/04\/BARE_Webseite_Banner_1920x622-3-768x249.jpg 768w, https:\/\/floodlight-musicals.de\/wp-content\/uploads\/2024\/04\/BARE_Webseite_Banner_1920x622-3-1536x498.jpg 1536w, https:\/\/floodlight-musicals.de\/wp-content\/uploads\/2024\/04\/BARE_Webseite_Banner_1920x622-3-600x194.jpg 600w, https:\/\/floodlight-musicals.de\/wp-content\/uploads\/2024\/04\/BARE_Webseite_Banner_1920x622-3.jpg 1920w\" sizes=\"auto, (max-width: 1024px) 100vw, 1024px\" \/><\/figure>\n\n\n\n<p><\/p>\n\n\n\n<h3 class=\"wp-block-heading has-text-align-center\">BARE- Eine Pop-Oper<\/h3>\n\n\n\n<hr class=\"wp-block-separator has-text-color has-base-color has-alpha-channel-opacity has-base-background-color has-background is-style-wide\"\/>\n\n\n\n<div class=\"wp-block-group has-global-padding is-layout-constrained wp-block-group-is-layout-constrained\">\n<div class=\"wp-block-group has-global-padding is-layout-constrained wp-block-group-is-layout-constrained\">\n<p class=\"has-text-align-center\">Buch von Jon Hartmere und Damon Intrabartolo<\/p>\n\n\n\n<p class=\"has-text-align-center\">Liedtexte von Jon Hartmere<\/p>\n\n\n\n<p class=\"has-text-align-center\">Musik von Damon Intrabartolo<\/p>\n\n\n\n<p class=\"has-text-align-center\">Deutsch von Hartmut H.Forche<\/p>\n<\/div>\n\n\n\n<hr class=\"wp-block-separator has-text-color has-base-color has-alpha-channel-opacity has-base-background-color has-background\"\/>\n<\/div>\n\n\n\n<div class=\"wp-block-columns alignwide is-layout-flex wp-container-core-columns-is-layout-28f84493 wp-block-columns-is-layout-flex\">\n<div class=\"wp-block-column is-vertically-aligned-center is-layout-flow wp-block-column-is-layout-flow\">\n<h3 class=\"wp-block-heading alignwide has-text-align-center\">Auff\u00fchrungstermine<\/h3>\n\n\n\n<figure class=\"wp-block-table aligncenter\"><table><tbody><tr><td>Do.<\/td><td class=\"has-text-align-center\" data-align=\"center\">15. Juni 2023 &#8211; 19 Uhr<\/td><\/tr><tr><td>Fr.<\/td><td class=\"has-text-align-center\" data-align=\"center\">16. Juni 2023 &#8211; 19 Uhr<\/td><\/tr><tr><td>Sa.<\/td><td class=\"has-text-align-center\" data-align=\"center\">17. Juni 2023 &#8211; 19 Uhr<\/td><\/tr><tr><td>So.<\/td><td class=\"has-text-align-center\" data-align=\"center\">18. Juni 2023 &#8211; 17 Uhr<\/td><\/tr><\/tbody><\/table><\/figure>\n<\/div>\n\n\n\n<div class=\"wp-block-column is-layout-flow wp-block-column-is-layout-flow\">\n<div class=\"wp-block-group has-global-padding is-layout-constrained wp-block-group-is-layout-constrained\">\n<h2 class=\"wp-block-heading has-text-align-center has-large-font-size\">Auff\u00fchrungsort:<\/h2>\n\n\n\n<p class=\"has-text-align-center\">100\u20195-Arena<\/p>\n\n\n\n<p class=\"has-text-align-center\">Hubert-Wienen-Stra\u00dfe 8<\/p>\n\n\n\n<p class=\"has-text-align-center\">52070 Aachen<\/p>\n<\/div>\n<\/div>\n<\/div>\n\n\n\n<p><a href=\"https:\/\/web.archive.org\/web\/20231209211051\/https:\/\/floodlight-musicals.de\/wp-content\/uploads\/2023\/03\/BARE_Plakat_A3-1-711x1000.png?x99854\"><\/a><\/p>\n\n\n\n<blockquote class=\"wp-block-quote is-layout-flow wp-block-quote-is-layout-flow\">\n<p><mark style=\"background-color:rgba(0, 0, 0, 0)\" class=\"has-inline-color has-custom-lavender-blush-color\"><strong><em>Alles ist gespielt, wenn du sie zufriedenstellst<\/em><\/strong><br><strong><em>Er meistert diese Rolle fehlerfrei<\/em><\/strong><br><strong><em>Sein Auftritt ist perfekt; niemals entdeckt<\/em><\/strong><br><strong><em>Und das obwohl er wei\u00df<\/em><\/strong><br><strong><em>Ein falsches Wort und alles ist vorbei<\/em><\/strong><\/mark><\/p>\n<\/blockquote>\n\n\n\n<p><\/p>\n\n\n\n<div class=\"wp-block-group alignwide is-vertical is-layout-flex wp-container-core-group-is-layout-fe9cc265 wp-block-group-is-layout-flex\">\n<p><strong>St. Cecilia<\/strong>&nbsp;\u2013 Das Internat ist ein Ort, an dem das Erwachsenwerden nicht einfach ist. In den Fluren des altehrw\u00fcrdigen Geb\u00e4udes spielt sich der Alltag ab, der dort genau das ist \u2013 ein Spiel. Denn Wahrheit, Gef\u00fchle und \u00c4ngste finden nur im Dunkeln ihren Platz.<\/p>\n\n\n\n<p><strong>Peter<\/strong>&nbsp;m\u00f6chte gerne zu sich und seinen Gef\u00fchlen f\u00fcr&nbsp;<strong>Jason<\/strong>&nbsp;stehen. Als er Jason damit konfrontiert, trifft er aber nur auf Ablehnung. Der beliebte Vorzeigesch\u00fcler Jason m\u00f6chte sich nicht outen und sieht es nicht als schlecht an, ihre Beziehung weiter im Geheimen zu f\u00fchren. Aber Peter plagen Albtr\u00e4ume, ein Telefonat mit seiner Mutter und das dauernde Gef\u00fchl, sich verstecken zu m\u00fcssen. Denn wof\u00fcr hat er so lange gek\u00e4mpft, wenn er nicht endlich allen zeigen kann, wer er wirklich ist?<\/p>\n\n\n\n<p><\/p>\n<\/div>\n\n\n\n<blockquote class=\"wp-block-quote is-layout-flow wp-block-quote-is-layout-flow\">\n<p><mark style=\"background-color:rgba(0, 0, 0, 0)\" class=\"has-inline-color has-custom-lavender-blush-color\"><strong><em>H\u00f6r auf zu tr\u00e4umen, Peter<\/em><\/strong><br><strong><em>Wach aus deinem M\u00e4rchen auf<\/em><\/strong><br><strong><em>Wir beide leben in der echten Welt<\/em><\/strong><br><strong><em>Mach dir keine Illusionen \u2013&nbsp;<\/em><\/strong><br><strong><em>Sie wird uns nicht schonen.<\/em><\/strong><br><strong><em>Denn es gibt leider keinen schwulen Held!<\/em><\/strong><\/mark><\/p>\n<\/blockquote>\n\n\n\n<div class=\"wp-block-group alignwide is-vertical is-layout-flex wp-container-core-group-is-layout-fe9cc265 wp-block-group-is-layout-flex\">\n<p><\/p>\n\n\n\n<p><strong>Nadia<\/strong>, Jasons Zwillingsschwester, nutzt Sarkasmus als Waffe. Sie zieht sich nur in ihr Zimmer zur\u00fcck und f\u00fchlt sich nirgendwo erw\u00fcnscht, h\u00f6chstens geduldet und ist so meist mit ihren zerst\u00f6rerischen Gedanken allein. Mit Jason gemein hat sie eine schlechte Beziehung zu ihren Eltern.<\/p>\n\n\n\n<p><strong>Ivy<\/strong>, die den Stempel der Jahrgangsschlampe abbekommen hat, ruht sich in dieser Rolle aus. Denn, wenn schon alle sagen, dass man zwar sch\u00f6n sei, aber keine Gef\u00fchle habe, muss man weder welche zeigen, noch zulassen.<\/p>\n\n\n\n<p><\/p>\n<\/div>\n\n\n\n<blockquote class=\"wp-block-quote is-layout-flow wp-block-quote-is-layout-flow\">\n<p><mark style=\"background-color:rgba(0, 0, 0, 0)\" class=\"has-inline-color has-custom-lavender-blush-color\"><strong><em>Kann ich in der Not nicht zu dir?<\/em><\/strong><br><strong><em>Hast du mich verdammt, vergibst du mir?<\/em><\/strong><br><strong><em>Gibt es dich \u00fcberhaupt?<\/em><\/strong><br><strong><em>Ich bin nicht der, der ich sein will und wei\u00df nicht wohin<\/em><\/strong><br><strong><em>Kannst du mich nicht lieben, wie ich bin?<\/em><\/strong><\/mark><\/p>\n<\/blockquote>\n\n\n\n<p><\/p>\n\n\n\n<div class=\"wp-block-group alignwide is-vertical is-layout-flex wp-container-core-group-is-layout-fe9cc265 wp-block-group-is-layout-flex\">\n<div class=\"wp-block-group is-vertical is-layout-flex wp-container-core-group-is-layout-fe9cc265 wp-block-group-is-layout-flex\">\n<div class=\"wp-block-group is-vertical is-layout-flex wp-container-core-group-is-layout-fe9cc265 wp-block-group-is-layout-flex\">\n<p><strong>Matt<\/strong>&nbsp;f\u00fchlt sich einsam und die Last der Erwartungen und des Glaubens erdr\u00fcckt ihn. Denn wer ist er, wenn er nicht der Beste sein kann? So steht er akademisch wie pers\u00f6nlich mit Jason, dem m\u00fchelos immer alles zuzufliegen scheint, im ewigen Kampf.<\/p>\n\n\n\n<p><strong>Lucas<\/strong>&nbsp;lebt in einer Welt aus Rausch und Drogen, welche er gerne mit seiner Freundin&nbsp;<strong>Tanya<\/strong>&nbsp;teilt. Und dann sind da noch die aufreizende&nbsp;<strong>Kyra<\/strong>, die naive&nbsp;<strong>Diane<\/strong>, die sarkastische&nbsp;<strong>Rory<\/strong>, der sportliche&nbsp;<strong>Zack<\/strong>&nbsp;und der schusselige&nbsp;<strong>Alan<\/strong>. Alle haben ihre eigene Geschichte, alle ihre eigene Last zu tragen.<\/p>\n\n\n\n<p>Geleitet wird die Schule vom&nbsp;<strong>Priester<\/strong>, der zwar ein Ansprechpartner sein soll, dieser Aufgabe aber nur mit Floskeln nachkommt, und&nbsp;<strong>Schwester Chantelle<\/strong>, die ebenso aufbrausend wie liebevoll sein kann. Und als dann die Auff\u00fchrung des Theaterst\u00fccks Romeo &amp; Julia ansteht, kommen Wahrheiten ans Licht, die im Verborgenen sein sollten. Und ob die Geschichte in etwas anderem als einer Trag\u00f6die enden kann, ist nur zu hoffen.<\/p>\n<\/div>\n<\/div>\n<\/div>\n\n\n\n<p><\/p>\n\n\n\n<blockquote class=\"wp-block-quote is-layout-flow wp-block-quote-is-layout-flow\">\n<p><mark style=\"background-color:rgba(0, 0, 0, 0)\" class=\"has-inline-color has-custom-lavender-blush-color\"><strong><em>Bist du da?<\/em><\/strong><br><strong><em>Siehst du mich nicht, wenn ich wein?<\/em><\/strong><br><strong><em>Und wenn\u2019s in deiner Macht steht&nbsp;<\/em><\/strong><br><strong><em>Warum l\u00e4sst du mich allein?<\/em><\/strong><\/mark><\/p>\n<\/blockquote>\n\n\n\n<div class=\"wp-block-group alignwide is-vertical is-layout-flex wp-container-core-group-is-layout-fe9cc265 wp-block-group-is-layout-flex\">\n<p>BARE ist ein Rock-Musical, das eine klassische Coming-of-age-Story erz\u00e4hlt. Zentrale Themen sind das Finden der eigenen Identit\u00e4t, Sexualit\u00e4t und Rolle im Leben. Die Zukunft schwebt bedrohlich \u00fcber den Sch\u00fclerinnen und Sch\u00fclern, wie auch der Glaube und die Regeln der Kirche. Wie kann man sich in einer Umgebung, die so viele Regeln und Sitten hat, selbst finden? Und was passiert, wenn sich beides auch noch widerspricht?<\/p>\n\n\n\n<p>Begleitet von einer klassischen Rockband mit Cello und Fl\u00f6te ist BARE ein modernes Musical, das zus\u00e4tzlich m\u00fchelos Motive von Romeo &amp; Julia einf\u00e4ngt. Es erz\u00e4hlt eine Geschichte, die jeder auf eine gewisse Weise nachempfinden kann und die r\u00e4umlich sowie zeitlich ungebunden ist. In unserer Inszenierung stehen der innere Konflikt der Hauptcharaktere sowie die Beziehungen untereinander im Vordergrund. Liebe, die nicht sein darf, die unerwidert bleibt oder zerst\u00f6rerisch wird. Werte und Normen, die allgemein g\u00fcltig sein sollen, aber ebenso nicht hinterfragt werden d\u00fcrfen.<\/p>\n<\/div>\n\n\n\n<p><\/p>\n\n\n\n<div class=\"wp-block-group alignwide is-vertical is-layout-flex wp-container-core-group-is-layout-fe9cc265 wp-block-group-is-layout-flex\">\n<h2 class=\"wp-block-heading\"><strong>Leitungsteam: <\/strong><\/h2>\n\n\n\n<p>Regie: Klara E\u00dfer<\/p>\n\n\n\n<p>Regieassistenz &amp; Dance Captian: Antonia P\u00fctz<\/p>\n\n\n\n<p>Choreografie: Joan Augustin<\/p>\n\n\n\n<p>Chorleitung: Matthias Stadler<\/p>\n\n\n\n<p>Vocal Coaching: Philipp Jeschke &amp; Lorena D\u00fcrnholz<\/p>\n\n\n\n<p>B\u00fchnenkampf: Christine Beck<\/p>\n\n\n\n<p>B\u00fchnenbild: Roman Stelzer<\/p>\n\n\n\n<p>Kost\u00fcm: Nadja Engelhardt, Mira Heider<\/p>\n\n\n\n<p>Maske und Backstage: Mira Heider<\/p>\n\n\n\n<p>Foto &amp; Film: Jana Wetzlar<\/p>\n\n\n\n<p>Design: Laura Carl<\/p>\n\n\n\n<p><\/p>\n\n\n\n<h3 class=\"wp-block-heading\"><strong>Cast: <\/strong><\/h3>\n\n\n\n<p>Peter Simmonds: Nick Sheth &amp; Levin Engbrocks<\/p>\n\n\n\n<p>Jason McConnell: Mick Daubenfeld &amp; Tarek Eldin<\/p>\n\n\n\n<p>Ivy Robinson: Andrea Meurers &amp; Marie Winkelhorst<\/p>\n\n\n\n<p>Nadia McConnel: Kerstin Wucharz &amp; Joan Augustin<\/p>\n\n\n\n<p>Matthew Lloyd: Christoph Vierheilig &amp; Pascal Torka<\/p>\n\n\n\n<p>Lucas Carter: Simon Middelkoop &amp; Reik Gibowski<\/p>\n\n\n\n<p>Tanya\/Tonny: Ida Irmler &amp; Jiaqi Ai<\/p>\n\n\n\n<p>Kyra: Luisa Ostertag &amp; Antonia P\u00fctz<\/p>\n\n\n\n<p>Diane: Juliana Langen<\/p>\n\n\n\n<p>Rory: Maren H\u00fclsmann<\/p>\n\n\n\n<p>Zack: Lloyd Steffens<\/p>\n\n\n\n<p>Alan: Dario Mesquida Nogueira<\/p>\n\n\n\n<p>Claire Simmonds: Ira Tinkloh &amp; Katharina Wehrmeister<\/p>\n\n\n\n<p>Priester: Pinkas Hoffmann &amp; Max Schildt<\/p>\n\n\n\n<p>Sister Chantelle: Echo &amp; Kristin Schall-Van Bellen<\/p>\n\n\n\n<p>Ensemble: Pauline D\u00f6tsch, Eva Engels, Anton Kamps, Theresa Pollhans, Marvin Diaz, Yara den Brave,<\/p>\n\n\n\n<p><\/p>\n\n\n\n<h3 class=\"wp-block-heading\"><strong>Band: <\/strong><\/h3>\n\n\n\n<p>Bandleitung, Key 1 &amp; Saxophon: Hendrik Stelzer<\/p>\n\n\n\n<p>Bass: Daniel Gotzens<\/p>\n\n\n\n<p>Drums: Christoph Vos<\/p>\n\n\n\n<p>Gitarre 1: Kees Egbers<\/p>\n\n\n\n<p>Gitarre 2 &amp; Posaune: Arved Finke<\/p>\n\n\n\n<p>Cello &amp; Key 2: Corinna M\u00fcller<\/p>\n\n\n\n<p>Querfl\u00f6te: Angelika Kiefel<\/p>\n\n\n\n<p>Trompete: Jonathan Awuah<\/p>\n\n\n\n<p><\/p>\n\n\n\n<h3 class=\"wp-block-heading\"><strong>Organisationsteam: <\/strong><\/h3>\n\n\n\n<p>Produktionsleitung: Juliana Langen<\/p>\n\n\n\n<p>Marketingleitung: Anton Kamps<\/p>\n\n\n\n<p>Ticketingleitung: Luisa Ostertag<\/p>\n\n\n\n<p>Spa\u00df-Einsatz-Kommando &amp; Veranstaltungsleitung: Till Buchtal<\/p>\n\n\n\n<p>AuV, Sponsoring, Catering &amp; Einlass: Katharina Sch\u00fcffel<\/p>\n\n\n\n<p>Organisationsassistenz: Sarah Eipert<\/p>\n\n\n\n<p>P\u00e4dagogische Aufarbeitung: Julia Schares<\/p>\n\n\n\n<p>Leitung Abendkasse: Sandra Hoffmann<\/p>\n\n\n\n<p>Backstage &amp; Redaktion Webseite: Katrin B\u00fcngener<\/p>\n\n\n\n<p>Backstage: Marie-Sophie Sch\u00e4fermeier<\/p>\n\n\n\n<p>Backstage: Florian Walter<\/p>\n\n\n\n<p>IT &amp; Backstage: Nora Me\u00dfmann<\/p>\n\n\n\n<p><\/p>\n\n\n\n<h3 class=\"wp-block-heading\"><strong>Technik: <\/strong><\/h3>\n\n\n\n<p>Technische Gesamtleitung &amp; 1. Tonoperator: J\u00e9rome Breuer<\/p>\n\n\n\n<p>Stellv. Technikleitung &amp; 2. Tonoperator\/DCA: Elias Braun<\/p>\n\n\n\n<p>2. Tonoperator\/DCA: Paul Kiehne<\/p>\n\n\n\n<p>Leitung Licht &amp; 1. Lichtoperator: Max S\u00f6ller<\/p>\n\n\n\n<p>2. Lichtoperator: Fabian Gottfried<\/p>\n\n\n\n<p>Mikrofonierung Backstage: Joscha Graeve<\/p>\n\n\n\n<p>Sounddesign: Jonas Dohmen<\/p>\n\n\n\n<p>Videodesign &amp; Leitung Projektionen: Simon K\u00fchn<\/p>\n<\/div>\n\n\n\n<p><\/p>\n\n\n\n<p><\/p>","protected":false},"excerpt":{"rendered":"<p>BARE- Eine Pop-Oper Buch von Jon Hartmere und Damon Intrabartolo Liedtexte von Jon Hartmere Musik von Damon Intrabartolo Deutsch von Hartmut H.Forche Auff\u00fchrungstermine Do. 15. Juni 2023 &#8211; 19 Uhr Fr. 16. Juni 2023 &#8211; 19 Uhr Sa. 17. Juni 2023 &#8211; 19 Uhr So. 18. Juni 2023 &#8211; 17 Uhr Auff\u00fchrungsort: 100\u20195-Arena Hubert-Wienen-Stra\u00dfe 8 [&hellip;]<\/p>","protected":false},"author":15,"featured_media":0,"parent":0,"menu_order":0,"comment_status":"closed","ping_status":"closed","template":"","meta":{"_eb_attr":"","footnotes":""},"class_list":["post-3037","page","type-page","status-publish","hentry"],"_links":{"self":[{"href":"https:\/\/floodlight-musicals.de\/en\/wp-json\/wp\/v2\/pages\/3037","targetHints":{"allow":["GET"]}}],"collection":[{"href":"https:\/\/floodlight-musicals.de\/en\/wp-json\/wp\/v2\/pages"}],"about":[{"href":"https:\/\/floodlight-musicals.de\/en\/wp-json\/wp\/v2\/types\/page"}],"author":[{"embeddable":true,"href":"https:\/\/floodlight-musicals.de\/en\/wp-json\/wp\/v2\/users\/15"}],"replies":[{"embeddable":true,"href":"https:\/\/floodlight-musicals.de\/en\/wp-json\/wp\/v2\/comments?post=3037"}],"version-history":[{"count":4,"href":"https:\/\/floodlight-musicals.de\/en\/wp-json\/wp\/v2\/pages\/3037\/revisions"}],"predecessor-version":[{"id":5461,"href":"https:\/\/floodlight-musicals.de\/en\/wp-json\/wp\/v2\/pages\/3037\/revisions\/5461"}],"wp:attachment":[{"href":"https:\/\/floodlight-musicals.de\/en\/wp-json\/wp\/v2\/media?parent=3037"}],"curies":[{"name":"wp","href":"https:\/\/api.w.org\/{rel}","templated":true}]}}